{"id":42265,"date":"2023-11-28T13:11:19","date_gmt":"2023-11-28T10:11:19","guid":{"rendered":"https:\/\/minimax.md\/product\/42265.html"},"modified":"2023-11-28T13:29:56","modified_gmt":"2023-11-28T10:29:56","slug":"ru_ru-sano-balzam-opolaskivatel-s-aloje-vera-1-l-trim-ro_ro-sano-balsam-baby-aloe-vera-1-l","status":"publish","type":"product","link":"https:\/\/minimax.md\/ru\/product\/42265.html","title":{"rendered":"Sano \u0411\u0430\u043b\u044c\u0437\u0430\u043c \u043e\u043f\u043e\u043b\u0430\u0441\u043a\u0438\u0432\u0430\u0442\u0435\u043b\u044c \u0441 \u0410\u043b\u043e\u044d \u0412\u0435\u0440\u0430, 1 \u043b"},"content":{"rendered":"<p>[:ru_RU]\u0413\u0438\u0433\u0438\u0435\u043d\u0438\u0447\u0435\u0441\u043a\u0438\u0439 \u0441\u043c\u044f\u0433\u0447\u0438\u0442\u0435\u043b\u044c \u0434\u043b\u044f \u0431\u0435\u043b\u044c\u044f \u0410\u043b\u043e\u044d \u0412\u0435\u0440\u0430 \u043f\u0440\u0435\u0434\u043d\u0430\u0437\u043d\u0430\u0447\u0435\u043d \u0434\u043b\u044f \u0441\u0442\u0438\u0440\u043a\u0438 \u0434\u0430\u0436\u0435 \u0432 \u0436\u0435\u0441\u0442\u043a\u043e\u0439 \u0432\u043e\u0434\u0435, \u0433\u0438\u043f\u043e\u0430\u043b\u043b\u0435\u0440\u0433\u0435\u043d\u043d\u044b\u0439, \u0441\u043e\u0434\u0435\u0440\u0436\u0438\u0442 \u044d\u043a\u0441\u0442\u0440\u0430\u043a\u0442 \u0430\u043b\u043e\u044d.<br \/>\n\u0418\u0434\u0435\u0430\u043b\u044c\u043d\u043e \u043f\u043e\u0434\u0445\u043e\u0434\u0438\u0442 \u0434\u043b\u044f \u0431\u0435\u043b\u043e\u0433\u043e \u0438 \u0446\u0432\u0435\u0442\u043d\u043e\u0433\u043e \u0431\u0435\u043b\u044c\u044f. \u0423\u0441\u0438\u043b\u0438\u0432\u0430\u0435\u0442 \u0431\u0435\u043b\u0438\u0437\u043d\u0443 \u0438 \u044f\u0440\u043a\u043e\u0441\u0442\u044c \u043e\u0442\u0442\u0435\u043d\u043a\u043e\u0432.<br \/>\n\u0421\u043c\u044f\u0433\u0447\u0430\u0435\u0442 \u0438 \u0430\u0440\u043e\u043c\u0430\u0442\u0438\u0437\u0438\u0440\u0443\u0435\u0442 \u0431\u0435\u043b\u044c\u0435, \u043e\u0431\u043b\u0435\u0433\u0447\u0430\u0435\u0442 \u0433\u043b\u0430\u0436\u0435\u043d\u044c\u0435 \u043f\u043e\u0441\u043b\u0435 \u0441\u0442\u0438\u0440\u043a\u0438, \u043e\u0431\u043b\u0430\u0434\u0430\u0435\u0442 \u0430\u043d\u0442\u0438\u0441\u0442\u0430\u0442\u0438\u0447\u0435\u0441\u043a\u0438\u043c \u044d\u0444\u0444\u0435\u043a\u0442\u043e\u043c, \u0443\u043d\u0438\u0447\u0442\u043e\u0436\u0430\u0435\u0442 \u043c\u0438\u043a\u0440\u043e\u0431\u043e\u0432, \u0438\u043c\u0435\u0435\u0442 \u043f\u0440\u0438\u044f\u0442\u043d\u044b\u0439 \u0430\u0440\u043e\u043c\u0430\u0442.<br \/>\n\u0420\u0435\u043a\u043e\u043c\u0435\u043d\u0434\u0443\u0435\u0442\u0441\u044f \u0438\u0441\u043f\u043e\u043b\u044c\u0437\u043e\u0432\u0430\u0442\u044c \u0441\u043e \u0441\u0442\u0438\u0440\u0430\u043b\u044c\u043d\u044b\u043c\u0438 \u043f\u043e\u0440\u043e\u0448\u043a\u0430\u043c\u0438 \u0421\u0430\u043d\u043e \u041c\u0430\u043a\u0441\u0438\u043c\u0430.<br \/>\n\u041f\u043e\u0441\u043b\u0435 \u0438\u0441\u043f\u043e\u043b\u044c\u0437\u043e\u0432\u0430\u043d\u0438\u044f \u0441\u043c\u044f\u0433\u0447\u0438\u0442\u0435\u043b\u044f \u0434\u043b\u044f \u0431\u0435\u043b\u044c\u044f \u0421\u0430\u043d\u043e \u041c\u0430\u043a\u0441\u0438\u043c\u0430 \u0410\u043b\u043e\u044d \u0412\u0435\u0440\u0430 \u0412\u0430\u0448\u0435 \u0431\u0435\u043b\u044c\u0435 \u043d\u0430\u0434\u043e\u043b\u0433\u043e \u0441\u043e\u0445\u0440\u0430\u043d\u0438\u0442 \u043c\u044f\u0433\u043a\u043e\u0441\u0442\u044c, \u0441\u0432\u0435\u0436\u0435\u0441\u0442\u044c \u0438 \u043f\u0440\u0438\u044f\u0442\u043d\u044b\u0439 \u0430\u0440\u043e\u043c\u0430\u0442.[trim][:ro_RO]Sano Balsam Baby Aloe Vera este folosit\u0103 pentru sp\u0103larea chiar \u0219i \u00een ap\u0103 grea, hipoalergenic, contine aloe. Ideal pentru rufe albe si colorate.<br \/>\nEa \u00eembun\u0103t\u0103\u021be\u0219te albea\u021ba \u0219i luminozitatea culorilor.<br \/>\nCatifeleaz\u0103 \u0219i lenjerie de parfumuri, Faciliteaz\u0103 de c\u0103lcat dup\u0103 sp\u0103lare, are efect antistatic, distruge microbii, are o aroma placuta.<br \/>\nSe recomand\u0103 utilizarea cu detergent Sano Maxima.<br \/>\nDup\u0103 utilizarea emolien\u021bi Sano Maxima Aloe Vera hainele p\u0103streaz\u0103 permanent moliciunea, prospe\u021bimea \u0219i o arom\u0103 pl\u0103cut\u0103.<\/p>\n","protected":false},"excerpt":{"rendered":"<p>[:ru_RU]\u0413\u0438\u0433\u0438\u0435\u043d\u0438\u0447\u0435\u0441\u043a\u0438\u0439 \u0441\u043c\u044f\u0433\u0447\u0438\u0442\u0435\u043b\u044c \u0434\u043b\u044f \u0431\u0435\u043b\u044c\u044f \u0410\u043b\u043e\u044d \u0412\u0435\u0440\u0430 \u043f\u0440\u0435\u0434\u043d\u0430\u0437\u043d\u0430\u0447\u0435\u043d \u0434\u043b\u044f \u0441\u0442\u0438\u0440\u043a\u0438 \u0434\u0430\u0436\u0435 \u0432 \u0436\u0435\u0441\u0442\u043a\u043e\u0439 \u0432\u043e\u0434\u0435, \u0433\u0438\u043f\u043e\u0430\u043b\u043b\u0435\u0440\u0433\u0435\u043d\u043d\u044b\u0439, \u0441\u043e\u0434\u0435\u0440\u0436\u0438\u0442 \u044d\u043a\u0441\u0442\u0440\u0430\u043a\u0442 \u0430\u043b\u043e\u044d. \u0418\u0434\u0435\u0430\u043b\u044c\u043d\u043e \u043f\u043e\u0434\u0445\u043e\u0434\u0438\u0442 \u0434\u043b\u044f \u0431\u0435\u043b\u043e\u0433\u043e \u0438 \u0446\u0432\u0435\u0442\u043d\u043e\u0433\u043e \u0431\u0435\u043b\u044c\u044f. \u0423\u0441\u0438\u043b\u0438\u0432\u0430\u0435\u0442 \u0431\u0435\u043b\u0438\u0437\u043d\u0443 \u0438 \u044f\u0440\u043a\u043e\u0441\u0442\u044c \u043e\u0442\u0442\u0435\u043d\u043a\u043e\u0432. \u0421\u043c\u044f\u0433\u0447\u0430\u0435\u0442 \u0438 \u0430\u0440\u043e\u043c\u0430\u0442\u0438\u0437\u0438\u0440\u0443\u0435\u0442 \u0431\u0435\u043b\u044c\u0435, \u043e\u0431\u043b\u0435\u0433\u0447\u0430\u0435\u0442 \u0433\u043b\u0430\u0436\u0435\u043d\u044c\u0435 \u043f\u043e\u0441\u043b\u0435 \u0441\u0442\u0438\u0440\u043a\u0438, \u043e\u0431\u043b\u0430\u0434\u0430\u0435\u0442 \u0430\u043d\u0442\u0438\u0441\u0442\u0430\u0442\u0438\u0447\u0435\u0441\u043a\u0438\u043c \u044d\u0444\u0444\u0435\u043a\u0442\u043e\u043c, \u0443\u043d\u0438\u0447\u0442\u043e\u0436\u0430\u0435\u0442 \u043c\u0438\u043a\u0440\u043e\u0431\u043e\u0432, \u0438\u043c\u0435\u0435\u0442 \u043f\u0440\u0438\u044f\u0442\u043d\u044b\u0439 \u0430\u0440\u043e\u043c\u0430\u0442. \u0420\u0435\u043a\u043e\u043c\u0435\u043d\u0434\u0443\u0435\u0442\u0441\u044f \u0438\u0441\u043f\u043e\u043b\u044c\u0437\u043e\u0432\u0430\u0442\u044c \u0441\u043e \u0441\u0442\u0438\u0440\u0430\u043b\u044c\u043d\u044b\u043c\u0438 \u043f\u043e\u0440\u043e\u0448\u043a\u0430\u043c\u0438 \u0421\u0430\u043d\u043e \u041c\u0430\u043a\u0441\u0438\u043c\u0430. \u041f\u043e\u0441\u043b\u0435 \u0438\u0441\u043f\u043e\u043b\u044c\u0437\u043e\u0432\u0430\u043d\u0438\u044f \u0441\u043c\u044f\u0433\u0447\u0438\u0442\u0435\u043b\u044f [&hellip;]<\/p>\n","protected":false},"featured_media":42264,"comment_status":"open","ping_status":"closed","template":"","meta":{"_acf_changed":false},"product_brand":[],"product_cat":[6740],"product_tag":[],"class_list":{"0":"post-42265","1":"product","2":"type-product","3":"status-publish","4":"has-post-thumbnail","6":"product_cat-ru_ru-kondicionery-dlja-bel","8":"first","9":"instock","10":"shipping-taxable","11":"purchasable","12":"product-type-simple"},"acf":[],"_links":{"self":[{"href":"https:\/\/minimax.md\/ru\/wp-json\/wp\/v2\/product\/42265","targetHints":{"allow":["GET"]}}],"collection":[{"href":"https:\/\/minimax.md\/ru\/wp-json\/wp\/v2\/product"}],"about":[{"href":"https:\/\/minimax.md\/ru\/wp-json\/wp\/v2\/types\/product"}],"replies":[{"embeddable":true,"href":"https:\/\/minimax.md\/ru\/wp-json\/wp\/v2\/comments?post=42265"}],"version-history":[{"count":0,"href":"https:\/\/minimax.md\/ru\/wp-json\/wp\/v2\/product\/42265\/revisions"}],"wp:featuredmedia":[{"embeddable":true,"href":"https:\/\/minimax.md\/ru\/wp-json\/wp\/v2\/media\/42264"}],"wp:attachment":[{"href":"https:\/\/minimax.md\/ru\/wp-json\/wp\/v2\/media?parent=42265"}],"wp:term":[{"taxonomy":"product_brand","embeddable":true,"href":"https:\/\/minimax.md\/ru\/wp-json\/wp\/v2\/product_brand?post=42265"},{"taxonomy":"product_cat","embeddable":true,"href":"https:\/\/minimax.md\/ru\/wp-json\/wp\/v2\/product_cat?post=42265"},{"taxonomy":"product_tag","embeddable":true,"href":"https:\/\/minimax.md\/ru\/wp-json\/wp\/v2\/product_tag?post=42265"}],"curies":[{"name":"wp","href":"https:\/\/api.w.org\/{rel}","templated":true}]}}