{"id":42279,"date":"2023-11-28T13:11:20","date_gmt":"2023-11-28T10:11:20","guid":{"rendered":"https:\/\/minimax.md\/product\/42279.html"},"modified":"2023-11-28T13:29:56","modified_gmt":"2023-11-28T10:29:56","slug":"ru_ru-sano-mildew-remover-cprej-dlja-udalenija-pleseni-750-ml-trim-ro_ro-sano-mildew-remover-spray-antimucegai-750-ml","status":"publish","type":"product","link":"https:\/\/minimax.md\/ru\/product\/42279.html","title":{"rendered":"Sano Mildew Remover c\u043f\u0440\u0435\u0439 \u0434\u043b\u044f \u0443\u0434\u0430\u043b\u0435\u043d\u0438\u044f \u043f\u043b\u0435\u0441\u0435\u043d\u0438 750 \u043c\u043b"},"content":{"rendered":"<p>[:ru_RU]Sano Mildew Remover &#8211; \u044d\u0444\u0444\u0435\u043a\u0442\u0438\u0432\u043d\u043e \u0443\u0434\u0430\u043b\u044f\u0435\u0442 \u043f\u043b\u0435\u0441\u0435\u043d\u044c \u0438 \u043e\u0441\u0442\u0430\u0442\u043a\u0438 \u043c\u044b\u043b\u0430 \u0441 \u0432\u0430\u043d\u043d, \u0440\u0430\u043a\u043e\u0432\u0438\u043d, \u0443\u043d\u0438\u0442\u0430\u0437\u043e\u0432, \u043a\u0430\u0444\u0435\u043b\u044c\u043d\u044b\u0445 \u0438 \u043a\u0435\u0440\u0430\u043c\u0438\u0447\u0435\u0441\u043a\u0438\u0445  \u043f\u043b\u0438\u0442\u043e\u043a, \u043f\u043b\u0430\u0441\u0442\u0438\u043a\u043e\u0432\u044b\u0445 \u0437\u0430\u043d\u0430\u0432\u0435\u0441\u043e\u043a \u0438 \u043f\u0440.<br \/>\n\u041f\u0440\u0438 \u0440\u0435\u0433\u0443\u043b\u044f\u0440\u043d\u043e\u043c \u0438\u0441\u043f\u043e\u043b\u044c\u0437\u043e\u0432\u0430\u043d\u0438\u0438 (\u043d\u0435 \u0440\u0435\u0436\u0435 \u043e\u0434\u043d\u043e\u0433\u043e \u0440\u0430\u0437\u0430 \u0432 \u043d\u0435\u0434\u0435\u043b\u044e) \u043f\u0440\u0435\u0434\u043e\u0442\u0432\u0440\u0430\u0449\u0430\u0435\u0442  \u043e\u0431\u0440\u0430\u0437\u043e\u0432\u0430\u043d\u0438\u0435 \u043f\u043b\u0435\u0441\u0435\u043d\u0438.<br \/>\n\u0418\u043d\u0441\u0442\u0440\u0443\u043a\u0446\u0438\u0438 \u043f\u043e \u043f\u0440\u0438\u043c\u0435\u043d\u0435\u043d\u0438\u044e:<br \/>\n\u0420\u0430\u0441\u043f\u044b\u043b\u0438\u0442\u044c \u043d\u0430 \u0437\u0430\u0433\u0440\u044f\u0437\u043d\u0435\u043d\u043d\u0443\u044e \u043f\u043e\u0432\u0435\u0440\u0445\u043d\u043e\u0441\u0442\u044c.<br \/>\n\u041e\u0441\u0442\u0430\u0432\u0438\u0442\u044c \u0441\u0440\u0435\u0434\u0441\u0442\u0432\u043e \u043d\u0430 \u043d\u0435\u0441\u043a\u043e\u043b\u044c\u043a\u043e \u043c\u0438\u043d\u0443\u0442, \u043f\u043e\u0442\u0435\u0440\u0435\u0442\u044c \u043c\u043e\u0447\u0430\u043b\u043a\u043e\u0439 \u0438 \u0441\u043c\u044b\u0442\u044c \u0432\u043e\u0434\u043e\u0439.<br \/>\n\u0412 \u0441\u043b\u0443\u0447\u0430\u0435 \u0441\u0438\u043b\u044c\u043d\u043e\u0433\u043e \u0437\u0430\u0433\u0440\u044f\u0437\u043d\u0435\u043d\u0438\u044f, \u043f\u0440\u043e\u0446\u0435\u0434\u0443\u0440\u0443 \u0440\u0435\u043a\u043e\u043c\u0435\u043d\u0434\u0443\u0435\u0442\u0441\u044f \u043f\u043e\u0432\u0442\u043e\u0440\u0438\u0442\u044c.<br \/>\n\u0412\u0441\u0435\u0433\u0434\u0430 \u043f\u0440\u043e\u0432\u0435\u0440\u044f\u0439\u0442\u0435 \u0434\u0435\u0439\u0441\u0442\u0432\u0438\u0435 \u0441\u0440\u0435\u0434\u0441\u0442\u0432\u0430 \u043d\u0430 \u043d\u0435\u0437\u0430\u043c\u0435\u0442\u043d\u043e\u043c \u0443\u0447\u0430\u0441\u0442\u043a\u0435 \u043d\u0430 \u0443\u0441\u0442\u043e\u0439\u0447\u0438\u0432\u043e\u0441\u0442\u044c \u043a\u0440\u0430\u0441\u0438\u0442\u0435\u043b\u044f.<br \/>\n\u041f\u0440\u0438 \u043e\u0431\u0440\u0430\u0431\u043e\u0442\u043a\u0435 \u043c\u0435\u0442\u0430\u043b\u043b\u0438\u0447\u0435\u0441\u043a\u0438\u0445 \u043f\u043e\u0432\u0435\u0440\u0445\u043d\u043e\u0441\u0442\u0435\u0439, \u0441\u0440\u0435\u0434\u0441\u0442\u0432\u043e \u0441\u043b\u0435\u0434\u0443\u0435\u0442 \u0441\u0440\u0430\u0437\u0443 \u0441\u043c\u044b\u0442\u044c, \u0447\u0442\u043e\u0431\u044b \u043f\u0440\u0435\u0434\u043e\u0442\u0432\u0440\u0430\u0442\u0438\u0442\u044c \u043f\u043e\u044f\u0432\u043b\u0435\u043d\u0438\u044f \u0440\u0436\u0430\u0432\u0447\u0438\u043d\u044b.<br \/>\n\u041f\u0440\u0438 \u0438\u0441\u043f\u043e\u043b\u044c\u0437\u043e\u0432\u0430\u043d\u0438\u0438 \u0441\u0440\u0435\u0434\u0441\u0442\u0432\u0430 \u0440\u0435\u043a\u043e\u043c\u0435\u043d\u0434\u0443\u0435\u0442\u0441\u044f  \u043e\u0434\u0435\u0432\u0430\u0442\u044c \u0440\u0435\u0437\u0438\u043d\u043e\u0432\u044b\u0435 \u043f\u0435\u0440\u0447\u0430\u0442\u043a\u0438.<br \/>\n \u041d\u0435 \u0438\u0441\u043f\u043e\u043b\u044c\u0437\u043e\u0432\u0430\u0442\u044c \u0441\u0440\u0435\u0434\u0441\u0442\u0432\u043e \u0434\u043b\u044f \u0447\u0438\u0441\u0442\u043a\u0438 \u0434\u0435\u0440\u0435\u0432\u044f\u043d\u043d\u044b\u0445 \u0438 \u0430\u043b\u044e\u043c\u0438\u043d\u0438\u0435\u0432\u044b\u0445 \u043f\u043e\u0432\u0435\u0440\u0445\u043d\u043e\u0441\u0442\u0435\u0439, \u043e\u0434\u0435\u0436\u0434\u044b, \u043e\u0431\u043e\u0435\u0432, \u0441\u0442\u0435\u043d\u043e\u043a, \u0438\u0437\u043e\u043b\u044f\u0446\u0438\u043e\u043d\u043d\u044b\u0445 \u043c\u0430\u0442\u0435\u0440\u0438\u0430\u043b\u043e\u0432 (\u0441\u0438\u043b\u0438\u043a\u043e\u043d\u043e\u0432\u044b\u0445).[trim][:ro_RO]Sano Mildew Remover &#8211; este utilizat pentru decontaminare prin \u00eendep\u0103rtarea mucegaiului de pe lemn, pere\u0163i, tencuieli \u015fi zugr\u0103veli, at\u00e2t la interior c\u00e2t \u015fi la exterior.<br \/>\n\u00cendep\u0103rteaz\u0103 mucegaiul de pe diverse suprafe\u0163e din s\u0103lile de baie, din jurul c\u0103zilor \u015fi a chiuvetelor, de pe tocurile ferestrelor, de pe rosturile pl\u0103cilor de faian\u0163a, lemn etc..<br \/>\nAntimucegai este adecvat pentru zonele cu umiditate crescut\u0103 unde exist\u0103 tendin\u0163a de apari\u0163ie a mucegaiului.<br \/>\nDe exemplu \u00een b\u0103i, sp\u0103l\u0103torii, sp\u0103l\u0103torii, s\u0103li de SPA, saune, bazine de \u00eenot, spa\u0163ii comune de du\u015furi \u015fi depozite de alimente.<br \/>\nInstruc\u021biuni de utilizare:<br \/>\nSe pulverizeaz\u0103 pe suprafa\u021ba murdar\u0103, se las\u0103 pe c\u00eeteva minute apoi se spal\u0103 cu ap\u0103 \u0219i burete.<br \/>\nSe recomand\u0103 utilizarea m\u0103nu\u0219ilor.<br \/>\nNu se folose\u0219te pentru cur\u0103\u021barea suprafe\u021belor din lemn, aluminiu, haine, tapete, materialelor de izolare (din silicon);<br \/>\nAmbalaj: 750 ml<\/p>\n","protected":false},"excerpt":{"rendered":"<p>[:ru_RU]Sano Mildew Remover &#8211; \u044d\u0444\u0444\u0435\u043a\u0442\u0438\u0432\u043d\u043e \u0443\u0434\u0430\u043b\u044f\u0435\u0442 \u043f\u043b\u0435\u0441\u0435\u043d\u044c \u0438 \u043e\u0441\u0442\u0430\u0442\u043a\u0438 \u043c\u044b\u043b\u0430 \u0441 \u0432\u0430\u043d\u043d, \u0440\u0430\u043a\u043e\u0432\u0438\u043d, \u0443\u043d\u0438\u0442\u0430\u0437\u043e\u0432, \u043a\u0430\u0444\u0435\u043b\u044c\u043d\u044b\u0445 \u0438 \u043a\u0435\u0440\u0430\u043c\u0438\u0447\u0435\u0441\u043a\u0438\u0445 \u043f\u043b\u0438\u0442\u043e\u043a, \u043f\u043b\u0430\u0441\u0442\u0438\u043a\u043e\u0432\u044b\u0445 \u0437\u0430\u043d\u0430\u0432\u0435\u0441\u043e\u043a \u0438 \u043f\u0440. \u041f\u0440\u0438 \u0440\u0435\u0433\u0443\u043b\u044f\u0440\u043d\u043e\u043c \u0438\u0441\u043f\u043e\u043b\u044c\u0437\u043e\u0432\u0430\u043d\u0438\u0438 (\u043d\u0435 \u0440\u0435\u0436\u0435 \u043e\u0434\u043d\u043e\u0433\u043e \u0440\u0430\u0437\u0430 \u0432 \u043d\u0435\u0434\u0435\u043b\u044e) \u043f\u0440\u0435\u0434\u043e\u0442\u0432\u0440\u0430\u0449\u0430\u0435\u0442 \u043e\u0431\u0440\u0430\u0437\u043e\u0432\u0430\u043d\u0438\u0435 \u043f\u043b\u0435\u0441\u0435\u043d\u0438. \u0418\u043d\u0441\u0442\u0440\u0443\u043a\u0446\u0438\u0438 \u043f\u043e \u043f\u0440\u0438\u043c\u0435\u043d\u0435\u043d\u0438\u044e: \u0420\u0430\u0441\u043f\u044b\u043b\u0438\u0442\u044c \u043d\u0430 \u0437\u0430\u0433\u0440\u044f\u0437\u043d\u0435\u043d\u043d\u0443\u044e \u043f\u043e\u0432\u0435\u0440\u0445\u043d\u043e\u0441\u0442\u044c. \u041e\u0441\u0442\u0430\u0432\u0438\u0442\u044c \u0441\u0440\u0435\u0434\u0441\u0442\u0432\u043e \u043d\u0430 \u043d\u0435\u0441\u043a\u043e\u043b\u044c\u043a\u043e \u043c\u0438\u043d\u0443\u0442, \u043f\u043e\u0442\u0435\u0440\u0435\u0442\u044c \u043c\u043e\u0447\u0430\u043b\u043a\u043e\u0439 \u0438 \u0441\u043c\u044b\u0442\u044c \u0432\u043e\u0434\u043e\u0439. \u0412 \u0441\u043b\u0443\u0447\u0430\u0435 \u0441\u0438\u043b\u044c\u043d\u043e\u0433\u043e \u0437\u0430\u0433\u0440\u044f\u0437\u043d\u0435\u043d\u0438\u044f, [&hellip;]<\/p>\n","protected":false},"featured_media":42278,"comment_status":"open","ping_status":"closed","template":"","meta":{"_acf_changed":false},"product_brand":[],"product_cat":[6737],"product_tag":[],"class_list":{"0":"post-42279","1":"product","2":"type-product","3":"status-publish","4":"has-post-thumbnail","6":"product_cat-ru_ru-chistjashhie-sredstva","8":"first","9":"instock","10":"shipping-taxable","11":"purchasable","12":"product-type-simple"},"acf":[],"_links":{"self":[{"href":"https:\/\/minimax.md\/ru\/wp-json\/wp\/v2\/product\/42279","targetHints":{"allow":["GET"]}}],"collection":[{"href":"https:\/\/minimax.md\/ru\/wp-json\/wp\/v2\/product"}],"about":[{"href":"https:\/\/minimax.md\/ru\/wp-json\/wp\/v2\/types\/product"}],"replies":[{"embeddable":true,"href":"https:\/\/minimax.md\/ru\/wp-json\/wp\/v2\/comments?post=42279"}],"version-history":[{"count":0,"href":"https:\/\/minimax.md\/ru\/wp-json\/wp\/v2\/product\/42279\/revisions"}],"wp:featuredmedia":[{"embeddable":true,"href":"https:\/\/minimax.md\/ru\/wp-json\/wp\/v2\/media\/42278"}],"wp:attachment":[{"href":"https:\/\/minimax.md\/ru\/wp-json\/wp\/v2\/media?parent=42279"}],"wp:term":[{"taxonomy":"product_brand","embeddable":true,"href":"https:\/\/minimax.md\/ru\/wp-json\/wp\/v2\/product_brand?post=42279"},{"taxonomy":"product_cat","embeddable":true,"href":"https:\/\/minimax.md\/ru\/wp-json\/wp\/v2\/product_cat?post=42279"},{"taxonomy":"product_tag","embeddable":true,"href":"https:\/\/minimax.md\/ru\/wp-json\/wp\/v2\/product_tag?post=42279"}],"curies":[{"name":"wp","href":"https:\/\/api.w.org\/{rel}","templated":true}]}}