{"id":42281,"date":"2023-11-28T13:11:20","date_gmt":"2023-11-28T10:11:20","guid":{"rendered":"https:\/\/minimax.md\/product\/42281.html"},"modified":"2023-11-28T13:29:56","modified_gmt":"2023-11-28T10:29:56","slug":"ru_ru-sano-maxima-stiralnyj-poroshok-bio-1-25-kg-trim-ro_ro-sano-maxima-detergent-bio-1-25-kg","status":"publish","type":"product","link":"https:\/\/minimax.md\/ru\/product\/42281.html","title":{"rendered":"Sano Maxima \u0441\u0442\u0438\u0440\u0430\u043b\u044c\u043d\u044b\u0439 \u043f\u043e\u0440\u043e\u0448\u043e\u043a bio 1.25 \u043a\u0433"},"content":{"rendered":"<p>[:ru_RU]\u0421\u0442\u0438\u0440\u0430\u043b\u044c\u043d\u044b\u0439 \u043f\u043e\u0440\u043e\u0448\u043e\u043a SANO Bio \u043f\u0440\u0438\u0433\u043e\u0434\u0435\u043d \u0434\u043b\u044f \u0441\u0442\u0438\u0440\u043a\u0438 \u0446\u0432\u0435\u0442\u043d\u043e\u0433\u043e \u0438 \u0431\u0435\u043b\u043e\u0433\u043e \u0431\u0435\u043b\u044c\u044f \u0438\u0437 \u0445\u043b\u043e\u043f\u0447\u0430\u0442\u043e\u0431\u0443\u043c\u0430\u0436\u043d\u044b\u0445, \u043b\u044c\u043d\u044f\u043d\u044b\u0445 \u0438 \u0441\u0438\u043d\u0442\u0435\u0442\u0438\u0447\u0435\u0441\u043a\u0438\u0445 \u0442\u043a\u0430\u043d\u0435\u0439 \u043f\u0440\u0438 \u0442\u0435\u043c\u043f\u0435\u0440\u0430\u0442\u0443\u0440\u0435 \u043e\u0442 35 \u0434\u043e 65 \u0433\u0440\u0430\u0434\u0443\u0441\u043e\u0432 \u0432\u043e \u0432\u0441\u0435\u0445 \u0442\u0438\u043f\u0430\u0445 \u0441\u0442\u0438\u0440\u0430\u043b\u044c\u043d\u044b\u0445 \u043c\u0430\u0448\u0438\u043d. \u0421\u0442\u0438\u0440\u0430\u043b\u044c\u043d\u044b\u0439 \u043f\u043e\u0440\u043e\u0448\u043e\u043a SANO Bio \u0441 \u043f\u043e\u0432\u044b\u0448\u0435\u043d\u043d\u044b\u043c \u0441\u043e\u0434\u0435\u0440\u0436\u0430\u043d\u0438\u0435\u043c \u044d\u043d\u0437\u0438\u043c\u043e\u0432 (\u0431\u0438\u043e\u043b\u043e\u0433\u0438\u0447\u0435\u0441\u043a\u0438\u0445) \u043f\u0440\u0438\u0433\u043e\u0434\u0435\u043d \u0442\u0430\u043a\u0436\u0435 \u0434\u043b\u044f \u0443\u0441\u043a\u043e\u0440\u0435\u043d\u043d\u043e\u0433\u043e \u0443\u0434\u0430\u043b\u0435\u043d\u0438\u044f \u0431\u0435\u043b\u043a\u043e\u0432\u044b\u0445 \u043f\u044f\u0442\u0435\u043d, \u0442\u0430\u043a\u0438\u0445 \u043a\u0430\u043a \u043a\u0440\u043e\u0432\u044c, \u0442\u0440\u0430\u0432\u0430, \u0448\u043e\u043a\u043e\u043b\u0430\u0434, \u0441\u043e\u0443\u0441\u044b, \u043a\u0435\u0442\u0447\u0443\u043f, \u043f\u044f\u0442\u0435\u043d \u043f\u043e\u0442\u0430, \u0436\u0438\u0440\u0430 \u0438 \u0434\u0440\u0443\u0433\u0438\u0445. \u042d\u043d\u0437\u0438\u043c\u044b \u044f\u0432\u043b\u044f\u044e\u0442\u0441\u044f \u0431\u0438\u043e\u043b\u043e\u0433\u0438\u0447\u0435\u0441\u043a\u0438\u043c\u0438 \u043a\u0430\u0442\u0430\u043b\u0438\u0437\u0430\u0442\u043e\u0440\u0430\u043c\u0438 \u0434\u043b\u044f \u0440\u0430\u0441\u0449\u0435\u043f\u043b\u0435\u043d\u0438\u044f \u0441\u0438\u043b\u044c\u043d\u044b\u0445 \u0437\u0430\u0433\u0440\u044f\u0437\u043d\u0435\u043d\u0438\u0439, \u043c\u0430\u043a\u0441\u0438\u043c\u0430\u043b\u044c\u043d\u043e \u044d\u0444\u0444\u0435\u043a\u0442\u0438\u0432\u043d\u044b \u043f\u0440\u0438 \u0442\u0435\u043c\u043f\u0435\u0440\u0430\u0442\u0443\u0440\u0435 \u043e\u0442 35 \u0433\u0440\u0430\u0434\u0443\u0441\u043e\u0432 \u0434\u043e 65 \u0433\u0440\u0430\u0434\u0443\u0441\u043e\u0432, \u0433\u0430\u0440\u0430\u043d\u0442\u0438\u0440\u0443\u044e\u0442 \u0443\u0434\u0430\u043b\u0435\u043d\u0438\u0435 \u043f\u044f\u0442\u0435\u043d \u0441 \u0442\u043a\u0430\u043d\u0438. \u0421\u0442\u0438\u0440\u0430\u043b\u044c\u043d\u044b\u0439 \u043f\u043e\u0440\u043e\u0448\u043e\u043a SANO Bio \u0441\u043e\u0434\u0435\u0440\u0436\u0438\u0442 \u043a\u043e\u043c\u043f\u043e\u043d\u0435\u043d\u0442\u044b, \u043a\u043e\u0442\u043e\u0440\u044b\u0435 \u043f\u0440\u0435\u043f\u044f\u0442\u0441\u0442\u0432\u0443\u044e\u0442 \u043e\u0431\u0440\u0430\u0437\u043e\u0432\u0430\u043d\u0438\u044e \u043d\u0430\u043a\u0438\u043f\u0438 \u0438 \u0438\u0437\u0432\u0435\u0441\u0442\u043a\u043e\u0432\u043e\u0433\u043e \u043d\u0430\u043b\u0435\u0442\u0430 \u0432 \u0441\u0442\u0438\u0440\u0430\u043b\u044c\u043d\u044b\u0445 \u043c\u0430\u0448\u0438\u043d\u0430\u0445. <\/p>\n<p>\u0418\u043d\u0441\u0442\u0440\u0443\u043a\u0446\u0438\u0438 \u043f\u043e \u043f\u0440\u0438\u043c\u0435\u043d\u0435\u043d\u0438\u044e: \u041f\u0440\u043e\u0447\u0438\u0442\u0430\u0439\u0442\u0435 \u0438\u043d\u0441\u0442\u0440\u0443\u043a\u0446\u0438\u044e \u043f\u043e \u0441\u0442\u0438\u0440\u043a\u0435 \u043d\u0430 \u0432\u0435\u0449\u0430\u0445, \u043a\u043e\u0442\u043e\u0440\u044b\u0435 \u0412\u044b \u0445\u043e\u0442\u0438\u0442\u0435 \u043f\u043e\u0441\u0442\u0438\u0440\u0430\u0442\u044c! \u041e\u0431\u0440\u0430\u0442\u0438\u0442\u0435 \u0432\u043d\u0438\u043c\u0430\u043d\u0438\u0435 \u043d\u0430 \u043c\u0430\u043a\u0441\u0438\u043c\u0430\u043b\u044c\u043d\u0443\u044e \u0442\u0435\u043c\u043f\u0435\u0440\u0430\u0442\u0443\u0440\u0443 \u0441\u0442\u0438\u0440\u043a\u0438! \u041f\u0440\u043e\u0432\u0435\u0440\u044c\u0442\u0435 \u0443\u0441\u0442\u043e\u0439\u0447\u0438\u0432\u043e\u0441\u0442\u044c \u0446\u0432\u0435\u0442\u0430 \u043d\u0430 \u043d\u0435\u0437\u0430\u043c\u0435\u0442\u043d\u043e\u043c \u0443\u0447\u0430\u0441\u0442\u043a\u0435 \u0442\u043a\u0430\u043d\u0438! \u041e\u0437\u043d\u0430\u043a\u043e\u043c\u044c\u0442\u0435\u0441\u044c \u0441 \u0438\u043d\u0441\u0442\u0440\u0443\u043a\u0446\u0438\u044f\u043c\u0438 \u0437\u0430\u0432\u043e\u0434\u0430-\u043f\u0440\u043e\u0438\u0437\u0432\u043e\u0434\u0438\u0442\u0435\u043b\u044f \u0441\u0442\u0438\u0440\u0430\u043b\u044c\u043d\u043e\u0439 \u043c\u0430\u0448\u0438\u043d\u044b! \u041d\u0430 5 \u043a\u0433 \u0431\u0435\u043b\u044c\u044f \u043e\u0431\u044b\u0447\u043d\u043e\u0439[trim][:ro_RO]Sano Maxima Bio este potrivit pentru sp\u0103larea hainelor albe \u0219i color din stof\u0103 de bubac, in, sintetic\u0103 la temperatura de la 35 p\u00een\u0103 la 65 \u00een toate tipurile de ma\u0219ini automat.<br \/>\nDetergentul cu o cantitate m\u0103rit\u0103 de enzyme (bio) este potrivit pentru \u00eendep\u0103rtarea petelor de origine de protein\u0103 a\u0219a ca s\u00eenge, iarb\u0103,ciocolat\u0103, sosuri, pete de transpira\u021bie, gr\u0103simi \u0219i alte.<br \/>\nEnzymele s\u00eent catalizatori biologici pentru descompunerea petelor dificile, s\u00eent maximal eficiente la temperatura de la 35 p\u00een\u0103 la 65 grade, garanteaz\u0103 \u00eendep\u0103rtarea petelor de pe \u021besut.<br \/>\nSano Maxima Bio con\u021bine componente care previn apari\u021bia calcarului \u0219i a depunerilor minerale \u00een ma\u0219inile de sp\u0103lat automat.<\/p>\n<p>Instruc\u021bini de utilizare:<br \/>\nVerfica\u021bi rezisten\u021ba culorii \u00eentr-un loc neobservat.<br \/>\nInstruc\u021biuni de utilizare:<br \/>\natrage\u021bi aten\u021bia la temperatura maxim\u0103 posibil\u0103. Verifica\u021bi rezisten\u021ba culorii \u00eentr-ul loc neobservat.<br \/>\nLa 5 kg de rufe lua\u021bi 1\/3 a paharului de m\u0103sur\u0103 (66 ml sa 36 gr).<br \/>\n\u00cen caz de murd\u0103rire mai mare lua\u021bi 2\/3 a paharului de m\u0103sur\u0103 (130 ml s<\/p>\n","protected":false},"excerpt":{"rendered":"<p>[:ru_RU]\u0421\u0442\u0438\u0440\u0430\u043b\u044c\u043d\u044b\u0439 \u043f\u043e\u0440\u043e\u0448\u043e\u043a SANO Bio \u043f\u0440\u0438\u0433\u043e\u0434\u0435\u043d \u0434\u043b\u044f \u0441\u0442\u0438\u0440\u043a\u0438 \u0446\u0432\u0435\u0442\u043d\u043e\u0433\u043e \u0438 \u0431\u0435\u043b\u043e\u0433\u043e \u0431\u0435\u043b\u044c\u044f \u0438\u0437 \u0445\u043b\u043e\u043f\u0447\u0430\u0442\u043e\u0431\u0443\u043c\u0430\u0436\u043d\u044b\u0445, \u043b\u044c\u043d\u044f\u043d\u044b\u0445 \u0438 \u0441\u0438\u043d\u0442\u0435\u0442\u0438\u0447\u0435\u0441\u043a\u0438\u0445 \u0442\u043a\u0430\u043d\u0435\u0439 \u043f\u0440\u0438 \u0442\u0435\u043c\u043f\u0435\u0440\u0430\u0442\u0443\u0440\u0435 \u043e\u0442 35 \u0434\u043e 65 \u0433\u0440\u0430\u0434\u0443\u0441\u043e\u0432 \u0432\u043e \u0432\u0441\u0435\u0445 \u0442\u0438\u043f\u0430\u0445 \u0441\u0442\u0438\u0440\u0430\u043b\u044c\u043d\u044b\u0445 \u043c\u0430\u0448\u0438\u043d. \u0421\u0442\u0438\u0440\u0430\u043b\u044c\u043d\u044b\u0439 \u043f\u043e\u0440\u043e\u0448\u043e\u043a SANO Bio \u0441 \u043f\u043e\u0432\u044b\u0448\u0435\u043d\u043d\u044b\u043c \u0441\u043e\u0434\u0435\u0440\u0436\u0430\u043d\u0438\u0435\u043c \u044d\u043d\u0437\u0438\u043c\u043e\u0432 (\u0431\u0438\u043e\u043b\u043e\u0433\u0438\u0447\u0435\u0441\u043a\u0438\u0445) \u043f\u0440\u0438\u0433\u043e\u0434\u0435\u043d \u0442\u0430\u043a\u0436\u0435 \u0434\u043b\u044f \u0443\u0441\u043a\u043e\u0440\u0435\u043d\u043d\u043e\u0433\u043e \u0443\u0434\u0430\u043b\u0435\u043d\u0438\u044f \u0431\u0435\u043b\u043a\u043e\u0432\u044b\u0445 \u043f\u044f\u0442\u0435\u043d, \u0442\u0430\u043a\u0438\u0445 \u043a\u0430\u043a \u043a\u0440\u043e\u0432\u044c, \u0442\u0440\u0430\u0432\u0430, \u0448\u043e\u043a\u043e\u043b\u0430\u0434, \u0441\u043e\u0443\u0441\u044b, \u043a\u0435\u0442\u0447\u0443\u043f, \u043f\u044f\u0442\u0435\u043d \u043f\u043e\u0442\u0430, \u0436\u0438\u0440\u0430 [&hellip;]<\/p>\n","protected":false},"featured_media":42280,"comment_status":"open","ping_status":"closed","template":"","meta":{"_acf_changed":false},"product_brand":[],"product_cat":[6743],"product_tag":[],"class_list":{"0":"post-42281","1":"product","2":"type-product","3":"status-publish","4":"has-post-thumbnail","6":"product_cat-ru_ru-stiralnye-poroshki-i","8":"first","9":"instock","10":"shipping-taxable","11":"purchasable","12":"product-type-simple"},"acf":[],"_links":{"self":[{"href":"https:\/\/minimax.md\/ru\/wp-json\/wp\/v2\/product\/42281","targetHints":{"allow":["GET"]}}],"collection":[{"href":"https:\/\/minimax.md\/ru\/wp-json\/wp\/v2\/product"}],"about":[{"href":"https:\/\/minimax.md\/ru\/wp-json\/wp\/v2\/types\/product"}],"replies":[{"embeddable":true,"href":"https:\/\/minimax.md\/ru\/wp-json\/wp\/v2\/comments?post=42281"}],"version-history":[{"count":0,"href":"https:\/\/minimax.md\/ru\/wp-json\/wp\/v2\/product\/42281\/revisions"}],"wp:featuredmedia":[{"embeddable":true,"href":"https:\/\/minimax.md\/ru\/wp-json\/wp\/v2\/media\/42280"}],"wp:attachment":[{"href":"https:\/\/minimax.md\/ru\/wp-json\/wp\/v2\/media?parent=42281"}],"wp:term":[{"taxonomy":"product_brand","embeddable":true,"href":"https:\/\/minimax.md\/ru\/wp-json\/wp\/v2\/product_brand?post=42281"},{"taxonomy":"product_cat","embeddable":true,"href":"https:\/\/minimax.md\/ru\/wp-json\/wp\/v2\/product_cat?post=42281"},{"taxonomy":"product_tag","embeddable":true,"href":"https:\/\/minimax.md\/ru\/wp-json\/wp\/v2\/product_tag?post=42281"}],"curies":[{"name":"wp","href":"https:\/\/api.w.org\/{rel}","templated":true}]}}