{"id":42319,"date":"2023-11-28T13:11:24","date_gmt":"2023-11-28T10:11:24","guid":{"rendered":"https:\/\/minimax.md\/product\/42319.html"},"modified":"2024-03-13T00:18:12","modified_gmt":"2024-03-12T21:18:12","slug":"ru_ru-viga-bashnja-iz-blokov-trim-ro_ro-viga-jocul-turnul-blocurilor-2","status":"publish","type":"product","link":"https:\/\/minimax.md\/ru\/product\/42319.html","title":{"rendered":"\u0414\u0435\u0440\u0435\u0432\u044f\u043d\u043d\u0430\u044f \u043d\u0430\u0441\u0442\u043e\u043b\u044c\u043d\u0430\u044f \u0438\u0433\u0440\u0430 \"\u0414\u0436\u0435\u043d\u0433\u0430\""},"content":{"rendered":"<p>[:ru_RU]\u0412 \u043d\u0430\u0431\u043e\u0440 \u0432\u0445\u043e\u0434\u0438\u0442 54 \u0434\u0435\u0440\u0435\u0432\u044f\u043d\u043d\u044b\u0445 \u044d\u043b\u0435\u043c\u0435\u043d\u0442\u0430, \u0438\u0433\u0440\u043e\u0432\u043e\u0439 \u043a\u0443\u0431\u0438\u043a, \u0433\u043e\u043b\u043e\u0432\u0430 \u043c\u0438\u0448\u043a\u0438<br \/>\n\u0421 \u043f\u043e\u043c\u043e\u0449\u044c\u044e \u044d\u0442\u043e\u0433\u043e \u043d\u0430\u0431\u043e\u0440\u0430 \u043c\u043e\u0436\u043d\u043e \u0438\u0433\u0440\u0430\u0442\u044c \u0432 \u043d\u0430\u0441\u0442\u043e\u043b\u044c\u043d\u0443\u044e \u0438\u0433\u0440\u0443 \u0434\u0436\u0435\u043d\u0433\u0430 \u0438\u043b\u0438 \u0441\u0442\u0440\u043e\u0438\u0442\u044c \u0440\u0430\u0437\u043b\u0438\u0447\u043d\u044b\u0435 \u0444\u0438\u0433\u0443\u0440\u044b (\u0442.\u0435. \u0438\u0441\u043f\u043e\u043b\u044c\u0437\u043e\u0432\u0430\u0442\u044c \u043a\u0430\u043a \u0434\u0435\u0440\u0435\u0432\u044f\u043d\u043d\u044b\u0439 \u043a\u043e\u043d\u0441\u0442\u0440\u0443\u043a\u0442\u043e\u0440).<br \/>\n\u041a\u0440\u0430\u044f \u044d\u043b\u0435\u043c\u0435\u043d\u0442\u043e\u0432 \u0438\u0434\u0435\u0430\u043b\u044c\u043d\u043e \u043e\u0431\u0440\u0430\u0431\u043e\u0442\u0430\u043d\u044b, \u0431\u0435\u0437\u043e\u043f\u0430\u0441\u043d\u044b \u0434\u043b\u044f \u0440\u0435\u0431\u0435\u043d\u043a\u0430.<br \/>\n\u0418\u0433\u0440\u0430 \u0441 \u0434\u0435\u0440\u0435\u0432\u044f\u043d\u043d\u044b\u043c \u043a\u043e\u043d\u0441\u0442\u0440\u0443\u043a\u0442\u043e\u0440\u043e\u043c-\u0431\u043b\u043e\u043a\u0430\u043c\u0438 \u0440\u0430\u0437\u0432\u0438\u0432\u0430\u0435\u0442: \u0441\u043a\u043e\u0440\u043e\u0441\u0442\u044c \u0440\u0435\u0430\u043a\u0446\u0438\u0438, \u0444\u0430\u043d\u0442\u0430\u0437\u0438\u044e, \u043d\u0430\u0432\u044b\u043a\u0438 \u043a\u043e\u043d\u0441\u0442\u0440\u0443\u0438\u0440\u043e\u0432\u0430\u043d\u0438\u044f, \u043f\u0440\u043e\u0441\u0442\u0440\u0430\u043d\u0441\u0442\u0432\u0435\u043d\u043d\u043e\u0435 \u043c\u044b\u0448\u043b\u0435\u043d\u0438\u0435, \u043a\u043e\u043e\u0440\u0434\u0438\u043d\u0430\u0446\u0438\u044e \u0434\u0432\u0438\u0436\u0435\u043d\u0438\u0435, \u043b\u043e\u0432\u043a\u043e\u0441\u0442\u044c \u0440\u0443\u043a, \u043c\u0435\u043b\u043a\u0443\u044e \u043c\u043e\u0442\u043e\u0440\u0438\u043a\u0443, \u044d\u043c\u043e\u0446\u0438\u043e\u043d\u0430\u043b\u044c\u043d\u043e\u0435 \u0431\u043b\u0430\u0433\u043e\u043f\u043e\u043b\u0443\u0447\u0438\u0435, \u0437\u0440\u0438\u0442\u0435\u043b\u044c\u043d\u043e-\u0434\u0432\u0438\u0433\u0430\u0442\u0435\u043b\u044c\u043d\u0443\u044e \u043c\u043e\u0442\u043e\u0440\u0438\u043a\u0443.<br \/>\n\u0412\u043e\u0437\u0440\u0430\u0441\u0442 \u0440\u0435\u0431\u0435\u043d\u043a\u0430: \u043e\u0442 2 \u043b\u0435\u0442.<br \/>\n\u041c\u0430\u0442\u0435\u0440\u0438\u0430\u043b \u0438\u0433\u0440\u0443\u0448\u043a\u0438: \u0434\u0435\u0440\u0435\u0432\u043e, \u043d\u0435\u0442\u043e\u043a\u0441\u0438\u0447\u0435\u043d, \u0430\u043a\u043a\u0443\u0440\u0430\u0442\u043d\u0430\u044f \u043e\u0431\u0440\u0430\u0431\u043e\u0442\u043a\u0430 \u044d\u043b\u0435\u043c\u0435\u043d\u0442\u043e\u0432, \u043a\u0440\u0430\u044f.<br \/>\n\u0418\u0433\u0440\u0443\u0448\u043a\u0430 \u0441\u043e\u043e\u0442\u0432\u0435\u0442\u0441\u0442\u0432\u0443\u0435\u0442 \u043c\u0435\u0436\u0434\u0443\u043d\u0430\u0440\u043e\u0434\u043d\u044b\u043c \u0441\u0442\u0430\u043d\u0434\u0430\u0440\u0442\u0430\u043c \u0431\u0435\u0437\u043e\u043f\u0430\u0441\u043d\u043e\u0441\u0442\u0438, \u0432 \u0447\u0430\u0441\u0442\u043d\u043e\u0441\u0442\u0438: \u0435\u0432\u0440\u043e\u043f\u0435\u0439\u0441\u043a\u043e\u043c\u0443 EN71, \u0430\u043c\u0435\u0440\u0438\u043a\u0430\u043d\u0441\u043a\u043e\u043c\u0443 ASTM<br \/>\n\u0418\u0433\u0440\u0430 PolarB \u0411\u0430\u0448\u043d\u044f \u0438\u0437 \u0431\u043b\u043e\u043a\u043e\u0432 \u0440\u0430\u0437\u043c\u0435\u0440\u044b \u043f\u043e \u043a\u043e\u0440\u043e\u0431\u043a\u0435:<br \/>\n\u043b\u0443\u0431\u0438\u043d\u0430 9 \u0441\u043c \u0428\u0438\u0440\u0438\u043d\u0430 9 \u0441\u043c \u0412\u044b\u0441\u043e\u0442\u0430 23 \u0441\u043c.<br \/>\n\u0420\u0430\u0437\u043c\u0435\u0440 \u043e\u0434\u043d\u043e\u0433\u043e \u044d\u043b\u0435\u043c\u0435\u043d\u0442\u0430 5,5*2*1 \u0441\u043c<br \/>\n\u0412\u0435\u0441: 500 \u0433\u0440\u0430\u043c\u043c<br \/>\n\u0426\u0432\u0435\u0442 \u0438\u0433\u0440\u0443\u0448\u043a\u0438: \u043e\u0442\u0442\u0435\u043d\u043a\u0438 \u0441\u0435\u0440\u043e\u0433\u043e, \u0440\u043e\u0437\u043e\u0432\u043e\u0433\u043e, \u043e\u0440\u0430\u043d\u0436\u0435\u0432\u043e\u0433\u043e, \u0433\u043e\u043b\u0443\u0431\u043e\u0433\u043e, \u0431\u0438\u0440\u044e\u0437\u043e\u0432\u043e\u0433\u043e, \u043d\u0430\u0442\u0443\u0440\u0430\u043b\u044c\u043d\u043e\u0433\u043e \u0434\u0435\u0440\u0435\u0432\u0430, \u043f\u0430\u0441\u0442\u0435\u043b\u044c\u043d\u043e\u0433\u043e \u0446\u0432\u0435\u0442\u0430.[trim][:ro_RO]\u25cf Un joc clasic care const\u0103 din 54 de blocuri mici, 2 cuburi \u0219i un cap de urs polar.<\/p>\n<p>\u25cf Construi\u021bi un turn \u0219i arunca\u021bi zarurile dup\u0103 culoarea zarurilor pentru a elimina blocul de jos. Ai grij\u0103 s\u0103 p\u0103strezi ursul polar \u00een siguran\u021b\u0103, altfel adversarul t\u0103u te va \u00eenvinge.<\/p>\n<p>\u25cf Plasa\u021bi blocurile \u00eendep\u0103rtate deasupra p\u00e2n\u0103 c\u00e2nd turnul se pr\u0103bu\u0219e\u0219te, explora\u021bi alte modalit\u0103\u021bi de a juca jocul.<\/p>\n<p>\u25cf O juc\u0103rie educativ\u0103 pentru copii, \u00een care pute\u021bi ad\u0103uga blocuri cu ajutorul creativit\u0103\u021bii \u0219i imagina\u021biei.<\/p>\n","protected":false},"excerpt":{"rendered":"<p>[:ru_RU]\u0412 \u043d\u0430\u0431\u043e\u0440 \u0432\u0445\u043e\u0434\u0438\u0442 54 \u0434\u0435\u0440\u0435\u0432\u044f\u043d\u043d\u044b\u0445 \u044d\u043b\u0435\u043c\u0435\u043d\u0442\u0430, \u0438\u0433\u0440\u043e\u0432\u043e\u0439 \u043a\u0443\u0431\u0438\u043a, \u0433\u043e\u043b\u043e\u0432\u0430 \u043c\u0438\u0448\u043a\u0438 \u0421 \u043f\u043e\u043c\u043e\u0449\u044c\u044e \u044d\u0442\u043e\u0433\u043e \u043d\u0430\u0431\u043e\u0440\u0430 \u043c\u043e\u0436\u043d\u043e \u0438\u0433\u0440\u0430\u0442\u044c \u0432 \u043d\u0430\u0441\u0442\u043e\u043b\u044c\u043d\u0443\u044e \u0438\u0433\u0440\u0443 \u0434\u0436\u0435\u043d\u0433\u0430 \u0438\u043b\u0438 \u0441\u0442\u0440\u043e\u0438\u0442\u044c \u0440\u0430\u0437\u043b\u0438\u0447\u043d\u044b\u0435 \u0444\u0438\u0433\u0443\u0440\u044b (\u0442.\u0435. \u0438\u0441\u043f\u043e\u043b\u044c\u0437\u043e\u0432\u0430\u0442\u044c \u043a\u0430\u043a \u0434\u0435\u0440\u0435\u0432\u044f\u043d\u043d\u044b\u0439 \u043a\u043e\u043d\u0441\u0442\u0440\u0443\u043a\u0442\u043e\u0440). \u041a\u0440\u0430\u044f \u044d\u043b\u0435\u043c\u0435\u043d\u0442\u043e\u0432 \u0438\u0434\u0435\u0430\u043b\u044c\u043d\u043e \u043e\u0431\u0440\u0430\u0431\u043e\u0442\u0430\u043d\u044b, \u0431\u0435\u0437\u043e\u043f\u0430\u0441\u043d\u044b \u0434\u043b\u044f \u0440\u0435\u0431\u0435\u043d\u043a\u0430. \u0418\u0433\u0440\u0430 \u0441 \u0434\u0435\u0440\u0435\u0432\u044f\u043d\u043d\u044b\u043c \u043a\u043e\u043d\u0441\u0442\u0440\u0443\u043a\u0442\u043e\u0440\u043e\u043c-\u0431\u043b\u043e\u043a\u0430\u043c\u0438 \u0440\u0430\u0437\u0432\u0438\u0432\u0430\u0435\u0442: \u0441\u043a\u043e\u0440\u043e\u0441\u0442\u044c \u0440\u0435\u0430\u043a\u0446\u0438\u0438, \u0444\u0430\u043d\u0442\u0430\u0437\u0438\u044e, \u043d\u0430\u0432\u044b\u043a\u0438 \u043a\u043e\u043d\u0441\u0442\u0440\u0443\u0438\u0440\u043e\u0432\u0430\u043d\u0438\u044f, \u043f\u0440\u043e\u0441\u0442\u0440\u0430\u043d\u0441\u0442\u0432\u0435\u043d\u043d\u043e\u0435 \u043c\u044b\u0448\u043b\u0435\u043d\u0438\u0435, \u043a\u043e\u043e\u0440\u0434\u0438\u043d\u0430\u0446\u0438\u044e \u0434\u0432\u0438\u0436\u0435\u043d\u0438\u0435, \u043b\u043e\u0432\u043a\u043e\u0441\u0442\u044c \u0440\u0443\u043a, \u043c\u0435\u043b\u043a\u0443\u044e \u043c\u043e\u0442\u043e\u0440\u0438\u043a\u0443, \u044d\u043c\u043e\u0446\u0438\u043e\u043d\u0430\u043b\u044c\u043d\u043e\u0435 [&hellip;]<\/p>\n","protected":false},"featured_media":42317,"comment_status":"open","ping_status":"closed","template":"","meta":{"_acf_changed":false},"product_brand":[],"product_cat":[6695],"product_tag":[],"class_list":{"0":"post-42319","1":"product","2":"type-product","3":"status-publish","4":"has-post-thumbnail","6":"product_cat-ru_ru-logicheskie-trim-ro_r","8":"first","9":"instock","10":"shipping-taxable","11":"purchasable","12":"product-type-simple"},"acf":[],"_links":{"self":[{"href":"https:\/\/minimax.md\/ru\/wp-json\/wp\/v2\/product\/42319","targetHints":{"allow":["GET"]}}],"collection":[{"href":"https:\/\/minimax.md\/ru\/wp-json\/wp\/v2\/product"}],"about":[{"href":"https:\/\/minimax.md\/ru\/wp-json\/wp\/v2\/types\/product"}],"replies":[{"embeddable":true,"href":"https:\/\/minimax.md\/ru\/wp-json\/wp\/v2\/comments?post=42319"}],"version-history":[{"count":0,"href":"https:\/\/minimax.md\/ru\/wp-json\/wp\/v2\/product\/42319\/revisions"}],"wp:featuredmedia":[{"embeddable":true,"href":"https:\/\/minimax.md\/ru\/wp-json\/wp\/v2\/media\/42317"}],"wp:attachment":[{"href":"https:\/\/minimax.md\/ru\/wp-json\/wp\/v2\/media?parent=42319"}],"wp:term":[{"taxonomy":"product_brand","embeddable":true,"href":"https:\/\/minimax.md\/ru\/wp-json\/wp\/v2\/product_brand?post=42319"},{"taxonomy":"product_cat","embeddable":true,"href":"https:\/\/minimax.md\/ru\/wp-json\/wp\/v2\/product_cat?post=42319"},{"taxonomy":"product_tag","embeddable":true,"href":"https:\/\/minimax.md\/ru\/wp-json\/wp\/v2\/product_tag?post=42319"}],"curies":[{"name":"wp","href":"https:\/\/api.w.org\/{rel}","templated":true}]}}