{"id":42324,"date":"2023-11-28T13:11:25","date_gmt":"2023-11-28T10:11:25","guid":{"rendered":"https:\/\/minimax.md\/product\/42324.html"},"modified":"2024-03-13T00:17:28","modified_gmt":"2024-03-12T21:17:28","slug":"ru_ru-cubicfun-pazl-3d-big-ben-trim-ro_ro-cubicfun-puzzle-3d-big-ben-2","status":"publish","type":"product","link":"https:\/\/minimax.md\/ru\/product\/42324.html","title":{"rendered":"3D \u043f\u0430\u0437\u043b \"\u0411\u0438\u0433 \u0411\u0435\u043d\", 44 \u044d\u043b\u0435\u043c\u0435\u043d\u0442a"},"content":{"rendered":"<p>[:ru_RU]3D \u043f\u0430\u0437\u043b \u0411\u0438\u0433 \u0411\u0435\u043d \u043e\u0442\u00a0 CubicFun \u043e\u0447\u0435\u043d\u044c \u0438\u043d\u0442\u0435\u0440\u0435\u0441\u043d\u0430\u044f \u0433\u043e\u043b\u043e\u0432\u043e\u043b\u043e\u043c\u043a\u0430 \u0434\u043b\u044f \u0432\u0441\u0435\u0439 \u0441\u0435\u043c\u044c\u0438.\u00a0<\/p>\n<p>\u0412\u043c\u0435\u0441\u0442\u0435 \u0441\u043e\u0431\u0438\u0440\u0430\u044f 3D \u043f\u0430\u0437\u043b \u0441\u043e \u0441\u0432\u043e\u0438\u043c\u0438 \u0434\u0435\u0442\u044c\u043c\u0438, \u0432\u044b\u00a0 \u043c\u043e\u0436\u0435\u0442\u0435 \u0438\u043c \u0440\u0430\u0441\u0441\u043a\u0430\u0437\u0430\u0442\u044c \u043e \u00a0\u0447\u0430\u0441\u043e\u0432\u043e\u0439 \u0431\u0430\u0448\u043d\u0438 \u0412\u0435\u0441\u0442\u043c\u0438\u043d\u0441\u0442\u0435\u0440\u0441\u043a\u043e\u0433\u043e \u0434\u0432\u043e\u0440\u0446\u0430 \u0432 \u041b\u043e\u043d\u0434\u043e\u043d\u0435 \u0438\u0437\u0432\u0435\u0441\u0442\u043d\u0430 \u0432\u0441\u0435\u043c\u0443 \u043c\u0438\u0440\u0443 \u043f\u043e\u0434 \u043d\u0430\u0437\u0432\u0430\u043d\u0438\u0435\u043c \u0411\u0438\u0433-\u0411\u0435\u043d. \u0412 \u0412\u0435\u0441\u0442\u043c\u0438\u043d\u0441\u0442\u0435\u0440\u0441\u043a\u043e\u043c \u0434\u0432\u043e\u0440\u0446\u0435 \u043f\u0440\u043e\u0445\u043e\u0434\u044f\u0442 \u0437\u0430\u0441\u0435\u0434\u0430\u043d\u0438\u044f \u043f\u0430\u043b\u0430\u0442\u044b \u043b\u043e\u0440\u0434\u043e\u0432 \u0438 \u043f\u0430\u043b\u0430\u0442\u044b \u043e\u0431\u0449\u0438\u043d, \u0432 \u043c\u043d\u043e\u0433\u043e\u043a\u0438\u043b\u043e\u043c\u0435\u0442\u0440\u043e\u0432\u044b\u0445 \u043a\u043e\u0440\u0438\u0434\u043e\u0440\u0430\u0445 \u0434\u0432\u043e\u0440\u0446\u0430 \u043b\u0435\u0433\u043a\u043e \u043f\u043e\u0442\u0435\u0440\u044f\u0442\u044c \u043d\u0443\u0436\u043d\u043e\u0435 \u043d\u0430\u043f\u0440\u0430\u0432\u043b\u0435\u043d\u0438\u0435, \u0432\u0440\u044f\u0434 \u043b\u0438 \u0435\u0441\u0442\u044c \u0447\u0435\u043b\u043e\u0432\u0435\u043a, \u043a\u043e\u0442\u043e\u0440\u044b\u0439 \u043f\u043e\u0431\u044b\u0432\u0430\u043b \u0432\u043e \u0432\u0441\u0435\u0445 \u0435\u0433\u043e 1200 \u043a\u043e\u043c\u043d\u0430\u0442\u0430\u0445, \u043d\u043e \u0441\u0430\u043c\u0430\u044f \u0437\u043d\u0430\u043c\u0435\u043d\u0438\u0442\u0430\u044f \u0447\u0430\u0441\u0442\u044c \u0434\u0432\u043e\u0440\u0446\u0430 \u2014 \u0431\u0430\u0448\u043d\u044f \u0441 \u0447\u0430\u0441\u0430\u043c\u0438 \u2014 \u0438\u0437\u0432\u0435\u0441\u0442\u043d\u0430, \u0431\u0435\u0437 \u043f\u0440\u0435\u0443\u0432\u0435\u043b\u0438\u0447\u0435\u043d\u0438\u044f \u0441\u043a\u0430\u0437\u0430\u0442\u044c, \u0432\u0441\u0435\u043c\u0443 \u043c\u0438\u0440\u0443 \u0438 \u044f\u0432\u043b\u044f\u0435\u0442\u0441\u044f \u043e\u0434\u043d\u0438\u043c \u0438\u0437 \u0441\u0430\u043c\u044b\u0445 \u044f\u0440\u043a\u0438\u0445 \u0430\u0440\u0445\u0438\u0442\u0435\u043a\u0442\u0443\u0440\u043d\u044b\u0445 \u0441\u0438\u043c\u0432\u043e\u043b\u043e\u0432 \u0433\u043e\u0440\u043e\u0434\u0430.<\/p>\n<p>3D \u043f\u0430\u0437\u043b\u044b \u0443\u0434\u0438\u0432\u0438\u0442\u0435\u043b\u044c\u043d\u043e\u0435 \u0445\u043e\u0431\u0431\u0438 \u043a\u043e\u0442\u043e\u0440\u043e\u0435 \u0440\u0430\u0437\u0432\u0438\u0432\u0430\u0435\u0442 \u043d\u0435 \u0442\u043e\u043b\u044c\u043a\u043e \u043b\u043e\u0433\u0438\u0447\u0435\u0441\u043a\u043e\u0433\u043e \u043c\u044b\u0448\u043b\u0435\u043d\u0438\u044f, \u043c\u0435\u043b\u043a\u0443\u044e \u043c\u043e\u0442\u043e\u0440\u0438\u043a\u0443, \u0443\u0441\u0438\u0434\u0447\u0438\u0432\u043e\u0441\u0442\u0438 \u0438 \u0430\u043a\u043a\u0443\u0440\u0430\u0442\u043d\u043e\u0441\u0442\u044c, \u043d\u043e \u0438 \u0443\u0447\u0438\u0442 \u043c\u043d\u043e\u0433\u043e\u043c\u0443 \u0438\u043d\u0442\u0435\u0440\u0435\u0441\u043d\u043e\u043c\u0443 \u043e \u043c\u0438\u0440\u0435 \u0437\u0430 \u0432\u0435\u0441\u0435\u043b\u043e \u043f\u0440\u043e\u0432\u0435\u0434\u0435\u043d\u043d\u043e\u043c \u0432\u0440\u0435\u043c\u0435\u043d\u0438 \u0432 \u043a\u0440\u0443\u0433\u0443 \u0441\u0435\u043c\u044c\u0438.[trim][:ro_RO]<strong>Puzzle 3D Big Ben, de la CubicFun este un joc de puzzle foarte interesant pentru \u00eentreaga familie.<\/strong><\/p>\n<p>\u00cen timpul jocului cu 3D puzzle \u00eempreun\u0103 cu copiii t\u0103i, le po\u021bi povesti\u00a0 despre turnul cu ceas al Palatului Westminster din Londra, cunoscut lumii \u00eentregi drept Big Ben. \u00cent\u00e2lnirile Camerei Lorzilor \u0219i ale Camerei Comunelor au loc \u00een Palatul Westminster, este u\u0219or s\u0103 pierzi direc\u021bia corect\u0103 pe coridoarele multi-kilometri ale palatului, nu exist\u0103 o persoan\u0103 care s\u0103 fi vizitat toate cele 1200 de camere, dar cea mai faimoas\u0103 parte a palatului &#8211; turnul cu ceas &#8211; este cunoscut\u0103, f\u0103r\u0103 exagerare, de toat\u0103 lumea \u0219i este unul dintre cele mai str\u0103lucitoare simboluri arhitecturale ale ora\u0219ului.<\/p>\n<p><strong>Puzzle-urile 3D<\/strong> sunt un hobby uimitor care dezvolt\u0103 nu numai g\u00e2ndirea logic\u0103, abilit\u0103\u021bile motorii fine, perseveren\u021ba \u0219i acurate\u021bea, dar \u00eenva\u021b\u0103 \u0219i o mul\u021bime de lucruri interesante despre univers, \u00een timp ce te distrezi cu familia ta.<\/p>\n","protected":false},"excerpt":{"rendered":"<p>[:ru_RU]3D \u043f\u0430\u0437\u043b \u0411\u0438\u0433 \u0411\u0435\u043d \u043e\u0442\u00a0 CubicFun \u043e\u0447\u0435\u043d\u044c \u0438\u043d\u0442\u0435\u0440\u0435\u0441\u043d\u0430\u044f \u0433\u043e\u043b\u043e\u0432\u043e\u043b\u043e\u043c\u043a\u0430 \u0434\u043b\u044f \u0432\u0441\u0435\u0439 \u0441\u0435\u043c\u044c\u0438.\u00a0 \u0412\u043c\u0435\u0441\u0442\u0435 \u0441\u043e\u0431\u0438\u0440\u0430\u044f 3D \u043f\u0430\u0437\u043b \u0441\u043e \u0441\u0432\u043e\u0438\u043c\u0438 \u0434\u0435\u0442\u044c\u043c\u0438, \u0432\u044b\u00a0 \u043c\u043e\u0436\u0435\u0442\u0435 \u0438\u043c \u0440\u0430\u0441\u0441\u043a\u0430\u0437\u0430\u0442\u044c \u043e \u00a0\u0447\u0430\u0441\u043e\u0432\u043e\u0439 \u0431\u0430\u0448\u043d\u0438 \u0412\u0435\u0441\u0442\u043c\u0438\u043d\u0441\u0442\u0435\u0440\u0441\u043a\u043e\u0433\u043e \u0434\u0432\u043e\u0440\u0446\u0430 \u0432 \u041b\u043e\u043d\u0434\u043e\u043d\u0435 \u0438\u0437\u0432\u0435\u0441\u0442\u043d\u0430 \u0432\u0441\u0435\u043c\u0443 \u043c\u0438\u0440\u0443 \u043f\u043e\u0434 \u043d\u0430\u0437\u0432\u0430\u043d\u0438\u0435\u043c \u0411\u0438\u0433-\u0411\u0435\u043d. \u0412 \u0412\u0435\u0441\u0442\u043c\u0438\u043d\u0441\u0442\u0435\u0440\u0441\u043a\u043e\u043c \u0434\u0432\u043e\u0440\u0446\u0435 \u043f\u0440\u043e\u0445\u043e\u0434\u044f\u0442 \u0437\u0430\u0441\u0435\u0434\u0430\u043d\u0438\u044f \u043f\u0430\u043b\u0430\u0442\u044b \u043b\u043e\u0440\u0434\u043e\u0432 \u0438 \u043f\u0430\u043b\u0430\u0442\u044b \u043e\u0431\u0449\u0438\u043d, \u0432 \u043c\u043d\u043e\u0433\u043e\u043a\u0438\u043b\u043e\u043c\u0435\u0442\u0440\u043e\u0432\u044b\u0445 \u043a\u043e\u0440\u0438\u0434\u043e\u0440\u0430\u0445 \u0434\u0432\u043e\u0440\u0446\u0430 \u043b\u0435\u0433\u043a\u043e \u043f\u043e\u0442\u0435\u0440\u044f\u0442\u044c \u043d\u0443\u0436\u043d\u043e\u0435 \u043d\u0430\u043f\u0440\u0430\u0432\u043b\u0435\u043d\u0438\u0435, \u0432\u0440\u044f\u0434 [&hellip;]<\/p>\n","protected":false},"featured_media":42320,"comment_status":"open","ping_status":"closed","template":"","meta":{"_acf_changed":false},"product_brand":[],"product_cat":[6713],"product_tag":[],"class_list":{"0":"post-42324","1":"product","2":"type-product","3":"status-publish","4":"has-post-thumbnail","6":"product_cat-ru_ru-pazly-i-mozaiki-trim","8":"first","9":"instock","10":"shipping-taxable","11":"purchasable","12":"product-type-simple"},"acf":[],"_links":{"self":[{"href":"https:\/\/minimax.md\/ru\/wp-json\/wp\/v2\/product\/42324","targetHints":{"allow":["GET"]}}],"collection":[{"href":"https:\/\/minimax.md\/ru\/wp-json\/wp\/v2\/product"}],"about":[{"href":"https:\/\/minimax.md\/ru\/wp-json\/wp\/v2\/types\/product"}],"replies":[{"embeddable":true,"href":"https:\/\/minimax.md\/ru\/wp-json\/wp\/v2\/comments?post=42324"}],"version-history":[{"count":0,"href":"https:\/\/minimax.md\/ru\/wp-json\/wp\/v2\/product\/42324\/revisions"}],"wp:featuredmedia":[{"embeddable":true,"href":"https:\/\/minimax.md\/ru\/wp-json\/wp\/v2\/media\/42320"}],"wp:attachment":[{"href":"https:\/\/minimax.md\/ru\/wp-json\/wp\/v2\/media?parent=42324"}],"wp:term":[{"taxonomy":"product_brand","embeddable":true,"href":"https:\/\/minimax.md\/ru\/wp-json\/wp\/v2\/product_brand?post=42324"},{"taxonomy":"product_cat","embeddable":true,"href":"https:\/\/minimax.md\/ru\/wp-json\/wp\/v2\/product_cat?post=42324"},{"taxonomy":"product_tag","embeddable":true,"href":"https:\/\/minimax.md\/ru\/wp-json\/wp\/v2\/product_tag?post=42324"}],"curies":[{"name":"wp","href":"https:\/\/api.w.org\/{rel}","templated":true}]}}