{"id":42343,"date":"2023-11-28T13:11:27","date_gmt":"2023-11-28T10:11:27","guid":{"rendered":"https:\/\/minimax.md\/product\/42343.html"},"modified":"2023-11-28T13:29:57","modified_gmt":"2023-11-28T10:29:57","slug":"ru_ru-sano-maxima-advance-stiralnyj-poroshok-1-25-kg-trim-ro_ro-sano-maxima-advance-detergent-1-25-kg","status":"publish","type":"product","link":"https:\/\/minimax.md\/ru\/product\/42343.html","title":{"rendered":"Sano Maxima Advance  \u0441\u0442\u0438\u0440\u0430\u043b\u044c\u043d\u044b\u0439 \u043f\u043e\u0440\u043e\u0448\u043e\u043a 1,25 \u043a\u0433"},"content":{"rendered":"<p>[:ru_RU]\u041a\u043e\u043d\u0446\u0435\u043d\u0442\u0440\u0438\u0440\u043e\u0432\u0430\u043d\u043d\u044b\u0439 \u0441\u0442\u0438\u0440\u0430\u043b\u044c\u043d\u044b\u0439 \u043f\u043e\u0440\u043e\u0448\u043e\u043a Sano Maxima Advance \u0441 \u0433\u0438\u0433\u0438\u0435\u043d\u0438\u0447\u0435\u0441\u043a\u0438\u043c\u0438 \u0441\u0432\u043e\u0439\u0441\u0442\u0432\u0430\u043c\u0438, \u0434\u043e\u0431\u0430\u0432\u043b\u044f\u0435\u0442 \u0441\u0442\u0438\u0440\u043a\u0435 \u043f\u0440\u0438\u044f\u0442\u043d\u044b\u0439 \u0430\u0440\u043e\u043c\u0430\u0442, \u043f\u0440\u0438\u0434\u0430\u0435\u0442 \u0431\u0435\u043b\u043e\u043c\u0443 \u0431\u0435\u043b\u044c\u044e \u0441\u0438\u044f\u043d\u0438\u0435, \u0441\u043e\u0445\u0440\u0430\u043d\u044f\u044f \u043a\u0430\u0447\u0435\u0441\u0442\u0432\u043e \u0442\u043a\u0430\u043d\u0438, \u0443\u0434\u0430\u043b\u044f\u0435\u0442 \u043f\u044f\u0442\u043d\u0430 \u043e\u0442 \u043a\u043e\u0444\u0435, \u0447\u0430\u044f, \u0432\u0438\u043d\u0430, \u044f\u0433\u043e\u0434, \u0441\u043e\u0443\u0441\u043e\u0432 \u0438 \u0442.\u0434.<br \/>\n\u0418\u043d\u0441\u0442\u0440\u0443\u043a\u0446\u0438\u0438 \u043f\u043e \u043f\u0440\u0438\u043c\u0435\u043d\u0435\u043d\u0438\u044e:<br \/>\n\u041e\u0431\u0440\u0430\u0442\u0438\u0442\u0435 \u0432\u043d\u0438\u043c\u0430\u043d\u0438\u0435 \u043d\u0430 \u043c\u0430\u043a\u0441\u0438\u043c\u0430\u043b\u044c\u043d\u0443\u044e \u0442\u0435\u043c\u043f\u0435\u0440\u0430\u0442\u0443\u0440\u0443 \u0441\u0442\u0438\u0440\u043a\u0438.<br \/>\n\u041f\u0440\u043e\u0432\u0435\u0440\u044c\u0442\u0435 \u0443\u0441\u0442\u043e\u0439\u0447\u0438\u0432\u043e\u0441\u0442\u044c \u0446\u0432\u0435\u0442\u0430 \u043d\u0430 \u043d\u0435\u0437\u0430\u043c\u0435\u0442\u043d\u043e\u0439 \u0447\u0430\u0441\u0442\u0438 \u0442\u043a\u0430\u043d\u0438.<br \/>\n\u041d\u0430 5 \u043a\u0433 \u043e\u0431\u044b\u0447\u043d\u043e\u0439 \u0441\u0442\u0438\u0440\u043a\u0438 \u0432\u043e\u0437\u044c\u043c\u0438\u0442\u0435 1\/3 \u043c\u0435\u0440\u043d\u043e\u0433\u043e \u0441\u0442\u0430\u043a\u0430\u043d\u0430 (66 \u043c\u043b \u0438\u043b\u0438 36 \u0433\u0440).<br \/>\n\u0412 \u0441\u043b\u0443\u0447\u0430\u0435 \u0431\u043e\u043b\u0435\u0435 \u0437\u0430\u0433\u0440\u044f\u0437\u043d\u0435\u043d\u043d\u043e\u0433\u043e \u0431\u0435\u043b\u044c\u044f \u0443\u0432\u0435\u043b\u0438\u0447\u044c\u0442\u0435 \u043a\u043e\u043b\u0438\u0447\u0435\u0441\u0442\u0432\u043e \u043f\u043e\u0440\u043e\u0448\u043a\u0430 \u0434\u043e 2\/3 \u043c\u0435\u0440\u043d\u043e\u0433\u043e \u0441\u0442\u0430\u043a\u0430\u043d\u0430 (130 \u043c\u043b \u0438\u043b\u0438 72 \u0433\u0440).<br \/>\n\u0412 \u0441\u043b\u0443\u0447\u0430\u0435 \u043e\u0441\u043e\u0431\u043e \u0433\u0440\u044f\u0437\u043d\u043e\u0433\u043e \u0431\u0435\u043b\u044c\u044f \u0443\u0432\u0435\u043b\u0438\u0447\u044c\u0442\u0435 \u043a\u043e\u043b\u0438\u0447\u0435\u0441\u0442\u0432\u043e \u043f\u043e\u0440\u043e\u0448\u043a\u0430 \u0434\u043e \u043f\u043e\u043b\u043d\u043e\u0433\u043e \u043c\u0435\u0440\u043d\u043e\u0433\u043e \u0441\u0442\u0430\u043a\u0430\u043d\u0430 \u043f\u0440\u0435\u0434\u0432\u0430\u0440\u0438\u0442\u0435\u043b\u044c\u043d\u043e \u043e\u0431\u0440\u0430\u0431\u043e\u0442\u0430\u0432 \u043f\u044f\u0442\u043d\u0430[trim][:ro_RO]Detergent pudr\u0103 concentrat cu propriet\u0103\u021bi igienice, adaug\u0103 la sp\u0103lare o arom\u0103 pl\u0103cut\u0103, red\u0103 hainelor st\u0103lucirea, men\u021bine calitatea stofei, \u00eendep\u0103rteaz\u0103 petele de cafea, ceai, vin, fructe de p\u0103dure \u0219i alte.<br \/>\nInstruc\u021biuni de utilizare:<br \/>\natrage\u021bi aten\u021bia la temperatura maxim\u0103 posibil\u0103. Verifica\u021bi rezisten\u021ba culorii \u00eentr-ul loc neobservat.<br \/>\nLa 5 kg de rufe lua\u021bi 1\/3 a paharului de m\u0103sur\u0103 (66 ml sa 36 gr).<br \/>\n\u00cen caz de murd\u0103rire mai mare lua\u021bi 2\/3 a paharului de m\u0103sur\u0103 (130 ml sau 72 gr).<br \/>\n\u00cen caz de existen\u021ba mai multor pete dificile adauga\u021bi cantitatea maxim\u0103 (paharul plin) cu prelucrarea petelor preventiv\u0103.<\/p>\n","protected":false},"excerpt":{"rendered":"<p>[:ru_RU]\u041a\u043e\u043d\u0446\u0435\u043d\u0442\u0440\u0438\u0440\u043e\u0432\u0430\u043d\u043d\u044b\u0439 \u0441\u0442\u0438\u0440\u0430\u043b\u044c\u043d\u044b\u0439 \u043f\u043e\u0440\u043e\u0448\u043e\u043a Sano Maxima Advance \u0441 \u0433\u0438\u0433\u0438\u0435\u043d\u0438\u0447\u0435\u0441\u043a\u0438\u043c\u0438 \u0441\u0432\u043e\u0439\u0441\u0442\u0432\u0430\u043c\u0438, \u0434\u043e\u0431\u0430\u0432\u043b\u044f\u0435\u0442 \u0441\u0442\u0438\u0440\u043a\u0435 \u043f\u0440\u0438\u044f\u0442\u043d\u044b\u0439 \u0430\u0440\u043e\u043c\u0430\u0442, \u043f\u0440\u0438\u0434\u0430\u0435\u0442 \u0431\u0435\u043b\u043e\u043c\u0443 \u0431\u0435\u043b\u044c\u044e \u0441\u0438\u044f\u043d\u0438\u0435, \u0441\u043e\u0445\u0440\u0430\u043d\u044f\u044f \u043a\u0430\u0447\u0435\u0441\u0442\u0432\u043e \u0442\u043a\u0430\u043d\u0438, \u0443\u0434\u0430\u043b\u044f\u0435\u0442 \u043f\u044f\u0442\u043d\u0430 \u043e\u0442 \u043a\u043e\u0444\u0435, \u0447\u0430\u044f, \u0432\u0438\u043d\u0430, \u044f\u0433\u043e\u0434, \u0441\u043e\u0443\u0441\u043e\u0432 \u0438 \u0442.\u0434. \u0418\u043d\u0441\u0442\u0440\u0443\u043a\u0446\u0438\u0438 \u043f\u043e \u043f\u0440\u0438\u043c\u0435\u043d\u0435\u043d\u0438\u044e: \u041e\u0431\u0440\u0430\u0442\u0438\u0442\u0435 \u0432\u043d\u0438\u043c\u0430\u043d\u0438\u0435 \u043d\u0430 \u043c\u0430\u043a\u0441\u0438\u043c\u0430\u043b\u044c\u043d\u0443\u044e \u0442\u0435\u043c\u043f\u0435\u0440\u0430\u0442\u0443\u0440\u0443 \u0441\u0442\u0438\u0440\u043a\u0438. \u041f\u0440\u043e\u0432\u0435\u0440\u044c\u0442\u0435 \u0443\u0441\u0442\u043e\u0439\u0447\u0438\u0432\u043e\u0441\u0442\u044c \u0446\u0432\u0435\u0442\u0430 \u043d\u0430 \u043d\u0435\u0437\u0430\u043c\u0435\u0442\u043d\u043e\u0439 \u0447\u0430\u0441\u0442\u0438 \u0442\u043a\u0430\u043d\u0438. \u041d\u0430 5 \u043a\u0433 \u043e\u0431\u044b\u0447\u043d\u043e\u0439 \u0441\u0442\u0438\u0440\u043a\u0438 \u0432\u043e\u0437\u044c\u043c\u0438\u0442\u0435 1\/3 \u043c\u0435\u0440\u043d\u043e\u0433\u043e \u0441\u0442\u0430\u043a\u0430\u043d\u0430 [&hellip;]<\/p>\n","protected":false},"featured_media":42342,"comment_status":"open","ping_status":"closed","template":"","meta":{"_acf_changed":false},"product_brand":[],"product_cat":[6743],"product_tag":[],"class_list":{"0":"post-42343","1":"product","2":"type-product","3":"status-publish","4":"has-post-thumbnail","6":"product_cat-ru_ru-stiralnye-poroshki-i","8":"first","9":"instock","10":"shipping-taxable","11":"purchasable","12":"product-type-simple"},"acf":[],"_links":{"self":[{"href":"https:\/\/minimax.md\/ru\/wp-json\/wp\/v2\/product\/42343","targetHints":{"allow":["GET"]}}],"collection":[{"href":"https:\/\/minimax.md\/ru\/wp-json\/wp\/v2\/product"}],"about":[{"href":"https:\/\/minimax.md\/ru\/wp-json\/wp\/v2\/types\/product"}],"replies":[{"embeddable":true,"href":"https:\/\/minimax.md\/ru\/wp-json\/wp\/v2\/comments?post=42343"}],"version-history":[{"count":0,"href":"https:\/\/minimax.md\/ru\/wp-json\/wp\/v2\/product\/42343\/revisions"}],"wp:featuredmedia":[{"embeddable":true,"href":"https:\/\/minimax.md\/ru\/wp-json\/wp\/v2\/media\/42342"}],"wp:attachment":[{"href":"https:\/\/minimax.md\/ru\/wp-json\/wp\/v2\/media?parent=42343"}],"wp:term":[{"taxonomy":"product_brand","embeddable":true,"href":"https:\/\/minimax.md\/ru\/wp-json\/wp\/v2\/product_brand?post=42343"},{"taxonomy":"product_cat","embeddable":true,"href":"https:\/\/minimax.md\/ru\/wp-json\/wp\/v2\/product_cat?post=42343"},{"taxonomy":"product_tag","embeddable":true,"href":"https:\/\/minimax.md\/ru\/wp-json\/wp\/v2\/product_tag?post=42343"}],"curies":[{"name":"wp","href":"https:\/\/api.w.org\/{rel}","templated":true}]}}