{"id":42349,"date":"2023-11-28T13:11:29","date_gmt":"2023-11-28T10:11:29","guid":{"rendered":"https:\/\/minimax.md\/product\/42349.html"},"modified":"2023-11-28T13:29:57","modified_gmt":"2023-11-28T10:29:57","slug":"ru_ru-sano-gel-dlja-stirki-green-power-laundry-3-l-trim-ro_ro-sano-detergent-lichid-green-power-laundry-3-l","status":"publish","type":"product","link":"https:\/\/minimax.md\/ru\/product\/42349.html","title":{"rendered":"Sano \u0413\u0435\u043b\u044c \u0434\u043b\u044f \u0441\u0442\u0438\u0440\u043a\u0438 Green Power Laundry 3 \u043b"},"content":{"rendered":"<p>[:ru_RU]\u041c\u044b \u043d\u0435 \u043c\u043e\u0436\u0435\u043c \u0438\u0437\u043c\u0435\u043d\u0438\u0442\u044c \u043c\u0438\u0440 \u043f\u0440\u044f\u043c\u043e \u0441\u0435\u0439\u0447\u0430\u0441, \u043d\u043e \u043c\u0430\u043b\u0435\u043d\u044c\u043a\u0438\u0439 \u0432\u044b\u0431\u043e\u0440 \u043a\u0430\u0436\u0434\u043e\u0433\u043e \u0438\u0437 \u043d\u0430\u0441 \u043f\u043e\u043c\u043e\u0436\u0435\u0442 \u043f\u0440\u0438\u043d\u0435\u0441\u0442\u0438 \u043f\u043e\u043b\u044c\u0437\u0443 \u043d\u0430\u043c \u0438 \u043e\u043a\u0440\u0443\u0436\u0430\u044e\u0449\u0435\u0439 \u0441\u0440\u0435\u0434\u0435.<br \/>\n\u041f\u043e\u0437\u043d\u0430\u043a\u043e\u043c\u044c\u0442\u0435\u0441\u044c \u0441 Sano Green Power &#8211; \u0441\u0435\u0440\u0438\u0435\u0439 \u044d\u0444\u0444\u0435\u043a\u0442\u0438\u0432\u043d\u044b\u0445 \u043c\u043e\u0449\u043d\u044b\u0445 \u0438  \u044d\u043a\u043e\u043b\u043e\u0433\u0438\u0447\u0435\u0441\u043a\u0438 \u0447\u0438\u0441\u0442\u044b\u0445 \u0447\u0438\u0441\u0442\u044f\u0449\u0438\u0445 \u0441\u0440\u0435\u0434\u0441\u0442\u0432, \u043a\u043e\u0442\u043e\u0440\u0430\u044f \u0432\u043a\u043b\u044e\u0447\u0430\u0435\u0442 5 \u043f\u0440\u043e\u0434\u0443\u043a\u0442\u043e\u0432 \u0438\u0437 \u0440\u0430\u0437\u043b\u0438\u0447\u043d\u044b\u0445 \u043a\u0430\u0442\u0435\u0433\u043e\u0440\u0438\u0439 \u0434\u043e\u043c\u0430\u0448\u043d\u0435\u0439 \u0443\u0431\u043e\u0440\u043a\u0438.<br \/>\n\u041f\u0440\u043e\u0434\u0443\u043a\u0442\u044b \u044d\u0442\u043e\u0439 \u0441\u0435\u0440\u0438\u0438 \u0441\u043e\u0441\u0442\u043e\u0438\u0442 \u0438\u0437 \u0431\u0438\u043e\u043b\u043e\u0433\u0438\u0447\u0435\u0441\u043a\u0438 \u0440\u0430\u0437\u043b\u0430\u0433\u0430\u0435\u043c\u044b\u0445 \u0440\u0430\u0441\u0442\u0438\u0442\u0435\u043b\u044c\u043d\u044b\u0445 \u043a\u043e\u043c\u043f\u043e\u043d\u0435\u043d\u0442\u043e\u0432 \u0438 100% \u043f\u0435\u0440\u0435\u0440\u0430\u0431\u043e\u0442\u0430\u043d\u043d\u0443\u044e \u0443\u043f\u0430\u043a\u043e\u0432\u043a\u0443 .<br \/>\n\u0421\u0435\u0440\u0438\u044f Green Power &#8211; \u0435\u0434\u0438\u043d\u0441\u0442\u0432\u0435\u043d\u043d\u0430\u044f \u0441\u0435\u0440\u0438\u044f \u0441 \u043f\u0440\u0435\u0441\u0442\u0438\u0436\u043d\u043e\u0439 \u0437\u0435\u043b\u0435\u043d\u043e\u0439 \u043c\u0430\u0440\u043a\u043e\u0439 \u043e\u0442 \u0418\u043d\u0441\u0442\u0438\u0442\u0443\u0442\u0430 \u0441\u0442\u0430\u043d\u0434\u0430\u0440\u0442\u043e\u0432 \u0438 \u041c\u0438\u043d\u0438\u0441\u0442\u0435\u0440\u0441\u0442\u0432\u0430 \u043e\u043a\u0440\u0443\u0436\u0430\u044e\u0449\u0435\u0439 \u0441\u0440\u0435\u0434\u044b, \u043a\u043e\u0442\u043e\u0440\u0430\u044f \u0441\u043e\u043e\u0442\u0432\u0435\u0442\u0441\u0442\u0432\u0443\u0435\u0442 \u043a\u0440\u0438\u0442\u0435\u0440\u0438\u044f\u043c, \u043e\u043f\u0440\u0435\u0434\u0435\u043b\u044f\u044e\u0449\u0438\u043c \u0441\u043e\u043e\u0442\u0432\u0435\u0442\u0441\u0442\u0432\u0438\u0435 \u0434\u043b\u044f \u044d\u043a\u043e\u043b\u043e\u0433\u0438\u0447\u0435\u0441\u043a\u0438 \u0447\u0438\u0441\u0442\u044b\u0445 \u043f\u0440\u043e\u0434\u0443\u043a\u0442\u043e\u0432.<br \/>\n\u0421 \u0441\u0435\u0433\u043e\u0434\u043d\u044f\u0448\u043d\u0435\u0433\u043e \u0434\u043d\u044f \u0432\u044b\u0431\u043e\u0440 \u044d\u043a\u043e\u043b\u043e\u0433\u0438\u0447\u0435\u0441\u043a\u0438 \u0447\u0438\u0441\u0442\u044b\u0445 \u043c\u0430\u0442\u0435\u0440\u0438\u0430\u043b\u043e\u0432 \u0434\u043e\u0441\u0442\u0443\u043f\u0435\u043d \u0438 \u0431\u0435\u0441\u043a\u043e\u043c\u043f\u0440\u043e\u043c\u0438\u0441\u0441\u0435\u043d &#8211; \u0442\u0449\u0430\u0442\u0435\u043b\u044c\u043d\u0430\u044f \u0443\u0431\u043e\u0440\u043a\u0430 \u0434\u043e\u043c\u0430 \u0438 \u0441\u043e\u0445\u0440\u0430\u043d\u0435\u043d\u0438\u0435 \u043e\u043a\u0440\u0443\u0436\u0430\u044e\u0449\u0435\u0439 \u0441\u0440\u0435\u0434\u044b!<br \/>\n\u041a\u043e\u043d\u0446\u0435\u043d\u0442\u0440\u0438\u0440\u043e\u0432\u0430\u043d\u043d\u044b\u0439 \u0433\u0435\u043b\u044c \u0434\u043b\u044f \u0441\u0442\u0438\u0440\u043a\u0438 Sano Green Power:<br \/>\n&#8211; \u041f\u043e\u0434\u0445\u043e\u0434\u0438\u0442 \u0434\u043b\u044f \u0432\u0441\u0435\u0445 \u0442\u0438\u043f\u043e\u0432 \u0431\u0435\u043b\u044c\u044f;<br \/>\n&#8211; \u041d\u0435 \u0441\u043e\u0434\u0435\u0440\u0436\u0438\u0442 \u043e\u0442\u0431\u0435\u043b\u0438\u0432\u0430\u044e\u0449\u0438\u0445 \u043c\u0430\u0442\u0435\u0440\u0438\u0430\u043b\u043e\u0432;<br \/>\n&#8211; \u0421\u043e\u0434\u0435\u0440\u0436\u0438\u0442 \u0444\u0435\u0440\u043c\u0435\u043d\u0442\u044b \u0434\u043b\u044f \u0442\u0449\u0430\u0442\u0435\u043b\u044c\u043d\u043e\u0439 \u0441\u0442\u0438\u0440\u043a\u0438 \u0438 \u0443\u0434\u0430\u043b\u0435\u043d\u0438\u044f \u043f\u044f\u0442\u0435\u043d;<br \/>\n&#8211; \u041f\u043e\u0434\u0445\u043e\u0434\u0438\u0442 \u0434\u043b\u044f \u0432\u0441\u0435\u0445 \u0442\u043a\u0430\u043d\u0435\u0439 \u0438 \u0432\u0441\u0435\u0445 \u0442\u0438\u043f\u043e\u0432 \u0441\u0442\u0438\u0440\u0430\u043b\u044c\u043d\u044b\u0445 \u043c\u0430\u0448\u0438\u043d;<br \/>\n&#8211; \u0423\u0434\u0430\u043b\u044f\u0435\u0442 \u0433\u0440\u044f\u0437\u044c[trim][:ro_RO]Detergent gel de rufe concentrat Sano Green Power:<br \/>\n&#8211; Potrivit pentru toate tipurile de lenjerie;<br \/>\n&#8211; Nu contine materiale de albire;<br \/>\n&#8211; Con\u021bine enzime pentru sp\u0103larea minu\u021bioas\u0103 \u0219i \u00eendep\u0103rtarea petelor;<br \/>\n&#8211; Potrivit pentru toate \u021bes\u0103turile \u0219i toate tipurile de ma\u0219ini de sp\u0103lat;<br \/>\n&#8211; Indeparteaza murdaria si petele la toate temperaturile, chiar si in apa rece;<br \/>\n&#8211; Materii prime din surse regenerabile de plante;<br \/>\n&#8211; Biodegradabile;<br \/>\n&#8211; Ambalaje 100% reciclate;<br \/>\n&#8211; Disponibil \u00een ambalaje de 3 L (60 sp\u0103l\u0103ri)<\/p>\n","protected":false},"excerpt":{"rendered":"<p>[:ru_RU]\u041c\u044b \u043d\u0435 \u043c\u043e\u0436\u0435\u043c \u0438\u0437\u043c\u0435\u043d\u0438\u0442\u044c \u043c\u0438\u0440 \u043f\u0440\u044f\u043c\u043e \u0441\u0435\u0439\u0447\u0430\u0441, \u043d\u043e \u043c\u0430\u043b\u0435\u043d\u044c\u043a\u0438\u0439 \u0432\u044b\u0431\u043e\u0440 \u043a\u0430\u0436\u0434\u043e\u0433\u043e \u0438\u0437 \u043d\u0430\u0441 \u043f\u043e\u043c\u043e\u0436\u0435\u0442 \u043f\u0440\u0438\u043d\u0435\u0441\u0442\u0438 \u043f\u043e\u043b\u044c\u0437\u0443 \u043d\u0430\u043c \u0438 \u043e\u043a\u0440\u0443\u0436\u0430\u044e\u0449\u0435\u0439 \u0441\u0440\u0435\u0434\u0435. \u041f\u043e\u0437\u043d\u0430\u043a\u043e\u043c\u044c\u0442\u0435\u0441\u044c \u0441 Sano Green Power &#8211; \u0441\u0435\u0440\u0438\u0435\u0439 \u044d\u0444\u0444\u0435\u043a\u0442\u0438\u0432\u043d\u044b\u0445 \u043c\u043e\u0449\u043d\u044b\u0445 \u0438 \u044d\u043a\u043e\u043b\u043e\u0433\u0438\u0447\u0435\u0441\u043a\u0438 \u0447\u0438\u0441\u0442\u044b\u0445 \u0447\u0438\u0441\u0442\u044f\u0449\u0438\u0445 \u0441\u0440\u0435\u0434\u0441\u0442\u0432, \u043a\u043e\u0442\u043e\u0440\u0430\u044f \u0432\u043a\u043b\u044e\u0447\u0430\u0435\u0442 5 \u043f\u0440\u043e\u0434\u0443\u043a\u0442\u043e\u0432 \u0438\u0437 \u0440\u0430\u0437\u043b\u0438\u0447\u043d\u044b\u0445 \u043a\u0430\u0442\u0435\u0433\u043e\u0440\u0438\u0439 \u0434\u043e\u043c\u0430\u0448\u043d\u0435\u0439 \u0443\u0431\u043e\u0440\u043a\u0438. \u041f\u0440\u043e\u0434\u0443\u043a\u0442\u044b \u044d\u0442\u043e\u0439 \u0441\u0435\u0440\u0438\u0438 \u0441\u043e\u0441\u0442\u043e\u0438\u0442 \u0438\u0437 \u0431\u0438\u043e\u043b\u043e\u0433\u0438\u0447\u0435\u0441\u043a\u0438 \u0440\u0430\u0437\u043b\u0430\u0433\u0430\u0435\u043c\u044b\u0445 \u0440\u0430\u0441\u0442\u0438\u0442\u0435\u043b\u044c\u043d\u044b\u0445 \u043a\u043e\u043c\u043f\u043e\u043d\u0435\u043d\u0442\u043e\u0432 \u0438 100% \u043f\u0435\u0440\u0435\u0440\u0430\u0431\u043e\u0442\u0430\u043d\u043d\u0443\u044e [&hellip;]<\/p>\n","protected":false},"featured_media":42348,"comment_status":"open","ping_status":"closed","template":"","meta":{"_acf_changed":false},"product_brand":[],"product_cat":[6743],"product_tag":[],"class_list":{"0":"post-42349","1":"product","2":"type-product","3":"status-publish","4":"has-post-thumbnail","6":"product_cat-ru_ru-stiralnye-poroshki-i","8":"first","9":"instock","10":"shipping-taxable","11":"purchasable","12":"product-type-simple"},"acf":[],"_links":{"self":[{"href":"https:\/\/minimax.md\/ru\/wp-json\/wp\/v2\/product\/42349","targetHints":{"allow":["GET"]}}],"collection":[{"href":"https:\/\/minimax.md\/ru\/wp-json\/wp\/v2\/product"}],"about":[{"href":"https:\/\/minimax.md\/ru\/wp-json\/wp\/v2\/types\/product"}],"replies":[{"embeddable":true,"href":"https:\/\/minimax.md\/ru\/wp-json\/wp\/v2\/comments?post=42349"}],"version-history":[{"count":0,"href":"https:\/\/minimax.md\/ru\/wp-json\/wp\/v2\/product\/42349\/revisions"}],"wp:featuredmedia":[{"embeddable":true,"href":"https:\/\/minimax.md\/ru\/wp-json\/wp\/v2\/media\/42348"}],"wp:attachment":[{"href":"https:\/\/minimax.md\/ru\/wp-json\/wp\/v2\/media?parent=42349"}],"wp:term":[{"taxonomy":"product_brand","embeddable":true,"href":"https:\/\/minimax.md\/ru\/wp-json\/wp\/v2\/product_brand?post=42349"},{"taxonomy":"product_cat","embeddable":true,"href":"https:\/\/minimax.md\/ru\/wp-json\/wp\/v2\/product_cat?post=42349"},{"taxonomy":"product_tag","embeddable":true,"href":"https:\/\/minimax.md\/ru\/wp-json\/wp\/v2\/product_tag?post=42349"}],"curies":[{"name":"wp","href":"https:\/\/api.w.org\/{rel}","templated":true}]}}