{"id":42355,"date":"2023-11-28T13:11:29","date_gmt":"2023-11-28T10:11:29","guid":{"rendered":"https:\/\/minimax.md\/product\/42355.html"},"modified":"2023-11-28T13:29:57","modified_gmt":"2023-11-28T10:29:57","slug":"ru_ru-sano-maxima-balzam-musk-1-l-trim-ro_ro-sano-maxima-balsam-musk-1-l","status":"publish","type":"product","link":"https:\/\/minimax.md\/ru\/product\/42355.html","title":{"rendered":"Sano Maxima \u0411\u0430\u043b\u044c\u0437\u0430\u043c Musk,1 \u043b"},"content":{"rendered":"<p>[:ru_RU]\u041e\u043f\u043e\u043b\u0430\u0441\u043a\u0438\u0432\u0430\u0442\u0435\u043b\u044c \u0434\u043b\u044f \u0431\u0435\u043b\u044c\u044f Sano Maxima Musk \u0441 \u0430\u0440\u043e\u043c\u0430\u0442\u043e\u043c \u043c\u0443\u0441\u043a\u0443\u0441\u0430.<br \/>\n5 \u0434\u0435\u0439\u0441\u0442\u0432\u0438\u0439 \u0432 \u043e\u0434\u043d\u043e\u043c \u0441\u0440\u0435\u0434\u0441\u0442\u0432\u0435: \u0430\u0440\u043e\u043c\u0430\u0442\u0438\u0437\u0438\u0440\u0443\u0435\u0442, \u043d\u0435\u0439\u0442\u0440\u0430\u043b\u0438\u0437\u0443\u0435\u0442 \u043d\u0435\u043f\u0440\u0438\u044f\u0442\u043d\u044b\u0435 \u0437\u0430\u043f\u0430\u0445\u0438, \u0441\u043c\u044f\u0433\u0447\u0430\u0435\u0442, \u043f\u0440\u0435\u0434\u043e\u0442\u0432\u0440\u0430\u0449\u0430\u0435\u0442 \u0441\u043a\u043e\u043f\u043b\u0435\u043d\u0438\u0435 \u0441\u0442\u0430\u0442\u0438\u0447\u0435\u0441\u043a\u043e\u0433\u043e \u044d\u043b\u0435\u043a\u0442\u0440\u0438\u0447\u0435\u0441\u0442\u0432\u0430 \u0438 \u043e\u0431\u043b\u0435\u0433\u0447\u0430\u0435\u0442 \u0433\u043b\u0430\u0436\u0435\u043d\u0438\u0435.<br \/>\n\u0414\u0432\u043e\u0439\u043d\u043e\u0439 \u044d\u0444\u0444\u0435\u043a\u0442 \u0430\u0440\u043e\u043c\u0430\u0442\u0438\u0437\u0430\u0446\u0438\u0438, \u0441\u043e\u0445\u0440\u0430\u043d\u044f\u044e\u0449\u0438\u0439\u0441\u044f \u043d\u0430 \u043f\u0440\u043e\u0442\u044f\u0436\u0435\u043d\u0438\u0438 \u0434\u043e\u043b\u0433\u043e\u0433\u043e \u0432\u0440\u0435\u043c\u0435\u043d\u0438. \u0421\u043c\u044f\u0433\u0447\u0430\u0435\u0442 \u0442\u043a\u0430\u043d\u044c \u0438 \u0431\u0435\u0440\u0435\u0436\u0435\u0442 \u043e\u0434\u0435\u0436\u0434\u0443.<br \/>\n\u041e\u0431\u043b\u0430\u0434\u0430\u0435\u0442 \u043d\u0435\u0431\u043e\u043b\u044c\u0448\u0438\u043c \u0430\u043d\u0442\u0438\u0431\u0430\u043a\u0442\u0435\u0440\u0438\u0430\u043b\u044c\u043d\u044b\u043c \u044d\u0444\u0444\u0435\u043a\u0442\u043e\u043c.[trim][:ro_RO]Balsam de rufe Sano Maxima Musk cu arom\u0103 de mosc.<br \/>\n5 ac\u021biuni \u00eentr-un balsam: ofer\u0103 arom\u0103 pl\u0103cut\u0103, neutralizeaz\u0103 mirosurile nepl\u0103cute, catifeleaz\u0103, previne electrizarea \u0219i simplific\u0103 calcatul.<br \/>\nEfect dublu de aromatizare, care se men\u021bine timp \u00eendelungat.<br \/>\nCatifeleaz\u0103 stofa \u0219i p\u0103streaz\u0103 haina.<br \/>\nAre un efect antibacterian.<br \/>\nInstruc\u021biuni de utilizare:<br \/>\nPentru sp\u0103lare \u00een ma\u0219in\u0103 automat: se toarn\u0103 1 sau 2 (pentru  catifelare suplimentar\u0103) c\u0103p\u0103cele cu balsam \u00een ricipientul special a ma\u0219inii de sp\u0103lat (conform instruc\u021biunilor ale produc\u0103torului).<br \/>\nPentru sp\u0103lare manual\u0103: la ultima cl\u0103tire se adaugp\u0103 1\/2 sau un c\u0103p\u0103cel de balsam la 5 litri de ap\u0103.<br \/>\nNu turna\u021bi balsam direct pe rufe.<br \/>\nNu amesteca\u021bi cu alte solu\u021bii sau balsamuri.<br \/>\nAmbalaj: 1 l<\/p>\n","protected":false},"excerpt":{"rendered":"<p>[:ru_RU]\u041e\u043f\u043e\u043b\u0430\u0441\u043a\u0438\u0432\u0430\u0442\u0435\u043b\u044c \u0434\u043b\u044f \u0431\u0435\u043b\u044c\u044f Sano Maxima Musk \u0441 \u0430\u0440\u043e\u043c\u0430\u0442\u043e\u043c \u043c\u0443\u0441\u043a\u0443\u0441\u0430. 5 \u0434\u0435\u0439\u0441\u0442\u0432\u0438\u0439 \u0432 \u043e\u0434\u043d\u043e\u043c \u0441\u0440\u0435\u0434\u0441\u0442\u0432\u0435: \u0430\u0440\u043e\u043c\u0430\u0442\u0438\u0437\u0438\u0440\u0443\u0435\u0442, \u043d\u0435\u0439\u0442\u0440\u0430\u043b\u0438\u0437\u0443\u0435\u0442 \u043d\u0435\u043f\u0440\u0438\u044f\u0442\u043d\u044b\u0435 \u0437\u0430\u043f\u0430\u0445\u0438, \u0441\u043c\u044f\u0433\u0447\u0430\u0435\u0442, \u043f\u0440\u0435\u0434\u043e\u0442\u0432\u0440\u0430\u0449\u0430\u0435\u0442 \u0441\u043a\u043e\u043f\u043b\u0435\u043d\u0438\u0435 \u0441\u0442\u0430\u0442\u0438\u0447\u0435\u0441\u043a\u043e\u0433\u043e \u044d\u043b\u0435\u043a\u0442\u0440\u0438\u0447\u0435\u0441\u0442\u0432\u0430 \u0438 \u043e\u0431\u043b\u0435\u0433\u0447\u0430\u0435\u0442 \u0433\u043b\u0430\u0436\u0435\u043d\u0438\u0435. \u0414\u0432\u043e\u0439\u043d\u043e\u0439 \u044d\u0444\u0444\u0435\u043a\u0442 \u0430\u0440\u043e\u043c\u0430\u0442\u0438\u0437\u0430\u0446\u0438\u0438, \u0441\u043e\u0445\u0440\u0430\u043d\u044f\u044e\u0449\u0438\u0439\u0441\u044f \u043d\u0430 \u043f\u0440\u043e\u0442\u044f\u0436\u0435\u043d\u0438\u0438 \u0434\u043e\u043b\u0433\u043e\u0433\u043e \u0432\u0440\u0435\u043c\u0435\u043d\u0438. \u0421\u043c\u044f\u0433\u0447\u0430\u0435\u0442 \u0442\u043a\u0430\u043d\u044c \u0438 \u0431\u0435\u0440\u0435\u0436\u0435\u0442 \u043e\u0434\u0435\u0436\u0434\u0443. \u041e\u0431\u043b\u0430\u0434\u0430\u0435\u0442 \u043d\u0435\u0431\u043e\u043b\u044c\u0448\u0438\u043c \u0430\u043d\u0442\u0438\u0431\u0430\u043a\u0442\u0435\u0440\u0438\u0430\u043b\u044c\u043d\u044b\u043c \u044d\u0444\u0444\u0435\u043a\u0442\u043e\u043c.[trim][:ro_RO]Balsam de rufe Sano Maxima Musk cu arom\u0103 de mosc. 5 ac\u021biuni \u00eentr-un [&hellip;]<\/p>\n","protected":false},"featured_media":42354,"comment_status":"open","ping_status":"closed","template":"","meta":{"_acf_changed":false},"product_brand":[],"product_cat":[6740],"product_tag":[],"class_list":{"0":"post-42355","1":"product","2":"type-product","3":"status-publish","4":"has-post-thumbnail","6":"product_cat-ru_ru-kondicionery-dlja-bel","8":"first","9":"instock","10":"shipping-taxable","11":"purchasable","12":"product-type-simple"},"acf":[],"_links":{"self":[{"href":"https:\/\/minimax.md\/ru\/wp-json\/wp\/v2\/product\/42355","targetHints":{"allow":["GET"]}}],"collection":[{"href":"https:\/\/minimax.md\/ru\/wp-json\/wp\/v2\/product"}],"about":[{"href":"https:\/\/minimax.md\/ru\/wp-json\/wp\/v2\/types\/product"}],"replies":[{"embeddable":true,"href":"https:\/\/minimax.md\/ru\/wp-json\/wp\/v2\/comments?post=42355"}],"version-history":[{"count":0,"href":"https:\/\/minimax.md\/ru\/wp-json\/wp\/v2\/product\/42355\/revisions"}],"wp:featuredmedia":[{"embeddable":true,"href":"https:\/\/minimax.md\/ru\/wp-json\/wp\/v2\/media\/42354"}],"wp:attachment":[{"href":"https:\/\/minimax.md\/ru\/wp-json\/wp\/v2\/media?parent=42355"}],"wp:term":[{"taxonomy":"product_brand","embeddable":true,"href":"https:\/\/minimax.md\/ru\/wp-json\/wp\/v2\/product_brand?post=42355"},{"taxonomy":"product_cat","embeddable":true,"href":"https:\/\/minimax.md\/ru\/wp-json\/wp\/v2\/product_cat?post=42355"},{"taxonomy":"product_tag","embeddable":true,"href":"https:\/\/minimax.md\/ru\/wp-json\/wp\/v2\/product_tag?post=42355"}],"curies":[{"name":"wp","href":"https:\/\/api.w.org\/{rel}","templated":true}]}}