{"id":42365,"date":"2023-11-28T13:11:31","date_gmt":"2023-11-28T10:11:31","guid":{"rendered":"https:\/\/minimax.md\/product\/42365.html"},"modified":"2023-11-28T13:29:57","modified_gmt":"2023-11-28T10:29:57","slug":"ru_ru-sano-balzam-sool-4-l-trim-ro_ro-sano-balsam-sool-4-l","status":"publish","type":"product","link":"https:\/\/minimax.md\/ru\/product\/42365.html","title":{"rendered":"Sano \u0411\u0430\u043b\u044c\u0437\u0430\u043c \u0421ool,4 \u043b"},"content":{"rendered":"<p>[:ru_RU]\u041e\u043f\u043e\u043b\u0430\u0441\u043a\u0438\u0432\u0430\u0442\u0435\u043b\u044c \u0434\u043b\u044f \u0431\u0435\u043b\u044c\u044f Sano Maxima Cool \u043f\u0440\u0438\u0434\u0430\u0435\u0442 \u0431\u0435\u043b\u044c\u044e \u0441\u0432\u0435\u0436\u0435\u0441\u0442\u044c, \u043c\u044f\u0433\u043a\u043e\u0441\u0442\u044c, \u0441\u043e\u0445\u0440\u0430\u043d\u044f\u0435\u0442 \u0442\u043a\u0430\u043d\u044c \u043d\u043e\u0432\u043e\u0439, \u043e\u0431\u043b\u0435\u0433\u0447\u0430\u0435\u0442 \u0433\u043b\u0430\u0436\u043a\u0443, \u043f\u0440\u0435\u0434\u043e\u0442\u0432\u0440\u0430\u0449\u0430\u0435\u0442 \u043e\u0431\u0440\u0430\u0437\u043e\u0432\u0430\u043d\u0438\u0435 \u0441\u0442\u0430\u0442\u0438\u0447\u0435\u0441\u043a\u043e\u0433\u043e \u044d\u043b\u0435\u043a\u0442\u0440\u0438\u0447\u0435\u0441\u0442\u0432\u0430 \u0438 \u043e\u0431\u043b\u0430\u0434\u0430\u0435\u0442 \u0430\u043d\u0442\u0438\u0431\u0430\u043a\u0442\u0435\u0440\u0438\u0430\u043b\u044c\u043d\u044b\u043c\u0438 \u0441\u0432\u043e\u0439\u0441\u0442\u0432\u0430\u043c\u0438.<br \/>\n\u0418\u043d\u0441\u0442\u0440\u0443\u043a\u0446\u0438\u044f \u043f\u043e \u043f\u0440\u0438\u043c\u0435\u043d\u0435\u043d\u0438\u044e:<br \/>\n\u041f\u0435\u0440\u0435\u043b\u0435\u0439\u0442\u0435 \u0441\u043e\u0434\u0435\u0440\u0436\u0438\u043c\u043e\u0435 \u043f\u0430\u043a\u0435\u0442\u0430 \u0432 \u043e\u0440\u0438\u0433\u0438\u043d\u0430\u043b\u044c\u043d\u044b\u0439 \u043a\u043e\u043d\u0442\u0435\u0439\u043d\u0435\u0440.<br \/>\n\u0414\u043b\u044f \u043c\u0430\u0448\u0438\u043d\u043d\u043e\u0439 \u0441\u0442\u0438\u0440\u043a\u0438: \u0437\u0430\u043b\u0438\u0442\u044c 1 \u0438\u043b\u0438 2 (\u0434\u043b\u044f \u0434\u043e\u043f\u043e\u043b\u043d\u0438\u0442\u0435\u043b\u044c\u043d\u043e\u0433\u043e \u0441\u043c\u044f\u0433\u0447\u0435\u043d\u0438\u044f) \u043a\u043e\u043b\u043f\u0430\u0447\u043a\u0430 \u0441\u043e \u0441\u043c\u044f\u0433\u0447\u0438\u0442\u0435\u043b\u0435\u043c \u0432 \u0441\u043f\u0435\u0446\u0438\u0430\u043b\u044c\u043d\u044b\u0439 \u043e\u0442\u0441\u0435\u043a \u0441\u0442\u0438\u0440\u0430\u043b\u044c\u043d\u043e\u0439 \u043c\u0430\u0448\u0438\u043d\u044b (\u0441\u043e\u0433\u043b\u0430\u0441\u043d\u043e \u0438\u043d\u0441\u0442\u0440\u0443\u043a\u0446\u0438\u044f\u043c \u043f\u0440\u043e\u0438\u0437\u0432\u043e\u0434\u0438\u0442\u0435\u043b\u044f).<br \/>\n\u0414\u043b\u044f \u0440\u0443\u0447\u043d\u043e\u0439 \u0441\u0442\u0438\u0440\u043a\u0438: \u043f\u0440\u0438 \u043f\u043e\u0441\u043b\u0435\u0434\u043d\u0435\u043c \u043f\u043e\u043b\u043e\u0441\u043a\u0430\u043d\u0438\u0438 \u0434\u043e\u0431\u0430\u0432\u0438\u0442\u044c \u00bd \u0438\u043b\u0438 1 \u043a\u043e\u043b\u043f\u0430\u0447\u043e\u043a \u0441\u043c\u044f\u0433\u0447\u0438\u0442\u0435\u043b\u044f \u043d\u0430 5 \u043b\u0438\u0442\u0440\u043e\u0432 \u0442\u0435\u043f\u043b\u043e\u0439 \u0432\u043e\u0434\u044b.<br \/>\n\u041d\u0435 \u043b\u0438\u0442\u044c \u0441\u043c\u044f\u0433\u0447\u0438\u0442\u0435\u043b\u044c \u043f\u0440\u044f\u043c\u043e \u043d\u0430 \u0431\u0435\u043b\u044c\u0451. \u041d\u0435 \u043c\u0435\u0448\u0430\u0442\u044c \u0441 \u0434\u0440\u0443\u0433\u0438\u043c\u0438 \u0441\u0440\u0435\u0434\u0441\u0442\u0432\u0430\u043c\u0438.<br \/>\n\u0415\u043c\u043a\u043e\u0441\u0442\u044c: 4 \u043b[trim][:ro_RO]Balsam de rufe Sano Maxima Cool d\u0103 prospe\u021bime, moliciune, men\u021bine structura unui nou de c\u0103lcat, mai u\u0219or, previne electricitatea static\u0103 \u0219i are propriet\u0103\u021bi antibacteriene.<\/p>\n<p>Instruc\u021biuni de utilizare:<br \/>\nSe toarn\u0103 con\u021binutul pachetului \u00een ambalajul original.<br \/>\nPentru masina de spalat: Turna\u021bi 1 sau 2 (pentru mai multe relaxare) capac cu balsamul \u00eentr-un compartiment special al ma\u0219inii de sp\u0103lat (\u00een conformitate cu instruc\u021biunile produc\u0103torului).<br \/>\nPentru spalarea mainilor: cl\u0103tirea final\u0103 se adaug\u0103 \u00bd sau 1 capac balsam la 5 litri de ap\u0103 cald\u0103.<br \/>\nNu turna\u021bi balsamul pentru rufe direct pe haine. Nu interfereaz\u0103 cu alte medicamente.<br \/>\nAmbalaj: 4 litri<\/p>\n","protected":false},"excerpt":{"rendered":"<p>[:ru_RU]\u041e\u043f\u043e\u043b\u0430\u0441\u043a\u0438\u0432\u0430\u0442\u0435\u043b\u044c \u0434\u043b\u044f \u0431\u0435\u043b\u044c\u044f Sano Maxima Cool \u043f\u0440\u0438\u0434\u0430\u0435\u0442 \u0431\u0435\u043b\u044c\u044e \u0441\u0432\u0435\u0436\u0435\u0441\u0442\u044c, \u043c\u044f\u0433\u043a\u043e\u0441\u0442\u044c, \u0441\u043e\u0445\u0440\u0430\u043d\u044f\u0435\u0442 \u0442\u043a\u0430\u043d\u044c \u043d\u043e\u0432\u043e\u0439, \u043e\u0431\u043b\u0435\u0433\u0447\u0430\u0435\u0442 \u0433\u043b\u0430\u0436\u043a\u0443, \u043f\u0440\u0435\u0434\u043e\u0442\u0432\u0440\u0430\u0449\u0430\u0435\u0442 \u043e\u0431\u0440\u0430\u0437\u043e\u0432\u0430\u043d\u0438\u0435 \u0441\u0442\u0430\u0442\u0438\u0447\u0435\u0441\u043a\u043e\u0433\u043e \u044d\u043b\u0435\u043a\u0442\u0440\u0438\u0447\u0435\u0441\u0442\u0432\u0430 \u0438 \u043e\u0431\u043b\u0430\u0434\u0430\u0435\u0442 \u0430\u043d\u0442\u0438\u0431\u0430\u043a\u0442\u0435\u0440\u0438\u0430\u043b\u044c\u043d\u044b\u043c\u0438 \u0441\u0432\u043e\u0439\u0441\u0442\u0432\u0430\u043c\u0438. \u0418\u043d\u0441\u0442\u0440\u0443\u043a\u0446\u0438\u044f \u043f\u043e \u043f\u0440\u0438\u043c\u0435\u043d\u0435\u043d\u0438\u044e: \u041f\u0435\u0440\u0435\u043b\u0435\u0439\u0442\u0435 \u0441\u043e\u0434\u0435\u0440\u0436\u0438\u043c\u043e\u0435 \u043f\u0430\u043a\u0435\u0442\u0430 \u0432 \u043e\u0440\u0438\u0433\u0438\u043d\u0430\u043b\u044c\u043d\u044b\u0439 \u043a\u043e\u043d\u0442\u0435\u0439\u043d\u0435\u0440. \u0414\u043b\u044f \u043c\u0430\u0448\u0438\u043d\u043d\u043e\u0439 \u0441\u0442\u0438\u0440\u043a\u0438: \u0437\u0430\u043b\u0438\u0442\u044c 1 \u0438\u043b\u0438 2 (\u0434\u043b\u044f \u0434\u043e\u043f\u043e\u043b\u043d\u0438\u0442\u0435\u043b\u044c\u043d\u043e\u0433\u043e \u0441\u043c\u044f\u0433\u0447\u0435\u043d\u0438\u044f) \u043a\u043e\u043b\u043f\u0430\u0447\u043a\u0430 \u0441\u043e \u0441\u043c\u044f\u0433\u0447\u0438\u0442\u0435\u043b\u0435\u043c \u0432 \u0441\u043f\u0435\u0446\u0438\u0430\u043b\u044c\u043d\u044b\u0439 \u043e\u0442\u0441\u0435\u043a \u0441\u0442\u0438\u0440\u0430\u043b\u044c\u043d\u043e\u0439 \u043c\u0430\u0448\u0438\u043d\u044b (\u0441\u043e\u0433\u043b\u0430\u0441\u043d\u043e \u0438\u043d\u0441\u0442\u0440\u0443\u043a\u0446\u0438\u044f\u043c \u043f\u0440\u043e\u0438\u0437\u0432\u043e\u0434\u0438\u0442\u0435\u043b\u044f). \u0414\u043b\u044f \u0440\u0443\u0447\u043d\u043e\u0439 [&hellip;]<\/p>\n","protected":false},"featured_media":42364,"comment_status":"open","ping_status":"closed","template":"","meta":{"_acf_changed":false},"product_brand":[],"product_cat":[6740],"product_tag":[],"class_list":{"0":"post-42365","1":"product","2":"type-product","3":"status-publish","4":"has-post-thumbnail","6":"product_cat-ru_ru-kondicionery-dlja-bel","8":"first","9":"instock","10":"shipping-taxable","11":"purchasable","12":"product-type-simple"},"acf":[],"_links":{"self":[{"href":"https:\/\/minimax.md\/ru\/wp-json\/wp\/v2\/product\/42365","targetHints":{"allow":["GET"]}}],"collection":[{"href":"https:\/\/minimax.md\/ru\/wp-json\/wp\/v2\/product"}],"about":[{"href":"https:\/\/minimax.md\/ru\/wp-json\/wp\/v2\/types\/product"}],"replies":[{"embeddable":true,"href":"https:\/\/minimax.md\/ru\/wp-json\/wp\/v2\/comments?post=42365"}],"version-history":[{"count":0,"href":"https:\/\/minimax.md\/ru\/wp-json\/wp\/v2\/product\/42365\/revisions"}],"wp:featuredmedia":[{"embeddable":true,"href":"https:\/\/minimax.md\/ru\/wp-json\/wp\/v2\/media\/42364"}],"wp:attachment":[{"href":"https:\/\/minimax.md\/ru\/wp-json\/wp\/v2\/media?parent=42365"}],"wp:term":[{"taxonomy":"product_brand","embeddable":true,"href":"https:\/\/minimax.md\/ru\/wp-json\/wp\/v2\/product_brand?post=42365"},{"taxonomy":"product_cat","embeddable":true,"href":"https:\/\/minimax.md\/ru\/wp-json\/wp\/v2\/product_cat?post=42365"},{"taxonomy":"product_tag","embeddable":true,"href":"https:\/\/minimax.md\/ru\/wp-json\/wp\/v2\/product_tag?post=42365"}],"curies":[{"name":"wp","href":"https:\/\/api.w.org\/{rel}","templated":true}]}}