{"id":42371,"date":"2023-11-28T13:11:34","date_gmt":"2023-11-28T10:11:34","guid":{"rendered":"https:\/\/minimax.md\/product\/42371.html"},"modified":"2023-11-28T13:29:58","modified_gmt":"2023-11-28T10:29:58","slug":"ru_ru-sano-maxima-balzam-golden-sunset-1-l-trim-ro_ro-sano-maxima-balsam-golden-sunset-1-l","status":"publish","type":"product","link":"https:\/\/minimax.md\/ru\/product\/42371.html","title":{"rendered":"Sano Maxima \u0411\u0430\u043b\u044c\u0437\u0430\u043c Golden Sunset,1 \u043b"},"content":{"rendered":"<p>[:ru_RU]\u0421\u0443\u043f\u0435\u0440\u043a\u043e\u043d\u0446\u0435\u043d\u0442\u0440\u0438\u0440\u043e\u0432\u0430\u043d\u043d\u044b\u0439, \u043f\u0430\u0440\u0444\u044e\u043c\u0438\u0440\u043e\u0432\u0430\u043d\u044b\u0439 \u043e\u043f\u043e\u043b\u0430\u0441\u043a\u0438\u0432\u0430\u0442\u0435\u043b\u044c \u0434\u043b\u044f \u0431\u0435\u043b\u044c\u044f Sano Maxima Golden Sunset \u0441 \u0434\u043e\u0431\u0430\u0432\u043a\u043e\u0439 \u043c\u0438\u043a\u0440\u043e\u043a\u0430\u043f\u0441\u0443\u043b.<br \/>\n\u041f\u0440\u0435\u0434\u043d\u0430\u0437\u043d\u0430\u0447\u0435\u043d \u0434\u043b\u044f \u0441\u0442\u0438\u0440\u043a\u0438 \u0432 \u0436\u0435\u0441\u0442\u043a\u043e\u0439 \u0432\u043e\u0434\u0435, \u0441\u043e\u0434\u0435\u0440\u0436\u0438\u0442 \u043e\u0442\u0434\u0443\u0448\u043a\u0438 \u0434\u043b\u044f \u0443\u0434\u0430\u043b\u0435\u043d\u0438\u044f \u043d\u0435\u043f\u0440\u0438\u044f\u0442\u043d\u044b\u0445 \u0437\u0430\u043f\u0430\u0445\u043e\u0432.<br \/>\n\u041e\u0441\u043e\u0431\u0435\u043d\u043d\u043e\u0441\u0442\u0438:<br \/>\n&#8211; \u0418\u0434\u0435\u0430\u043b\u044c\u043d\u043e \u043f\u043e\u0434\u0445\u043e\u0434\u0438\u0442 \u0434\u043b\u044f \u0431\u0435\u043b\u043e\u0433\u043e \u0438 \u0446\u0432\u0435\u0442\u043d\u043e\u0433\u043e \u0431\u0435\u043b\u044c\u044f.<br \/>\n&#8211; \u0423\u0441\u0438\u043b\u0438\u0432\u0430\u0435\u0442 \u0431\u0435\u043b\u0438\u0437\u043d\u0443 \u0438 \u044f\u0440\u043a\u043e\u0441\u0442\u044c \u043e\u0442\u0442\u0435\u043d\u043a\u043e\u0432.<br \/>\n&#8211; \u0421\u043c\u044f\u0433\u0447\u0430\u0435\u0442 \u0438 \u0430\u0440\u043e\u043c\u0430\u0442\u0438\u0437\u0438\u0440\u0443\u0435\u0442 \u0431\u0435\u043b\u044c\u0435.<br \/>\n&#8211; \u041e\u0431\u043b\u0435\u0433\u0447\u0430\u0435\u0442 \u0433\u043b\u0430\u0436\u043a\u0443 \u043f\u043e\u0441\u043b\u0435 \u0441\u0442\u0438\u0440\u043a\u0438.<br \/>\n&#8211; \u041e\u0431\u043b\u0430\u0434\u0430\u0435\u0442 \u0430\u043d\u0442\u0438\u0441\u0442\u0430\u0442\u0438\u0447\u0435\u0441\u043a\u0438\u043c \u044d\u0444\u0444\u0435\u043a\u0442\u043e\u043c.<br \/>\n&#8211; \u0423\u043d\u0438\u0447\u0442\u043e\u0436\u0430\u0435\u0442 \u0431\u0430\u043a\u0442\u0435\u0440\u0438\u0438.<br \/>\n&#8211; \u041d\u0430\u0434\u043e\u043b\u0433\u043e \u0441\u043e\u0445\u0440\u0430\u043d\u044f\u0435\u0442 \u043c\u044f\u0433\u043a\u043e\u0441\u0442\u044c, \u0441\u0432\u0435\u0436\u0435\u0441\u0442\u044c \u0438 \u0430\u0440\u043e\u043c\u0430\u0442 \u0432\u0430\u0448\u0435\u0433\u043e \u0431\u0435\u043b\u044c\u044f.<br \/>\n\u0418\u043d\u0441\u0442\u0440\u0443\u043a\u0446\u0438\u044f \u043f\u043e \u043f\u0440\u0438\u043c\u0435\u043d\u0435\u043d\u0438\u044e:<br \/>\n&#8211; \u0414\u043b\u044f \u043c\u0430\u0448\u0438\u043d\u043d\u043e\u0439 \u0441\u0442\u0438\u0440\u043a\u0438: \u0437\u0430\u043b\u0438\u0442\u044c 1 \u0438\u043b\u0438 2 (\u0434\u043b\u044f \u0434\u043e\u043f\u043e\u043b\u043d\u0438\u0442\u0435\u043b\u044c\u043d\u043e\u0433\u043e \u0441\u043c\u044f\u0433\u0447\u0435\u043d\u0438\u044f) \u043a\u043e\u043b\u043f\u0430\u0447\u043a\u0430 \u0441\u043e \u0441\u043c\u044f\u0433\u0447\u0438\u0442\u0435\u043b\u0435\u043c \u0432 \u0441\u043f\u0435\u0446\u0438\u0430\u043b\u044c\u043d\u044b\u0439 \u043e\u0442\u0441\u0435\u043a \u0441\u0442\u0438\u0440\u0430\u043b\u044c\u043d\u043e\u0439 \u043c\u0430\u0448\u0438\u043d\u044b (\u0441\u043e\u0433\u043b\u0430\u0441\u043d\u043e \u0438\u043d\u0441\u0442\u0440\u0443\u043a\u0446\u0438\u044f\u043c \u043f\u0440\u043e\u0438\u0437\u0432\u043e\u0434\u0438\u0442\u0435\u043b\u044f).<br \/>\n&#8211; \u0414\u043b\u044f \u0440\u0443\u0447\u043d\u043e\u0439 \u0441\u0442\u0438\u0440\u043a\u0438: \u043f\u0440\u0438 \u043f\u043e\u0441\u043b\u0435\u0434\u043d\u0435\u043c \u043f\u043e\u043b\u043e\u0441\u043a\u0430\u043d\u0438\u0438 \u0434\u043e\u0431\u0430\u0432\u0438\u0442\u044c \u00bd \u0438\u043b\u0438 1 \u043a\u043e\u043b\u043f\u0430\u0447\u043e\u043a \u0441\u043c\u044f\u0433\u0447\u0438\u0442\u0435\u043b\u044f \u043d\u0430 5 \u043b\u0438\u0442\u0440\u043e\u0432 \u0442\u0435\u043f\u043b\u043e\u0439 \u0432\u043e\u0434\u044b.<br \/>\n&#8211; \u041d\u0435 \u043b\u0438\u0442\u044c \u0441\u043c\u044f\u0433\u0447\u0438\u0442\u0435\u043b\u044c \u043f\u0440\u044f\u043c\u043e \u043d\u0430 \u0431\u0435\u043b\u044c\u0451.<br \/>\n&#8211; \u041d\u0435 \u043c\u0435\u0448\u0430\u0442\u044c \u0441 \u0434\u0440\u0443\u0433\u0438\u043c\u0438 \u0441\u0440\u0435\u0434\u0441\u0442\u0432\u0430\u043c\u0438.<br \/>\n\u041e\u0431\u044a\u0451\u043c: 1 \u043b.[trim][:ro_RO]Balsam super-concentrat, parfumat pentru rufe Sano Maxima Golden Sunset. Proiectat pentru sp\u0103larea \u00een ap\u0103 tare, con\u021bine parfumuri pentru a \u00eendep\u0103rta mirosurile nepl\u0103cute.<br \/>\nCaracteristici:<br \/>\n&#8211; Ideal pentru lenjerie alb\u0103 \u0219i colorat\u0103.<br \/>\n&#8211; Spore\u0219te albul \u0219i luminozitatea nuan\u021belor.<br \/>\n&#8211; \u00cenmoaie \u0219i aromatizeaz\u0103 lenjeria.<br \/>\n&#8211; Faciliteaz\u0103 c\u0103lcarea dup\u0103 sp\u0103lare.<br \/>\n&#8211; Are efect antistatic.<br \/>\n&#8211; Distruge bacteriile.<br \/>\n&#8211; Pentru o lung\u0103 perioad\u0103 de timp p\u0103streaz\u0103 moliciunea, prospe\u021bimea \u0219i aroma lenjeriei tale.<br \/>\nInstruc\u021biuni de utilizare:<br \/>\n&#8211; Pentru sp\u0103lare \u00een ma\u0219in\u0103: se toarn\u0103 1 sau 2 (pentru catifelare suplimentar\u0103) c\u0103p\u0103cele cu balsam \u00een dispozitivul special a ma\u0219inii de sp\u0103lat (conform instruc\u021biunilor produc\u0103torului).<br \/>\n&#8211; Pentru sp\u0103lare manual\u0103: la ultima cl\u0103tire se adaug\u0103 \u00bd sau 1 c\u0103p\u0103cel de balsam la 5 de ap\u0103 cald\u0103.<br \/>\n&#8211; Nu turna\u021bi direct pe haine.<br \/>\n&#8211; Nu se amestec\u0103 cu alte solu\u021bii.<br \/>\nVolumul: 1 L.<\/p>\n","protected":false},"excerpt":{"rendered":"<p>[:ru_RU]\u0421\u0443\u043f\u0435\u0440\u043a\u043e\u043d\u0446\u0435\u043d\u0442\u0440\u0438\u0440\u043e\u0432\u0430\u043d\u043d\u044b\u0439, \u043f\u0430\u0440\u0444\u044e\u043c\u0438\u0440\u043e\u0432\u0430\u043d\u044b\u0439 \u043e\u043f\u043e\u043b\u0430\u0441\u043a\u0438\u0432\u0430\u0442\u0435\u043b\u044c \u0434\u043b\u044f \u0431\u0435\u043b\u044c\u044f Sano Maxima Golden Sunset \u0441 \u0434\u043e\u0431\u0430\u0432\u043a\u043e\u0439 \u043c\u0438\u043a\u0440\u043e\u043a\u0430\u043f\u0441\u0443\u043b. \u041f\u0440\u0435\u0434\u043d\u0430\u0437\u043d\u0430\u0447\u0435\u043d \u0434\u043b\u044f \u0441\u0442\u0438\u0440\u043a\u0438 \u0432 \u0436\u0435\u0441\u0442\u043a\u043e\u0439 \u0432\u043e\u0434\u0435, \u0441\u043e\u0434\u0435\u0440\u0436\u0438\u0442 \u043e\u0442\u0434\u0443\u0448\u043a\u0438 \u0434\u043b\u044f \u0443\u0434\u0430\u043b\u0435\u043d\u0438\u044f \u043d\u0435\u043f\u0440\u0438\u044f\u0442\u043d\u044b\u0445 \u0437\u0430\u043f\u0430\u0445\u043e\u0432. \u041e\u0441\u043e\u0431\u0435\u043d\u043d\u043e\u0441\u0442\u0438: &#8211; \u0418\u0434\u0435\u0430\u043b\u044c\u043d\u043e \u043f\u043e\u0434\u0445\u043e\u0434\u0438\u0442 \u0434\u043b\u044f \u0431\u0435\u043b\u043e\u0433\u043e \u0438 \u0446\u0432\u0435\u0442\u043d\u043e\u0433\u043e \u0431\u0435\u043b\u044c\u044f. &#8211; \u0423\u0441\u0438\u043b\u0438\u0432\u0430\u0435\u0442 \u0431\u0435\u043b\u0438\u0437\u043d\u0443 \u0438 \u044f\u0440\u043a\u043e\u0441\u0442\u044c \u043e\u0442\u0442\u0435\u043d\u043a\u043e\u0432. &#8211; \u0421\u043c\u044f\u0433\u0447\u0430\u0435\u0442 \u0438 \u0430\u0440\u043e\u043c\u0430\u0442\u0438\u0437\u0438\u0440\u0443\u0435\u0442 \u0431\u0435\u043b\u044c\u0435. &#8211; \u041e\u0431\u043b\u0435\u0433\u0447\u0430\u0435\u0442 \u0433\u043b\u0430\u0436\u043a\u0443 \u043f\u043e\u0441\u043b\u0435 \u0441\u0442\u0438\u0440\u043a\u0438. &#8211; \u041e\u0431\u043b\u0430\u0434\u0430\u0435\u0442 \u0430\u043d\u0442\u0438\u0441\u0442\u0430\u0442\u0438\u0447\u0435\u0441\u043a\u0438\u043c \u044d\u0444\u0444\u0435\u043a\u0442\u043e\u043c. &#8211; \u0423\u043d\u0438\u0447\u0442\u043e\u0436\u0430\u0435\u0442 [&hellip;]<\/p>\n","protected":false},"featured_media":42370,"comment_status":"open","ping_status":"closed","template":"","meta":{"_acf_changed":false},"product_brand":[],"product_cat":[6740],"product_tag":[],"class_list":{"0":"post-42371","1":"product","2":"type-product","3":"status-publish","4":"has-post-thumbnail","6":"product_cat-ru_ru-kondicionery-dlja-bel","8":"first","9":"instock","10":"shipping-taxable","11":"purchasable","12":"product-type-simple"},"acf":[],"_links":{"self":[{"href":"https:\/\/minimax.md\/ru\/wp-json\/wp\/v2\/product\/42371","targetHints":{"allow":["GET"]}}],"collection":[{"href":"https:\/\/minimax.md\/ru\/wp-json\/wp\/v2\/product"}],"about":[{"href":"https:\/\/minimax.md\/ru\/wp-json\/wp\/v2\/types\/product"}],"replies":[{"embeddable":true,"href":"https:\/\/minimax.md\/ru\/wp-json\/wp\/v2\/comments?post=42371"}],"version-history":[{"count":0,"href":"https:\/\/minimax.md\/ru\/wp-json\/wp\/v2\/product\/42371\/revisions"}],"wp:featuredmedia":[{"embeddable":true,"href":"https:\/\/minimax.md\/ru\/wp-json\/wp\/v2\/media\/42370"}],"wp:attachment":[{"href":"https:\/\/minimax.md\/ru\/wp-json\/wp\/v2\/media?parent=42371"}],"wp:term":[{"taxonomy":"product_brand","embeddable":true,"href":"https:\/\/minimax.md\/ru\/wp-json\/wp\/v2\/product_brand?post=42371"},{"taxonomy":"product_cat","embeddable":true,"href":"https:\/\/minimax.md\/ru\/wp-json\/wp\/v2\/product_cat?post=42371"},{"taxonomy":"product_tag","embeddable":true,"href":"https:\/\/minimax.md\/ru\/wp-json\/wp\/v2\/product_tag?post=42371"}],"curies":[{"name":"wp","href":"https:\/\/api.w.org\/{rel}","templated":true}]}}