{"id":42373,"date":"2023-11-28T13:11:34","date_gmt":"2023-11-28T10:11:34","guid":{"rendered":"https:\/\/minimax.md\/product\/42373.html"},"modified":"2023-11-28T13:29:58","modified_gmt":"2023-11-28T10:29:58","slug":"ru_ru-sano-sredstvo-dlja-izdelij-iz-kozhi-leather-care-500-ml-trim-ro_ro-sano-solu-ie-pentru-articole-din-piele-leather-care-500-ml","status":"publish","type":"product","link":"https:\/\/minimax.md\/ru\/product\/42373.html","title":{"rendered":"Sano \u0421\u0440\u0435\u0434\u0441\u0442\u0432\u043e \u0434\u043b\u044f \u0438\u0437\u0434\u0435\u043b\u0438\u0439 \u0438\u0437 \u043a\u043e\u0436\u0438 Leather Care, 500 \u043c\u043b"},"content":{"rendered":"<p>[:ru_RU]Sano Leather Care Liquid &#8211; \u0441\u0440\u0435\u0434\u0441\u0442\u0432\u043e \u0434\u043b\u044f \u0447\u0438\u0441\u0442\u043a\u0438 \u043a\u043e\u0436\u0430\u043d\u043e\u0439 \u043c\u0435\u0431\u0435\u043b\u0438, \u043e\u0434\u0435\u0436\u0434\u044b \u0438 \u0430\u043a\u0441\u0435\u0441\u0441\u0443\u0430\u0440\u043e\u0432 (\u043a\u0440\u043e\u043c\u0435 \u0437\u0430\u043c\u0448\u0438 \u0438 \u043f\u043e\u0440\u0438\u0441\u0442\u044b\u0445 \u0432\u0438\u0434\u043e\u0432 \u043a\u043e\u0436\u0438).<br \/>\n\u041e\u0442\u0442\u0430\u043b\u043a\u0438\u0432\u0430\u0435\u0442 \u043f\u044b\u043b\u044c \u0438 \u043f\u0440\u0438\u0434\u0430\u0435\u0442 \u043a\u043e\u0436\u0435 \u0431\u043b\u0435\u0441\u043a \u0438 \u044d\u043b\u0430\u0441\u0442\u0438\u0447\u043d\u043e\u0441\u0442\u044c.[trim][:ro_RO]Detergent pentru cur\u0103\u021barea mobilierului de piele, haine din piele \u0219i accesorii (cu excep\u021bia pielii \u00eentoarse \u0219i a pielii spongioase.)<br \/>\nRespinge praful \u015fi d\u0103 str\u0103lucire pielii \u015fi elasticitate.<br \/>\nMod de utilizare:<br \/>\nSe aplic\u0103 pe piele cu un lavete moale sau burete, apoi se face luciu cu un burete uscat.<\/p>\n","protected":false},"excerpt":{"rendered":"<p>[:ru_RU]Sano Leather Care Liquid &#8211; \u0441\u0440\u0435\u0434\u0441\u0442\u0432\u043e \u0434\u043b\u044f \u0447\u0438\u0441\u0442\u043a\u0438 \u043a\u043e\u0436\u0430\u043d\u043e\u0439 \u043c\u0435\u0431\u0435\u043b\u0438, \u043e\u0434\u0435\u0436\u0434\u044b \u0438 \u0430\u043a\u0441\u0435\u0441\u0441\u0443\u0430\u0440\u043e\u0432 (\u043a\u0440\u043e\u043c\u0435 \u0437\u0430\u043c\u0448\u0438 \u0438 \u043f\u043e\u0440\u0438\u0441\u0442\u044b\u0445 \u0432\u0438\u0434\u043e\u0432 \u043a\u043e\u0436\u0438). \u041e\u0442\u0442\u0430\u043b\u043a\u0438\u0432\u0430\u0435\u0442 \u043f\u044b\u043b\u044c \u0438 \u043f\u0440\u0438\u0434\u0430\u0435\u0442 \u043a\u043e\u0436\u0435 \u0431\u043b\u0435\u0441\u043a \u0438 \u044d\u043b\u0430\u0441\u0442\u0438\u0447\u043d\u043e\u0441\u0442\u044c.[trim][:ro_RO]Detergent pentru cur\u0103\u021barea mobilierului de piele, haine din piele \u0219i accesorii (cu excep\u021bia pielii \u00eentoarse \u0219i a pielii spongioase.) Respinge praful \u015fi d\u0103 str\u0103lucire pielii \u015fi elasticitate. Mod de [&hellip;]<\/p>\n","protected":false},"featured_media":42372,"comment_status":"open","ping_status":"closed","template":"","meta":{"_acf_changed":false},"product_brand":[],"product_cat":[6755],"product_tag":[],"class_list":{"0":"post-42373","1":"product","2":"type-product","3":"status-publish","4":"has-post-thumbnail","6":"product_cat-ru_ru-sredstva-dlja-chistki","8":"first","9":"instock","10":"shipping-taxable","11":"purchasable","12":"product-type-simple"},"acf":[],"_links":{"self":[{"href":"https:\/\/minimax.md\/ru\/wp-json\/wp\/v2\/product\/42373","targetHints":{"allow":["GET"]}}],"collection":[{"href":"https:\/\/minimax.md\/ru\/wp-json\/wp\/v2\/product"}],"about":[{"href":"https:\/\/minimax.md\/ru\/wp-json\/wp\/v2\/types\/product"}],"replies":[{"embeddable":true,"href":"https:\/\/minimax.md\/ru\/wp-json\/wp\/v2\/comments?post=42373"}],"version-history":[{"count":0,"href":"https:\/\/minimax.md\/ru\/wp-json\/wp\/v2\/product\/42373\/revisions"}],"wp:featuredmedia":[{"embeddable":true,"href":"https:\/\/minimax.md\/ru\/wp-json\/wp\/v2\/media\/42372"}],"wp:attachment":[{"href":"https:\/\/minimax.md\/ru\/wp-json\/wp\/v2\/media?parent=42373"}],"wp:term":[{"taxonomy":"product_brand","embeddable":true,"href":"https:\/\/minimax.md\/ru\/wp-json\/wp\/v2\/product_brand?post=42373"},{"taxonomy":"product_cat","embeddable":true,"href":"https:\/\/minimax.md\/ru\/wp-json\/wp\/v2\/product_cat?post=42373"},{"taxonomy":"product_tag","embeddable":true,"href":"https:\/\/minimax.md\/ru\/wp-json\/wp\/v2\/product_tag?post=42373"}],"curies":[{"name":"wp","href":"https:\/\/api.w.org\/{rel}","templated":true}]}}