{"id":42391,"date":"2023-11-28T13:11:36","date_gmt":"2023-11-28T10:11:36","guid":{"rendered":"https:\/\/minimax.md\/product\/42391.html"},"modified":"2024-03-13T01:04:36","modified_gmt":"2024-03-12T22:04:36","slug":"ru_ru-cubicfun-3d-st-paul-s-cathedral-trim-ro_ro-cubicfun-puzzle-3d-st-paul-s-cathedral","status":"publish","type":"product","link":"https:\/\/minimax.md\/ru\/product\/42391.html","title":{"rendered":"3D \u043f\u0430\u0437\u043b \"\u0421\u043e\u0431\u043e\u0440 \u0421\u0432\u044f\u0442\u043e\u0433\u043e \u041f\u0430\u0432\u043b\u0430\", 643 \u044d\u043b\u0435\u043c\u0435\u043d\u0442\u0430"},"content":{"rendered":"<p>[:ru_RU]3D \u043f\u0430\u0437\u043b &#8220;\u0421\u043e\u0431\u043e\u0440 \u0421\u0432\u044f\u0442\u043e\u0433\u043e \u041f\u0430\u0432\u043b\u0430&#8221; \u043e\u0442\u00a0 CubicFun \u043e\u0447\u0435\u043d\u044c \u0438\u043d\u0442\u0435\u0440\u0435\u0441\u043d\u0430\u044f \u0433\u043e\u043b\u043e\u0432\u043e\u043b\u043e\u043c\u043a\u0430 \u0434\u043b\u044f \u0432\u0441\u0435\u0439 \u0441\u0435\u043c\u044c\u0438.\u00a0<\/p>\n<p>\u0412\u043c\u0435\u0441\u0442\u0435 \u0441\u043e\u0431\u0438\u0440\u0430\u044f 3D \u043f\u0430\u0437\u043b \u0441\u043e \u0441\u0432\u043e\u0438\u043c\u0438 \u0434\u0435\u0442\u044c\u043c\u0438, \u0432\u044b\u00a0 \u043c\u043e\u0436\u0435\u0442\u0435 \u0438\u043c \u0440\u0430\u0441\u0441\u043a\u0430\u0437\u0430\u0442\u044c \u043e \u0442\u043e\u043c \u0447\u0442\u043e \u0432 \u0441\u0430\u043c\u043e\u0439 \u0432\u044b\u0441\u043e\u043a\u043e\u0439 \u0442\u043e\u0447\u043a\u0435 \u041b\u043e\u043d\u0434\u043e\u043d\u0430, \u043d\u0430 \u041b\u0430\u043d\u0433\u0435\u0439\u0442-\u0425\u0438\u043b\u043b, \u043d\u0430\u0445\u043e\u0434\u0438\u0442\u0441\u044f \u0421\u043e\u0431\u043e\u0440 \u0421\u0432\u044f\u0442\u043e\u0433\u043e \u041f\u0430\u0432\u043b\u0430 (\u0421\u0435\u043d\u0442-\u041f\u043e\u043b). \u042d\u0442\u0430 \u043a\u0440\u0443\u043f\u043d\u0435\u0439\u0448\u0430\u044f \u0432 \u0415\u0432\u0440\u043e\u043f\u0435 \u0430\u043d\u0433\u043b\u0438\u043a\u0430\u043d\u0441\u043a\u0430\u044f \u0446\u0435\u0440\u043a\u043e\u0432\u044c \u044f\u0432\u043b\u044f\u0435\u0442\u0441\u044f \u0440\u0435\u0437\u0438\u0434\u0435\u043d\u0446\u0438\u0435\u0439 \u0435\u043f\u0438\u0441\u043a\u043e\u043f\u0430 \u041b\u043e\u043d\u0434\u043e\u043d\u0430. \u0414\u0430\u0442\u043e\u0439 \u043e\u0442\u043a\u0440\u044b\u0442\u0438\u044f \u0441\u043e\u0431\u043e\u0440\u0430 \u0441\u0447\u0438\u0442\u0430\u0435\u0442\u0441\u044f 20 \u043e\u043a\u0442\u044f\u0431\u0440\u044f 1708 \u0433\u043e\u0434\u0430, \u043d\u043e \u044d\u0442\u043e \u0443\u0436\u0435 \u0431\u044b\u043b \u043f\u044f\u0442\u044b\u0439 \u0441\u043e\u0431\u043e\u0440, \u043f\u043e\u0441\u0442\u0440\u043e\u0435\u043d\u043d\u044b\u0439 \u043d\u0430 \u0434\u0430\u043d\u043d\u043e\u043c \u043c\u0435\u0441\u0442\u0435.<\/p>\n<p>3D \u043f\u0430\u0437\u043b\u044b \u0443\u0434\u0438\u0432\u0438\u0442\u0435\u043b\u044c\u043d\u043e\u0435 \u0445\u043e\u0431\u0431\u0438 \u043a\u043e\u0442\u043e\u0440\u043e\u0435 \u0440\u0430\u0437\u0432\u0438\u0432\u0430\u0435\u0442 \u043d\u0435 \u0442\u043e\u043b\u044c\u043a\u043e \u043b\u043e\u0433\u0438\u0447\u0435\u0441\u043a\u043e\u0433\u043e \u043c\u044b\u0448\u043b\u0435\u043d\u0438\u044f, \u043c\u0435\u043b\u043a\u0443\u044e \u043c\u043e\u0442\u043e\u0440\u0438\u043a\u0443, \u0443\u0441\u0438\u0434\u0447\u0438\u0432\u043e\u0441\u0442\u0438 \u0438 \u0430\u043a\u043a\u0443\u0440\u0430\u0442\u043d\u043e\u0441\u0442\u044c, \u043d\u043e \u0438 \u0443\u0447\u0438\u0442 \u043c\u043d\u043e\u0433\u043e\u043c\u0443 \u0438\u043d\u0442\u0435\u0440\u0435\u0441\u043d\u043e\u043c\u0443 \u043e \u043c\u0438\u0440\u0435 \u0437\u0430 \u0432\u0435\u0441\u0435\u043b\u043e \u043f\u0440\u043e\u0432\u0435\u0434\u0435\u043d\u043d\u043e\u043c \u0432\u0440\u0435\u043c\u0435\u043d\u0438 \u0432 \u043a\u0440\u0443\u0433\u0443 \u0441\u0435\u043c\u044c\u0438.[trim][:ro_RO]<strong>Puzzle 3D \u201cCatedrala Sf\u00e2ntului Paul\u201d, de la CubicFun este un joc de puzzle foarte interesant pentru \u00eentreaga familie.<\/strong><\/p>\n<p>\u00cen timul jocului cu \u00a0puzzle 3D \u00eempreun\u0103 cu copiii t\u0103i, le po\u021bi povesti c\u0103 \u00een cel mai \u00eenalt punct din Londra, pe dealul Langate, se afl\u0103 Catedrala Sf. Paul (Sf\u00e2ntul Paul). Ea este cea mai mare biseric\u0103 anglican\u0103 din Europa \u0219i este sediul episcopului Londrei. 20 octombrie 1708 este considerat\u0103 data deschiderii catedralei, dar aceasta era deja a cincea catedral\u0103 construit\u0103 pe acest loc.<\/p>\n<p>Puzzle-urile 3D sunt un hobby uimitor care dezvolt\u0103 nu numai g\u00e2ndirea logic\u0103, abilit\u0103\u021bile motorii fine, perseveren\u021ba \u0219i acurate\u021bea, dar \u00eenva\u021b\u0103 \u0219i o mul\u021bime de lucruri interesante despre univers, \u00een timp ce te distrezi cu familia ta.<\/p>\n","protected":false},"excerpt":{"rendered":"<p>[:ru_RU]3D \u043f\u0430\u0437\u043b &#8220;\u0421\u043e\u0431\u043e\u0440 \u0421\u0432\u044f\u0442\u043e\u0433\u043e \u041f\u0430\u0432\u043b\u0430&#8221; \u043e\u0442\u00a0 CubicFun \u043e\u0447\u0435\u043d\u044c \u0438\u043d\u0442\u0435\u0440\u0435\u0441\u043d\u0430\u044f \u0433\u043e\u043b\u043e\u0432\u043e\u043b\u043e\u043c\u043a\u0430 \u0434\u043b\u044f \u0432\u0441\u0435\u0439 \u0441\u0435\u043c\u044c\u0438.\u00a0 \u0412\u043c\u0435\u0441\u0442\u0435 \u0441\u043e\u0431\u0438\u0440\u0430\u044f 3D \u043f\u0430\u0437\u043b \u0441\u043e \u0441\u0432\u043e\u0438\u043c\u0438 \u0434\u0435\u0442\u044c\u043c\u0438, \u0432\u044b\u00a0 \u043c\u043e\u0436\u0435\u0442\u0435 \u0438\u043c \u0440\u0430\u0441\u0441\u043a\u0430\u0437\u0430\u0442\u044c \u043e \u0442\u043e\u043c \u0447\u0442\u043e \u0432 \u0441\u0430\u043c\u043e\u0439 \u0432\u044b\u0441\u043e\u043a\u043e\u0439 \u0442\u043e\u0447\u043a\u0435 \u041b\u043e\u043d\u0434\u043e\u043d\u0430, \u043d\u0430 \u041b\u0430\u043d\u0433\u0435\u0439\u0442-\u0425\u0438\u043b\u043b, \u043d\u0430\u0445\u043e\u0434\u0438\u0442\u0441\u044f \u0421\u043e\u0431\u043e\u0440 \u0421\u0432\u044f\u0442\u043e\u0433\u043e \u041f\u0430\u0432\u043b\u0430 (\u0421\u0435\u043d\u0442-\u041f\u043e\u043b). \u042d\u0442\u0430 \u043a\u0440\u0443\u043f\u043d\u0435\u0439\u0448\u0430\u044f \u0432 \u0415\u0432\u0440\u043e\u043f\u0435 \u0430\u043d\u0433\u043b\u0438\u043a\u0430\u043d\u0441\u043a\u0430\u044f \u0446\u0435\u0440\u043a\u043e\u0432\u044c \u044f\u0432\u043b\u044f\u0435\u0442\u0441\u044f \u0440\u0435\u0437\u0438\u0434\u0435\u043d\u0446\u0438\u0435\u0439 \u0435\u043f\u0438\u0441\u043a\u043e\u043f\u0430 \u041b\u043e\u043d\u0434\u043e\u043d\u0430. \u0414\u0430\u0442\u043e\u0439 \u043e\u0442\u043a\u0440\u044b\u0442\u0438\u044f \u0441\u043e\u0431\u043e\u0440\u0430 \u0441\u0447\u0438\u0442\u0430\u0435\u0442\u0441\u044f 20 \u043e\u043a\u0442\u044f\u0431\u0440\u044f [&hellip;]<\/p>\n","protected":false},"featured_media":42386,"comment_status":"open","ping_status":"closed","template":"","meta":{"_acf_changed":false},"product_brand":[],"product_cat":[6713],"product_tag":[],"class_list":{"0":"post-42391","1":"product","2":"type-product","3":"status-publish","4":"has-post-thumbnail","6":"product_cat-ru_ru-pazly-i-mozaiki-trim","8":"first","9":"instock","10":"shipping-taxable","11":"purchasable","12":"product-type-simple"},"acf":[],"_links":{"self":[{"href":"https:\/\/minimax.md\/ru\/wp-json\/wp\/v2\/product\/42391","targetHints":{"allow":["GET"]}}],"collection":[{"href":"https:\/\/minimax.md\/ru\/wp-json\/wp\/v2\/product"}],"about":[{"href":"https:\/\/minimax.md\/ru\/wp-json\/wp\/v2\/types\/product"}],"replies":[{"embeddable":true,"href":"https:\/\/minimax.md\/ru\/wp-json\/wp\/v2\/comments?post=42391"}],"version-history":[{"count":0,"href":"https:\/\/minimax.md\/ru\/wp-json\/wp\/v2\/product\/42391\/revisions"}],"wp:featuredmedia":[{"embeddable":true,"href":"https:\/\/minimax.md\/ru\/wp-json\/wp\/v2\/media\/42386"}],"wp:attachment":[{"href":"https:\/\/minimax.md\/ru\/wp-json\/wp\/v2\/media?parent=42391"}],"wp:term":[{"taxonomy":"product_brand","embeddable":true,"href":"https:\/\/minimax.md\/ru\/wp-json\/wp\/v2\/product_brand?post=42391"},{"taxonomy":"product_cat","embeddable":true,"href":"https:\/\/minimax.md\/ru\/wp-json\/wp\/v2\/product_cat?post=42391"},{"taxonomy":"product_tag","embeddable":true,"href":"https:\/\/minimax.md\/ru\/wp-json\/wp\/v2\/product_tag?post=42391"}],"curies":[{"name":"wp","href":"https:\/\/api.w.org\/{rel}","templated":true}]}}