{"id":42667,"date":"2023-11-28T13:12:12","date_gmt":"2023-11-28T10:12:12","guid":{"rendered":"https:\/\/minimax.md\/product\/42667.html"},"modified":"2023-11-28T13:29:59","modified_gmt":"2023-11-28T10:29:59","slug":"ru_ru-canpol-soska-silikonovaja-ortodonticheskaja-dlja-kashi-2sht-6-mes-trim-ro_ro-canpol-tetine-ortodontic-din-silicon-pentru-terci-2-buc-6-luni","status":"publish","type":"product","link":"https:\/\/minimax.md\/ru\/product\/42667.html","title":{"rendered":"Canpol \u0441\u043e\u0441\u043a\u0430 \u0441\u0438\u043b\u0438\u043a\u043e\u043d\u043e\u0432\u0430\u044f o\u0440\u0442\u043e\u0434\u043e\u043d\u0442\u0438\u0447\u0435\u0441\u043a\u0430\u044f \u0434\u043b\u044f \u043a\u0430\u0448\u0438 2\u0448\u0442. 6+\u043c\u0435\u0441"},"content":{"rendered":"<p>[:ru_RU]\u041e\u043f\u0438\u0441\u0430\u043d\u0438\u0435 \u0442\u043e\u0432\u0430\u0440\u0430: \u0441\u043e\u0441\u043a\u0430 \u0441\u0438\u043b\u0438\u043a\u043e\u043d\u043e\u0432\u0430\u044f \u043e\u0440\u0442\u043e\u0434\u043e\u043d\u0442\u0438\u0447\u0435\u0441\u043a\u0430\u044f \u043d\u0430\u043f\u043e\u043c\u0438\u043d\u0430\u0435\u0442 \u0444\u043e\u0440\u043c\u0443 \u0433\u0440\u0443\u0434\u0438, \u0447\u0442\u043e \u043f\u043e\u0437\u0432\u043e\u043b\u044f\u0435\u0442 \u0441\u043e\u0447\u0435\u0442\u0430\u0442\u044c \u0433\u0440\u0443\u0434\u043d\u043e\u0435 \u0432\u0441\u043a\u0430\u0440\u043c\u043b\u0438\u0432\u0430\u043d\u0438\u0435 \u0438 \u043a\u043e\u0440\u043c\u043b\u0435\u043d\u0438\u0435 \u0438\u0437 \u0431\u0443\u0442\u044b\u043b\u043e\u0447\u043a\u0438. \u0411\u043b\u0430\u0433\u043e\u0434\u0430\u0440\u044f \u0432\u043e\u0437\u0434\u0443\u0448\u043d\u043e\u043c\u0443 \u043a\u043b\u0430\u043f\u0430\u043d\u0443, \u0440\u0430\u0441\u043f\u043e\u043b\u043e\u0436\u0435\u043d\u043d\u043e\u043c\u0443 \u0443 \u043e\u0441\u043d\u043e\u0432\u0430\u043d\u0438\u044f \u0441\u043e\u0441\u043a\u0438, \u0440\u0435\u0431\u0435\u043d\u043e\u043a \u043d\u0435 \u0433\u043b\u043e\u0442\u0430\u0435\u0442 \u0432\u043e\u0437\u0434\u0443\u0445, \u0447\u0442\u043e \u0443\u043c\u0435\u043d\u044c\u0448\u0430\u0435\u0442 \u0440\u0438\u0441\u043a \u0432\u043e\u0437\u043d\u0438\u043a\u043d\u043e\u0432\u0435\u043d\u0438\u044f \u043a\u043e\u043b\u0438\u043a. \u0421\u043e\u0441\u043a\u0430 \u0441\u0434\u0435\u043b\u0430\u043d\u0430 \u0438\u0437 \u043c\u044f\u0433\u043a\u043e\u0433\u043e \u0441\u0438\u043b\u0438\u043a\u043e\u043d\u0430 \u0432\u044b\u0441\u043e\u043a\u043e\u0433\u043e \u043a\u0430\u0447\u0435\u0441\u0442\u0432\u0430, \u043d\u0430  \u043f\u0440\u043e\u0442\u044f\u0436\u0435\u043d\u0438\u0438 \u0434\u043b\u0438\u0442\u0435\u043b\u044c\u043d\u043e\u0433\u043e \u0432\u0440\u0435\u043c\u0435\u043d\u0438 \u0441\u043e\u0445\u0440\u0430\u043d\u044f\u0435\u0442 \u0443\u043f\u0440\u0443\u0433\u043e\u0441\u0442\u044c \u0438 \u044d\u043b\u0430\u0441\u0442\u0438\u0447\u043d\u043e\u0441\u0442\u044c. \u041f\u043e\u0434\u0445\u043e\u0434\u0438\u0442 \u0434\u043b\u044f \u043a\u0430\u0448\u0438.<br \/>\n\u0412\u043e\u0437\u0440\u0430\u0441\u0442: \u043e\u0442 3 \u043c\u0435\u0441\u044f\u0446\u0435\u0432.[trim][:ro_RO]Descrierea produsului: tetina din silicon ortodontic\u0103 seam\u0103n\u0103 perfect cu forma s\u00eenului, fapt ce permite s\u0103 combina\u021bi al\u0103ptatul cu hr\u0103nirea copila\u0219ului din sti\u0441lu\u021b\u0103. Datorit\u0103 unei supape speciale amplasate la baza tetinei, \u00een timpul alimenta\u021biei, copila\u0219ul nu va \u00eenghi\u021bi aer, ceea ce nu va permite formarea colicilor. Tetina este confec\u021bionat\u0103 din silicon de cea mai bun\u0103 calitate, este moale \u0219i rezistent\u0103 la utilizare, \u00ee\u0219i p\u0103streaz\u0103 mult timp caracteristicile sale de elasticitate. Este recomandat\u0103 pentru terci.<br \/>\nV\u00eersta: de la 3 luni.<\/p>\n","protected":false},"excerpt":{"rendered":"<p>[:ru_RU]\u041e\u043f\u0438\u0441\u0430\u043d\u0438\u0435 \u0442\u043e\u0432\u0430\u0440\u0430: \u0441\u043e\u0441\u043a\u0430 \u0441\u0438\u043b\u0438\u043a\u043e\u043d\u043e\u0432\u0430\u044f \u043e\u0440\u0442\u043e\u0434\u043e\u043d\u0442\u0438\u0447\u0435\u0441\u043a\u0430\u044f \u043d\u0430\u043f\u043e\u043c\u0438\u043d\u0430\u0435\u0442 \u0444\u043e\u0440\u043c\u0443 \u0433\u0440\u0443\u0434\u0438, \u0447\u0442\u043e \u043f\u043e\u0437\u0432\u043e\u043b\u044f\u0435\u0442 \u0441\u043e\u0447\u0435\u0442\u0430\u0442\u044c \u0433\u0440\u0443\u0434\u043d\u043e\u0435 \u0432\u0441\u043a\u0430\u0440\u043c\u043b\u0438\u0432\u0430\u043d\u0438\u0435 \u0438 \u043a\u043e\u0440\u043c\u043b\u0435\u043d\u0438\u0435 \u0438\u0437 \u0431\u0443\u0442\u044b\u043b\u043e\u0447\u043a\u0438. \u0411\u043b\u0430\u0433\u043e\u0434\u0430\u0440\u044f \u0432\u043e\u0437\u0434\u0443\u0448\u043d\u043e\u043c\u0443 \u043a\u043b\u0430\u043f\u0430\u043d\u0443, \u0440\u0430\u0441\u043f\u043e\u043b\u043e\u0436\u0435\u043d\u043d\u043e\u043c\u0443 \u0443 \u043e\u0441\u043d\u043e\u0432\u0430\u043d\u0438\u044f \u0441\u043e\u0441\u043a\u0438, \u0440\u0435\u0431\u0435\u043d\u043e\u043a \u043d\u0435 \u0433\u043b\u043e\u0442\u0430\u0435\u0442 \u0432\u043e\u0437\u0434\u0443\u0445, \u0447\u0442\u043e \u0443\u043c\u0435\u043d\u044c\u0448\u0430\u0435\u0442 \u0440\u0438\u0441\u043a \u0432\u043e\u0437\u043d\u0438\u043a\u043d\u043e\u0432\u0435\u043d\u0438\u044f \u043a\u043e\u043b\u0438\u043a. \u0421\u043e\u0441\u043a\u0430 \u0441\u0434\u0435\u043b\u0430\u043d\u0430 \u0438\u0437 \u043c\u044f\u0433\u043a\u043e\u0433\u043e \u0441\u0438\u043b\u0438\u043a\u043e\u043d\u0430 \u0432\u044b\u0441\u043e\u043a\u043e\u0433\u043e \u043a\u0430\u0447\u0435\u0441\u0442\u0432\u0430, \u043d\u0430 \u043f\u0440\u043e\u0442\u044f\u0436\u0435\u043d\u0438\u0438 \u0434\u043b\u0438\u0442\u0435\u043b\u044c\u043d\u043e\u0433\u043e \u0432\u0440\u0435\u043c\u0435\u043d\u0438 \u0441\u043e\u0445\u0440\u0430\u043d\u044f\u0435\u0442 \u0443\u043f\u0440\u0443\u0433\u043e\u0441\u0442\u044c \u0438 \u044d\u043b\u0430\u0441\u0442\u0438\u0447\u043d\u043e\u0441\u0442\u044c. \u041f\u043e\u0434\u0445\u043e\u0434\u0438\u0442 \u0434\u043b\u044f \u043a\u0430\u0448\u0438. \u0412\u043e\u0437\u0440\u0430\u0441\u0442: \u043e\u0442 3 \u043c\u0435\u0441\u044f\u0446\u0435\u0432.[trim][:ro_RO]Descrierea [&hellip;]<\/p>\n","protected":false},"featured_media":42666,"comment_status":"open","ping_status":"closed","template":"","meta":{"_acf_changed":false},"product_brand":[],"product_cat":[6785],"product_tag":[],"class_list":{"0":"post-42667","1":"product","2":"type-product","3":"status-publish","4":"has-post-thumbnail","6":"product_cat-ru_ru-soski-dlja-butylochek","8":"first","9":"instock","10":"shipping-taxable","11":"purchasable","12":"product-type-simple"},"acf":[],"_links":{"self":[{"href":"https:\/\/minimax.md\/ru\/wp-json\/wp\/v2\/product\/42667","targetHints":{"allow":["GET"]}}],"collection":[{"href":"https:\/\/minimax.md\/ru\/wp-json\/wp\/v2\/product"}],"about":[{"href":"https:\/\/minimax.md\/ru\/wp-json\/wp\/v2\/types\/product"}],"replies":[{"embeddable":true,"href":"https:\/\/minimax.md\/ru\/wp-json\/wp\/v2\/comments?post=42667"}],"version-history":[{"count":0,"href":"https:\/\/minimax.md\/ru\/wp-json\/wp\/v2\/product\/42667\/revisions"}],"wp:featuredmedia":[{"embeddable":true,"href":"https:\/\/minimax.md\/ru\/wp-json\/wp\/v2\/media\/42666"}],"wp:attachment":[{"href":"https:\/\/minimax.md\/ru\/wp-json\/wp\/v2\/media?parent=42667"}],"wp:term":[{"taxonomy":"product_brand","embeddable":true,"href":"https:\/\/minimax.md\/ru\/wp-json\/wp\/v2\/product_brand?post=42667"},{"taxonomy":"product_cat","embeddable":true,"href":"https:\/\/minimax.md\/ru\/wp-json\/wp\/v2\/product_cat?post=42667"},{"taxonomy":"product_tag","embeddable":true,"href":"https:\/\/minimax.md\/ru\/wp-json\/wp\/v2\/product_tag?post=42667"}],"curies":[{"name":"wp","href":"https:\/\/api.w.org\/{rel}","templated":true}]}}