{"id":42670,"date":"2023-11-28T13:12:15","date_gmt":"2023-11-28T10:12:15","guid":{"rendered":"https:\/\/minimax.md\/product\/42670.html"},"modified":"2023-11-28T13:29:59","modified_gmt":"2023-11-28T10:29:59","slug":"ru_ru-canpol-kruzhechka-trim-ro_ro-canpol-c-nu-din-plastic","status":"publish","type":"product","link":"https:\/\/minimax.md\/ru\/product\/42670.html","title":{"rendered":"Canpol \u043a\u0440\u0443\u0436\u0435\u0447\u043a\u0430"},"content":{"rendered":"<p>[:ru_RU]\u041e\u043f\u0438\u0441\u0430\u043d\u0438\u0435 \u0442\u043e\u0432\u0430\u0440\u0430: \u043a\u0440\u0443\u0436\u043a\u0430 \u043f\u043b\u0430\u0441\u0442\u0438\u043a\u043e\u0432\u0430\u044f \u043f\u0440\u0435\u0434\u043d\u0430\u0437\u043d\u0430\u0447\u0435\u043d\u0430 \u0434\u043b\u044f \u0434\u0435\u0442\u0435\u0439 \u0441 \u0432\u043e\u0437\u0440\u0430\u0441\u0442\u043e\u043c \u043e\u0442 3 \u043b\u0435\u0442.<br \/>\n\u0423\u0434\u043e\u0431\u043d\u0430\u044f \u0440\u0443\u0447\u043a\u0430 \u043f\u043e\u0437\u0432\u043e\u043b\u044f\u0435\u0442 \u043c\u0430\u043b\u044b\u0448\u0443 \u043b\u0435\u0433\u043a\u043e \u0434\u0435\u0440\u0436\u0430\u0442\u044c \u043a\u0440\u0443\u0436\u043a\u0443 \u0430 \u0440\u0430\u0441\u043e\u0447\u043d\u044b\u0435 \u0438\u0437\u043e\u0431\u0440\u0430\u0436\u0435\u043d\u0438\u0439 \u0441\u0442\u0438\u043c\u0443\u043b\u0438\u0440\u0443\u044e\u0442 \u043c\u0430\u043b\u044b\u0448\u0430 \u043f\u0438\u0442\u044c.<br \/>\n\u0418\u0437\u0433\u043e\u0442\u043e\u0432\u043b\u0435\u043d\u0430 \u0438\u0437 \u0431\u0435\u0437\u043e\u043f\u0430\u0441\u043d\u044b\u0445 \u0438 \u0432\u044b\u043d\u043e\u0441\u043b\u0438\u0432\u044b\u0445 \u043c\u0430\u0442\u0435\u0440\u0438\u0430\u043b\u043e\u0432 \u0447\u0442\u043e \u043f\u0440\u0435\u0434\u043e\u0442\u0432\u0440\u0430\u0449\u0430\u044e\u0442 \u043f\u043e\u043b\u043e\u043c\u043a\u0438.<br \/>\n\u041f\u0435\u0440\u0435\u0434 \u043f\u0435\u0440\u0432\u044b\u043c \u0438\u0441\u043f\u043e\u043b\u044c\u0437\u043e\u0432\u0430\u043d\u0438\u0435\u043c \u043e\u0431\u0434\u0430\u0442\u044c \u043a\u0438\u043f\u044f\u0442\u043a\u043e\u043c.<br \/>\n\u041d\u0435 \u043a\u0438\u043f\u044f\u0442\u0438\u0442\u044c!<br \/>\n\u0412\u043e\u0437\u0440\u0430\u0441\u0442: \u043e\u0442 3 \u043b\u0435\u0442.[trim][:ro_RO]Descrierea produsului: c\u0103nu\u021ba, din plastic este recomandat\u0103 pentru copila\u0219ii de la 3 ani\u0219ori.<br \/>\nDatorit\u0103 m\u00eenera\u0219ului comod, c\u0103nu\u021ba este u\u0219oar\u0103 \u00een utilizare iar culorile \u00een nuan\u021be vesele atrag aten\u021bia copila\u0219ului.<br \/>\nEste fabricat\u0103 din materiale sigure \u015fi durabile care previn spargerea c\u0103nu\u021bei.<br \/>\n\u00cenainte de prima utilizare, se cl\u0103te\u0219te cu ap\u0103 fierbinte.<br \/>\nNu se fierbe!<br \/>\nV\u00eersta: de la 3 ani.<\/p>\n","protected":false},"excerpt":{"rendered":"<p>[:ru_RU]\u041e\u043f\u0438\u0441\u0430\u043d\u0438\u0435 \u0442\u043e\u0432\u0430\u0440\u0430: \u043a\u0440\u0443\u0436\u043a\u0430 \u043f\u043b\u0430\u0441\u0442\u0438\u043a\u043e\u0432\u0430\u044f \u043f\u0440\u0435\u0434\u043d\u0430\u0437\u043d\u0430\u0447\u0435\u043d\u0430 \u0434\u043b\u044f \u0434\u0435\u0442\u0435\u0439 \u0441 \u0432\u043e\u0437\u0440\u0430\u0441\u0442\u043e\u043c \u043e\u0442 3 \u043b\u0435\u0442. \u0423\u0434\u043e\u0431\u043d\u0430\u044f \u0440\u0443\u0447\u043a\u0430 \u043f\u043e\u0437\u0432\u043e\u043b\u044f\u0435\u0442 \u043c\u0430\u043b\u044b\u0448\u0443 \u043b\u0435\u0433\u043a\u043e \u0434\u0435\u0440\u0436\u0430\u0442\u044c \u043a\u0440\u0443\u0436\u043a\u0443 \u0430 \u0440\u0430\u0441\u043e\u0447\u043d\u044b\u0435 \u0438\u0437\u043e\u0431\u0440\u0430\u0436\u0435\u043d\u0438\u0439 \u0441\u0442\u0438\u043c\u0443\u043b\u0438\u0440\u0443\u044e\u0442 \u043c\u0430\u043b\u044b\u0448\u0430 \u043f\u0438\u0442\u044c. \u0418\u0437\u0433\u043e\u0442\u043e\u0432\u043b\u0435\u043d\u0430 \u0438\u0437 \u0431\u0435\u0437\u043e\u043f\u0430\u0441\u043d\u044b\u0445 \u0438 \u0432\u044b\u043d\u043e\u0441\u043b\u0438\u0432\u044b\u0445 \u043c\u0430\u0442\u0435\u0440\u0438\u0430\u043b\u043e\u0432 \u0447\u0442\u043e \u043f\u0440\u0435\u0434\u043e\u0442\u0432\u0440\u0430\u0449\u0430\u044e\u0442 \u043f\u043e\u043b\u043e\u043c\u043a\u0438. \u041f\u0435\u0440\u0435\u0434 \u043f\u0435\u0440\u0432\u044b\u043c \u0438\u0441\u043f\u043e\u043b\u044c\u0437\u043e\u0432\u0430\u043d\u0438\u0435\u043c \u043e\u0431\u0434\u0430\u0442\u044c \u043a\u0438\u043f\u044f\u0442\u043a\u043e\u043c. \u041d\u0435 \u043a\u0438\u043f\u044f\u0442\u0438\u0442\u044c! \u0412\u043e\u0437\u0440\u0430\u0441\u0442: \u043e\u0442 3 \u043b\u0435\u0442.[trim][:ro_RO]Descrierea produsului: c\u0103nu\u021ba, din plastic este recomandat\u0103 pentru copila\u0219ii de la [&hellip;]<\/p>\n","protected":false},"featured_media":42668,"comment_status":"open","ping_status":"closed","template":"","meta":{"_acf_changed":false},"product_brand":[],"product_cat":[6790],"product_tag":[],"class_list":{"0":"post-42670","1":"product","2":"type-product","3":"status-publish","4":"has-post-thumbnail","6":"product_cat-ru_ru-kruzhki-i-poilniki-tr","8":"first","9":"instock","10":"shipping-taxable","11":"purchasable","12":"product-type-simple"},"acf":[],"_links":{"self":[{"href":"https:\/\/minimax.md\/ru\/wp-json\/wp\/v2\/product\/42670","targetHints":{"allow":["GET"]}}],"collection":[{"href":"https:\/\/minimax.md\/ru\/wp-json\/wp\/v2\/product"}],"about":[{"href":"https:\/\/minimax.md\/ru\/wp-json\/wp\/v2\/types\/product"}],"replies":[{"embeddable":true,"href":"https:\/\/minimax.md\/ru\/wp-json\/wp\/v2\/comments?post=42670"}],"version-history":[{"count":0,"href":"https:\/\/minimax.md\/ru\/wp-json\/wp\/v2\/product\/42670\/revisions"}],"wp:featuredmedia":[{"embeddable":true,"href":"https:\/\/minimax.md\/ru\/wp-json\/wp\/v2\/media\/42668"}],"wp:attachment":[{"href":"https:\/\/minimax.md\/ru\/wp-json\/wp\/v2\/media?parent=42670"}],"wp:term":[{"taxonomy":"product_brand","embeddable":true,"href":"https:\/\/minimax.md\/ru\/wp-json\/wp\/v2\/product_brand?post=42670"},{"taxonomy":"product_cat","embeddable":true,"href":"https:\/\/minimax.md\/ru\/wp-json\/wp\/v2\/product_cat?post=42670"},{"taxonomy":"product_tag","embeddable":true,"href":"https:\/\/minimax.md\/ru\/wp-json\/wp\/v2\/product_tag?post=42670"}],"curies":[{"name":"wp","href":"https:\/\/api.w.org\/{rel}","templated":true}]}}