{"id":42675,"date":"2023-11-28T13:12:19","date_gmt":"2023-11-28T10:12:19","guid":{"rendered":"https:\/\/minimax.md\/product\/42675.html"},"modified":"2024-03-13T00:17:06","modified_gmt":"2024-03-12T21:17:06","slug":"ru_ru-pilsan-igrovoi-domik-tombish-trim-ro_ro-pilsan-c-su-pentru-joac-tombish","status":"publish","type":"product","link":"https:\/\/minimax.md\/ru\/product\/42675.html","title":{"rendered":"Pilsan \u0418\u0433\u0440\u043e\u0432\u043e\u0438 \u0434\u043e\u043c\u0438\u043a Tombish"},"content":{"rendered":"<p>[:ru_RU]\u0423\u0434\u043e\u0431\u043d\u044b\u0439, \u044f\u0440\u043a\u0438\u0439 \u0438 \u043f\u0440\u043e\u0441\u0442\u043e\u0440\u043d\u044b\u0439 \u0434\u043e\u043c\u0438\u043a &#8220;\u041a\u043b\u0443\u0431\u043d\u0438\u0447\u043a\u0430&#8221;, \u0441\u0442\u0430\u043d\u0435\u0442 \u043d\u0430\u0438\u043b\u0443\u0447\u0448\u0435\u0439 \u0434\u0435\u0442\u0441\u043a\u043e\u0439 \u043f\u043b\u043e\u0449\u0430\u0434\u043a\u043e\u0439 \u0434\u043b\u044f \u043e\u0442\u0434\u044b\u0445\u0430 \u043d\u0430 \u043e\u0442\u043a\u0440\u044b\u0442\u043e\u043c \u0432\u043e\u0437\u0434\u0443\u0445\u0435 \u0438 \u0432 \u043f\u043e\u043c\u0435\u0449\u0435\u043d\u0438\u0438. \u042f\u0440\u043a\u0438\u0435 \u0446\u0432\u0435\u0442\u0430 \u043d\u0435 \u043e\u0441\u0442\u0430\u0432\u044f\u0442 \u0440\u0430\u0432\u043d\u043e\u0434\u0443\u0448\u043d\u044b\u043c\u0438 \u043b\u044e\u0431\u043e\u043f\u044b\u0442\u043d\u044b\u0445 \u043c\u0430\u043b\u044b\u0448\u0435\u0439. \u0418\u0433\u0440\u043e\u0432\u043e\u0439 \u0434\u043e\u043c\u0438\u043a \u0441\u0442\u0438\u043b\u0438\u0437\u043e\u0432\u0430\u043d \u043f\u043e\u0434 \u0444\u0440\u0443\u043a\u0442.<\/p>\n<p>\u0414\u043e\u043c\u0438\u043a \u043f\u0440\u043e\u0441\u0442 \u0432 \u0443\u0441\u0442\u0430\u043d\u043e\u0432\u043a\u0435, \u0434\u0435\u0442\u0430\u043b\u0438 \u043b\u0435\u0433\u043a\u043e \u0441\u043e\u0435\u0434\u0438\u043d\u044f\u044e\u0442\u0441\u044f, \u0437\u0430\u043a\u0440\u0435\u043f\u043b\u044f\u044e\u0442\u0441\u044f \u0441\u043f\u0435\u0446\u0438\u0430\u043b\u044c\u043d\u044b\u043c\u0438 \u043f\u043b\u0430\u0441\u0442\u0438\u043a\u043e\u0432\u044b\u043c\u0438 \u0433\u0430\u0439\u043a\u0430\u043c\u0438 (\u0432\u0445\u043e\u0434\u044f\u0442 \u0432 \u043a\u043e\u043c\u043f\u043b\u0435\u043a\u0442), \u0434\u043b\u044f \u0441\u0431\u043e\u0440\u043a\u0438 \u0438\u043d\u0441\u0442\u0440\u0443\u043c\u0435\u043d\u0442\u044b \u043d\u0435 \u0442\u0440\u0435\u0431\u0443\u044e\u0442\u0441\u044f.<\/p>\n<p> \t\u0420\u0435\u043a\u043e\u043c\u0435\u043d\u0434\u0443\u0435\u043c\u044b\u0439 \u0432\u043e\u0437\u0440\u0430\u0441\u0442 3+<br \/>\n \t\u0412\u043e\u0437\u043c\u043e\u0436\u043d\u043e\u0441\u0442\u044c \u0438\u0441\u043f\u043e\u043b\u044c\u0437\u043e\u0432\u0430\u043d\u0438\u044f \u0432 \u043e\u0442\u043a\u0440\u044b\u0442\u044b\u0445 \u0438 \u0437\u0430\u043a\u0440\u044b\u0442\u044b\u0445 \u043f\u043e\u043c\u0435\u0449\u0435\u043d\u0438\u044f\u0445<br \/>\n \t\u041f\u0440\u043e\u0441\u0442\u0430\u044f \u0443\u0441\u0442\u0430\u043d\u043e\u0432\u043a\u0430<br \/>\n \t\u0420\u0430\u0437\u0432\u0438\u0432\u0430\u0435\u0442 \u0434\u0435\u0442\u0441\u043a\u0443\u044e \u0444\u0430\u043d\u0442\u0430\u0437\u0438\u044e<br \/>\n \t\u041f\u0440\u043e\u0447\u043d\u044b\u0439 \u0438 \u043d\u0430\u0434\u0435\u0436\u043d\u044b\u0439<br \/>\n \t\u042d\u0440\u0433\u043e\u043d\u043e\u043c\u0438\u0447\u043d\u044b\u0439 \u0434\u0438\u0437\u0430\u0439\u043d<br \/>\n \t\u0412\u044b\u0441\u043e\u043a\u043e\u043a\u0430\u0447\u0435\u0441\u0442\u0432\u0435\u043d\u043d\u043e\u0435 \u0441\u044b\u0440\u044c\u0435, \u043a\u043e\u0442\u043e\u0440\u043e\u0435 \u043d\u0435 \u0441\u043e\u0434\u0435\u0440\u0436\u0438\u0442 \u043a\u0430\u043d\u0446\u0435\u0440\u043e\u0433\u0435\u043d\u043d\u044b\u0445 \u0432\u0435\u0449\u0435\u0441\u0442\u0432[trim][:ro_RO]Spa\u021bioas\u0103, confortabil\u0103 \u0219i luminoasa, c\u0103su\u021ba &#8220;C\u0103p\u0219unica&#8221; va deveni locul preferat de joac\u0103 \u0219i odihn\u0103 pentru copilul Dvs, \u00een care el se va distra singur sau cu prietenii s\u0103i. Culorile vii nu vor l\u0103sa indiferen\u021bi copiii curio\u0219i. \u0421\u0103su\u021ba de joac\u0103 este proiectat\u0103 sub form\u0103 de fruct.<br \/>\nSe asambleaz\u0103 u\u0219or, piesele fix\u00e2ndu-se cu ajutorul unor piuli\u021be din plastic (incluse \u00een set), f\u0103r\u0103 a fi necesare alte unelte de asamblare.<\/p>\n<ul>\n<li>V\u00e2rsta recomandat\u0103: 3+ ani<\/li>\n<li>Poate fi folosit in interior si exterior<\/li>\n<li>Instalare u\u0219oar\u0103<\/li>\n<li>Dezvolt\u0103 imagina\u021bia copiilor<\/li>\n<li>Durabil \u0219i fiabil<\/li>\n<li>Aspect elegant \u0219i design ergonomic<\/li>\n<li>Materie prim\u0103 de cea mai inalta calitate ce nu contine substan\u021be cancerigene<\/li>\n<\/ul>\n","protected":false},"excerpt":{"rendered":"<p>[:ru_RU]\u0423\u0434\u043e\u0431\u043d\u044b\u0439, \u044f\u0440\u043a\u0438\u0439 \u0438 \u043f\u0440\u043e\u0441\u0442\u043e\u0440\u043d\u044b\u0439 \u0434\u043e\u043c\u0438\u043a &#8220;\u041a\u043b\u0443\u0431\u043d\u0438\u0447\u043a\u0430&#8221;, \u0441\u0442\u0430\u043d\u0435\u0442 \u043d\u0430\u0438\u043b\u0443\u0447\u0448\u0435\u0439 \u0434\u0435\u0442\u0441\u043a\u043e\u0439 \u043f\u043b\u043e\u0449\u0430\u0434\u043a\u043e\u0439 \u0434\u043b\u044f \u043e\u0442\u0434\u044b\u0445\u0430 \u043d\u0430 \u043e\u0442\u043a\u0440\u044b\u0442\u043e\u043c \u0432\u043e\u0437\u0434\u0443\u0445\u0435 \u0438 \u0432 \u043f\u043e\u043c\u0435\u0449\u0435\u043d\u0438\u0438. \u042f\u0440\u043a\u0438\u0435 \u0446\u0432\u0435\u0442\u0430 \u043d\u0435 \u043e\u0441\u0442\u0430\u0432\u044f\u0442 \u0440\u0430\u0432\u043d\u043e\u0434\u0443\u0448\u043d\u044b\u043c\u0438 \u043b\u044e\u0431\u043e\u043f\u044b\u0442\u043d\u044b\u0445 \u043c\u0430\u043b\u044b\u0448\u0435\u0439. \u0418\u0433\u0440\u043e\u0432\u043e\u0439 \u0434\u043e\u043c\u0438\u043a \u0441\u0442\u0438\u043b\u0438\u0437\u043e\u0432\u0430\u043d \u043f\u043e\u0434 \u0444\u0440\u0443\u043a\u0442. \u0414\u043e\u043c\u0438\u043a \u043f\u0440\u043e\u0441\u0442 \u0432 \u0443\u0441\u0442\u0430\u043d\u043e\u0432\u043a\u0435, \u0434\u0435\u0442\u0430\u043b\u0438 \u043b\u0435\u0433\u043a\u043e \u0441\u043e\u0435\u0434\u0438\u043d\u044f\u044e\u0442\u0441\u044f, \u0437\u0430\u043a\u0440\u0435\u043f\u043b\u044f\u044e\u0442\u0441\u044f \u0441\u043f\u0435\u0446\u0438\u0430\u043b\u044c\u043d\u044b\u043c\u0438 \u043f\u043b\u0430\u0441\u0442\u0438\u043a\u043e\u0432\u044b\u043c\u0438 \u0433\u0430\u0439\u043a\u0430\u043c\u0438 (\u0432\u0445\u043e\u0434\u044f\u0442 \u0432 \u043a\u043e\u043c\u043f\u043b\u0435\u043a\u0442), \u0434\u043b\u044f \u0441\u0431\u043e\u0440\u043a\u0438 \u0438\u043d\u0441\u0442\u0440\u0443\u043c\u0435\u043d\u0442\u044b \u043d\u0435 \u0442\u0440\u0435\u0431\u0443\u044e\u0442\u0441\u044f. \u0420\u0435\u043a\u043e\u043c\u0435\u043d\u0434\u0443\u0435\u043c\u044b\u0439 \u0432\u043e\u0437\u0440\u0430\u0441\u0442 3+ \u0412\u043e\u0437\u043c\u043e\u0436\u043d\u043e\u0441\u0442\u044c \u0438\u0441\u043f\u043e\u043b\u044c\u0437\u043e\u0432\u0430\u043d\u0438\u044f \u0432 [&hellip;]<\/p>\n","protected":false},"featured_media":42671,"comment_status":"open","ping_status":"closed","template":"","meta":{"_acf_changed":false},"product_brand":[],"product_cat":[6704],"product_tag":[],"class_list":{"0":"post-42675","1":"product","2":"type-product","3":"status-publish","4":"has-post-thumbnail","6":"product_cat-ru_ru-igrovye-palatki-trim","8":"first","9":"instock","10":"shipping-taxable","11":"purchasable","12":"product-type-simple"},"acf":[],"_links":{"self":[{"href":"https:\/\/minimax.md\/ru\/wp-json\/wp\/v2\/product\/42675","targetHints":{"allow":["GET"]}}],"collection":[{"href":"https:\/\/minimax.md\/ru\/wp-json\/wp\/v2\/product"}],"about":[{"href":"https:\/\/minimax.md\/ru\/wp-json\/wp\/v2\/types\/product"}],"replies":[{"embeddable":true,"href":"https:\/\/minimax.md\/ru\/wp-json\/wp\/v2\/comments?post=42675"}],"version-history":[{"count":0,"href":"https:\/\/minimax.md\/ru\/wp-json\/wp\/v2\/product\/42675\/revisions"}],"wp:featuredmedia":[{"embeddable":true,"href":"https:\/\/minimax.md\/ru\/wp-json\/wp\/v2\/media\/42671"}],"wp:attachment":[{"href":"https:\/\/minimax.md\/ru\/wp-json\/wp\/v2\/media?parent=42675"}],"wp:term":[{"taxonomy":"product_brand","embeddable":true,"href":"https:\/\/minimax.md\/ru\/wp-json\/wp\/v2\/product_brand?post=42675"},{"taxonomy":"product_cat","embeddable":true,"href":"https:\/\/minimax.md\/ru\/wp-json\/wp\/v2\/product_cat?post=42675"},{"taxonomy":"product_tag","embeddable":true,"href":"https:\/\/minimax.md\/ru\/wp-json\/wp\/v2\/product_tag?post=42675"}],"curies":[{"name":"wp","href":"https:\/\/api.w.org\/{rel}","templated":true}]}}