{"id":42677,"date":"2023-11-28T13:12:19","date_gmt":"2023-11-28T10:12:19","guid":{"rendered":"https:\/\/minimax.md\/product\/42677.html"},"modified":"2023-11-28T13:29:59","modified_gmt":"2023-11-28T10:29:59","slug":"ru_ru-sano-antikalk-srestvovo-dlja-udalenija-nakipi-stiralnye-mashiny-500-ml-trim-ro_ro-sano-antikalk-solu-ie-pentru-ma-ina-automat-500-ml","status":"publish","type":"product","link":"https:\/\/minimax.md\/ru\/product\/42677.html","title":{"rendered":"Sano Antikalk \u0421\u0440\u0435\u0441\u0442\u0432\u043e\u0432\u043e \u0434\u043b\u044f \u0443\u0434\u0430\u043b\u0435\u043d\u0438\u044f \u043d\u0430\u043a\u0438\u043f\u0438 \u0441\u0442\u0438\u0440\u0430\u043b\u044c\u043d\u044b\u0435 \u043c\u0430\u0448\u0438\u043d\u044b, 500 \u043c\u043b"},"content":{"rendered":"<p>[:ru_RU]\u0421\u0440\u0435\u0434\u0441\u0442\u0432\u043e \u0434\u043b\u044f \u0443\u0434\u0430\u043b\u0435\u043d\u0438\u044f \u0438\u0437\u0432\u0435\u0441\u0442\u043a\u043e\u0432\u043e\u0433\u043e \u043d\u0430\u043b\u0435\u0442\u0430 Sano Anti Kalk For Washing Machines  \u2013  \u0440\u0435\u0432\u043e\u043b\u044e\u0446\u0438\u043e\u043d\u043d\u044b\u0439 \u043f\u0440\u043e\u0434\u0443\u043a\u0442 \u0434\u043b\u044f \u0431\u044b\u0441\u0442\u0440\u043e\u0439 \u0438 \u044d\u0444\u0444\u0435\u043a\u0442\u0438\u0432\u043d\u043e\u0439 \u043e\u0447\u0438\u0441\u0442\u043a\u0438 \u043d\u0430\u0433\u0440\u0435\u0432\u0430\u0442\u0435\u043b\u044c\u043d\u044b\u0445 \u044d\u043b\u0435\u043c\u0435\u043d\u0442\u043e\u0432 \u0430\u0432\u0442\u043e\u043c\u0430\u0442\u0438\u0447\u0435\u0441\u043a\u0438\u0445 \u0441\u0442\u0438\u0440\u0430\u043b\u044c\u043d\u044b\u0445 \u043c\u0430\u0448\u0438\u043d \u043e\u0442 \u043d\u0430\u043a\u0438\u043f\u0438. \u0421\u0440\u0435\u0434\u0441\u0442\u0432\u043e \u043f\u0440\u0435\u0434\u043e\u0442\u0432\u0440\u0430\u0449\u0430\u0435\u0442 \u043e\u0431\u0440\u0430\u0437\u043e\u0432\u0430\u043d\u0438\u0435 \u043d\u0430\u043a\u0438\u043f\u0438, \u043e\u0431\u0435\u0441\u043f\u0435\u0447\u0438\u0432\u0430\u0435\u0442 \u0431\u043e\u043b\u0435\u0435 \u044d\u0444\u0444\u0435\u043a\u0442\u0438\u0432\u043d\u0443\u044e \u0441\u0442\u0438\u0440\u043a\u0443 \u0431\u0435\u043b\u044c\u044f \u0438 \u043f\u0440\u043e\u0434\u043b\u0435\u0432\u0430\u0435\u0442 \u0441\u0440\u043e\u043a \u0441\u043b\u0443\u0436\u0431\u044b \u0441\u0442\u0438\u0440\u0430\u043b\u044c\u043d\u043e\u0439 \u043c\u0430\u0448\u0438\u043d\u044b.<br \/>\n\u041f\u043e\u0434\u0445\u043e\u0434\u0438\u0442 \u0442\u0430\u043a\u0436\u0435 \u0434\u043b\u044f \u043f\u043e\u0441\u0443\u0434\u043e\u043c\u043e\u0435\u0447\u043d\u044b\u0445 \u043c\u0430\u0448\u0438\u043d.<br \/>\n\u0414\u043b\u044f \u0434\u043e\u0441\u0442\u0438\u0436\u0435\u043d\u0438\u044f \u043b\u0443\u0447\u0448\u0438\u0445 \u0440\u0435\u0437\u0443\u043b\u044c\u0442\u0430\u0442\u043e\u0432 \u0440\u0435\u043a\u043e\u043c\u0435\u043d\u0434\u0443\u0435\u0442\u0441\u044f \u0434\u043e\u0431\u0430\u0432\u043b\u044f\u0442\u044c Sano Anti Kalk \u043f\u0440\u0438 \u043a\u0430\u0436\u0434\u043e\u0439 \u0437\u0430\u0433\u0440\u0443\u0437\u043a\u0435 \u0431\u0435\u043b\u044c\u044f.<br \/>\n\u0421\u0440\u0435\u0434\u0441\u0442\u0432\u043e \u0434\u043b\u044f \u0443\u0434\u0430\u043b\u0435\u043d\u0438\u044f \u043d\u0430\u043a\u0438\u043f\u0438 \u0432 \u0441\u0442\u0438\u0440\u0430\u043b\u044c\u043d\u044b\u0445 \u043c\u0430\u0448\u0438\u043d\u0430\u0445 Sano Anti Kalk \u0431\u044b\u043b\u043e \u043e\u0442\u043c\u0435\u0447\u0435\u043d\u043e \u043d\u0430\u0433\u0440\u0430\u0434\u043e\u0439 \u0418\u0437\u0440\u0430\u0438\u043b\u044c\u0441\u043a\u043e\u0433\u043e \u0418\u043d\u0441\u0442\u0438\u0442\u0443\u0442\u0430 \u0421\u0442\u0430\u043d\u0434\u0430\u0440\u0442\u043e\u0432 Platinum Mark.<br \/>\n\u0421\u043f\u043e\u0441\u043e\u0431 \u043f\u0440\u0438\u043c\u0435\u043d\u0435\u043d\u0438\u044f:<br \/>\n \u2022 \u0412\u044b\u043b\u0438\u0442\u044c \u0432\u0441\u0435 \u0441\u043e\u0434\u0435\u0440\u0436\u0438\u043c\u043e\u0435 \u043e\u0434\u043d\u043e\u0439 \u0431\u0443\u0442\u044b\u043b\u043a\u0438 \u0432 \u043f\u0443\u0441\u0442\u043e\u0439 \u0431\u0430\u0440\u0430\u0431\u0430\u043d \u0441\u0442\u0438\u0440\u0430\u043b\u044c\u043d\u043e\u0439 \u043c\u0430\u0448\u0438\u043d\u044b<br \/>\n \u2022 \u0417\u0430\u043f\u0443\u0441\u0442\u0438\u0442\u044c \u043c\u0430\u0448\u0438\u043d\u0443 \u0432 \u0441\u0430\u043c\u043e\u043c \u043a\u043e\u0440\u043e\u0442\u043a\u043e\u043c \u0440\u0435\u0436\u0438\u043c\u0435 \u0441\u0442\u0438\u0440\u043a\u0438 \u0431\u0435\u0437 \u0431\u0435\u043b\u044c\u044f<br \/>\n \u2022 \u0414\u0430\u0442\u044c \u043e\u0442\u0440\u0430\u0431\u043e\u0442\u0430\u0442\u044c \u043f\u043e\u043b\u043d\u0443\u044e \u043f\u0440\u043e\u0433\u0440\u0430\u043c\u043c\u0443<\/p>\n<p>\u0421\u0440\u0435\u0434\u0441\u0442\u0432\u043e \u043c\u0430\u043a\u0441\u0438\u043c\u0430\u043b\u044c\u043d\u043e \u044d\u0444\u0444\u0435\u043a\u0442\u0438\u0432\u043d\u043e \u043f\u0440\u0438 30\u00b0 \u0421.<br \/>\n\u041e\u0431\u044a\u0435\u043c: 500 \u043c\u043b<span id=\"copyinfo\">[trim][:ro_RO]Produse pentru detartare Sano Anti Kalk pentru ma\u0219ini de sp\u0103lat &#8211; un produs revolu\u021bionar pentru cur\u0103\u021barea rapid\u0103 \u0219i eficient\u0103 a elementelor de \u00eenc\u0103lzire a ma\u0219inii de sp\u0103lat.<br \/>\nMijloace pentru a preveni formarea de calcar, prelunge\u0219te durata de via\u021b\u0103 a ma\u0219inii de sp\u0103lat.<br \/>\nEste de asemenea potrivit pentru utilizarea \u00een ma\u0219ini de sp\u0103lat vase.<br \/>\nMetoda de aplicare:<br \/>\nSe toarn\u0103 \u00eentregul con\u021binut dintr-o sticl\u0103 \u00een cuva ma\u0219inii de sp\u0103lat<br \/>\nPorni\u021bi ma\u0219ina de sp\u0103lat la cel mai scurt timp f\u0103r\u0103 rufe<br \/>\nCiti\u021bi instruc\u021biunile pe ambalaj.<br \/>\nMijlocul cel mai eficient la 30 \u00b0 C<\/p>\n","protected":false},"excerpt":{"rendered":"<p>[:ru_RU]\u0421\u0440\u0435\u0434\u0441\u0442\u0432\u043e \u0434\u043b\u044f \u0443\u0434\u0430\u043b\u0435\u043d\u0438\u044f \u0438\u0437\u0432\u0435\u0441\u0442\u043a\u043e\u0432\u043e\u0433\u043e \u043d\u0430\u043b\u0435\u0442\u0430 Sano Anti Kalk For Washing Machines \u2013 \u0440\u0435\u0432\u043e\u043b\u044e\u0446\u0438\u043e\u043d\u043d\u044b\u0439 \u043f\u0440\u043e\u0434\u0443\u043a\u0442 \u0434\u043b\u044f \u0431\u044b\u0441\u0442\u0440\u043e\u0439 \u0438 \u044d\u0444\u0444\u0435\u043a\u0442\u0438\u0432\u043d\u043e\u0439 \u043e\u0447\u0438\u0441\u0442\u043a\u0438 \u043d\u0430\u0433\u0440\u0435\u0432\u0430\u0442\u0435\u043b\u044c\u043d\u044b\u0445 \u044d\u043b\u0435\u043c\u0435\u043d\u0442\u043e\u0432 \u0430\u0432\u0442\u043e\u043c\u0430\u0442\u0438\u0447\u0435\u0441\u043a\u0438\u0445 \u0441\u0442\u0438\u0440\u0430\u043b\u044c\u043d\u044b\u0445 \u043c\u0430\u0448\u0438\u043d \u043e\u0442 \u043d\u0430\u043a\u0438\u043f\u0438. \u0421\u0440\u0435\u0434\u0441\u0442\u0432\u043e \u043f\u0440\u0435\u0434\u043e\u0442\u0432\u0440\u0430\u0449\u0430\u0435\u0442 \u043e\u0431\u0440\u0430\u0437\u043e\u0432\u0430\u043d\u0438\u0435 \u043d\u0430\u043a\u0438\u043f\u0438, \u043e\u0431\u0435\u0441\u043f\u0435\u0447\u0438\u0432\u0430\u0435\u0442 \u0431\u043e\u043b\u0435\u0435 \u044d\u0444\u0444\u0435\u043a\u0442\u0438\u0432\u043d\u0443\u044e \u0441\u0442\u0438\u0440\u043a\u0443 \u0431\u0435\u043b\u044c\u044f \u0438 \u043f\u0440\u043e\u0434\u043b\u0435\u0432\u0430\u0435\u0442 \u0441\u0440\u043e\u043a \u0441\u043b\u0443\u0436\u0431\u044b \u0441\u0442\u0438\u0440\u0430\u043b\u044c\u043d\u043e\u0439 \u043c\u0430\u0448\u0438\u043d\u044b. \u041f\u043e\u0434\u0445\u043e\u0434\u0438\u0442 \u0442\u0430\u043a\u0436\u0435 \u0434\u043b\u044f \u043f\u043e\u0441\u0443\u0434\u043e\u043c\u043e\u0435\u0447\u043d\u044b\u0445 \u043c\u0430\u0448\u0438\u043d. \u0414\u043b\u044f \u0434\u043e\u0441\u0442\u0438\u0436\u0435\u043d\u0438\u044f \u043b\u0443\u0447\u0448\u0438\u0445 \u0440\u0435\u0437\u0443\u043b\u044c\u0442\u0430\u0442\u043e\u0432 \u0440\u0435\u043a\u043e\u043c\u0435\u043d\u0434\u0443\u0435\u0442\u0441\u044f \u0434\u043e\u0431\u0430\u0432\u043b\u044f\u0442\u044c Sano Anti Kalk [&hellip;]<\/p>\n","protected":false},"featured_media":42676,"comment_status":"open","ping_status":"closed","template":"","meta":{"_acf_changed":false},"product_brand":[],"product_cat":[6742],"product_tag":[],"class_list":{"0":"post-42677","1":"product","2":"type-product","3":"status-publish","4":"has-post-thumbnail","6":"product_cat-ru_ru-smjagchiteli-vody-tri","8":"first","9":"instock","10":"shipping-taxable","11":"purchasable","12":"product-type-simple"},"acf":[],"_links":{"self":[{"href":"https:\/\/minimax.md\/ru\/wp-json\/wp\/v2\/product\/42677","targetHints":{"allow":["GET"]}}],"collection":[{"href":"https:\/\/minimax.md\/ru\/wp-json\/wp\/v2\/product"}],"about":[{"href":"https:\/\/minimax.md\/ru\/wp-json\/wp\/v2\/types\/product"}],"replies":[{"embeddable":true,"href":"https:\/\/minimax.md\/ru\/wp-json\/wp\/v2\/comments?post=42677"}],"version-history":[{"count":0,"href":"https:\/\/minimax.md\/ru\/wp-json\/wp\/v2\/product\/42677\/revisions"}],"wp:featuredmedia":[{"embeddable":true,"href":"https:\/\/minimax.md\/ru\/wp-json\/wp\/v2\/media\/42676"}],"wp:attachment":[{"href":"https:\/\/minimax.md\/ru\/wp-json\/wp\/v2\/media?parent=42677"}],"wp:term":[{"taxonomy":"product_brand","embeddable":true,"href":"https:\/\/minimax.md\/ru\/wp-json\/wp\/v2\/product_brand?post=42677"},{"taxonomy":"product_cat","embeddable":true,"href":"https:\/\/minimax.md\/ru\/wp-json\/wp\/v2\/product_cat?post=42677"},{"taxonomy":"product_tag","embeddable":true,"href":"https:\/\/minimax.md\/ru\/wp-json\/wp\/v2\/product_tag?post=42677"}],"curies":[{"name":"wp","href":"https:\/\/api.w.org\/{rel}","templated":true}]}}