{"id":42725,"date":"2023-11-28T13:12:24","date_gmt":"2023-11-28T10:12:24","guid":{"rendered":"https:\/\/minimax.md\/product\/42725.html"},"modified":"2024-02-21T09:03:28","modified_gmt":"2024-02-21T06:03:28","slug":"ru_ru-mattel-hot-wheels-trek-ohota-na-akulu-trim-ro_ro-mattel-hot-wheels-pist-v-n-toarea-de-rechini","status":"publish","type":"product","link":"https:\/\/minimax.md\/ru\/product\/42725.html","title":{"rendered":"Hot Wheels \u0422\u0440\u0435\u043a &quot;\u041e\u0445\u043e\u0442\u0430 \u043d\u0430 \u0430\u043a\u0443\u043b\u0443&quot;"},"content":{"rendered":"<p>[:ru_RU]\u0422\u0440\u0435\u043a Hot Wheels &#8220;\u041e\u0445\u043e\u0442\u0430 \u043d\u0430 \u0430\u043a\u0443\u043b\u0443&#8221;<br \/>\n\u0422\u0440\u0435\u043a &#8220;\u041e\u0445\u043e\u0442\u0430 \u043d\u0430 \u0430\u043a\u0443\u043b\u0443&#8221;\u2013 \u044d\u0442\u043e \u0442\u0440\u0435\u043a Hot Wheels \u0441 \u0434\u0432\u0443\u043c\u044f \u0431\u0430\u0441\u0441\u0435\u0439\u043d\u0430\u043c\u0438, \u0445\u043e\u043b\u043e\u0434\u043d\u043e\u0439 \u0438 \u0433\u043e\u0440\u044f\u0447\u0435\u0439 \u0432\u043e\u0434\u043e\u0439, \u043f\u043e\u043f\u0430\u0434\u0430\u044f \u0432 \u043a\u043e\u0442\u043e\u0440\u044b\u0439 \u043c\u0430\u0448\u0438\u043d\u043a\u0430 \u043c\u043e\u0436\u0435\u0442 \u0438\u0437\u043c\u0435\u043d\u044f\u0442\u044c \u0441\u0432\u043e\u0439 \u0446\u0432\u0435\u0442, \u0432 \u0437\u0430\u0432\u0438\u0441\u0438\u043c\u043e\u0441\u0442\u0438 \u043e\u0442 \u0442\u0435\u043c\u043f\u0435\u0440\u0430\u0442\u0443\u0440\u044b.<br \/>\n\u0413\u043e\u043d\u043a\u0430 \u0441 \u0432\u0435\u0440\u0445\u0443\u0448\u043a\u0438 \u0431\u0430\u0448\u043d\u0438 \u043e\u043f\u0430\u0441\u043d\u0430 \u043f\u043e\u043f\u0430\u0434\u0430\u043d\u0438\u0435\u043c \u0432 \u043f\u0430\u0441\u0442\u044c \u0430\u043a\u0443\u043b\u044b, \u043a\u043e\u0442\u043e\u0440\u0443\u044e \u043c\u043e\u0436\u043d\u043e \u043e\u0431\u043c\u0430\u043d\u0443\u0432 \u043b\u0438\u0448\u044c \u0441\u043c\u0435\u043d\u0438\u0432 \u0446\u0432\u0435\u0442 \u0430\u0432\u0442\u043e\u043c\u043e\u0431\u0438\u043b\u044f.<br \/>\n\u0412 \u043a\u043e\u043c\u043f\u043b\u0435\u043a\u0442\u0435: \u0442\u0440\u0435\u043a, \u043c\u0430\u0448\u0438\u043d\u043a\u0430<\/p>\n<p><iframe title=\"Shark Escape | @HotWheels\" width=\"640\" height=\"360\" src=\"https:\/\/www.youtube.com\/embed\/u1jAF0ZYv58?feature=oembed\" frameborder=\"0\" allow=\"accelerometer; autoplay; clipboard-write; encrypted-media; gyroscope; picture-in-picture; web-share\" referrerpolicy=\"strict-origin-when-cross-origin\" allowfullscreen><\/iframe>[trim][:ro_RO]<\/p>\n<p lang=\"zxx\">Pista Mattel Hot Wheels &#8220;V\u00een\u0103toarea de Rechini&#8221; Cunoa\u0219te viteza, dar ai grij\u0103 nu cumva s\u0103 ajungi cu ma\u0219ina \u00een din\u021bii rechinului! Acest set fantastic ofer\u0103 multe surprize ma\u0219inei tale, pe care la fel o g\u0103se\u0219ti \u00een set. Pune ma\u0219ina \u00een lift ca s\u0103 ajungi \u00een piscin\u0103 pentru a-i schimba culoarea, dup\u0103 aceea s\u0103 inceap\u0103 distrac\u021bia! Setul este compatibil cu \u00eentregul set Hot Wheels, deci po\u021bi s\u0103 construie\u0219ti chiar un ora\u0219 intreg pentru tine. Pune \u00eentr-o piscin\u0103 ap\u0103 cald\u0103, iar \u00een cealalt\u0103 rece \u0219i fii atent cum ma\u0219ina i\u0219i schimb\u0103 culoarea.<\/p>\n<p lang=\"zxx\">Caracteristici: &#8211; 1 ma\u0219ina care \u00ee\u0219i schimb\u0103 culoarea &#8211; lift pan\u0103 la piscin\u0103 &#8211; platforma pentru spate &#8211; platforma rechin &#8211; rechinul prinde ma\u0219ina dac\u0103 nu e\u0219ti atent &#8211; piscina de jos .<\/p>\n<p><iframe title=\"Shark Escape | @HotWheels\" width=\"640\" height=\"360\" src=\"https:\/\/www.youtube.com\/embed\/u1jAF0ZYv58?feature=oembed\" frameborder=\"0\" allow=\"accelerometer; autoplay; clipboard-write; encrypted-media; gyroscope; picture-in-picture; web-share\" referrerpolicy=\"strict-origin-when-cross-origin\" allowfullscreen><\/iframe><\/p>\n","protected":false},"excerpt":{"rendered":"<p>[:ru_RU]\u0422\u0440\u0435\u043a Hot Wheels &#8220;\u041e\u0445\u043e\u0442\u0430 \u043d\u0430 \u0430\u043a\u0443\u043b\u0443&#8221; \u0422\u0440\u0435\u043a &#8220;\u041e\u0445\u043e\u0442\u0430 \u043d\u0430 \u0430\u043a\u0443\u043b\u0443&#8221;\u2013 \u044d\u0442\u043e \u0442\u0440\u0435\u043a Hot Wheels \u0441 \u0434\u0432\u0443\u043c\u044f \u0431\u0430\u0441\u0441\u0435\u0439\u043d\u0430\u043c\u0438, \u0445\u043e\u043b\u043e\u0434\u043d\u043e\u0439 \u0438 \u0433\u043e\u0440\u044f\u0447\u0435\u0439 \u0432\u043e\u0434\u043e\u0439, \u043f\u043e\u043f\u0430\u0434\u0430\u044f \u0432 \u043a\u043e\u0442\u043e\u0440\u044b\u0439 \u043c\u0430\u0448\u0438\u043d\u043a\u0430 \u043c\u043e\u0436\u0435\u0442 \u0438\u0437\u043c\u0435\u043d\u044f\u0442\u044c \u0441\u0432\u043e\u0439 \u0446\u0432\u0435\u0442, \u0432 \u0437\u0430\u0432\u0438\u0441\u0438\u043c\u043e\u0441\u0442\u0438 \u043e\u0442 \u0442\u0435\u043c\u043f\u0435\u0440\u0430\u0442\u0443\u0440\u044b. \u0413\u043e\u043d\u043a\u0430 \u0441 \u0432\u0435\u0440\u0445\u0443\u0448\u043a\u0438 \u0431\u0430\u0448\u043d\u0438 \u043e\u043f\u0430\u0441\u043d\u0430 \u043f\u043e\u043f\u0430\u0434\u0430\u043d\u0438\u0435\u043c \u0432 \u043f\u0430\u0441\u0442\u044c \u0430\u043a\u0443\u043b\u044b, \u043a\u043e\u0442\u043e\u0440\u0443\u044e \u043c\u043e\u0436\u043d\u043e \u043e\u0431\u043c\u0430\u043d\u0443\u0432 \u043b\u0438\u0448\u044c \u0441\u043c\u0435\u043d\u0438\u0432 \u0446\u0432\u0435\u0442 \u0430\u0432\u0442\u043e\u043c\u043e\u0431\u0438\u043b\u044f. \u0412 \u043a\u043e\u043c\u043f\u043b\u0435\u043a\u0442\u0435: \u0442\u0440\u0435\u043a, \u043c\u0430\u0448\u0438\u043d\u043a\u0430 [trim][:ro_RO] Pista [&hellip;]<\/p>\n","protected":false},"featured_media":42722,"comment_status":"open","ping_status":"closed","template":"","meta":{"_acf_changed":false},"product_brand":[],"product_cat":[6725],"product_tag":[],"class_list":{"0":"post-42725","1":"product","2":"type-product","3":"status-publish","4":"has-post-thumbnail","6":"product_cat-ru_ru-avtoralli-trim-ro_ro","8":"first","9":"instock","10":"shipping-taxable","11":"purchasable","12":"product-type-simple"},"acf":[],"_links":{"self":[{"href":"https:\/\/minimax.md\/ru\/wp-json\/wp\/v2\/product\/42725","targetHints":{"allow":["GET"]}}],"collection":[{"href":"https:\/\/minimax.md\/ru\/wp-json\/wp\/v2\/product"}],"about":[{"href":"https:\/\/minimax.md\/ru\/wp-json\/wp\/v2\/types\/product"}],"replies":[{"embeddable":true,"href":"https:\/\/minimax.md\/ru\/wp-json\/wp\/v2\/comments?post=42725"}],"version-history":[{"count":0,"href":"https:\/\/minimax.md\/ru\/wp-json\/wp\/v2\/product\/42725\/revisions"}],"wp:featuredmedia":[{"embeddable":true,"href":"https:\/\/minimax.md\/ru\/wp-json\/wp\/v2\/media\/42722"}],"wp:attachment":[{"href":"https:\/\/minimax.md\/ru\/wp-json\/wp\/v2\/media?parent=42725"}],"wp:term":[{"taxonomy":"product_brand","embeddable":true,"href":"https:\/\/minimax.md\/ru\/wp-json\/wp\/v2\/product_brand?post=42725"},{"taxonomy":"product_cat","embeddable":true,"href":"https:\/\/minimax.md\/ru\/wp-json\/wp\/v2\/product_cat?post=42725"},{"taxonomy":"product_tag","embeddable":true,"href":"https:\/\/minimax.md\/ru\/wp-json\/wp\/v2\/product_tag?post=42725"}],"curies":[{"name":"wp","href":"https:\/\/api.w.org\/{rel}","templated":true}]}}