{"id":42757,"date":"2023-11-28T13:12:33","date_gmt":"2023-11-28T10:12:33","guid":{"rendered":"https:\/\/minimax.md\/product\/42757.html"},"modified":"2023-11-28T13:30:00","modified_gmt":"2023-11-28T10:30:00","slug":"ru_ru-fisher-price-sestrichka-umnogo-shhenka-rum-trim-ro_ro-fisher-price-surioara-inteligent-smart-stages-rom","status":"publish","type":"product","link":"https:\/\/minimax.md\/ru\/product\/42757.html","title":{"rendered":"Fisher Price \u0421\u0435\u0441\u0442\u0440\u0438\u0447\u043a\u0430 \u0423\u043c\u043d\u043e\u0433\u043e \u0429\u0435\u043d\u043a\u0430, \u0440\u0443\u043c."},"content":{"rendered":"<p>[:ru_RU]\u041c\u044f\u0433\u043a\u0430\u044f \u0421\u0435\u0441\u0442\u0440\u0438\u0447\u043a\u0430 \u0429\u0435\u043d\u043a\u0430 \u0433\u043e\u0442\u043e\u0432\u0430 \u0443\u0447\u0438\u0442\u044c\u0441\u044f \u0432\u043c\u0435\u0441\u0442\u0435 \u0441 \u043c\u0430\u043b\u044b\u0448\u043e\u043c! \u041e\u043d\u0430 \u0440\u0435\u0430\u0433\u0438\u0440\u0443\u0435\u0442 \u043d\u0430 \u043f\u0440\u0438\u043a\u043e\u0441\u043d\u043e\u0432\u0435\u043d\u0438\u0435 \u043c\u0430\u043b\u044b\u0448\u0430, \u0430\u043a\u0442\u0438\u0432\u0438\u0440\u0443\u044f \u0443\u0432\u043b\u0435\u043a\u0430\u0442\u0435\u043b\u044c\u043d\u044b\u0435 \u043f\u0435\u0441\u0435\u043d\u043a\u0438 \u0438 \u0444\u0440\u0430\u0437\u044b, \u043a\u043e\u0442\u043e\u0440\u044b\u0435 \u0437\u043d\u0430\u043a\u043e\u043c\u044f\u0442 \u0441 \u0431\u043e\u043b\u0435\u0435 \u0447\u0435\u043c 100 \u0441\u043b\u043e\u0432\u0430\u043c\u0438, \u043d\u0430\u0437\u0432\u0430\u043d\u0438\u044f\u043c\u0438 \u0447\u0430\u0441\u0442\u0435\u0439 \u0442\u0435\u043b\u0430, \u0446\u0432\u0435\u0442\u0430\u043c\u0438, \u0444\u043e\u0440\u043c\u0430\u043c\u0438 \u0438 \u043d\u0435 \u0442\u043e\u043b\u044c\u043a\u043e! \u0410 \u043f\u043e\u0441\u043a\u043e\u043b\u044c\u043a\u0443 \u043a\u0430\u0436\u0434\u044b\u0439 \u043c\u0430\u043b\u044b\u0448 \u0440\u0430\u0437\u0432\u0438\u0432\u0430\u0435\u0442\u0441\u044f \u0441 \u0441\u043e\u0431\u0441\u0442\u0432\u0435\u043d\u043d\u043e\u0439 \u0441\u043a\u043e\u0440\u043e\u0441\u0442\u044c\u044e.<br \/>\n\u0421\u0435\u0441\u0442\u0440\u0438\u0447\u043a\u0430 \u043e\u0441\u043d\u0430\u0449\u0435\u043d\u0430 \u0442\u0435\u0445\u043d\u043e\u043b\u043e\u0433\u0438\u0435\u0439 Smart Stages, \u043a\u043e\u0442\u043e\u0440\u0430\u044f \u043f\u043e\u0437\u0432\u043e\u043b\u044f\u0435\u0442 \u0432\u044b\u0431\u0440\u0430\u0442\u044c \u043f\u043e\u0434\u0445\u043e\u0434\u044f\u0449\u0438\u0439 \u0443\u0440\u043e\u0432\u0435\u043d\u044c. \u0418\u0433\u0440\u0443\u0448\u043a\u0430 \u043f\u0440\u0435\u0434\u043b\u0430\u0433\u0430\u0435\u0442 \u0440\u0430\u0437\u043d\u043e\u043e\u0431\u0440\u0430\u0437\u043d\u044b\u0435 \u043f\u0435<br \/>\n\u0417\u043d\u0430\u043a\u043e\u043c\u044c\u0442\u0435\u0441\u044c \u0441 \u043e\u0431\u043d\u043e\u0432\u043b\u0451\u043d\u043d\u043e\u0439 \u043c\u044f\u0433\u043a\u043e\u0439 \u0438\u0433\u0440\u0443\u0448\u043a\u043e\u0439 Fisher-Price \u0421\u0435\u0441\u0442\u0440\u0438\u0447\u043a\u043e\u0439 \u0423\u043c\u043d\u043e\u0433\u043e \u0449\u0435\u043d\u043a\u0430 \u0434\u043b\u044f \u0434\u0435\u0442\u0435\u0439 \u0441 6 \u043c\u0435\u0441\u044f\u0446\u0435\u0432.<br \/>\n\u0421\u0435\u0441\u0442\u0440\u0438\u0447\u043a\u043e\u0439 \u0423\u043c\u043d\u043e\u0433\u043e \u0449\u0435\u043d\u043a\u0430 \u0440\u0435\u0430\u0433\u0438\u0440\u0443\u0435\u0442 \u043d\u0430 \u043f\u0440\u0438\u043a\u043e\u0441\u043d\u043e\u0432\u0435\u043d\u0438\u0435 \u043c\u0430\u043b\u044b\u0448\u0430, \u043f\u0440\u043e\u0438\u0437\u043d\u043e\u0441\u0438\u0442 \u0437\u0430\u0431\u0430\u0432\u043d\u044b\u0435 \u043f\u043e\u0433\u043e\u0432\u043e\u0440\u043a\u0438 \u0438 \u043f\u043e\u0435\u0442 \u0432\u0435\u0441\u0435\u043b\u044b\u0435 \u043f\u0435\u0441\u043d\u0438 \u043d\u0430 \u0440\u0443\u0441\u0441\u043a\u043e\u043c \u044f\u0437\u044b\u043a\u0435- \u043d\u0430\u043f\u0440\u0438\u043c\u0435\u0440: \u043c\u0438\u043b\u044b\u0435 \u043f\u0435\u0441\u0435\u043d\u043a\u0438 \u0434\u043b\u044f \u0434\u0435\u0432\u0443\u0448\u0435\u043a, \u0443\u0447\u0435\u0431\u043d\u044b\u0435 \u043f\u0435\u0441\u0435\u043d\u043a\u0438 \u0438 \u043c\u043d\u043e\u0433\u043e \u0434\u0440\u0443\u0433\u0438\u0445 \u0437\u0430\u043c\u0435\u0447\u0430\u0442\u0435\u043b\u044c\u043d\u044b\u0445 \u043f\u0435\u0441\u0435\u043d.<br \/>\n\u0421\u0435\u0440\u0434\u0435\u0447\u043a\u043e \u0421\u0435\u0441\u0442\u0440\u0438\u0447\u043a\u0438 \u0449\u0435\u043d\u043a\u0430 \u043c\u0438\u0433\u0430\u0435\u0442 \u0432 \u0442\u0430\u043a\u0442 \u043c\u0443\u0437\u044b\u043a\u0435!<br \/>\n\u0418\u0433\u0440\u0443\u0448\u043a\u0430 \u0438\u043c\u0435\u0435\u0442 \u0434\u0432\u0430 \u0438\u043d\u0442\u0435\u0440\u0430\u043a\u0442\u0438\u0432\u043d\u044b\u0435 \u0440\u0435\u0436\u0438\u043c\u044b \u0434\u043b\u044f \u0438\u0433\u0440\u044b.<br \/>\n\u041c\u0435\u043b\u043a\u0430\u044f \u043c\u043e\u0442\u043e\u0440\u0438\u043a\u0430: \u0441\u0435\u0440\u0434\u0446\u0435 \u0441\u043e \u0432\u0441\u0442\u0440\u043e\u0435\u043d\u043d\u044b\u043c\u0438 \u043e\u0433\u043e\u043d\u044c\u043a\u0430\u043c\u0438, \u043b\u0430\u043f\u043a\u0438, \u0436\u0438\u0432\u043e\u0442\u0438\u043a \u0438 \u0443\u0448\u043a\u0438 \u0449\u0435\u043d\u043a\u0430 \u0440\u0435\u0430\u0433\u0438\u0440\u0443\u044e\u0442 \u043d\u0430 \u043f\u0440\u0438\u043a\u043e\u0441\u043d\u043e\u0432\u0435\u043d\u0438\u0435 \u0440\u0435\u0431\u0435\u043d\u043a\u0430 \u0438 \u0440\u0430\u0437\u0432\u0438\u0432\u0430\u044e\u0442 \u0437\u0440\u0438\u0442\u0435\u043b\u044c\u043d\u043e-\u0434\u0432\u0438\u0433\u0430\u0442\u0435\u043b\u044c\u043d\u0443\u044e \u043a\u043e\u043e\u0440\u0434\u0438\u043d\u0430\u0446\u0438\u044e \u043c\u0430\u043b\u044b\u0448\u0430.<br \/>\n\u0421\u0435\u043d\u0441\u043e\u0440\u043d\u044b\u0435 \u043d\u0430\u0432\u044b\u043a\u0438[trim][:ro_RO]Catelusi este echipat cu tehnologia Smart Stages , care v\u0103 permite s\u0103 selecta\u021bi nivelul corespunz\u0103tor. Juc\u0103ria ofer\u0103 o varietate de c\u00e2ntece, expresii \u0219i sunete pe trei nivele ale jocului, care corespund nivelului de dezvoltare al copilului. Inima multicolor\u0103 a Sorei Lantern se aprinde \u00een timp cu muzica!<br \/>\nO prietena care se gudura si se bucura! Peste 75 de cantece, sunete, melodii si fraze.<br \/>\nCopilul invata: alfabetul, sa numere si multe altele.<br \/>\nContinutul educativ se modifica odata cu varsta si stadiul bebelusului!<br \/>\nNIVELUL 1: Explorare &#8211; peste 6 luni &#8211; Bebelusul poate apasa pe labe, picioare, burtica, inima sau urechea lui SIS pentru a auzi primele cuvinte, culori, litere, parti ale corpului si multe altele.<br \/>\nNIVELUL 2: Incurajare &#8211; peste 12 luni &#8211; La acest nivel frazele distractive ii recompenseaza pe cei mici in timp ce sunt incurajati sa cante impreuna, sa gaseasca culorile si sa identifice parti ale corpului.<br \/>\nNIVELUL 3: Imaginatie &#8211; peste 18 luni &#8211; SIS &#8220;prinde viata&#8221; pentru a canta cantece, sunete si fraze ca<\/p>\n","protected":false},"excerpt":{"rendered":"<p>[:ru_RU]\u041c\u044f\u0433\u043a\u0430\u044f \u0421\u0435\u0441\u0442\u0440\u0438\u0447\u043a\u0430 \u0429\u0435\u043d\u043a\u0430 \u0433\u043e\u0442\u043e\u0432\u0430 \u0443\u0447\u0438\u0442\u044c\u0441\u044f \u0432\u043c\u0435\u0441\u0442\u0435 \u0441 \u043c\u0430\u043b\u044b\u0448\u043e\u043c! \u041e\u043d\u0430 \u0440\u0435\u0430\u0433\u0438\u0440\u0443\u0435\u0442 \u043d\u0430 \u043f\u0440\u0438\u043a\u043e\u0441\u043d\u043e\u0432\u0435\u043d\u0438\u0435 \u043c\u0430\u043b\u044b\u0448\u0430, \u0430\u043a\u0442\u0438\u0432\u0438\u0440\u0443\u044f \u0443\u0432\u043b\u0435\u043a\u0430\u0442\u0435\u043b\u044c\u043d\u044b\u0435 \u043f\u0435\u0441\u0435\u043d\u043a\u0438 \u0438 \u0444\u0440\u0430\u0437\u044b, \u043a\u043e\u0442\u043e\u0440\u044b\u0435 \u0437\u043d\u0430\u043a\u043e\u043c\u044f\u0442 \u0441 \u0431\u043e\u043b\u0435\u0435 \u0447\u0435\u043c 100 \u0441\u043b\u043e\u0432\u0430\u043c\u0438, \u043d\u0430\u0437\u0432\u0430\u043d\u0438\u044f\u043c\u0438 \u0447\u0430\u0441\u0442\u0435\u0439 \u0442\u0435\u043b\u0430, \u0446\u0432\u0435\u0442\u0430\u043c\u0438, \u0444\u043e\u0440\u043c\u0430\u043c\u0438 \u0438 \u043d\u0435 \u0442\u043e\u043b\u044c\u043a\u043e! \u0410 \u043f\u043e\u0441\u043a\u043e\u043b\u044c\u043a\u0443 \u043a\u0430\u0436\u0434\u044b\u0439 \u043c\u0430\u043b\u044b\u0448 \u0440\u0430\u0437\u0432\u0438\u0432\u0430\u0435\u0442\u0441\u044f \u0441 \u0441\u043e\u0431\u0441\u0442\u0432\u0435\u043d\u043d\u043e\u0439 \u0441\u043a\u043e\u0440\u043e\u0441\u0442\u044c\u044e. \u0421\u0435\u0441\u0442\u0440\u0438\u0447\u043a\u0430 \u043e\u0441\u043d\u0430\u0449\u0435\u043d\u0430 \u0442\u0435\u0445\u043d\u043e\u043b\u043e\u0433\u0438\u0435\u0439 Smart Stages, \u043a\u043e\u0442\u043e\u0440\u0430\u044f \u043f\u043e\u0437\u0432\u043e\u043b\u044f\u0435\u0442 \u0432\u044b\u0431\u0440\u0430\u0442\u044c \u043f\u043e\u0434\u0445\u043e\u0434\u044f\u0449\u0438\u0439 \u0443\u0440\u043e\u0432\u0435\u043d\u044c. \u0418\u0433\u0440\u0443\u0448\u043a\u0430 \u043f\u0440\u0435\u0434\u043b\u0430\u0433\u0430\u0435\u0442 \u0440\u0430\u0437\u043d\u043e\u043e\u0431\u0440\u0430\u0437\u043d\u044b\u0435 \u043f\u0435 [&hellip;]<\/p>\n","protected":false},"featured_media":42752,"comment_status":"open","ping_status":"closed","template":"","meta":{"_acf_changed":false},"product_brand":[],"product_cat":[6709],"product_tag":[],"class_list":{"0":"post-42757","1":"product","2":"type-product","3":"status-publish","4":"has-post-thumbnail","6":"product_cat-ru_ru-interaktivnye-igrushk","8":"first","9":"instock","10":"shipping-taxable","11":"purchasable","12":"product-type-simple"},"acf":[],"_links":{"self":[{"href":"https:\/\/minimax.md\/ru\/wp-json\/wp\/v2\/product\/42757","targetHints":{"allow":["GET"]}}],"collection":[{"href":"https:\/\/minimax.md\/ru\/wp-json\/wp\/v2\/product"}],"about":[{"href":"https:\/\/minimax.md\/ru\/wp-json\/wp\/v2\/types\/product"}],"replies":[{"embeddable":true,"href":"https:\/\/minimax.md\/ru\/wp-json\/wp\/v2\/comments?post=42757"}],"version-history":[{"count":0,"href":"https:\/\/minimax.md\/ru\/wp-json\/wp\/v2\/product\/42757\/revisions"}],"wp:featuredmedia":[{"embeddable":true,"href":"https:\/\/minimax.md\/ru\/wp-json\/wp\/v2\/media\/42752"}],"wp:attachment":[{"href":"https:\/\/minimax.md\/ru\/wp-json\/wp\/v2\/media?parent=42757"}],"wp:term":[{"taxonomy":"product_brand","embeddable":true,"href":"https:\/\/minimax.md\/ru\/wp-json\/wp\/v2\/product_brand?post=42757"},{"taxonomy":"product_cat","embeddable":true,"href":"https:\/\/minimax.md\/ru\/wp-json\/wp\/v2\/product_cat?post=42757"},{"taxonomy":"product_tag","embeddable":true,"href":"https:\/\/minimax.md\/ru\/wp-json\/wp\/v2\/product_tag?post=42757"}],"curies":[{"name":"wp","href":"https:\/\/api.w.org\/{rel}","templated":true}]}}