{"id":42785,"date":"2023-11-28T13:12:36","date_gmt":"2023-11-28T10:12:36","guid":{"rendered":"https:\/\/minimax.md\/product\/42785.html"},"modified":"2024-02-21T09:04:04","modified_gmt":"2024-02-21T06:04:04","slug":"ru_ru-pilsan-detskoe-ograzhdenie-western-trim-ro_ro-pilsan-teren-pentru-joac-western","status":"publish","type":"product","link":"https:\/\/minimax.md\/ru\/product\/42785.html","title":{"rendered":"\u041e\u0433\u0440\u0430\u0436\u0434\u0435\u043d\u0438\u0435\/ \u0438\u0433\u0440\u043e\u0432\u043e\u0439 \u043c\u0430\u043d\u0435\u0436 \"Western\""},"content":{"rendered":"<p>[:ru_RU]\u041e\u0433\u0440\u0430\u0436\u0434\u0435\u043d\u0438\u0435 &#8220;Western&#8221; \u043f\u043e\u043c\u043e\u0436\u0435\u0442 \u043e\u0431\u0435\u0441\u043f\u0435\u0447\u0438\u0442\u044c \u0431\u0435\u0437\u043e\u043f\u0430\u0441\u043d\u043e\u0441\u0442\u044c \u0440\u0435\u0431\u0435\u043d\u043a\u0430 \u0438 \u043e\u0440\u0433\u0430\u043d\u0438\u0437\u043e\u0432\u0430\u0442\u044c \u043c\u0435\u0441\u0442\u043e \u0434\u043b\u044f \u0438\u0433\u0440. \u041c\u0430\u043d\u0435\u0436 \u0441\u043e\u0441\u0442\u043e\u0438\u0442 \u0438\u0437 10 \u0441\u0435\u043a\u0446\u0438\u0439 \u0440\u0430\u0437\u043d\u043e\u0433\u043e \u0446\u0432\u0435\u0442\u0430, \u0447\u0442\u043e \u0431\u043b\u0430\u0433\u043e\u043f\u0440\u0438\u044f\u0442\u043d\u043e \u0432\u043b\u0438\u044f\u0435\u0442 \u043d\u0430 \u0440\u0430\u0437\u0432\u0438\u0442\u0438\u0435 \u0443 \u0440\u0435\u0431\u0435\u043d\u043a\u0430 \u0446\u0432\u0435\u0442\u043e\u0432\u043e\u0433\u043e \u0432\u043e\u0441\u043f\u0440\u0438\u044f\u0442\u0438\u044f. \u041f\u0440\u043e\u0441\u0442\u043e\u0442\u0430 \u043a\u043e\u043d\u0441\u0442\u0440\u0443\u043a\u0446\u0438\u0438 \u043f\u043e\u0437\u0432\u043e\u043b\u044f\u0435\u0442 \u0431\u044b\u0441\u0442\u0440\u043e \u0438 \u043b\u0435\u0433\u043a\u043e \u0441\u043e\u0431\u0438\u0440\u0430\u0442\u044c \u043e\u0433\u0440\u0430\u0436\u0434\u0435\u043d\u0438\u0435 \u0438 \u0440\u0430\u0437\u0431\u0438\u0440\u0430\u0442\u044c \u0435\u0433\u043e. \u041a\u0440\u043e\u043c\u0435 \u0442\u043e\u0433\u043e, \u043e\u0442\u0434\u0435\u043b\u044c\u043d\u044b\u0435 \u0441\u0435\u0433\u043c\u0435\u043d\u0442\u044b \u0437\u0430\u0431\u043e\u0440\u0447\u0438\u043a\u0430 \u043c\u043e\u0436\u043d\u043e \u0438\u0441\u043f\u043e\u043b\u044c\u0437\u043e\u0432\u0430\u0442\u044c \u0432 \u043a\u0430\u0447\u0435\u0441\u0442\u0432\u0435 \u0430\u043a\u0441\u0435\u0441\u0441\u0443\u0430\u0440\u043e\u0432 \u043a \u0433\u043e\u0440\u043a\u0430\u043c, \u0438\u0433\u0440\u043e\u0432\u044b\u043c \u043a\u043e\u043c\u043f\u043b\u0435\u043a\u0441\u0430\u043c \u0438 \u0434\u0435\u0442\u0441\u043a\u0438\u043c \u0434\u043e\u043c\u0438\u043a\u0430\u043c. \u041a\u0443\u043f\u0438\u0442\u0435 \u043d\u0435\u0441\u043a\u043e\u043b\u044c\u043a\u043e \u043a\u043e\u043c\u043f\u043b\u0435\u043a\u0442\u043e\u0432 \u0438 \u0441\u043e\u0431\u0435\u0440\u0438\u0442\u0435 \u0434\u043b\u0438\u043d\u043d\u044b\u0439 \u0437\u0430\u0431\u043e\u0440\u0447\u0438\u043a \u043d\u0430 \u0438\u0433\u0440\u043e\u0432\u043e\u0439 \u043f\u043b\u043e\u0449\u0430\u0434\u043a\u0438 \u0438\u043b\u0438 \u0448\u0438\u0440\u043e\u043a\u0438\u0439 \u043a\u043e\u043d\u0442\u0443\u0440 \u0434\u043b\u044f \u0431\u043e\u043b\u044c\u0448\u043e\u0433\u043e \u0441\u0443\u0445\u043e\u0433\u043e \u0431\u0430\u0441\u0441\u0435\u0439\u043d\u0430 (\u0437\u0430\u043f\u043e\u043b\u043d\u044f\u0435\u0442\u0441\u044f \u043f\u043b\u0430\u0441\u0442\u0438\u043a\u043e\u0432\u044b\u043c\u0438 \u0448\u0430\u0440\u0438\u043a\u0430\u043c\u0438).<\/p>\n<p> \t\u0420\u0435\u043a\u043e\u043c\u0435\u043d\u0434\u0443\u0435\u043c\u044b\u0439 \u0432\u043e\u0437\u0440\u0430\u0441\u0442: 1+<br \/>\n \t\u041f\u0440\u0435\u0434\u043d\u0430\u0437\u043d\u0430\u0447\u0435\u043d\u0430 \u0434\u043b\u044f \u0438\u0441\u043f\u043e\u043b\u044c\u0437\u043e\u0432\u0430\u043d\u0438\u044f \u0432 \u043e\u0442\u043a\u0440\u044b\u0442\u044b\u0445 \u0438 \u0437\u0430\u043a\u0440\u044b\u0442\u044b\u0445 \u043f\u043e\u043c\u0435\u0449\u0435\u043d\u0438\u044f\u0445<br \/>\n \t\u041f\u0440\u043e\u0447\u043d\u044b\u0439 \u0438 \u043d\u0430\u0434\u0435\u0436\u043d\u044b\u0439<br \/>\n \t\u041f\u0440\u0438\u0432\u043b\u0435\u043a\u0430\u0442\u0435\u043b\u044c\u043d\u044b\u0439 \u0434\u0438\u0437\u0430\u0439\u043d<br \/>\n \t\u0412\u044b\u0441\u043e\u043a\u043e\u043a\u0430\u0447\u0435\u0441\u0442\u0432\u0435\u043d\u043d\u043e\u0435 \u0441\u044b\u0440\u044c\u0435, \u043a\u043e\u0442\u043e\u0440\u043e\u0435 \u043d\u0435 \u0441\u043e\u0434\u0435\u0440\u0436\u0438\u0442 \u043a\u0430\u043d\u0446\u0435\u0440\u043e\u0433\u0435\u043d\u043d\u044b\u0445 \u0432\u0435\u0449\u0435\u0441\u0442\u0432[trim][:ro_RO]<strong>Gardul \u00abWestern\u00bb<\/strong> ofer\u0103 siguran\u021ba copilului \u0219i ajut\u0103 la organizarea locului de joac\u0103. Tarcul este format din 10 sec\u021biuni de diferite culori, ceea ce favorizeaz\u0103 pentru copii dezvoltarea percep\u021biei culorilor. Simplitatea designului v\u0103 permite s\u0103 asambla\u021bi \u0219i s\u0103 dezasambla\u021bi gardul rapid \u0219i f\u0103r\u0103 efort. \u00cen plus, segmentele individuale ale gardului pot fi utilizate ca accesorii pentru tobogane, locuri de joac\u0103 \u0219i c\u0103su\u021be pentru copii. Procura\u021bi mai multe seturi \u0219i asambla\u021bi un gard larg pentru terenul de joac\u0103 sau pute\u021bi forma o piscin\u0103 uscat\u0103 mare (umplut\u0103 cu bile de plastic).<\/p>\n<ul>\n<li>V\u00e2rsta recomandat\u0103: 1+ ani<\/li>\n<li>Poate fi folosit in interior \u0219i exterior<\/li>\n<li>Durabil \u0219i fiabil<\/li>\n<li>Design ergonomic \u0219i atractiv<\/li>\n<li>Materie prim\u0103 de cea mai \u00eenalt\u0103 calitate ce nu con\u021bine substan\u021be cancerigene<\/li>\n<\/ul>\n","protected":false},"excerpt":{"rendered":"<p>[:ru_RU]\u041e\u0433\u0440\u0430\u0436\u0434\u0435\u043d\u0438\u0435 &#8220;Western&#8221; \u043f\u043e\u043c\u043e\u0436\u0435\u0442 \u043e\u0431\u0435\u0441\u043f\u0435\u0447\u0438\u0442\u044c \u0431\u0435\u0437\u043e\u043f\u0430\u0441\u043d\u043e\u0441\u0442\u044c \u0440\u0435\u0431\u0435\u043d\u043a\u0430 \u0438 \u043e\u0440\u0433\u0430\u043d\u0438\u0437\u043e\u0432\u0430\u0442\u044c \u043c\u0435\u0441\u0442\u043e \u0434\u043b\u044f \u0438\u0433\u0440. \u041c\u0430\u043d\u0435\u0436 \u0441\u043e\u0441\u0442\u043e\u0438\u0442 \u0438\u0437 10 \u0441\u0435\u043a\u0446\u0438\u0439 \u0440\u0430\u0437\u043d\u043e\u0433\u043e \u0446\u0432\u0435\u0442\u0430, \u0447\u0442\u043e \u0431\u043b\u0430\u0433\u043e\u043f\u0440\u0438\u044f\u0442\u043d\u043e \u0432\u043b\u0438\u044f\u0435\u0442 \u043d\u0430 \u0440\u0430\u0437\u0432\u0438\u0442\u0438\u0435 \u0443 \u0440\u0435\u0431\u0435\u043d\u043a\u0430 \u0446\u0432\u0435\u0442\u043e\u0432\u043e\u0433\u043e \u0432\u043e\u0441\u043f\u0440\u0438\u044f\u0442\u0438\u044f. \u041f\u0440\u043e\u0441\u0442\u043e\u0442\u0430 \u043a\u043e\u043d\u0441\u0442\u0440\u0443\u043a\u0446\u0438\u0438 \u043f\u043e\u0437\u0432\u043e\u043b\u044f\u0435\u0442 \u0431\u044b\u0441\u0442\u0440\u043e \u0438 \u043b\u0435\u0433\u043a\u043e \u0441\u043e\u0431\u0438\u0440\u0430\u0442\u044c \u043e\u0433\u0440\u0430\u0436\u0434\u0435\u043d\u0438\u0435 \u0438 \u0440\u0430\u0437\u0431\u0438\u0440\u0430\u0442\u044c \u0435\u0433\u043e. \u041a\u0440\u043e\u043c\u0435 \u0442\u043e\u0433\u043e, \u043e\u0442\u0434\u0435\u043b\u044c\u043d\u044b\u0435 \u0441\u0435\u0433\u043c\u0435\u043d\u0442\u044b \u0437\u0430\u0431\u043e\u0440\u0447\u0438\u043a\u0430 \u043c\u043e\u0436\u043d\u043e \u0438\u0441\u043f\u043e\u043b\u044c\u0437\u043e\u0432\u0430\u0442\u044c \u0432 \u043a\u0430\u0447\u0435\u0441\u0442\u0432\u0435 \u0430\u043a\u0441\u0435\u0441\u0441\u0443\u0430\u0440\u043e\u0432 \u043a \u0433\u043e\u0440\u043a\u0430\u043c, \u0438\u0433\u0440\u043e\u0432\u044b\u043c \u043a\u043e\u043c\u043f\u043b\u0435\u043a\u0441\u0430\u043c \u0438 \u0434\u0435\u0442\u0441\u043a\u0438\u043c \u0434\u043e\u043c\u0438\u043a\u0430\u043c. [&hellip;]<\/p>\n","protected":false},"featured_media":42779,"comment_status":"open","ping_status":"closed","template":"","meta":{"_acf_changed":false},"product_brand":[],"product_cat":[6705],"product_tag":[],"class_list":{"0":"post-42785","1":"product","2":"type-product","3":"status-publish","4":"has-post-thumbnail","6":"product_cat-ru_ru-igrovaja-ploshhadka-t","8":"first","9":"instock","10":"shipping-taxable","11":"purchasable","12":"product-type-simple"},"acf":[],"_links":{"self":[{"href":"https:\/\/minimax.md\/ru\/wp-json\/wp\/v2\/product\/42785","targetHints":{"allow":["GET"]}}],"collection":[{"href":"https:\/\/minimax.md\/ru\/wp-json\/wp\/v2\/product"}],"about":[{"href":"https:\/\/minimax.md\/ru\/wp-json\/wp\/v2\/types\/product"}],"replies":[{"embeddable":true,"href":"https:\/\/minimax.md\/ru\/wp-json\/wp\/v2\/comments?post=42785"}],"version-history":[{"count":0,"href":"https:\/\/minimax.md\/ru\/wp-json\/wp\/v2\/product\/42785\/revisions"}],"wp:featuredmedia":[{"embeddable":true,"href":"https:\/\/minimax.md\/ru\/wp-json\/wp\/v2\/media\/42779"}],"wp:attachment":[{"href":"https:\/\/minimax.md\/ru\/wp-json\/wp\/v2\/media?parent=42785"}],"wp:term":[{"taxonomy":"product_brand","embeddable":true,"href":"https:\/\/minimax.md\/ru\/wp-json\/wp\/v2\/product_brand?post=42785"},{"taxonomy":"product_cat","embeddable":true,"href":"https:\/\/minimax.md\/ru\/wp-json\/wp\/v2\/product_cat?post=42785"},{"taxonomy":"product_tag","embeddable":true,"href":"https:\/\/minimax.md\/ru\/wp-json\/wp\/v2\/product_tag?post=42785"}],"curies":[{"name":"wp","href":"https:\/\/api.w.org\/{rel}","templated":true}]}}