{"id":42793,"date":"2023-11-28T13:12:36","date_gmt":"2023-11-28T10:12:36","guid":{"rendered":"https:\/\/minimax.md\/product\/42793.html"},"modified":"2024-03-13T00:17:06","modified_gmt":"2024-03-12T21:17:06","slug":"ru_ru-pilsan-mashinka-s-logicheskimi-formami-trim-ro_ro-pilsan-masin-cu-forme-logice","status":"publish","type":"product","link":"https:\/\/minimax.md\/ru\/product\/42793.html","title":{"rendered":"\u041c\u0430\u0448\u0438\u043d\u0430 - \u0441\u043e\u0440\u0442\u0435\u0440 \u0441 \u0433\u0435\u043e\u043c\u0435\u0442\u0440\u0438\u0447\u0435\u0441\u043a\u0438\u043c\u0438 \u0444\u0438\u0433\u0443\u0440\u0430\u043c\u0438"},"content":{"rendered":"<p>[:ru_RU]\u0420\u0430\u0437\u0432\u0438\u0432\u0430\u044e\u0449\u0430\u044f \u0438\u0433\u0440\u0443\u0448\u043a\u0430 \u041c\u0430\u0448\u0438\u043d\u0430 &#8211; \u0441\u043e\u0440\u0442\u0435\u0440 \u0441 \u0433\u0435\u043e\u043c\u0435\u0442\u0440\u0438\u0447\u0435\u0441\u043a\u0438\u043c\u0438 \u0444\u0438\u0433\u0443\u0440\u0430\u043c\u0438 \u043f\u043e\u0437\u043d\u0430\u043a\u043e\u043c\u0438\u0442 \u0440\u0435\u0431\u0451\u043d\u043a\u0430 \u0441 \u0432\u0438\u0434\u0430\u043c\u0438 \u043e\u0431\u044a\u0451\u043c\u043d\u044b\u0445 \u0433\u0435\u043e\u043c\u0435\u0442\u0440\u0438\u0447\u0435\u0441\u043a\u0438\u0445 \u0444\u0438\u0433\u0443\u0440, \u043d\u0430\u0443\u0447\u0438\u0442 \u0441\u0440\u0430\u0432\u043d\u0438\u0432\u0430\u0442\u044c \u0444\u043e\u0440\u043c\u0443 \u043f\u0440\u0435\u0434\u043c\u0435\u0442\u0430. \u0420\u0430\u0437\u043d\u043e\u0446\u0432\u0435\u0442\u043d\u044b\u0435 \u0444\u0438\u0433\u0443\u0440\u043a\u0438 \u043c\u043e\u0436\u043d\u043e \u0438\u0441\u043f\u043e\u043b\u044c\u0437\u043e\u0432\u0430\u0442\u044c \u0434\u043b\u044f \u0437\u043d\u0430\u043a\u043e\u043c\u0441\u0442\u0432\u0430 \u0440\u0435\u0431\u0451\u043d\u043a\u0430 \u0441 \u043e\u0441\u043d\u043e\u0432\u043d\u044b\u043c\u0438 \u0446\u0432\u0435\u0442\u0430\u043c\u0438.<\/p>\n<p> \t\u0420\u0435\u043a\u043e\u043c\u0435\u043d\u0434\u0443\u0435\u043c\u044b\u0439 \u0432\u043e\u0437\u0440\u0430\u0441\u0442: 1+ \u0433\u043e\u0434\u0430<br \/>\n \t\u042d\u043b\u0435\u0433\u0430\u043d\u0442\u043d\u044b\u0439 \u0438 \u044d\u0440\u0433\u043e\u043d\u043e\u043c\u0438\u0447\u043d\u044b\u0439 \u0434\u0438\u0437\u0430\u0439\u043d<br \/>\n \t\u041f\u0440\u043e\u0447\u043d\u044b\u0439 \u0438 \u043a\u0430\u0447\u0435\u0441\u0442\u0432\u0435\u043d\u043d\u044b\u0439 \u043f\u043b\u0430\u0441\u0442\u0438\u043a<br \/>\n \t\u0412\u044b\u0441\u043e\u043a\u043e\u043a\u0430\u0447\u0435\u0441\u0442\u0432\u0435\u043d\u043d\u043e\u0435 \u0441\u044b\u0440\u044c\u0435, \u043a\u043e\u0442\u043e\u0440\u043e\u0435 \u043d\u0435 \u0441\u043e\u0434\u0435\u0440\u0436\u0438\u0442 \u043a\u0430\u043d\u0446\u0435\u0440\u043e\u0433\u0435\u043d\u043d\u044b\u0445 \u0432\u0435\u0449\u0435\u0441\u0442\u0432[trim][:ro_RO]Juc\u0103ria educativ\u0103 <strong>Ma\u0219in\u0103\u00a0de sortare cu forme geometrice<\/strong>\u00a0ajut\u0103 la dezvoltarea inteligen\u021bei prin identificarea \u0219i potrivirea diferitelor forme. Setul include piese de culori \u0219i forme diferite, pe care copiii vor \u00eencerca s\u0103 le pun\u0103 prin orificiile corespunz\u0103toare astfel \u00eenc\u00e2t ei vor cunoa\u0219te \u0219i \u00eenv\u0103\u021ba formele \u0219i culorile.<\/p>\n<ul>\n<li>V\u00e2rsta recomandat\u0103: 1+ ani<\/li>\n<li>Design elegant si ergonomic<\/li>\n<li>Plastic durabil si de calitate<\/li>\n<li>Materie prim\u0103 de cea mai \u00eenalt\u0103 calitate ce nu con\u021bine substan\u021be cancerigene<\/li>\n<\/ul>\n","protected":false},"excerpt":{"rendered":"<p>[:ru_RU]\u0420\u0430\u0437\u0432\u0438\u0432\u0430\u044e\u0449\u0430\u044f \u0438\u0433\u0440\u0443\u0448\u043a\u0430 \u041c\u0430\u0448\u0438\u043d\u0430 &#8211; \u0441\u043e\u0440\u0442\u0435\u0440 \u0441 \u0433\u0435\u043e\u043c\u0435\u0442\u0440\u0438\u0447\u0435\u0441\u043a\u0438\u043c\u0438 \u0444\u0438\u0433\u0443\u0440\u0430\u043c\u0438 \u043f\u043e\u0437\u043d\u0430\u043a\u043e\u043c\u0438\u0442 \u0440\u0435\u0431\u0451\u043d\u043a\u0430 \u0441 \u0432\u0438\u0434\u0430\u043c\u0438 \u043e\u0431\u044a\u0451\u043c\u043d\u044b\u0445 \u0433\u0435\u043e\u043c\u0435\u0442\u0440\u0438\u0447\u0435\u0441\u043a\u0438\u0445 \u0444\u0438\u0433\u0443\u0440, \u043d\u0430\u0443\u0447\u0438\u0442 \u0441\u0440\u0430\u0432\u043d\u0438\u0432\u0430\u0442\u044c \u0444\u043e\u0440\u043c\u0443 \u043f\u0440\u0435\u0434\u043c\u0435\u0442\u0430. \u0420\u0430\u0437\u043d\u043e\u0446\u0432\u0435\u0442\u043d\u044b\u0435 \u0444\u0438\u0433\u0443\u0440\u043a\u0438 \u043c\u043e\u0436\u043d\u043e \u0438\u0441\u043f\u043e\u043b\u044c\u0437\u043e\u0432\u0430\u0442\u044c \u0434\u043b\u044f \u0437\u043d\u0430\u043a\u043e\u043c\u0441\u0442\u0432\u0430 \u0440\u0435\u0431\u0451\u043d\u043a\u0430 \u0441 \u043e\u0441\u043d\u043e\u0432\u043d\u044b\u043c\u0438 \u0446\u0432\u0435\u0442\u0430\u043c\u0438. \u0420\u0435\u043a\u043e\u043c\u0435\u043d\u0434\u0443\u0435\u043c\u044b\u0439 \u0432\u043e\u0437\u0440\u0430\u0441\u0442: 1+ \u0433\u043e\u0434\u0430 \u042d\u043b\u0435\u0433\u0430\u043d\u0442\u043d\u044b\u0439 \u0438 \u044d\u0440\u0433\u043e\u043d\u043e\u043c\u0438\u0447\u043d\u044b\u0439 \u0434\u0438\u0437\u0430\u0439\u043d \u041f\u0440\u043e\u0447\u043d\u044b\u0439 \u0438 \u043a\u0430\u0447\u0435\u0441\u0442\u0432\u0435\u043d\u043d\u044b\u0439 \u043f\u043b\u0430\u0441\u0442\u0438\u043a \u0412\u044b\u0441\u043e\u043a\u043e\u043a\u0430\u0447\u0435\u0441\u0442\u0432\u0435\u043d\u043d\u043e\u0435 \u0441\u044b\u0440\u044c\u0435, \u043a\u043e\u0442\u043e\u0440\u043e\u0435 \u043d\u0435 \u0441\u043e\u0434\u0435\u0440\u0436\u0438\u0442 \u043a\u0430\u043d\u0446\u0435\u0440\u043e\u0433\u0435\u043d\u043d\u044b\u0445 \u0432\u0435\u0449\u0435\u0441\u0442\u0432[trim][:ro_RO]Juc\u0103ria educativ\u0103 Ma\u0219in\u0103\u00a0de sortare cu forme geometrice\u00a0ajut\u0103 la [&hellip;]<\/p>\n","protected":false},"featured_media":42790,"comment_status":"open","ping_status":"closed","template":"","meta":{"_acf_changed":false},"product_brand":[],"product_cat":[6707],"product_tag":[],"class_list":{"0":"post-42793","1":"product","2":"type-product","3":"status-publish","4":"has-post-thumbnail","6":"product_cat-ru_ru-logicheskie-igrushki","8":"first","9":"instock","10":"shipping-taxable","11":"purchasable","12":"product-type-simple"},"acf":[],"_links":{"self":[{"href":"https:\/\/minimax.md\/ru\/wp-json\/wp\/v2\/product\/42793","targetHints":{"allow":["GET"]}}],"collection":[{"href":"https:\/\/minimax.md\/ru\/wp-json\/wp\/v2\/product"}],"about":[{"href":"https:\/\/minimax.md\/ru\/wp-json\/wp\/v2\/types\/product"}],"replies":[{"embeddable":true,"href":"https:\/\/minimax.md\/ru\/wp-json\/wp\/v2\/comments?post=42793"}],"version-history":[{"count":0,"href":"https:\/\/minimax.md\/ru\/wp-json\/wp\/v2\/product\/42793\/revisions"}],"wp:featuredmedia":[{"embeddable":true,"href":"https:\/\/minimax.md\/ru\/wp-json\/wp\/v2\/media\/42790"}],"wp:attachment":[{"href":"https:\/\/minimax.md\/ru\/wp-json\/wp\/v2\/media?parent=42793"}],"wp:term":[{"taxonomy":"product_brand","embeddable":true,"href":"https:\/\/minimax.md\/ru\/wp-json\/wp\/v2\/product_brand?post=42793"},{"taxonomy":"product_cat","embeddable":true,"href":"https:\/\/minimax.md\/ru\/wp-json\/wp\/v2\/product_cat?post=42793"},{"taxonomy":"product_tag","embeddable":true,"href":"https:\/\/minimax.md\/ru\/wp-json\/wp\/v2\/product_tag?post=42793"}],"curies":[{"name":"wp","href":"https:\/\/api.w.org\/{rel}","templated":true}]}}