{"id":42868,"date":"2023-11-28T13:12:45","date_gmt":"2023-11-28T10:12:45","guid":{"rendered":"https:\/\/minimax.md\/product\/42868.html"},"modified":"2024-03-13T00:17:54","modified_gmt":"2024-03-12T21:17:54","slug":"ru_ru-intex-bassejn-karkasnyj-premium-549-122-cm-trim-ro_ro-intex-piscin-cu-cadru-metalic-premium-549-122-cm","status":"publish","type":"product","link":"https:\/\/minimax.md\/ru\/product\/42868.html","title":{"rendered":"\u0411\u0430\u0441\u0441\u0435\u0439\u043d GREYWOOD PRISM FRAME PREMIUM 549\u00d7122\u0441\u043c, 24311\u041b, \u043c\u0435\u0442\u0430\u043b\u043b\u0438\u0447\u0435\u0441\u043a\u0438\u0439 \u043a\u0430\u0440\u043a\u0430\u0441"},"content":{"rendered":"<p>[:ru_RU]\u041a\u0430\u0440\u043a\u0430\u0441\u043d\u044b\u0439 \u0431\u0430\u0441\u0441\u0435\u0439\u043d Intex GreyWood Prism Frame Premium \u2014 \u043e\u0441\u043e\u0431\u0435\u043d\u043d\u043e\u0441\u0442\u044c\u044e \u044d\u0442\u043e\u0433\u043e \u0431\u0430\u0441\u0441\u0435\u0439\u043d\u0430 \u044f\u0432\u043b\u044f\u0435\u0442\u0441\u044f \u043f\u0440\u0435\u043c\u0438\u0430\u043b\u044c\u043d\u043e\u0435 \u043f\u043e\u043b\u043e\u0442\u043d\u043e \u0441 \u043f\u0440\u0438\u043d\u0442\u043e\u043c \u043f\u043e\u0434 \u0434\u0435\u0440\u0435\u0432\u043e.<br \/>\n\u0410 \u0442\u0430\u043a\u0436\u0435 \u0443\u0441\u0438\u043b\u0435\u043d\u043d\u044b\u0439 \u043c\u0435\u0442\u0430\u043b\u0438\u0447\u0435\u0441\u043a\u0438\u0439 \u043a\u0430\u0440\u043a\u0430\u0441 Prism Frame \u043f\u043e\u0441\u043b\u0435\u0434\u043d\u0435\u0433\u043e \u043f\u043e\u043a\u043e\u043b\u0435\u043d\u0438\u044f \u0441 \u0430\u043d\u0442\u0438\u043a\u043e\u0440\u043e\u0437\u0438\u0439\u043d\u044b\u043c \u0441\u043b\u043e\u0435\u043c.<br \/>\n \u0420\u0430\u0437\u043c\u0435\u0440: 549\u00d7122 \u0441\u043c.<br \/>\n\u0421\u0442\u0435\u043d\u043a\u0438 \u0431\u0430\u0441\u0441\u0435\u0439\u043d\u0430 \u0438\u0437\u0433\u043e\u0442\u0430\u0432\u043b\u0438\u0432\u0430\u044e\u0442\u0441\u044f \u0441 \u043f\u0440\u0438\u043c\u0435\u043d\u0435\u043d\u0438\u0435\u043c \u0442\u0435\u0445\u043d\u043e\u043b\u043e\u0433\u0438\u0438 SUPER-TOUGH \u0438 \u0438\u043c\u0435\u044e\u0442 \u0442\u0440\u0438 \u043f\u0440\u043e\u0447\u043d\u044b\u0445 \u0441\u043b\u043e\u044f \u0438\u0437 \u0432\u044b\u0441\u043e\u043a\u043e\u043a\u0430\u0447\u0435\u0441\u0442\u0432\u0435\u043d\u043d\u043e\u0433\u043e \u043c\u0430\u0442\u0435\u0440\u0438\u0430\u043b\u0430.<br \/>\n\u0422\u0430\u043a\u043e\u0435 \u043f\u043e\u043b\u043e\u0442\u043d\u043e \u0432 \u0441\u043e\u0447\u0435\u0442\u0430\u043d\u0438\u0438 \u0441 \u043d\u043e\u0432\u044b\u043c \u0442\u0438\u043f\u043e\u043c \u043a\u0430\u0440\u043a\u0430\u0441\u0430 Prism Frame, \u043f\u043e\u0437\u0432\u043e\u043b\u044f\u044e\u0442 \u0431\u0430\u0441\u0441\u0435\u0439\u043d\u0443 \u0432\u044b\u0434\u0435\u0440\u0436\u0438\u0432\u0430\u0442\u044c \u043c\u0430\u043a\u0441\u0438\u043c\u0430\u043b\u044c\u043d\u044b\u0435 \u043d\u0430\u0433\u0440\u0443\u0437\u043a\u0438.<br \/>\n\u041d\u043e\u0432\u044b\u0439 \u0431\u0430\u0441\u0441\u0435\u0439\u043d Intex \u043f\u0440\u043e\u0441\u043b\u0443\u0436\u0438\u0442 \u0432\u0430\u043c \u043d\u0435 \u043e\u0434\u0438\u043d \u0433\u043e\u0434.<br \/>\n\u0411\u0430\u0441\u0441\u0435\u0439\u043d \u0438\u043c\u0435\u0435\u0442 \u0443\u0434\u043e\u0431\u043d\u044b\u0439 \u0441\u043b\u0438\u0432\u043d\u043e\u0439 \u043a\u043b\u0430\u043f\u0430\u043d, \u0447\u0435\u0440\u0435\u0437 \u043a\u043e\u0442\u043e\u0440\u044b\u0439 \u043c\u043e\u0436\u043d\u043e \u0430\u043a\u043a\u0443\u0440\u0430\u0442\u043d\u043e \u0441\u043b\u0438\u0442\u044c \u0432\u043e\u0434\u0443, \u0430, \u043f\u0440\u0438\u0441\u043e\u0435\u0434\u0438\u043d\u0438\u0432 \u0441\u0430\u0434\u043e\u0432\u044b\u0439 \u0448\u043b\u0430\u043d\u0433, \u043f\u043e\u043b\u0438\u0442\u044c \u043f\u0440\u0438 \u044d\u0442\u043e\u043c \u0435\u0449\u0435 \u0438 \u0441\u0430\u0434\u043e\u0432\u0443\u044e \u0440\u0430\u0441\u0442\u0438\u0442\u0435\u043b\u044c\u043d\u043e\u0441\u0442\u044c.<br \/>\n\u0421\u0431\u043e\u0440\u043d\u044b\u0439 \u043a\u0430\u0440\u043a\u0430\u0441\u043d\u044b\u0439 \u0431\u0430\u0441\u0441\u0435\u0439\u043d Intex GreyWood Prism Frame Premium \u043b\u0435\u0433\u043a\u043e \u0438 \u0431\u044b\u0441\u0442\u0440\u043e \u0443\u0441\u0442\u0430\u043d\u0430\u0432\u043b\u0438\u0432\u0430\u0435\u0442\u0441\u044f.<br \/>\n\u041f\u0440\u043e\u0446\u0435\u0441\u0441 \u0441\u0431\u043e\u0440\u043a\u0438 \u0434\u043e \u043d\u0430\u043f\u043e\u043b\u043d\u0435\u043d\u0438\u044f \u0432\u043e\u0434\u043e\u0439 \u0437\u0430\u043d\u0438\u043c\u0430\u0435\u0442 60 \u043c\u0438\u043d\u0443\u0442.<br \/>\n\u041f\u0435\u0440\u0432\u0430\u044f \u0441\u0431\u043e\u0440\u043a\u0430, \u0432\u043e\u0437\u043c\u043e\u0436\u043d\u043e, \u0437\u0430\u0439\u043c\u0435\u0442 \u0432\u0440\u0435\u043c\u0435\u043d\u0438 \u043f\u043e\u0431\u043e\u043b\u044c\u0448\u0435.<br \/>\n\u041a\u0430\u0440\u043a\u0430\u0441\u043d\u044b\u0439 \u0431\u0430\u0441\u0441\u0435\u0439\u043d \u043a\u043e\u043c\u043f\u043b\u0435\u043a\u0442\u0443\u0435\u0442\u0441\u044f \u043d\u0430\u0441\u043e\u0441\u043e\u043c-\u0444\u0438\u043b\u044c\u0442\u0440\u043e\u043c \u0441 \u0442\u0435\u0445\u043d\u043e\u043b\u043e\u0433\u0438\u0435\u0439 Hydro Aeration \u0434\u043b\u044f \u043e\u0447\u0438\u0441\u0442\u043a\u0438 \u0432\u043e\u0434\u044b \u043e\u0442 \u0433\u0440\u044f\u0437\u0438 \u043f\u0440\u043e\u0438\u0437\u0432\u043e\u0434\u0438\u0442\u0435\u043b\u044c\u043d\u043e\u0441\u0442\u044c\u044e 56[trim][:ro_RO]<strong>Piscina Intex GreyWood Prism Frame Premium<\/strong>\u00a0&#8211; Caracteristica acestei piscine este p\u00e2nza sa premium cu un imprimeu \u00eentr-un design de lemn. Cadrul metalic armat Prism Frame de ultim\u0103 genera\u021bie cu un strat anticoroziv. <strong>M\u0103rime: 549&#215;122 cm.<\/strong><\/p>\n<ul>\n<li>Pere\u021bii piscinei sub tehnologia SUPER-TOUGH cu trei straturi rezistente din material de \u00eenalt\u0103 calitate. O astfel de p\u00e2nz\u0103, combinat\u0103 cu un nou tip de cadru Prism Frame, permite piscinei s\u0103 reziste la sarcini maxime.<\/li>\n<li>O supap\u0103 de scurgere comod\u0103 v\u0103 permite ata\u0219area unui furtun de gr\u0103din\u0103, ceea ce face posibil\u0103 scurgerea apei oriunde.<\/li>\n<li>Piscina cu cadru este echipat\u0103 cu o pomp\u0103 filtru cu tehnologia Hydro Aeration pentru purificarea apei de murd\u0103rie cu o capacitate de 5678 litri pe or\u0103. Pe timpul func\u021bion\u0103rii ve\u021bi avea nevoie doar de chimie pentru cur\u0103\u021barea \u0219i dezinfectarea apei, astfel \u00eenc\u00e2t apa s\u0103 fie \u00eentotdeauna limpede.<\/li>\n<\/ul>\n","protected":false},"excerpt":{"rendered":"<p>[:ru_RU]\u041a\u0430\u0440\u043a\u0430\u0441\u043d\u044b\u0439 \u0431\u0430\u0441\u0441\u0435\u0439\u043d Intex GreyWood Prism Frame Premium \u2014 \u043e\u0441\u043e\u0431\u0435\u043d\u043d\u043e\u0441\u0442\u044c\u044e \u044d\u0442\u043e\u0433\u043e \u0431\u0430\u0441\u0441\u0435\u0439\u043d\u0430 \u044f\u0432\u043b\u044f\u0435\u0442\u0441\u044f \u043f\u0440\u0435\u043c\u0438\u0430\u043b\u044c\u043d\u043e\u0435 \u043f\u043e\u043b\u043e\u0442\u043d\u043e \u0441 \u043f\u0440\u0438\u043d\u0442\u043e\u043c \u043f\u043e\u0434 \u0434\u0435\u0440\u0435\u0432\u043e. \u0410 \u0442\u0430\u043a\u0436\u0435 \u0443\u0441\u0438\u043b\u0435\u043d\u043d\u044b\u0439 \u043c\u0435\u0442\u0430\u043b\u0438\u0447\u0435\u0441\u043a\u0438\u0439 \u043a\u0430\u0440\u043a\u0430\u0441 Prism Frame \u043f\u043e\u0441\u043b\u0435\u0434\u043d\u0435\u0433\u043e \u043f\u043e\u043a\u043e\u043b\u0435\u043d\u0438\u044f \u0441 \u0430\u043d\u0442\u0438\u043a\u043e\u0440\u043e\u0437\u0438\u0439\u043d\u044b\u043c \u0441\u043b\u043e\u0435\u043c. \u0420\u0430\u0437\u043c\u0435\u0440: 549\u00d7122 \u0441\u043c. \u0421\u0442\u0435\u043d\u043a\u0438 \u0431\u0430\u0441\u0441\u0435\u0439\u043d\u0430 \u0438\u0437\u0433\u043e\u0442\u0430\u0432\u043b\u0438\u0432\u0430\u044e\u0442\u0441\u044f \u0441 \u043f\u0440\u0438\u043c\u0435\u043d\u0435\u043d\u0438\u0435\u043c \u0442\u0435\u0445\u043d\u043e\u043b\u043e\u0433\u0438\u0438 SUPER-TOUGH \u0438 \u0438\u043c\u0435\u044e\u0442 \u0442\u0440\u0438 \u043f\u0440\u043e\u0447\u043d\u044b\u0445 \u0441\u043b\u043e\u044f \u0438\u0437 \u0432\u044b\u0441\u043e\u043a\u043e\u043a\u0430\u0447\u0435\u0441\u0442\u0432\u0435\u043d\u043d\u043e\u0433\u043e \u043c\u0430\u0442\u0435\u0440\u0438\u0430\u043b\u0430. \u0422\u0430\u043a\u043e\u0435 \u043f\u043e\u043b\u043e\u0442\u043d\u043e \u0432 \u0441\u043e\u0447\u0435\u0442\u0430\u043d\u0438\u0438 \u0441 \u043d\u043e\u0432\u044b\u043c \u0442\u0438\u043f\u043e\u043c [&hellip;]<\/p>\n","protected":false},"featured_media":42860,"comment_status":"open","ping_status":"closed","template":"","meta":{"_acf_changed":false},"product_brand":[],"product_cat":[6700],"product_tag":[],"class_list":{"0":"post-42868","1":"product","2":"type-product","3":"status-publish","4":"has-post-thumbnail","6":"product_cat-ru_ru-dlja-igry-s-vodoj-tri","8":"first","9":"instock","10":"shipping-taxable","11":"purchasable","12":"product-type-simple"},"acf":[],"_links":{"self":[{"href":"https:\/\/minimax.md\/ru\/wp-json\/wp\/v2\/product\/42868","targetHints":{"allow":["GET"]}}],"collection":[{"href":"https:\/\/minimax.md\/ru\/wp-json\/wp\/v2\/product"}],"about":[{"href":"https:\/\/minimax.md\/ru\/wp-json\/wp\/v2\/types\/product"}],"replies":[{"embeddable":true,"href":"https:\/\/minimax.md\/ru\/wp-json\/wp\/v2\/comments?post=42868"}],"version-history":[{"count":0,"href":"https:\/\/minimax.md\/ru\/wp-json\/wp\/v2\/product\/42868\/revisions"}],"wp:featuredmedia":[{"embeddable":true,"href":"https:\/\/minimax.md\/ru\/wp-json\/wp\/v2\/media\/42860"}],"wp:attachment":[{"href":"https:\/\/minimax.md\/ru\/wp-json\/wp\/v2\/media?parent=42868"}],"wp:term":[{"taxonomy":"product_brand","embeddable":true,"href":"https:\/\/minimax.md\/ru\/wp-json\/wp\/v2\/product_brand?post=42868"},{"taxonomy":"product_cat","embeddable":true,"href":"https:\/\/minimax.md\/ru\/wp-json\/wp\/v2\/product_cat?post=42868"},{"taxonomy":"product_tag","embeddable":true,"href":"https:\/\/minimax.md\/ru\/wp-json\/wp\/v2\/product_tag?post=42868"}],"curies":[{"name":"wp","href":"https:\/\/api.w.org\/{rel}","templated":true}]}}