{"id":42877,"date":"2023-11-28T13:12:47","date_gmt":"2023-11-28T10:12:47","guid":{"rendered":"https:\/\/minimax.md\/product\/42877.html"},"modified":"2023-11-28T13:30:01","modified_gmt":"2023-11-28T10:30:01","slug":"ru_ru-molto-kuhonja-trim-ro_ro-molto-buc-t-ria","status":"publish","type":"product","link":"https:\/\/minimax.md\/ru\/product\/42877.html","title":{"rendered":"Molto \u041a\u0443\u0445\u043e\u043d\u044f"},"content":{"rendered":"<p>[:ru_RU]\u0414\u0435\u0442\u0441\u043a\u0430\u044f \u0438\u0433\u0440\u043e\u0432\u0430\u044f \u043a\u0443\u0445\u043d\u044f Molto \u043f\u043e\u043c\u043e\u0436\u0435\u0442 \u0434\u0435\u0432\u043e\u0447\u043a\u0430\u043c \u043f\u043e\u0447\u0443\u0432\u0441\u0442\u0432\u043e\u0432\u0430\u0442\u044c \u0441\u0435\u0431\u044f \u043d\u0430\u0441\u0442\u043e\u044f\u0449\u0438\u043c\u0438 \u0445\u043e\u0437\u044f\u0439\u043a\u0430\u043c\u0438, \u0443\u0432\u043b\u0435\u043a\u0430\u0442\u0435\u043b\u044c\u043d\u043e \u0438 \u0432\u0435\u0441\u0435\u043b\u043e \u043f\u0440\u043e\u0432\u0435\u0441\u0442\u0438 \u0441\u0432\u043e\u0439 \u0434\u043e\u0441\u0443\u0433, \u0437\u0430\u043d\u0438\u043c\u0430\u044f\u0441\u044c \u043f\u0440\u0438\u0433\u043e\u0442\u043e\u0432\u043b\u0435\u043d\u0438\u0435\u043c \u043e\u0431\u0435\u0434\u0430 \u0434\u043b\u044f \u0441\u0432\u043e\u0438\u0445 \u043a\u0443\u043a\u043e\u043b\u044c\u043d\u044b\u0445 \u0434\u0440\u0443\u0437\u0435\u0439. \u041a\u0443\u0445\u043d\u044f \u0432\u043a\u043b\u044e\u0447\u0430\u0435\u0442 \u0432 \u0441\u0435\u0431\u044f \u0432\u044b\u0442\u044f\u0436\u043a\u0443, \u0434\u0443\u0445\u043e\u0432\u043a\u0443, \u043c\u0438\u043a\u0440\u043e\u0432\u043e\u043b\u043d\u043e\u0432\u0443\u044e \u043f\u0435\u0447\u044c, \u0441\u0442\u0438\u0440\u0430\u043b\u044c\u043d\u0443\u044e \u043c\u0430\u0448\u0438\u043d\u0443, \u043d\u0435\u043e\u0431\u0445\u043e\u0434\u0438\u043c\u0443\u044e \u043f\u043e\u0441\u0443\u0434\u0443 \u0438 \u043a\u0443\u0445\u043e\u043d\u043d\u0443\u044e \u0443\u0442\u0432\u0430\u0440\u044c, \u043f\u043e\u0437\u0432\u043e\u043b\u044f\u044e\u0449\u0443\u044e \u0444\u0430\u043d\u0442\u0430\u0437\u0438\u0440\u043e\u0432\u0430\u0442\u044c \u0438 \u043f\u0440\u0438\u0434\u0443\u043c\u044b\u0432\u0430\u0442\u044c \u0440\u0430\u0437\u043d\u043e\u043e\u0431\u0440\u0430\u0437\u043d\u044b\u0435 \u0431\u043b\u044e\u0434\u0430.<br \/>\n\u0425\u0430\u0440\u0430\u043a\u0442\u0435\u0440\u0438\u0441\u0442\u0438\u043a\u0438:<br \/>\n&#8211; \u0412\u043e\u0437\u0440\u0430\u0441\u0442: \u0441 3 \u043b\u0435\u0442;<br \/>\n&#8211; \u0412 \u043d\u0430\u0431\u043e\u0440\u0435: 12 \u043f\u0440\u0435\u0434\u043c\u0435\u0442\u043e\u0432;<br \/>\n&#8211; \u0420\u0430\u0437\u043c\u0435\u0440\u044b \u0432 \u0441\u043e\u0431\u0440\u0430\u043d\u043d\u043e\u043c \u0432\u0438\u0434\u0435: 81 \u0445 80 \u0445 26 \u0441\u043c;<br \/>\n&#8211; \u0420\u0430\u0437\u043c\u0435\u0440 \u0443\u043f\u0430\u043a\u043e\u0432\u043a\u0438 46 \u0445 16 \u0445 66 \u0441\u043c;<br \/>\n&#8211; \u041f\u0440\u043e\u0438\u0437\u0432\u043e\u0434\u0438\u0442\u0435\u043b\u044c: Molto (\u0418\u0441\u043f\u0430\u043d\u0438\u044f)[trim][:ro_RO]Buc\u0103t\u0103rie pentru copii Molto va ajuta fetelor s\u0103 se simt\u0103 ca ni\u0219te adev\u0103rate gospodine, s\u0103 se distreze, preg\u0103tind cina pentru prietenele lor.<br \/>\nBuc\u0103t\u0103ria include un aragaz, hota, cuptor cu microunde, ma\u0219in\u0103 de sp\u0103lat, vase \u0219i ustensile de buc\u0103t\u0103rie,<br \/>\nCaracteristici:<br \/>\n&#8211; V\u00e2rsta: de la 3 ani;<br \/>\n&#8211; \u00cen set: 12 articole;<br \/>\n&#8211; Dimensiuni \u00een form\u0103 asamblat\u0103: 81 x 80 x 26 cm;<br \/>\n&#8211; Dimensiuni cutie: 46 x 16 x 66 cm;<br \/>\n&#8211; Produc\u0103tor: Molto (Spania)<\/p>\n","protected":false},"excerpt":{"rendered":"<p>[:ru_RU]\u0414\u0435\u0442\u0441\u043a\u0430\u044f \u0438\u0433\u0440\u043e\u0432\u0430\u044f \u043a\u0443\u0445\u043d\u044f Molto \u043f\u043e\u043c\u043e\u0436\u0435\u0442 \u0434\u0435\u0432\u043e\u0447\u043a\u0430\u043c \u043f\u043e\u0447\u0443\u0432\u0441\u0442\u0432\u043e\u0432\u0430\u0442\u044c \u0441\u0435\u0431\u044f \u043d\u0430\u0441\u0442\u043e\u044f\u0449\u0438\u043c\u0438 \u0445\u043e\u0437\u044f\u0439\u043a\u0430\u043c\u0438, \u0443\u0432\u043b\u0435\u043a\u0430\u0442\u0435\u043b\u044c\u043d\u043e \u0438 \u0432\u0435\u0441\u0435\u043b\u043e \u043f\u0440\u043e\u0432\u0435\u0441\u0442\u0438 \u0441\u0432\u043e\u0439 \u0434\u043e\u0441\u0443\u0433, \u0437\u0430\u043d\u0438\u043c\u0430\u044f\u0441\u044c \u043f\u0440\u0438\u0433\u043e\u0442\u043e\u0432\u043b\u0435\u043d\u0438\u0435\u043c \u043e\u0431\u0435\u0434\u0430 \u0434\u043b\u044f \u0441\u0432\u043e\u0438\u0445 \u043a\u0443\u043a\u043e\u043b\u044c\u043d\u044b\u0445 \u0434\u0440\u0443\u0437\u0435\u0439. \u041a\u0443\u0445\u043d\u044f \u0432\u043a\u043b\u044e\u0447\u0430\u0435\u0442 \u0432 \u0441\u0435\u0431\u044f \u0432\u044b\u0442\u044f\u0436\u043a\u0443, \u0434\u0443\u0445\u043e\u0432\u043a\u0443, \u043c\u0438\u043a\u0440\u043e\u0432\u043e\u043b\u043d\u043e\u0432\u0443\u044e \u043f\u0435\u0447\u044c, \u0441\u0442\u0438\u0440\u0430\u043b\u044c\u043d\u0443\u044e \u043c\u0430\u0448\u0438\u043d\u0443, \u043d\u0435\u043e\u0431\u0445\u043e\u0434\u0438\u043c\u0443\u044e \u043f\u043e\u0441\u0443\u0434\u0443 \u0438 \u043a\u0443\u0445\u043e\u043d\u043d\u0443\u044e \u0443\u0442\u0432\u0430\u0440\u044c, \u043f\u043e\u0437\u0432\u043e\u043b\u044f\u044e\u0449\u0443\u044e \u0444\u0430\u043d\u0442\u0430\u0437\u0438\u0440\u043e\u0432\u0430\u0442\u044c \u0438 \u043f\u0440\u0438\u0434\u0443\u043c\u044b\u0432\u0430\u0442\u044c \u0440\u0430\u0437\u043d\u043e\u043e\u0431\u0440\u0430\u0437\u043d\u044b\u0435 \u0431\u043b\u044e\u0434\u0430. \u0425\u0430\u0440\u0430\u043a\u0442\u0435\u0440\u0438\u0441\u0442\u0438\u043a\u0438: &#8211; \u0412\u043e\u0437\u0440\u0430\u0441\u0442: \u0441 3 \u043b\u0435\u0442; &#8211; \u0412 \u043d\u0430\u0431\u043e\u0440\u0435: 12 \u043f\u0440\u0435\u0434\u043c\u0435\u0442\u043e\u0432; [&hellip;]<\/p>\n","protected":false},"featured_media":42876,"comment_status":"open","ping_status":"closed","template":"","meta":{"_acf_changed":false},"product_brand":[],"product_cat":[6716],"product_tag":[],"class_list":{"0":"post-42877","1":"product","2":"type-product","3":"status-publish","4":"has-post-thumbnail","6":"product_cat-ru_ru-kuhnja-trim-ro_ro-buc","8":"first","9":"instock","10":"shipping-taxable","11":"purchasable","12":"product-type-simple"},"acf":[],"_links":{"self":[{"href":"https:\/\/minimax.md\/ru\/wp-json\/wp\/v2\/product\/42877","targetHints":{"allow":["GET"]}}],"collection":[{"href":"https:\/\/minimax.md\/ru\/wp-json\/wp\/v2\/product"}],"about":[{"href":"https:\/\/minimax.md\/ru\/wp-json\/wp\/v2\/types\/product"}],"replies":[{"embeddable":true,"href":"https:\/\/minimax.md\/ru\/wp-json\/wp\/v2\/comments?post=42877"}],"version-history":[{"count":0,"href":"https:\/\/minimax.md\/ru\/wp-json\/wp\/v2\/product\/42877\/revisions"}],"wp:featuredmedia":[{"embeddable":true,"href":"https:\/\/minimax.md\/ru\/wp-json\/wp\/v2\/media\/42876"}],"wp:attachment":[{"href":"https:\/\/minimax.md\/ru\/wp-json\/wp\/v2\/media?parent=42877"}],"wp:term":[{"taxonomy":"product_brand","embeddable":true,"href":"https:\/\/minimax.md\/ru\/wp-json\/wp\/v2\/product_brand?post=42877"},{"taxonomy":"product_cat","embeddable":true,"href":"https:\/\/minimax.md\/ru\/wp-json\/wp\/v2\/product_cat?post=42877"},{"taxonomy":"product_tag","embeddable":true,"href":"https:\/\/minimax.md\/ru\/wp-json\/wp\/v2\/product_tag?post=42877"}],"curies":[{"name":"wp","href":"https:\/\/api.w.org\/{rel}","templated":true}]}}