{"id":42879,"date":"2023-11-28T13:12:47","date_gmt":"2023-11-28T10:12:47","guid":{"rendered":"https:\/\/minimax.md\/product\/42879.html"},"modified":"2023-11-28T13:30:01","modified_gmt":"2023-11-28T10:30:01","slug":"ru_ru-molto-kuhonnyj-c-lampami-trim-ro_ro-molto-buc-t-ria-cu-l-mpi","status":"publish","type":"product","link":"https:\/\/minimax.md\/ru\/product\/42879.html","title":{"rendered":"Molto \u041a\u0443\u0445\u043e\u043d\u043d\u044b\u0439 c \u043b\u0430\u043c\u043f\u0430\u043c\u0438"},"content":{"rendered":"<p>[:ru_RU]\u0418\u0433\u0440\u043e\u0432\u043e\u0439 \u043d\u0430\u0431\u043e\u0440  \u041a\u0443\u0445\u043d\u044f Molto &#8211; \u043f\u043e\u043b\u043d\u043e\u0441\u0442\u044c\u044e \u043e\u0431\u043e\u0440\u0443\u0434\u043e\u0432\u0430\u043d\u043d\u0430\u044f \u043a\u0443\u0445\u043d\u044f.<br \/>\nK\u043e\u043c\u043f\u043b\u0435\u043a\u0442\u0430\u0446\u0438\u044f: \u0432\u044b\u0442\u044f\u0436\u043a\u0430, \u0434\u0443\u0445\u043e\u0432\u043e\u0439 \u0448\u043a\u0430\u0444, \u043a\u0443\u0445\u043e\u043d\u043d\u0430\u044f \u0443\u0442\u0432\u0430\u0440\u044c, \u043f\u043e\u0441\u0443\u0434\u0430, \u043f\u043b\u0438\u0442\u0430, \u0440\u0430\u043a\u043e\u0432\u0438\u043d\u0430, \u0445\u043e\u043b\u043e\u0434\u0438\u043b\u044c\u043d\u0438\u043a<br \/>\n\u0411\u0430\u0442\u0430\u0440\u0435\u0438 \u043d\u0435 \u0432\u0445\u043e\u0434\u044f\u0442 \u0432 \u043a\u043e\u043c\u043f\u043b\u0435\u043a\u0442.<br \/>\n\u0420\u0430\u0437\u043c\u0435\u0440\u044b(\u0412\/\u0428\/\u0414): 102\u0445114\u044534 \u0441\u043c.<br \/>\n\u0412\u043e\u0437\u0440\u0430\u0441\u0442: 36m+[trim][:ro_RO]Set joc de buc\u0103t\u0103rie Molto &#8211; o buc\u0103t\u0103rie complet echipat\u0103.<br \/>\nAcesta include hota, cuptor, cuptor cu microunde, ma\u0219in\u0103 de sp\u0103lat, mas\u0103 de c\u0103lcat \u0219i alte accesorii.<br \/>\nBateriile nu sunt incluse.<br \/>\nDimensiuni (H\/W\/D):  102\u0445114\u044534  cm.<br \/>\nV\u00e2rsta: 36m +<\/p>\n","protected":false},"excerpt":{"rendered":"<p>[:ru_RU]\u0418\u0433\u0440\u043e\u0432\u043e\u0439 \u043d\u0430\u0431\u043e\u0440 \u041a\u0443\u0445\u043d\u044f Molto &#8211; \u043f\u043e\u043b\u043d\u043e\u0441\u0442\u044c\u044e \u043e\u0431\u043e\u0440\u0443\u0434\u043e\u0432\u0430\u043d\u043d\u0430\u044f \u043a\u0443\u0445\u043d\u044f. K\u043e\u043c\u043f\u043b\u0435\u043a\u0442\u0430\u0446\u0438\u044f: \u0432\u044b\u0442\u044f\u0436\u043a\u0430, \u0434\u0443\u0445\u043e\u0432\u043e\u0439 \u0448\u043a\u0430\u0444, \u043a\u0443\u0445\u043e\u043d\u043d\u0430\u044f \u0443\u0442\u0432\u0430\u0440\u044c, \u043f\u043e\u0441\u0443\u0434\u0430, \u043f\u043b\u0438\u0442\u0430, \u0440\u0430\u043a\u043e\u0432\u0438\u043d\u0430, \u0445\u043e\u043b\u043e\u0434\u0438\u043b\u044c\u043d\u0438\u043a \u0411\u0430\u0442\u0430\u0440\u0435\u0438 \u043d\u0435 \u0432\u0445\u043e\u0434\u044f\u0442 \u0432 \u043a\u043e\u043c\u043f\u043b\u0435\u043a\u0442. \u0420\u0430\u0437\u043c\u0435\u0440\u044b(\u0412\/\u0428\/\u0414): 102\u0445114\u044534 \u0441\u043c. \u0412\u043e\u0437\u0440\u0430\u0441\u0442: 36m+[trim][:ro_RO]Set joc de buc\u0103t\u0103rie Molto &#8211; o buc\u0103t\u0103rie complet echipat\u0103. Acesta include hota, cuptor, cuptor cu microunde, ma\u0219in\u0103 de sp\u0103lat, mas\u0103 de c\u0103lcat \u0219i alte accesorii. Bateriile nu [&hellip;]<\/p>\n","protected":false},"featured_media":0,"comment_status":"open","ping_status":"closed","template":"","meta":{"_acf_changed":false},"product_brand":[],"product_cat":[6716],"product_tag":[],"class_list":{"0":"post-42879","1":"product","2":"type-product","3":"status-publish","5":"product_cat-ru_ru-kuhnja-trim-ro_ro-buc","7":"first","8":"instock","9":"shipping-taxable","10":"purchasable","11":"product-type-simple"},"acf":[],"_links":{"self":[{"href":"https:\/\/minimax.md\/ru\/wp-json\/wp\/v2\/product\/42879","targetHints":{"allow":["GET"]}}],"collection":[{"href":"https:\/\/minimax.md\/ru\/wp-json\/wp\/v2\/product"}],"about":[{"href":"https:\/\/minimax.md\/ru\/wp-json\/wp\/v2\/types\/product"}],"replies":[{"embeddable":true,"href":"https:\/\/minimax.md\/ru\/wp-json\/wp\/v2\/comments?post=42879"}],"version-history":[{"count":0,"href":"https:\/\/minimax.md\/ru\/wp-json\/wp\/v2\/product\/42879\/revisions"}],"wp:attachment":[{"href":"https:\/\/minimax.md\/ru\/wp-json\/wp\/v2\/media?parent=42879"}],"wp:term":[{"taxonomy":"product_brand","embeddable":true,"href":"https:\/\/minimax.md\/ru\/wp-json\/wp\/v2\/product_brand?post=42879"},{"taxonomy":"product_cat","embeddable":true,"href":"https:\/\/minimax.md\/ru\/wp-json\/wp\/v2\/product_cat?post=42879"},{"taxonomy":"product_tag","embeddable":true,"href":"https:\/\/minimax.md\/ru\/wp-json\/wp\/v2\/product_tag?post=42879"}],"curies":[{"name":"wp","href":"https:\/\/api.w.org\/{rel}","templated":true}]}}