{"id":42881,"date":"2023-11-28T13:12:47","date_gmt":"2023-11-28T10:12:47","guid":{"rendered":"https:\/\/minimax.md\/product\/42881.html"},"modified":"2023-11-28T13:30:01","modified_gmt":"2023-11-28T10:30:01","slug":"ru_ru-molto-parkovka-parkovka-5-urovnej-trim-ro_ro-molto-parcare-cu-5-nivele","status":"publish","type":"product","link":"https:\/\/minimax.md\/ru\/product\/42881.html","title":{"rendered":"Molto \u041f\u0430\u0440\u043a\u043e\u0432\u043a\u0430 \u041f\u0430\u0440\u043a\u043e\u0432\u043a\u0430 5 \u0443\u0440\u043e\u0432\u043d\u0435\u0439"},"content":{"rendered":"<p>[:ru_RU]\u0414\u0435\u0442\u0441\u043a\u0430\u044f \u0438\u0433\u0440\u043e\u0432\u0430\u044f \u041f\u0430\u0440\u043a\u043e\u0432\u043a\u0430 5 \u0443\u0440\u043e\u0432\u043d\u0435\u0439  75 \u0441\u043c Molto \u043d\u0435 \u043e\u0441\u0442\u0430\u0432\u0438\u0442 \u0440\u0430\u0432\u043d\u043e\u0434\u0443\u0448\u043d\u043e\u0439 \u0440\u0435\u0431\u0435\u043d\u043a\u0430. \u0412\u044b\u0441\u043e\u043a\u0438\u0439 \u043f\u0430\u0440\u043a\u0438\u043d\u0433 \u043e\u0442\u043b\u0438\u0447\u043d\u043e \u0441\u0431\u0430\u043b\u0430\u043d\u0441\u0438\u0440\u043e\u0432\u0430\u043d. \u0410\u0432\u0442\u043e\u043c\u043e\u0431\u0438\u043b\u0438 \u0438\u043d\u0442\u0435\u0440\u0435\u0441\u043d\u043e \u043f\u043e\u0434\u043d\u0438\u043c\u0430\u0442\u044c \u0438 \u043e\u043f\u0443\u0441\u043a\u0430\u0442\u044c \u043f\u0440\u0438 \u043f\u043e\u043c\u043e\u0449\u0438 \u043c\u0435\u0445\u0430\u043d\u0438\u0447\u0435\u0441\u043a\u043e\u0433\u043e \u043f\u043e\u0434\u044a\u0435\u043c\u043d\u0438\u043a\u0430. \u0418\u0437\u0432\u0438\u043b\u0438\u0441\u0442\u044b\u0435 \u0441\u043f\u0443\u0441\u043a\u0438 \u043f\u043e\u0437\u0432\u043e\u043b\u044f\u044e\u0442 \u043c\u0430\u0448\u0438\u043d\u043a\u0435 \u0440\u0430\u0437\u043e\u0433\u043d\u0430\u0442\u044c\u0441\u044f, \u043f\u0440\u043e\u0435\u0445\u0430\u0432 \u0432\u0435\u0441\u044c \u043f\u0430\u0440\u043a\u0438\u043d\u0433 \u0431\u0435\u0437 \u043e\u0441\u0442\u0430\u043d\u043e\u0432\u043a\u0438.<br \/>\n\u0412 \u043d\u0430\u0431\u043e\u0440\u0435: \u043b\u0438\u0444\u0442 \u0441 \u043c\u0435\u0445\u0430\u043d\u0438\u0447\u0435\u0441\u043a\u0438\u043c \u043f\u0440\u0438\u0432\u043e\u0434\u043e\u043c, \u0430\u0432\u0442\u043e\u043c\u043e\u0439\u043a\u0430, \u0441\u0442\u0430\u043d\u0446\u0438\u044f \u0442\u0435\u0445\u043d\u0438\u0447\u0435\u0441\u043a\u043e\u0433\u043e \u043e\u0431\u0441\u043b\u0443\u0436\u0438\u0432\u0430\u043d\u0438\u044f, \u0437\u0430\u043f\u0440\u0430\u0432\u043a\u0430 \u0438 \u0440\u0430\u043c\u043a\u0430.<br \/>\n\u0410\u0432\u0442\u043e\u043c\u043e\u0431\u0438\u043b\u0438 \u043d\u0435 \u0432\u043a\u043b\u044e\u0447\u0435\u043d\u044b. \u0414\u043b\u044f \u0438\u0433\u0440\u044b \u043f\u043e\u0434\u043e\u0439\u0434\u0443\u0442 \u043c\u043e\u0434\u0435\u043b\u0438 \u043c\u0430\u0441\u0448\u0442\u0430\u0431\u0430 1:64<br \/>\n\u041a\u043e\u043d\u0441\u0442\u0440\u0443\u043a\u0446\u0438\u044f \u0441\u0431\u0430\u043b\u0430\u043d\u0441\u0438\u0440\u043e\u0432\u0430\u043d\u0430. \u041e\u043d\u0430 \u044f\u0432\u043b\u044f\u0435\u0442\u0441\u044f \u043e\u0431\u044a\u0435\u043c\u043d\u043e\u0439, \u043d\u043e \u0432 \u0442\u043e \u0436\u0435 \u0432\u0440\u0435\u043c\u044f \u0443\u0441\u0442\u043e\u0439\u0447\u0438\u0432\u043e\u0439 \u0438 \u043f\u0440\u043e\u0447\u043d\u043e\u0439. \u041a\u0440\u0443\u043f\u043d\u044b\u0435 \u0441\u043f\u0443\u0441\u043a\u0438, \u044d\u043b\u0435\u043c\u0435\u043d\u0442\u044b \u043b\u0438\u0444\u0442\u0430, \u0430 \u0442\u0430\u043a\u0436\u0435 \u0441\u0442\u043e\u0439\u043a\u0438 \u0438 \u0443\u0440\u043e\u0432\u043d\u0438 \u0431\u044b\u0441\u0442\u0440\u043e \u0441\u0442\u044b\u043a\u0443\u044e\u0442\u0441\u044f. \u0418\u0433\u0440\u0443\u0448\u043a\u0430 \u043b\u0435\u0433\u043a\u043e \u0441\u043e\u0431\u0438\u0440\u0430\u0435\u0442\u0441\u044f.<br \/>\n\u041c\u043e\u0434\u0435\u043b\u044c \u0438\u0437\u0433\u043e\u0442\u043e\u0432\u043b\u0435\u043d\u0430 \u0432 \u0418\u0441\u043f\u0430\u043d\u0438\u0438. \u041f\u0440\u043e\u0438\u0437\u0432\u043e\u0434\u0438\u0442\u0435\u043b\u044c \u0433\u0430\u0440\u0430\u043d\u0442\u0438\u0440\u0443\u0435\u0442 \u0432\u044b\u0441\u043e\u043a\u043e\u0435 \u043a\u0430\u0447\u0435\u0441\u0442\u0432\u043e \u0442\u043e\u0432\u0430\u0440\u0430.<br \/>\n\u0418\u0433\u0440\u0443\u0448\u043a\u0430 \u0443\u043f\u0430\u043a\u043e\u0432\u0430\u043d\u0430 \u0432 \u043a\u0440\u0430\u0441\u043e\u0447\u043d\u0443\u044e \u0444\u0438\u0440\u043c\u0435\u043d\u043d\u0443\u044e \u043a\u043e\u0440\u043e\u0431\u043a\u0443.<br \/>\n\u0420\u0430\u0437\u043c\u0435\u0440 \u043f\u0430\u0440\u043a\u043e\u0432\u043a\u0438: 75\u044565 \u0441\u043c<br \/>\n\u0420\u0430\u0437\u043c\u0435\u0440 \u0443\u043f\u0430\u043a\u043e\u0432\u043a\u0438: 66\u044544\u044518 \u0441\u043c[trim][:ro_RO]Loc de joac\u0103 pentru copii Parcare 5 nivele 75 cm Molto nu va p\u0103r\u0103si copilul indiferent. Parcarea mare este perfect echilibrat\u0103.<br \/>\nAutovehiculele sunt interesante s\u0103 se ridice \u0219i s\u0103 coboare cu ajutorul unui elevator mecanic. Cobor\u00e2rile de cobor\u00e2re permit ma\u0219inii s\u0103 accelereze, parcurg\u00e2nd \u00eentreaga parcare f\u0103r\u0103 oprire.<br \/>\n\u00cen set: un elevator cu motor, o ma\u0219in\u0103 de sp\u0103lat, o sta\u021bie de \u00eentre\u021binere, o sta\u021bie de carburant \u0219i un cadru.<br \/>\nNu sunt incluse ma\u0219inile. Pentru modelele de joc de 1:64<br \/>\nDesignul este echilibrat. Este voluminoas\u0103, dar \u00een acela\u0219i timp stabil\u0103 \u0219i durabil\u0103.<br \/>\nCobor\u00e2\u0219uri mari, elemente de ascensoare, precum \u0219i rafturi \u0219i nivele se al\u0103tur\u0103 rapid. Juc\u0103ria este u\u0219or de asamblat.<br \/>\nModelul este fabricat \u00een Spania. Produc\u0103torul garanteaz\u0103 o calitate ridicat\u0103 a bunurilor.<br \/>\nJuc\u0103ria este ambalat\u0103 \u00eentr-o cutie colorat\u0103.<br \/>\nDimensiune parcare: 75&#215;65 cm<br \/>\nM\u0103rimea ambalajului: 66x44x18 cm<\/p>\n","protected":false},"excerpt":{"rendered":"<p>[:ru_RU]\u0414\u0435\u0442\u0441\u043a\u0430\u044f \u0438\u0433\u0440\u043e\u0432\u0430\u044f \u041f\u0430\u0440\u043a\u043e\u0432\u043a\u0430 5 \u0443\u0440\u043e\u0432\u043d\u0435\u0439 75 \u0441\u043c Molto \u043d\u0435 \u043e\u0441\u0442\u0430\u0432\u0438\u0442 \u0440\u0430\u0432\u043d\u043e\u0434\u0443\u0448\u043d\u043e\u0439 \u0440\u0435\u0431\u0435\u043d\u043a\u0430. \u0412\u044b\u0441\u043e\u043a\u0438\u0439 \u043f\u0430\u0440\u043a\u0438\u043d\u0433 \u043e\u0442\u043b\u0438\u0447\u043d\u043e \u0441\u0431\u0430\u043b\u0430\u043d\u0441\u0438\u0440\u043e\u0432\u0430\u043d. \u0410\u0432\u0442\u043e\u043c\u043e\u0431\u0438\u043b\u0438 \u0438\u043d\u0442\u0435\u0440\u0435\u0441\u043d\u043e \u043f\u043e\u0434\u043d\u0438\u043c\u0430\u0442\u044c \u0438 \u043e\u043f\u0443\u0441\u043a\u0430\u0442\u044c \u043f\u0440\u0438 \u043f\u043e\u043c\u043e\u0449\u0438 \u043c\u0435\u0445\u0430\u043d\u0438\u0447\u0435\u0441\u043a\u043e\u0433\u043e \u043f\u043e\u0434\u044a\u0435\u043c\u043d\u0438\u043a\u0430. \u0418\u0437\u0432\u0438\u043b\u0438\u0441\u0442\u044b\u0435 \u0441\u043f\u0443\u0441\u043a\u0438 \u043f\u043e\u0437\u0432\u043e\u043b\u044f\u044e\u0442 \u043c\u0430\u0448\u0438\u043d\u043a\u0435 \u0440\u0430\u0437\u043e\u0433\u043d\u0430\u0442\u044c\u0441\u044f, \u043f\u0440\u043e\u0435\u0445\u0430\u0432 \u0432\u0435\u0441\u044c \u043f\u0430\u0440\u043a\u0438\u043d\u0433 \u0431\u0435\u0437 \u043e\u0441\u0442\u0430\u043d\u043e\u0432\u043a\u0438. \u0412 \u043d\u0430\u0431\u043e\u0440\u0435: \u043b\u0438\u0444\u0442 \u0441 \u043c\u0435\u0445\u0430\u043d\u0438\u0447\u0435\u0441\u043a\u0438\u043c \u043f\u0440\u0438\u0432\u043e\u0434\u043e\u043c, \u0430\u0432\u0442\u043e\u043c\u043e\u0439\u043a\u0430, \u0441\u0442\u0430\u043d\u0446\u0438\u044f \u0442\u0435\u0445\u043d\u0438\u0447\u0435\u0441\u043a\u043e\u0433\u043e \u043e\u0431\u0441\u043b\u0443\u0436\u0438\u0432\u0430\u043d\u0438\u044f, \u0437\u0430\u043f\u0440\u0430\u0432\u043a\u0430 \u0438 \u0440\u0430\u043c\u043a\u0430. \u0410\u0432\u0442\u043e\u043c\u043e\u0431\u0438\u043b\u0438 \u043d\u0435 \u0432\u043a\u043b\u044e\u0447\u0435\u043d\u044b. \u0414\u043b\u044f \u0438\u0433\u0440\u044b \u043f\u043e\u0434\u043e\u0439\u0434\u0443\u0442 \u043c\u043e\u0434\u0435\u043b\u0438 [&hellip;]<\/p>\n","protected":false},"featured_media":0,"comment_status":"open","ping_status":"closed","template":"","meta":{"_acf_changed":false},"product_brand":[],"product_cat":[6725],"product_tag":[],"class_list":{"0":"post-42881","1":"product","2":"type-product","3":"status-publish","5":"product_cat-ru_ru-avtoralli-trim-ro_ro","7":"first","8":"instock","9":"shipping-taxable","10":"purchasable","11":"product-type-simple"},"acf":[],"_links":{"self":[{"href":"https:\/\/minimax.md\/ru\/wp-json\/wp\/v2\/product\/42881","targetHints":{"allow":["GET"]}}],"collection":[{"href":"https:\/\/minimax.md\/ru\/wp-json\/wp\/v2\/product"}],"about":[{"href":"https:\/\/minimax.md\/ru\/wp-json\/wp\/v2\/types\/product"}],"replies":[{"embeddable":true,"href":"https:\/\/minimax.md\/ru\/wp-json\/wp\/v2\/comments?post=42881"}],"version-history":[{"count":0,"href":"https:\/\/minimax.md\/ru\/wp-json\/wp\/v2\/product\/42881\/revisions"}],"wp:attachment":[{"href":"https:\/\/minimax.md\/ru\/wp-json\/wp\/v2\/media?parent=42881"}],"wp:term":[{"taxonomy":"product_brand","embeddable":true,"href":"https:\/\/minimax.md\/ru\/wp-json\/wp\/v2\/product_brand?post=42881"},{"taxonomy":"product_cat","embeddable":true,"href":"https:\/\/minimax.md\/ru\/wp-json\/wp\/v2\/product_cat?post=42881"},{"taxonomy":"product_tag","embeddable":true,"href":"https:\/\/minimax.md\/ru\/wp-json\/wp\/v2\/product_tag?post=42881"}],"curies":[{"name":"wp","href":"https:\/\/api.w.org\/{rel}","templated":true}]}}