{"id":42913,"date":"2023-11-28T13:12:50","date_gmt":"2023-11-28T10:12:50","guid":{"rendered":"https:\/\/minimax.md\/product\/42913.html"},"modified":"2023-11-28T13:30:01","modified_gmt":"2023-11-28T10:30:01","slug":"ru_ru-molto-kuhonnyj-c-2-lampami-trim-ro_ro-molto-buc-t-ria-cu-2-l-mpi","status":"publish","type":"product","link":"https:\/\/minimax.md\/ru\/product\/42913.html","title":{"rendered":"Molto \u041a\u0443\u0445\u043e\u043d\u043d\u044b\u0439 c 2 \u043b\u0430\u043c\u043f\u0430\u043c\u0438"},"content":{"rendered":"<p>[:ru_RU]\u0418\u0433\u0440\u043e\u0432\u043e\u0439 \u043d\u0430\u0431\u043e\u0440  \u041a\u0443\u0445\u043d\u044f Molto &#8211; \u043f\u043e\u043b\u043d\u043e\u0441\u0442\u044c\u044e \u043e\u0431\u043e\u0440\u0443\u0434\u043e\u0432\u0430\u043d\u043d\u0430\u044f \u043a\u0443\u0445\u043d\u044f.<br \/>\n\u0412\u043a\u043b\u044e\u0447\u0430\u0435\u0442 \u0432 \u0441\u0435\u0431\u044f \u0434\u0443\u0445\u043e\u0432\u043a\u0443, \u043f\u043b\u0438\u0442\u0443, \u0432\u044b\u0442\u044f\u0436\u043a\u0443, \u0440\u0430\u043a\u043e\u0432\u0438\u043d\u0443, \u043f\u043e\u0441\u0443\u0434\u043e\u043c\u043e\u0435\u0447\u043d\u0443\u044e \u043c\u0430\u0448\u0438\u043d\u0443, \u0445\u043e\u043b\u043e\u0434\u0438\u043b\u044c\u043d\u0438\u043a, \u0440\u0435\u0430\u043b\u044c\u043d\u044b\u0439 \u0437\u0432\u0443\u043a  \u0438 21 \u0430\u043a\u0441\u0435\u0441\u0441\u0443\u0430\u0440.<br \/>\n\u0411\u0430\u0442\u0430\u0440\u0435\u0438 \u043d\u0435 \u0432\u0445\u043e\u0434\u044f\u0442 \u0432 \u043a\u043e\u043c\u043f\u043b\u0435\u043a\u0442.<br \/>\n \u0420\u0430\u0437\u043c\u0435\u0440\u044b(\u0412\/\u0428\/\u0414): 102\u0445150\u044534 \u0441\u043c.<br \/>\n \u0412\u043e\u0437\u0440\u0430\u0441\u0442: 36m+[trim][:ro_RO]Set joc de buc\u0103t\u0103rie Molto &#8211; o buc\u0103t\u0103rie complet echipat\u0103.<br \/>\nInclude un cuptor, aragaz, hota, chiuveta, masina de spalat vase, frigider, \u0219i 21 de accesorii de sunet reale.<br \/>\nBateriile nu sunt incluse.<br \/>\nDimensiuni (H\/W\/D):  102\u0445150\u044534  cm.<br \/>\nV\u00e2rsta: 36m +<\/p>\n","protected":false},"excerpt":{"rendered":"<p>[:ru_RU]\u0418\u0433\u0440\u043e\u0432\u043e\u0439 \u043d\u0430\u0431\u043e\u0440 \u041a\u0443\u0445\u043d\u044f Molto &#8211; \u043f\u043e\u043b\u043d\u043e\u0441\u0442\u044c\u044e \u043e\u0431\u043e\u0440\u0443\u0434\u043e\u0432\u0430\u043d\u043d\u0430\u044f \u043a\u0443\u0445\u043d\u044f. \u0412\u043a\u043b\u044e\u0447\u0430\u0435\u0442 \u0432 \u0441\u0435\u0431\u044f \u0434\u0443\u0445\u043e\u0432\u043a\u0443, \u043f\u043b\u0438\u0442\u0443, \u0432\u044b\u0442\u044f\u0436\u043a\u0443, \u0440\u0430\u043a\u043e\u0432\u0438\u043d\u0443, \u043f\u043e\u0441\u0443\u0434\u043e\u043c\u043e\u0435\u0447\u043d\u0443\u044e \u043c\u0430\u0448\u0438\u043d\u0443, \u0445\u043e\u043b\u043e\u0434\u0438\u043b\u044c\u043d\u0438\u043a, \u0440\u0435\u0430\u043b\u044c\u043d\u044b\u0439 \u0437\u0432\u0443\u043a \u0438 21 \u0430\u043a\u0441\u0435\u0441\u0441\u0443\u0430\u0440. \u0411\u0430\u0442\u0430\u0440\u0435\u0438 \u043d\u0435 \u0432\u0445\u043e\u0434\u044f\u0442 \u0432 \u043a\u043e\u043c\u043f\u043b\u0435\u043a\u0442. \u0420\u0430\u0437\u043c\u0435\u0440\u044b(\u0412\/\u0428\/\u0414): 102\u0445150\u044534 \u0441\u043c. \u0412\u043e\u0437\u0440\u0430\u0441\u0442: 36m+[trim][:ro_RO]Set joc de buc\u0103t\u0103rie Molto &#8211; o buc\u0103t\u0103rie complet echipat\u0103. Include un cuptor, aragaz, hota, chiuveta, masina de spalat vase, frigider, \u0219i 21 [&hellip;]<\/p>\n","protected":false},"featured_media":42912,"comment_status":"open","ping_status":"closed","template":"","meta":{"_acf_changed":false},"product_brand":[],"product_cat":[6716],"product_tag":[],"class_list":{"0":"post-42913","1":"product","2":"type-product","3":"status-publish","4":"has-post-thumbnail","6":"product_cat-ru_ru-kuhnja-trim-ro_ro-buc","8":"first","9":"instock","10":"shipping-taxable","11":"purchasable","12":"product-type-simple"},"acf":[],"_links":{"self":[{"href":"https:\/\/minimax.md\/ru\/wp-json\/wp\/v2\/product\/42913","targetHints":{"allow":["GET"]}}],"collection":[{"href":"https:\/\/minimax.md\/ru\/wp-json\/wp\/v2\/product"}],"about":[{"href":"https:\/\/minimax.md\/ru\/wp-json\/wp\/v2\/types\/product"}],"replies":[{"embeddable":true,"href":"https:\/\/minimax.md\/ru\/wp-json\/wp\/v2\/comments?post=42913"}],"version-history":[{"count":0,"href":"https:\/\/minimax.md\/ru\/wp-json\/wp\/v2\/product\/42913\/revisions"}],"wp:featuredmedia":[{"embeddable":true,"href":"https:\/\/minimax.md\/ru\/wp-json\/wp\/v2\/media\/42912"}],"wp:attachment":[{"href":"https:\/\/minimax.md\/ru\/wp-json\/wp\/v2\/media?parent=42913"}],"wp:term":[{"taxonomy":"product_brand","embeddable":true,"href":"https:\/\/minimax.md\/ru\/wp-json\/wp\/v2\/product_brand?post=42913"},{"taxonomy":"product_cat","embeddable":true,"href":"https:\/\/minimax.md\/ru\/wp-json\/wp\/v2\/product_cat?post=42913"},{"taxonomy":"product_tag","embeddable":true,"href":"https:\/\/minimax.md\/ru\/wp-json\/wp\/v2\/product_tag?post=42913"}],"curies":[{"name":"wp","href":"https:\/\/api.w.org\/{rel}","templated":true}]}}