{"id":42934,"date":"2023-11-28T13:12:52","date_gmt":"2023-11-28T10:12:52","guid":{"rendered":"https:\/\/minimax.md\/product\/42934.html"},"modified":"2024-03-13T00:32:01","modified_gmt":"2024-03-12T21:32:01","slug":"ru_ru-cubicfun-pazl-3d-trim-ro_ro-cubicfun-puzzle-3d","status":"publish","type":"product","link":"https:\/\/minimax.md\/ru\/product\/42934.html","title":{"rendered":"3D \u043f\u0430\u0437\u043b \u201c\u0410\u0444\u0440\u0438\u043a\u0430\u043d\u0441\u043a\u0430\u044f \u0434\u0438\u043a\u0430\u044f \u043f\u0440\u0438\u0440\u043e\u0434\u0430\u201d, 69 \u044d\u043b\u0435\u043c\u0435\u043d\u0442\u043e\u0432"},"content":{"rendered":"<p>[:ru_RU]3D \u043f\u0430\u0437\u043b \u201c\u0410\u0444\u0440\u0438\u043a\u0430\u043d\u0441\u043a\u0430\u044f \u0434\u0438\u043a\u0430\u044f \u043f\u0440\u0438\u0440\u043e\u0434\u0430\u201d \u043e\u0442\u00a0 CubicFun \u043e\u0447\u0435\u043d\u044c \u0438\u043d\u0442\u0435\u0440\u0435\u0441\u043d\u0430\u044f \u0433\u043e\u043b\u043e\u0432\u043e\u043b\u043e\u043c\u043a\u0430 \u0434\u043b\u044f \u0432\u0441\u0435\u0439 \u0441\u0435\u043c\u044c\u0438.\u00a0<\/p>\n<p>\u0412\u043c\u0435\u0441\u0442\u0435 \u0441\u043e\u0431\u0438\u0440\u0430\u044f 3D \u043f\u0430\u0437\u043b \u0441\u043e \u0441\u0432\u043e\u0438\u043c\u0438 \u0434\u0435\u0442\u044c\u043c\u0438, \u0432\u044b\u00a0 \u043c\u043e\u0436\u0435\u0442\u0435 \u0438\u043c \u0440\u0430\u0441\u0441\u043a\u0430\u0437\u0430\u0442\u044c \u043e \u0442\u043e\u043c \u0447\u0442\u043e \u0434\u0438\u043a\u0430\u044f \u043f\u0440\u0438\u0440\u043e\u0434\u0430 \u0410\u0444\u0440\u0438\u043a\u0438, \u043e\u0442 \u043f\u0443\u0441\u0442\u044b\u043d\u044c \u0434\u043e \u0441\u0430\u0432\u0430\u043d\u043d, \u043f\u043e\u043b\u043d\u0430 \u0443\u0434\u0438\u0432\u0438\u0442\u0435\u043b\u044c\u043d\u044b\u0445 \u0438 \u0440\u0430\u0437\u043d\u043e\u043e\u0431\u0440\u0430\u0437\u043d\u044b\u0445 \u0436\u0438\u0432\u043e\u0442\u043d\u044b\u0445. \u0412 \u0441\u0435\u0432\u0435\u0440\u043d\u043e\u0439 \u0447\u0430\u0441\u0442\u0438 \u043c\u0430\u0442\u0435\u0440\u0438\u043a\u0430 \u0436\u0438\u0432\u0443\u0442 \u0442\u0443\u0448\u043a\u0430\u043d\u0447\u0438\u043a\u0438, \u0433\u0438\u0435\u043d\u044b, \u043f\u0435\u0441\u0447\u0430\u043d\u0438\u043a\u0438 \u0438 \u0448\u0430\u043a\u0430\u043b\u044b, \u0432 \u044e\u0436\u043d\u043e\u0439 \u2013 \u0447\u0435\u0440\u0435\u043f\u0430\u0445\u0438 \u0438 \u044d\u043d\u0434\u0435\u043c\u0438\u043a\u0438. \u0421\u0430\u0432\u0430\u043d\u043d\u044b \u0437\u0430\u043d\u0438\u043c\u0430\u044e\u0442 \u0447\u0443\u0442\u044c \u043c\u0435\u043d\u044c\u0448\u0435 \u043f\u043e\u043b\u043e\u0432\u0438\u043d\u044b \u043c\u0430\u0442\u0435\u0440\u0438\u043a\u0430, \u043f\u043e\u044d\u0442\u043e\u043c\u0443 \u0431\u043e\u043b\u044c\u0448\u0430\u044f \u0447\u0430\u0441\u0442\u044c \u0436\u0438\u0432\u043e\u0442\u043d\u044b\u0445 \u043e\u0431\u0438\u0442\u0430\u0435\u0442 \u0442\u0430\u043c, \u043a\u043e\u0433\u0434\u0430 \u0438 \u0437\u0438\u043c\u043e\u0439 \u0438 \u043b\u0435\u0442\u043e\u043c \u0442\u0435\u043f\u043b\u043e. \u0421\u0440\u0435\u0434\u0438 \u043d\u0438\u0445 \u043c\u043e\u0436\u043d\u043e \u0432\u044b\u0434\u0435\u043b\u0438\u0442\u044c: \u0436\u0438\u0440\u0430\u0444\u0430, \u043d\u043e\u0441\u043e\u0440\u043e\u0433\u0430, \u0441\u043b\u043e\u043d\u0430, \u0431\u0443\u0439\u0432\u043e\u043b\u0430, \u0437\u0435\u0431\u0440\u0443, \u0430\u043d\u0442\u0438\u043b\u043e\u043f\u0443, \u0430 \u0442\u0430\u043a\u0436\u0435 \u0445\u0438\u0449\u043d\u0438\u043a\u043e\u0432 \u2013 \u043b\u044c\u0432\u0430, \u043b\u0435\u043e\u043f\u0430\u0440\u0434\u0430 \u0438 \u0433\u0435\u043f\u0430\u0440\u0434\u0430. \u041d\u0435\u043b\u044c\u0437\u044f \u043d\u0435 \u0443\u043f\u043e\u043c\u044f\u043d\u0443\u0442\u044c \u043e \u0440\u0430\u0437\u043d\u043e\u043e\u0431\u0440\u0430\u0437\u0438\u0438 \u043f\u0440\u0438\u043c\u0430\u0442\u043e\u0432, \u043a\u043e\u0442\u043e\u0440\u044b\u0445 \u0432 \u0410\u0444\u0440\u0438\u043a\u0438 \u043c\u043d\u043e\u0436\u0435\u0441\u0442\u0432\u043e \u0432\u0438\u0434\u043e\u0432.<\/p>\n<p>3D \u043f\u0430\u0437\u043b\u044b \u0443\u0434\u0438\u0432\u0438\u0442\u0435\u043b\u044c\u043d\u043e\u0435 \u0445\u043e\u0431\u0431\u0438 \u043a\u043e\u0442\u043e\u0440\u043e\u0435 \u0440\u0430\u0437\u0432\u0438\u0432\u0430\u0435\u0442 \u043d\u0435 \u0442\u043e\u043b\u044c\u043a\u043e \u043b\u043e\u0433\u0438\u0447\u0435\u0441\u043a\u043e\u0433\u043e \u043c\u044b\u0448\u043b\u0435\u043d\u0438\u044f, \u043c\u0435\u043b\u043a\u0443\u044e \u043c\u043e\u0442\u043e\u0440\u0438\u043a\u0443, \u0443\u0441\u0438\u0434\u0447\u0438\u0432\u043e\u0441\u0442\u0438 \u0438 \u0430\u043a\u043a\u0443\u0440\u0430\u0442\u043d\u043e\u0441\u0442\u044c, \u043d\u043e \u0438 \u0443\u0447\u0438\u0442 \u043c\u043d\u043e\u0433\u043e\u043c\u0443 \u0438\u043d\u0442\u0435\u0440\u0435\u0441\u043d\u043e\u043c\u0443 \u043e \u043c\u0438\u0440\u0435 \u0437\u0430 \u0432\u0435\u0441\u0435\u043b\u043e \u043f\u0440\u043e\u0432\u0435\u0434\u0435\u043d\u043d\u043e\u043c \u0432\u0440\u0435\u043c\u0435\u043d\u0438 \u0432 \u043a\u0440\u0443\u0433\u0443 \u0441\u0435\u043c\u044c\u0438.[trim][:ro_RO]<strong>Puzzle 3D \u201cFauna s\u0103lbatic\u0103 african\u0103\u201d, de la CubicFun este un joc de puzzle foarte interesant pentru \u00eentreaga familie.<\/strong><\/p>\n<p>\u00cen timul jocului cu\u00a0 puzzle 3D \u00eempreun\u0103 cu copiii t\u0103i, le po\u021bi povesti c\u0103 fauna s\u0103lbatic\u0103 african\u0103, de la de\u0219erturi p\u00een\u0103 la savane, este plin\u0103 de animale uimitoare \u0219i diverse. Ierboi, hiene \u0219i \u0219acali tr\u0103iesc \u00een partea de nord a continentului, iar \u021bestoasele \u0219i endemiile tr\u0103iesc \u00een partea de sud. Savanele ocup\u0103 pu\u021bin mai pu\u021bin de jum\u0103tate din suprafa\u021ba continental\u0103, a\u0219a c\u0103 majoritatea animalelor tr\u0103iesc acolo c\u00e2nd este cald at\u00e2t iarna, c\u00e2t \u0219i vara. Printre ace\u0219tia se num\u0103r\u0103: girafa, rinocerul, elefantul, bivolul, zebra, antilopa, precum \u0219i pr\u0103d\u0103torii &#8211; leul, leopardul \u0219i ghepardul. Este imposibil s\u0103 nu men\u021bion\u0103m diversitatea primatelor.<\/p>\n<p><strong>Puzzle-urile 3D<\/strong> sunt un hobby uimitor care dezvolt\u0103 nu numai g\u00e2ndirea logic\u0103, abilit\u0103\u021bile motorii fine, perseveren\u021ba \u0219i acurate\u021bea, dar \u00eenva\u021b\u0103 \u0219i o mul\u021bime de lucruri interesante despre univers, \u00een timp ce te distrezi cu f<\/p>\n","protected":false},"excerpt":{"rendered":"<p>[:ru_RU]3D \u043f\u0430\u0437\u043b \u201c\u0410\u0444\u0440\u0438\u043a\u0430\u043d\u0441\u043a\u0430\u044f \u0434\u0438\u043a\u0430\u044f \u043f\u0440\u0438\u0440\u043e\u0434\u0430\u201d \u043e\u0442\u00a0 CubicFun \u043e\u0447\u0435\u043d\u044c \u0438\u043d\u0442\u0435\u0440\u0435\u0441\u043d\u0430\u044f \u0433\u043e\u043b\u043e\u0432\u043e\u043b\u043e\u043c\u043a\u0430 \u0434\u043b\u044f \u0432\u0441\u0435\u0439 \u0441\u0435\u043c\u044c\u0438.\u00a0 \u0412\u043c\u0435\u0441\u0442\u0435 \u0441\u043e\u0431\u0438\u0440\u0430\u044f 3D \u043f\u0430\u0437\u043b \u0441\u043e \u0441\u0432\u043e\u0438\u043c\u0438 \u0434\u0435\u0442\u044c\u043c\u0438, \u0432\u044b\u00a0 \u043c\u043e\u0436\u0435\u0442\u0435 \u0438\u043c \u0440\u0430\u0441\u0441\u043a\u0430\u0437\u0430\u0442\u044c \u043e \u0442\u043e\u043c \u0447\u0442\u043e \u0434\u0438\u043a\u0430\u044f \u043f\u0440\u0438\u0440\u043e\u0434\u0430 \u0410\u0444\u0440\u0438\u043a\u0438, \u043e\u0442 \u043f\u0443\u0441\u0442\u044b\u043d\u044c \u0434\u043e \u0441\u0430\u0432\u0430\u043d\u043d, \u043f\u043e\u043b\u043d\u0430 \u0443\u0434\u0438\u0432\u0438\u0442\u0435\u043b\u044c\u043d\u044b\u0445 \u0438 \u0440\u0430\u0437\u043d\u043e\u043e\u0431\u0440\u0430\u0437\u043d\u044b\u0445 \u0436\u0438\u0432\u043e\u0442\u043d\u044b\u0445. \u0412 \u0441\u0435\u0432\u0435\u0440\u043d\u043e\u0439 \u0447\u0430\u0441\u0442\u0438 \u043c\u0430\u0442\u0435\u0440\u0438\u043a\u0430 \u0436\u0438\u0432\u0443\u0442 \u0442\u0443\u0448\u043a\u0430\u043d\u0447\u0438\u043a\u0438, \u0433\u0438\u0435\u043d\u044b, \u043f\u0435\u0441\u0447\u0430\u043d\u0438\u043a\u0438 \u0438 \u0448\u0430\u043a\u0430\u043b\u044b, \u0432 \u044e\u0436\u043d\u043e\u0439 \u2013 \u0447\u0435\u0440\u0435\u043f\u0430\u0445\u0438 \u0438 \u044d\u043d\u0434\u0435\u043c\u0438\u043a\u0438. [&hellip;]<\/p>\n","protected":false},"featured_media":42928,"comment_status":"open","ping_status":"closed","template":"","meta":{"_acf_changed":false},"product_brand":[],"product_cat":[6713],"product_tag":[],"class_list":{"0":"post-42934","1":"product","2":"type-product","3":"status-publish","4":"has-post-thumbnail","6":"product_cat-ru_ru-pazly-i-mozaiki-trim","8":"first","9":"instock","10":"shipping-taxable","11":"purchasable","12":"product-type-simple"},"acf":[],"_links":{"self":[{"href":"https:\/\/minimax.md\/ru\/wp-json\/wp\/v2\/product\/42934","targetHints":{"allow":["GET"]}}],"collection":[{"href":"https:\/\/minimax.md\/ru\/wp-json\/wp\/v2\/product"}],"about":[{"href":"https:\/\/minimax.md\/ru\/wp-json\/wp\/v2\/types\/product"}],"replies":[{"embeddable":true,"href":"https:\/\/minimax.md\/ru\/wp-json\/wp\/v2\/comments?post=42934"}],"version-history":[{"count":0,"href":"https:\/\/minimax.md\/ru\/wp-json\/wp\/v2\/product\/42934\/revisions"}],"wp:featuredmedia":[{"embeddable":true,"href":"https:\/\/minimax.md\/ru\/wp-json\/wp\/v2\/media\/42928"}],"wp:attachment":[{"href":"https:\/\/minimax.md\/ru\/wp-json\/wp\/v2\/media?parent=42934"}],"wp:term":[{"taxonomy":"product_brand","embeddable":true,"href":"https:\/\/minimax.md\/ru\/wp-json\/wp\/v2\/product_brand?post=42934"},{"taxonomy":"product_cat","embeddable":true,"href":"https:\/\/minimax.md\/ru\/wp-json\/wp\/v2\/product_cat?post=42934"},{"taxonomy":"product_tag","embeddable":true,"href":"https:\/\/minimax.md\/ru\/wp-json\/wp\/v2\/product_tag?post=42934"}],"curies":[{"name":"wp","href":"https:\/\/api.w.org\/{rel}","templated":true}]}}