{"id":42949,"date":"2023-11-28T13:12:53","date_gmt":"2023-11-28T10:12:53","guid":{"rendered":"https:\/\/minimax.md\/product\/42949.html"},"modified":"2024-02-21T09:03:28","modified_gmt":"2024-02-21T06:03:28","slug":"ru_ru-pilsan-set-mini-city-road-trim-ro_ro-pilsan-set-mini-city-road","status":"publish","type":"product","link":"https:\/\/minimax.md\/ru\/product\/42949.html","title":{"rendered":"\u041a\u043e\u043d\u0441\u0442\u0440\u0443\u043a\u0442\u043e\u0440 Mini City  \u201d\u0410\u0432\u0442\u043e\u043c\u043e\u0431\u0438\u043b\u044c\u043d\u0430\u044f \u0442\u0440\u0430\u0441\u0441\u0430\u201d"},"content":{"rendered":"<p>[:ru_RU]\u0410\u0432\u0442\u043e\u043c\u043e\u0431\u0438\u043b\u044c\u043d\u0430\u044f \u0442\u0440\u0430\u0441\u0441\u0430 \u201dMini City\u201d \u0441 2 \u043c\u0430\u0448\u0438\u043d\u043a\u0430\u043c\u0438 \u0434\u0430\u0435\u0442 \u0432\u043e\u0437\u043c\u043e\u0436\u043d\u043e\u0441\u0442\u044c \u0432\u0435\u0441\u0435\u043b\u043e \u0438 \u043f\u043e\u0437\u043d\u0430\u0432\u0430\u0442\u0435\u043b\u044c\u043d\u043e \u043f\u0440\u043e\u0432\u0435\u0441\u0442\u0438 \u0432\u0440\u0435\u043c\u044f. \u041d\u0430\u0431\u043e\u0440 \u0440\u0430\u0437\u0432\u0438\u0432\u0430\u0435\u0442 \u043b\u043e\u0432\u043a\u043e\u0441\u0442\u044c \u0438 \u0432\u043e\u043e\u0431\u0440\u0430\u0436\u0435\u043d\u0438\u0435.<\/p>\n<p> \t\u0412 \u043d\u0430\u0431\u043e\u0440 \u0432\u0445\u043e\u0434\u044f\u0442: 2 \u043c\u0430\u0448\u0438\u043d\u043a\u0438, \u0430\u0432\u0442\u043e\u043c\u043e\u0431\u0438\u043b\u044c\u043d\u0430\u044f \u0434\u043e\u0440\u043e\u0436\u043a\u0430, 2 \u0435\u043b\u043e\u0447\u043a\u0438, 3 \u043c\u0438\u043d\u0438 \u0433\u043e\u0440\u043e\u0434\u0441\u043a\u0438\u0445 \u043a\u0432\u0430\u0440\u0442\u0430\u043b\u043e\u0432<br \/>\n \t\u0420\u0435\u043a\u043e\u043c\u0435\u043d\u0434\u0443\u0435\u043c\u044b\u0439 \u0432\u043e\u0437\u0440\u0430\u0441\u0442: 3 \u0433\u043e\u0434\u0430 +<br \/>\n \t\u042d\u043b\u0435\u0433\u0430\u043d\u0442\u043d\u044b\u0439 \u0438 \u044d\u0440\u0433\u043e\u043d\u043e\u043c\u0438\u0447\u043d\u044b\u0439 \u0434\u0438\u0437\u0430\u0439\u043d<br \/>\n \t\u041f\u0440\u043e\u0447\u043d\u044b\u0439 \u0438 \u043a\u0430\u0447\u0435\u0441\u0442\u0432\u0435\u043d\u043d\u044b\u0439 \u043f\u043b\u0430\u0441\u0442\u0438\u043a<br \/>\n \t\u041f\u0440\u043e\u0441\u0442\u0430\u044f \u0441\u0431\u043e\u0440\u043a\u0430<br \/>\n \t\u0412\u043e\u0437\u043c\u043e\u0436\u043d\u043e\u0441\u0442\u044c \u0438\u0441\u043f\u043e\u043b\u044c\u0437\u043e\u0432\u0430\u043d\u0438\u044f \u0432 \u043e\u0442\u043a\u0440\u044b\u0442\u044b\u0445 \u0438 \u0437\u0430\u043a\u0440\u044b\u0442\u044b\u0445 \u043f\u043e\u043c\u0435\u0449\u0435\u043d\u0438\u044f\u0445<br \/>\n \t\u0412\u044b\u0441\u043e\u043a\u043e\u043a\u0430\u0447\u0435\u0441\u0442\u0432\u0435\u043d\u043d\u043e\u0435 \u0441\u044b\u0440\u044c\u0435, \u043a\u043e\u0442\u043e\u0440\u043e\u0435 \u043d\u0435 \u0441\u043e\u0434\u0435\u0440\u0436\u0438\u0442 \u043a\u0430\u043d\u0446\u0435\u0440\u043e\u0433\u0435\u043d\u043d\u044b\u0445 \u0432\u0435\u0449\u0435\u0441\u0442\u0432[trim][:ro_RO]Pista de ma\u0219ini \u201dMini City\u201d cu 2 ma\u0219inu\u021be ofer\u0103 un mod distractiv si educa\u021bional de a petrece timpul. Setul ajut\u0103 la dezvoltarea \u00eendem\u00e2n\u0103rii \u0219i imagina\u021biei.<\/p>\n<ul>\n<li>Setul include 2 ma\u0219inu\u021be, pist\u0103 de ma\u0219ini, 2 br\u0103du\u021bi, 3 blocuri \u0219i o c\u0103su\u021b\u0103<\/li>\n<li>V\u00e2rsta recomandat\u0103: 3 ani +<\/li>\n<li>Design elegant si ergonomic<\/li>\n<li>Plastic durabil si de calitate<\/li>\n<li>Usor de asamblat<\/li>\n<li>Poate fi folosit \u00een interior \u0219i exterior<\/li>\n<li>Materie prim\u0103 de cea mai \u00eenalt\u0103 calitate ce nu con\u021bine substan\u021be cancerigene<\/li>\n<\/ul>\n","protected":false},"excerpt":{"rendered":"<p>[:ru_RU]\u0410\u0432\u0442\u043e\u043c\u043e\u0431\u0438\u043b\u044c\u043d\u0430\u044f \u0442\u0440\u0430\u0441\u0441\u0430 \u201dMini City\u201d \u0441 2 \u043c\u0430\u0448\u0438\u043d\u043a\u0430\u043c\u0438 \u0434\u0430\u0435\u0442 \u0432\u043e\u0437\u043c\u043e\u0436\u043d\u043e\u0441\u0442\u044c \u0432\u0435\u0441\u0435\u043b\u043e \u0438 \u043f\u043e\u0437\u043d\u0430\u0432\u0430\u0442\u0435\u043b\u044c\u043d\u043e \u043f\u0440\u043e\u0432\u0435\u0441\u0442\u0438 \u0432\u0440\u0435\u043c\u044f. \u041d\u0430\u0431\u043e\u0440 \u0440\u0430\u0437\u0432\u0438\u0432\u0430\u0435\u0442 \u043b\u043e\u0432\u043a\u043e\u0441\u0442\u044c \u0438 \u0432\u043e\u043e\u0431\u0440\u0430\u0436\u0435\u043d\u0438\u0435. \u0412 \u043d\u0430\u0431\u043e\u0440 \u0432\u0445\u043e\u0434\u044f\u0442: 2 \u043c\u0430\u0448\u0438\u043d\u043a\u0438, \u0430\u0432\u0442\u043e\u043c\u043e\u0431\u0438\u043b\u044c\u043d\u0430\u044f \u0434\u043e\u0440\u043e\u0436\u043a\u0430, 2 \u0435\u043b\u043e\u0447\u043a\u0438, 3 \u043c\u0438\u043d\u0438 \u0433\u043e\u0440\u043e\u0434\u0441\u043a\u0438\u0445 \u043a\u0432\u0430\u0440\u0442\u0430\u043b\u043e\u0432 \u0420\u0435\u043a\u043e\u043c\u0435\u043d\u0434\u0443\u0435\u043c\u044b\u0439 \u0432\u043e\u0437\u0440\u0430\u0441\u0442: 3 \u0433\u043e\u0434\u0430 + \u042d\u043b\u0435\u0433\u0430\u043d\u0442\u043d\u044b\u0439 \u0438 \u044d\u0440\u0433\u043e\u043d\u043e\u043c\u0438\u0447\u043d\u044b\u0439 \u0434\u0438\u0437\u0430\u0439\u043d \u041f\u0440\u043e\u0447\u043d\u044b\u0439 \u0438 \u043a\u0430\u0447\u0435\u0441\u0442\u0432\u0435\u043d\u043d\u044b\u0439 \u043f\u043b\u0430\u0441\u0442\u0438\u043a \u041f\u0440\u043e\u0441\u0442\u0430\u044f \u0441\u0431\u043e\u0440\u043a\u0430 \u0412\u043e\u0437\u043c\u043e\u0436\u043d\u043e\u0441\u0442\u044c \u0438\u0441\u043f\u043e\u043b\u044c\u0437\u043e\u0432\u0430\u043d\u0438\u044f \u0432 \u043e\u0442\u043a\u0440\u044b\u0442\u044b\u0445 \u0438 \u0437\u0430\u043a\u0440\u044b\u0442\u044b\u0445 \u043f\u043e\u043c\u0435\u0449\u0435\u043d\u0438\u044f\u0445 \u0412\u044b\u0441\u043e\u043a\u043e\u043a\u0430\u0447\u0435\u0441\u0442\u0432\u0435\u043d\u043d\u043e\u0435 [&hellip;]<\/p>\n","protected":false},"featured_media":42947,"comment_status":"open","ping_status":"closed","template":"","meta":{"_acf_changed":false},"product_brand":[],"product_cat":[6725],"product_tag":[],"class_list":{"0":"post-42949","1":"product","2":"type-product","3":"status-publish","4":"has-post-thumbnail","6":"product_cat-ru_ru-avtoralli-trim-ro_ro","8":"first","9":"instock","10":"shipping-taxable","11":"purchasable","12":"product-type-simple"},"acf":[],"_links":{"self":[{"href":"https:\/\/minimax.md\/ru\/wp-json\/wp\/v2\/product\/42949","targetHints":{"allow":["GET"]}}],"collection":[{"href":"https:\/\/minimax.md\/ru\/wp-json\/wp\/v2\/product"}],"about":[{"href":"https:\/\/minimax.md\/ru\/wp-json\/wp\/v2\/types\/product"}],"replies":[{"embeddable":true,"href":"https:\/\/minimax.md\/ru\/wp-json\/wp\/v2\/comments?post=42949"}],"version-history":[{"count":0,"href":"https:\/\/minimax.md\/ru\/wp-json\/wp\/v2\/product\/42949\/revisions"}],"wp:featuredmedia":[{"embeddable":true,"href":"https:\/\/minimax.md\/ru\/wp-json\/wp\/v2\/media\/42947"}],"wp:attachment":[{"href":"https:\/\/minimax.md\/ru\/wp-json\/wp\/v2\/media?parent=42949"}],"wp:term":[{"taxonomy":"product_brand","embeddable":true,"href":"https:\/\/minimax.md\/ru\/wp-json\/wp\/v2\/product_brand?post=42949"},{"taxonomy":"product_cat","embeddable":true,"href":"https:\/\/minimax.md\/ru\/wp-json\/wp\/v2\/product_cat?post=42949"},{"taxonomy":"product_tag","embeddable":true,"href":"https:\/\/minimax.md\/ru\/wp-json\/wp\/v2\/product_tag?post=42949"}],"curies":[{"name":"wp","href":"https:\/\/api.w.org\/{rel}","templated":true}]}}