{"id":42955,"date":"2023-11-28T13:12:54","date_gmt":"2023-11-28T10:12:54","guid":{"rendered":"https:\/\/minimax.md\/product\/42955.html"},"modified":"2024-03-13T00:17:42","modified_gmt":"2024-03-12T21:17:42","slug":"ru_ru-pilsan-vannochka-dlja-kupanija-dlja-detej-ot-0-18-trim-ro_ro-pilsan-c-di","status":"publish","type":"product","link":"https:\/\/minimax.md\/ru\/product\/42955.html","title":{"rendered":"Pilsan \u0432\u0430\u043d\u043d\u043e\u0447\u043a\u0430 \u0434\u043b\u044f \u043a\u0443\u043f\u0430\u043d\u0438\u044f, \u0434\u043b\u044f \u0434\u0435\u0442\u0435\u0439 \u043e\u0442 0-18"},"content":{"rendered":"<p>[:ru_RU]\u0412\u0430\u043d\u043d\u043e\u0447\u043a\u0430 \u0434\u043b\u044f \u043a\u0443\u043f\u0430\u043d\u0438\u044f Pilsan Jumbo Baby Bath (07529) \u043f\u0440\u0435\u0434\u043d\u0430\u0437\u043d\u0430\u0447\u0435\u043d\u0430 \u0434\u043b\u044f \u043a\u0443\u043f\u0430\u043d\u0438\u044f \u043c\u0430\u043b\u0435\u043d\u044c\u043a\u0438\u0445 \u0434\u0435\u0442\u0435\u0439 \u043e\u0442 \u0440\u043e\u0436\u0434\u0435\u043d\u0438\u044f \u0438 \u0434\u043e 18 \u043c\u0435\u0441\u044f\u0446\u0435\u0432. \u041a\u043e\u0440\u043f\u0443\u0441 \u0432\u0430\u043d\u043d\u043e\u0447\u043a\u0438 \u0432\u044b\u043f\u043e\u043b\u043d\u0435\u043d \u043a\u0430\u043a \u0435\u0434\u0438\u043d\u0430\u044f \u043b\u0438\u0442\u0430\u044f \u0444\u043e\u0440\u043c\u0430. \u041d\u0430 \u0431\u043e\u0440\u0442\u0430\u0445 \u0432\u0430\u043d\u043d\u043e\u0447\u043a\u0438 \u043d\u0430\u0445\u043e\u0434\u044f\u0442\u0441\u044f \u043f\u0440\u043e\u0442\u0438\u0432\u043e\u0441\u043a\u043e\u043b\u044c\u0437\u044f\u0449\u0438\u0435 \u0443\u0437\u043e\u0440\u044b \u0438 \u0432\u044b\u0441\u0442\u0443\u043f\u044b, \u0430 \u043d\u0430 \u0443\u0433\u043b\u0430\u0445 \u0440\u0430\u0441\u043f\u043e\u043b\u043e\u0436\u0435\u043d\u044b \u0434\u0435\u0440\u0436\u0430\u0442\u0435\u043b\u0438 \u0434\u043b\u044f \u043c\u044b\u043b\u0430 \u0438 \u0448\u0430\u043c\u043f\u0443\u043d\u044f. \u041c\u0430\u043a\u0441\u0438\u043c\u0430\u043b\u044c\u043d\u0430\u044f \u043d\u0430\u0433\u0440\u0443\u0437\u043a\u0430 \u043e\u0433\u0440\u0430\u043d\u0438\u0447\u0435\u043d\u0430 10 \u043a\u0433.<\/p>\n<p>\u0412\u0430\u043d\u043d\u043e\u0447\u043a\u0430 \u0434\u043b\u044f \u043a\u0443\u043f\u0430\u043d\u0438\u044f Pilsan Jumbo Baby Bath (07529) \u0438\u043c\u0435\u0435\u0442 \u0441\u0442\u0438\u043b\u044c\u043d\u044b\u0439 \u0432\u043d\u0435\u0448\u043d\u0438\u0439 \u0432\u0438\u0434, \u043f\u0440\u043e\u0447\u043d\u0443\u044e \u043a\u043e\u043d\u0441\u0442\u0440\u0443\u043a\u0446\u0438\u044e \u0438 \u044d\u0440\u0433\u043e\u043d\u043e\u043c\u0438\u0447\u043d\u044b\u0439 \u0434\u0438\u0437\u0430\u0439\u043d. \u041a\u043e\u0440\u043f\u0443\u0441 \u0443\u0441\u0442\u043e\u0439\u0447\u0438\u0432 \u043a \u0432\u043e\u0437\u0434\u0435\u0439\u0441\u0442\u0432\u0438\u044e \u0431\u044b\u0442\u043e\u0432\u043e\u0439 \u0445\u0438\u043c\u0438\u0438, \u043d\u0435 \u0432\u044b\u0446\u0432\u0435\u0442\u0430\u0435\u0442, \u043f\u0440\u043e\u0441\u0442 \u0432 \u043e\u0447\u0438\u0441\u0442\u043a\u0435. \u0412\u0430\u043d\u043d\u043e\u0447\u043a\u0430 \u0438\u043c\u0435\u0435\u0442 4 \u0432\u0430\u0440\u0438\u0430\u0446\u0438\u0438 \u0446\u0432\u0435\u0442\u0430.<\/p>\n<p>\u0412\u0430\u043d\u043d\u043e\u0447\u043a\u0430 \u0438\u0437\u0433\u043e\u0442\u043e\u0432\u043b\u0435\u043d\u0430 \u0438\u0437 \u044d\u043a\u043e\u043b\u043e\u0433\u0438\u0447\u043d\u044b\u0445 \u043c\u0430\u0442\u0435\u0440\u0438\u0430\u043b\u043e\u0432, \u043d\u0435 \u0432\u044b\u0437\u044b\u0432\u0430\u044e\u0449\u0438\u0445 \u0430\u043b\u043b\u0435\u0440\u0433\u0438\u044e, \u043d\u0435 \u0438\u043c\u0435\u044e\u0449\u0438\u0445 \u0437\u0430\u043f\u0430\u0445\u0430 \u0438 \u043f\u043e\u043b\u043d\u043e\u0441\u0442\u044c\u044e \u0431\u0435\u0437\u043e\u043f\u0430\u0441\u043d\u044b\u0445 \u0434\u043b\u044f \u0437\u0434\u043e\u0440\u043e\u0432\u044c\u044f \u0440\u0435\u0431\u0451\u043d\u043a\u0430.[trim][:ro_RO]Cada de baie Pilsan Jumbo Baby (07529) este destinat\u0103 sc\u0103ld\u0103rii copiilor mici de la na\u0219tere p\u00e2n\u0103 la 18 luni. Corpul b\u0103ii este realizat sub form\u0103 de turnare unic\u0103. Pe p\u0103r\u021bile laterale ale b\u0103ii se g\u0103sesc modele antiderapante \u0219i proeminen\u021be, iar pe col\u021buri sunt suporturi pentru s\u0103pun \u0219i \u0219ampon. Sarcina maxim\u0103 este limitat\u0103 la 10 kg.<\/p>\n<p>Baia pentru copii Baby Pilsan (07529) are un aspect elegant, o construc\u021bie robust\u0103 \u0219i un design ergonomic. Carcasa este rezistent\u0103 la substan\u021bele chimice de uz casnic, nu se estompeaz\u0103, u\u0219or de cur\u0103\u021bat. Baia are 4 variante de culoare.<\/p>\n<p>Baia este realizat\u0103 din materiale non-alergice ecologice, inodor \u0219i complet sigure pentru s\u0103n\u0103tatea copilului.<\/p>\n","protected":false},"excerpt":{"rendered":"<p>[:ru_RU]\u0412\u0430\u043d\u043d\u043e\u0447\u043a\u0430 \u0434\u043b\u044f \u043a\u0443\u043f\u0430\u043d\u0438\u044f Pilsan Jumbo Baby Bath (07529) \u043f\u0440\u0435\u0434\u043d\u0430\u0437\u043d\u0430\u0447\u0435\u043d\u0430 \u0434\u043b\u044f \u043a\u0443\u043f\u0430\u043d\u0438\u044f \u043c\u0430\u043b\u0435\u043d\u044c\u043a\u0438\u0445 \u0434\u0435\u0442\u0435\u0439 \u043e\u0442 \u0440\u043e\u0436\u0434\u0435\u043d\u0438\u044f \u0438 \u0434\u043e 18 \u043c\u0435\u0441\u044f\u0446\u0435\u0432. \u041a\u043e\u0440\u043f\u0443\u0441 \u0432\u0430\u043d\u043d\u043e\u0447\u043a\u0438 \u0432\u044b\u043f\u043e\u043b\u043d\u0435\u043d \u043a\u0430\u043a \u0435\u0434\u0438\u043d\u0430\u044f \u043b\u0438\u0442\u0430\u044f \u0444\u043e\u0440\u043c\u0430. \u041d\u0430 \u0431\u043e\u0440\u0442\u0430\u0445 \u0432\u0430\u043d\u043d\u043e\u0447\u043a\u0438 \u043d\u0430\u0445\u043e\u0434\u044f\u0442\u0441\u044f \u043f\u0440\u043e\u0442\u0438\u0432\u043e\u0441\u043a\u043e\u043b\u044c\u0437\u044f\u0449\u0438\u0435 \u0443\u0437\u043e\u0440\u044b \u0438 \u0432\u044b\u0441\u0442\u0443\u043f\u044b, \u0430 \u043d\u0430 \u0443\u0433\u043b\u0430\u0445 \u0440\u0430\u0441\u043f\u043e\u043b\u043e\u0436\u0435\u043d\u044b \u0434\u0435\u0440\u0436\u0430\u0442\u0435\u043b\u0438 \u0434\u043b\u044f \u043c\u044b\u043b\u0430 \u0438 \u0448\u0430\u043c\u043f\u0443\u043d\u044f. \u041c\u0430\u043a\u0441\u0438\u043c\u0430\u043b\u044c\u043d\u0430\u044f \u043d\u0430\u0433\u0440\u0443\u0437\u043a\u0430 \u043e\u0433\u0440\u0430\u043d\u0438\u0447\u0435\u043d\u0430 10 \u043a\u0433. \u0412\u0430\u043d\u043d\u043e\u0447\u043a\u0430 \u0434\u043b\u044f \u043a\u0443\u043f\u0430\u043d\u0438\u044f Pilsan Jumbo Baby Bath [&hellip;]<\/p>\n","protected":false},"featured_media":42950,"comment_status":"open","ping_status":"closed","template":"","meta":{"_acf_changed":false},"product_brand":[],"product_cat":[6767],"product_tag":[],"class_list":{"0":"post-42955","1":"product","2":"type-product","3":"status-publish","4":"has-post-thumbnail","6":"product_cat-ru_ru-vannochki-trim-ro_ro","8":"first","9":"instock","10":"shipping-taxable","11":"purchasable","12":"product-type-simple"},"acf":[],"_links":{"self":[{"href":"https:\/\/minimax.md\/ru\/wp-json\/wp\/v2\/product\/42955","targetHints":{"allow":["GET"]}}],"collection":[{"href":"https:\/\/minimax.md\/ru\/wp-json\/wp\/v2\/product"}],"about":[{"href":"https:\/\/minimax.md\/ru\/wp-json\/wp\/v2\/types\/product"}],"replies":[{"embeddable":true,"href":"https:\/\/minimax.md\/ru\/wp-json\/wp\/v2\/comments?post=42955"}],"version-history":[{"count":0,"href":"https:\/\/minimax.md\/ru\/wp-json\/wp\/v2\/product\/42955\/revisions"}],"wp:featuredmedia":[{"embeddable":true,"href":"https:\/\/minimax.md\/ru\/wp-json\/wp\/v2\/media\/42950"}],"wp:attachment":[{"href":"https:\/\/minimax.md\/ru\/wp-json\/wp\/v2\/media?parent=42955"}],"wp:term":[{"taxonomy":"product_brand","embeddable":true,"href":"https:\/\/minimax.md\/ru\/wp-json\/wp\/v2\/product_brand?post=42955"},{"taxonomy":"product_cat","embeddable":true,"href":"https:\/\/minimax.md\/ru\/wp-json\/wp\/v2\/product_cat?post=42955"},{"taxonomy":"product_tag","embeddable":true,"href":"https:\/\/minimax.md\/ru\/wp-json\/wp\/v2\/product_tag?post=42955"}],"curies":[{"name":"wp","href":"https:\/\/api.w.org\/{rel}","templated":true}]}}