{"id":42959,"date":"2023-11-28T13:12:54","date_gmt":"2023-11-28T10:12:54","guid":{"rendered":"https:\/\/minimax.md\/product\/42959.html"},"modified":"2024-02-21T09:03:20","modified_gmt":"2024-02-21T06:03:20","slug":"ru_ru-pilsan-hodunok-bozhja-korovka-trim-ro_ro-pilsan-prem-rg-tor-buburuza","status":"publish","type":"product","link":"https:\/\/minimax.md\/ru\/product\/42959.html","title":{"rendered":"Pilsan \u0425\u043e\u0434\u0443\u043d\u043e\u043a \u0431\u043e\u0436\u044c\u044f \u043a\u043e\u0440\u043e\u0432\u043a\u0430"},"content":{"rendered":"<p>[:ru_RU]\u0425\u043e\u0434\u0443\u043d\u043a\u0438 &#8211; \u0431\u043e\u0436\u044c\u044f \u043a\u043e\u0440\u043e\u0432\u043a\u0430 Pilsan Love Bug Baby Walker (07499) \u043f\u0440\u0435\u0434\u043d\u0430\u0437\u043d\u0430\u0447\u0435\u043d\u044b \u0434\u043b\u044f \u043c\u0430\u043b\u0435\u043d\u044c\u043a\u0438\u0445 \u0434\u0435\u0442\u0435\u0439 \u043e\u0442 6 \u0434\u043e 36 \u043c\u0435\u0441\u044f\u0446\u0435\u0432. \u0425\u043e\u0434\u0443\u043d\u043a\u0438 \u0432\u044b\u043f\u043e\u043b\u043d\u0435\u043d\u044b \u0432 \u0444\u043e\u0440\u043c\u0435 \u0431\u043e\u0436\u044c\u0435\u0439 \u043a\u043e\u0440\u043e\u0432\u043a\u0438, \u0438\u043c\u0435\u044e\u0442 6 \u0437\u0432\u0443\u043a\u043e\u0432\u044b\u0445 \u0441\u0438\u0433\u043d\u0430\u043b\u043e\u0432, \u0441\u043f\u0435\u0446\u0438\u0430\u043b\u044c\u043d\u0443\u044e \u0440\u0443\u0447\u043a\u0443 \u0441\u043f\u0435\u0440\u0435\u0434\u0438. \u0412\u043d\u0443\u0442\u0440\u0435\u043d\u043d\u044f\u044f \u0447\u0430\u0441\u0442\u044c \u0445\u043e\u0434\u0443\u043d\u043a\u043e\u0432 \u0438\u043c\u0435\u0435\u0442 \u043c\u044f\u0433\u043a\u0443\u044e \u043f\u043e\u0434\u043b\u043e\u0436\u043a\u0443. \u041a\u0440\u0435\u0441\u043b\u043e \u0432\u044b\u0434\u0435\u0440\u0436\u0438\u0432\u0430\u0435\u0442 \u0440\u0435\u0431\u0435\u043d\u043a\u0430 \u0432\u0435\u0441\u043e\u043c \u0434\u043e 12 \u043a\u0433.<\/p>\n<p>\u0425\u043e\u0434\u0443\u043d\u043a\u0438 Pilsan Love Bug Baby Walker (07-499) \u0438\u043c\u0435\u044e\u0442 \u0441\u0442\u0438\u043b\u044c\u043d\u044b\u0439 \u0432\u043d\u0435\u0448\u043d\u0438\u0439 \u0432\u0438\u0434, \u043f\u0440\u043e\u0447\u043d\u0443\u044e \u043a\u043e\u043d\u0441\u0442\u0440\u0443\u043a\u0446\u0438\u044e \u0438 \u044d\u0440\u0433\u043e\u043d\u043e\u043c\u0438\u0447\u043d\u044b\u0439 \u0434\u0438\u0437\u0430\u0439\u043d. \u041a\u043e\u0440\u043f\u0443\u0441 \u0443\u0441\u0442\u043e\u0439\u0447\u0438\u0432 \u043a \u0432\u043e\u0437\u0434\u0435\u0439\u0441\u0442\u0432\u0438\u044e \u0431\u044b\u0442\u043e\u0432\u043e\u0439 \u0445\u0438\u043c\u0438\u0438, \u043d\u0435 \u0432\u044b\u0446\u0432\u0435\u0442\u0430\u0435\u0442, \u043f\u0440\u043e\u0441\u0442 \u0432 \u043e\u0447\u0438\u0441\u0442\u043a\u0435.<\/p>\n<p>\u0425\u043e\u0434\u0443\u043d\u043a\u0438 \u0438\u0437\u0433\u043e\u0442\u043e\u0432\u043b\u0435\u043d\u044b \u0438\u0437 \u044d\u043a\u043e\u043b\u043e\u0433\u0438\u0447\u043d\u044b\u0445 \u043c\u0430\u0442\u0435\u0440\u0438\u0430\u043b\u043e\u0432, \u043d\u0435 \u0432\u044b\u0437\u044b\u0432\u0430\u044e\u0449\u0438\u0445 \u0430\u043b\u043b\u0435\u0440\u0433\u0438\u044e, \u043d\u0435 \u0438\u043c\u0435\u044e\u0449\u0438\u0445 \u0437\u0430\u043f\u0430\u0445\u0430 \u0438 \u043f\u043e\u043b\u043d\u043e\u0441\u0442\u044c\u044e \u0431\u0435\u0437\u043e\u043f\u0430\u0441\u043d\u044b\u0445 \u0434\u043b\u044f \u0437\u0434\u043e\u0440\u043e\u0432\u044c\u044f \u0440\u0435\u0431\u0451\u043d\u043a\u0430.[trim][:ro_RO]Premergator Buburuza creat pentru copii mici \u00eentre 6 \u0219i 36 de luni. Sunt realizate \u00een form\u0103 de ladybug, au 6 semnale sonore, un m\u00e2ner special \u00een fa\u021b\u0103. Partea interioar\u0103 a c\u0103l\u0103torului are un suport moale. Scaunul sprijin\u0103 un copil cu o greutate de p\u00e2n\u0103 la 12 kg.<\/p>\n<p>Premergatorul (07499) are un aspect elegant, o construc\u021bie robust\u0103 \u0219i un design ergonomic. Carcasa este rezistent\u0103 la substan\u021bele chimice de uz casnic, nu se estompeaz\u0103, u\u0219or de cur\u0103\u021bat.<\/p>\n<p>Sunt fabricate din materiale non-alergice ecologice, inodor \u0219i complet sigure pentru s\u0103n\u0103tatea copilului.<\/p>\n","protected":false},"excerpt":{"rendered":"<p>[:ru_RU]\u0425\u043e\u0434\u0443\u043d\u043a\u0438 &#8211; \u0431\u043e\u0436\u044c\u044f \u043a\u043e\u0440\u043e\u0432\u043a\u0430 Pilsan Love Bug Baby Walker (07499) \u043f\u0440\u0435\u0434\u043d\u0430\u0437\u043d\u0430\u0447\u0435\u043d\u044b \u0434\u043b\u044f \u043c\u0430\u043b\u0435\u043d\u044c\u043a\u0438\u0445 \u0434\u0435\u0442\u0435\u0439 \u043e\u0442 6 \u0434\u043e 36 \u043c\u0435\u0441\u044f\u0446\u0435\u0432. \u0425\u043e\u0434\u0443\u043d\u043a\u0438 \u0432\u044b\u043f\u043e\u043b\u043d\u0435\u043d\u044b \u0432 \u0444\u043e\u0440\u043c\u0435 \u0431\u043e\u0436\u044c\u0435\u0439 \u043a\u043e\u0440\u043e\u0432\u043a\u0438, \u0438\u043c\u0435\u044e\u0442 6 \u0437\u0432\u0443\u043a\u043e\u0432\u044b\u0445 \u0441\u0438\u0433\u043d\u0430\u043b\u043e\u0432, \u0441\u043f\u0435\u0446\u0438\u0430\u043b\u044c\u043d\u0443\u044e \u0440\u0443\u0447\u043a\u0443 \u0441\u043f\u0435\u0440\u0435\u0434\u0438. \u0412\u043d\u0443\u0442\u0440\u0435\u043d\u043d\u044f\u044f \u0447\u0430\u0441\u0442\u044c \u0445\u043e\u0434\u0443\u043d\u043a\u043e\u0432 \u0438\u043c\u0435\u0435\u0442 \u043c\u044f\u0433\u043a\u0443\u044e \u043f\u043e\u0434\u043b\u043e\u0436\u043a\u0443. \u041a\u0440\u0435\u0441\u043b\u043e \u0432\u044b\u0434\u0435\u0440\u0436\u0438\u0432\u0430\u0435\u0442 \u0440\u0435\u0431\u0435\u043d\u043a\u0430 \u0432\u0435\u0441\u043e\u043c \u0434\u043e 12 \u043a\u0433. \u0425\u043e\u0434\u0443\u043d\u043a\u0438 Pilsan Love Bug Baby Walker (07-499) \u0438\u043c\u0435\u044e\u0442 \u0441\u0442\u0438\u043b\u044c\u043d\u044b\u0439 \u0432\u043d\u0435\u0448\u043d\u0438\u0439 [&hellip;]<\/p>\n","protected":false},"featured_media":42956,"comment_status":"open","ping_status":"closed","template":"","meta":{"_acf_changed":false},"product_brand":[],"product_cat":[6800],"product_tag":[],"class_list":{"0":"post-42959","1":"product","2":"type-product","3":"status-publish","4":"has-post-thumbnail","6":"product_cat-ru_ru-hodunki-trim-ro_ro-pr","8":"first","9":"instock","10":"shipping-taxable","11":"purchasable","12":"product-type-simple"},"acf":[],"_links":{"self":[{"href":"https:\/\/minimax.md\/ru\/wp-json\/wp\/v2\/product\/42959","targetHints":{"allow":["GET"]}}],"collection":[{"href":"https:\/\/minimax.md\/ru\/wp-json\/wp\/v2\/product"}],"about":[{"href":"https:\/\/minimax.md\/ru\/wp-json\/wp\/v2\/types\/product"}],"replies":[{"embeddable":true,"href":"https:\/\/minimax.md\/ru\/wp-json\/wp\/v2\/comments?post=42959"}],"version-history":[{"count":0,"href":"https:\/\/minimax.md\/ru\/wp-json\/wp\/v2\/product\/42959\/revisions"}],"wp:featuredmedia":[{"embeddable":true,"href":"https:\/\/minimax.md\/ru\/wp-json\/wp\/v2\/media\/42956"}],"wp:attachment":[{"href":"https:\/\/minimax.md\/ru\/wp-json\/wp\/v2\/media?parent=42959"}],"wp:term":[{"taxonomy":"product_brand","embeddable":true,"href":"https:\/\/minimax.md\/ru\/wp-json\/wp\/v2\/product_brand?post=42959"},{"taxonomy":"product_cat","embeddable":true,"href":"https:\/\/minimax.md\/ru\/wp-json\/wp\/v2\/product_cat?post=42959"},{"taxonomy":"product_tag","embeddable":true,"href":"https:\/\/minimax.md\/ru\/wp-json\/wp\/v2\/product_tag?post=42959"}],"curies":[{"name":"wp","href":"https:\/\/api.w.org\/{rel}","templated":true}]}}