{"id":42969,"date":"2023-11-28T13:12:55","date_gmt":"2023-11-28T10:12:55","guid":{"rendered":"https:\/\/minimax.md\/product\/42969.html"},"modified":"2024-03-13T00:18:12","modified_gmt":"2024-03-12T21:18:12","slug":"ru_ru-pilsan-basketbolnaja-korzina-s-mjachom-trim-ro_ro-pilsan-set-de-joc-baschet-cu-minge","status":"publish","type":"product","link":"https:\/\/minimax.md\/ru\/product\/42969.html","title":{"rendered":"Pilsan \u0411\u0430\u0441\u043a\u0435\u0442\u0431\u043e\u043b\u044c\u043d\u0430\u044f \u043a\u043e\u0440\u0437\u0438\u043d\u0430 \u0441 \u043c\u044f\u0447\u043e\u043c"},"content":{"rendered":"<p>[:ru_RU]\u0420\u0435\u0433\u0443\u043b\u0438\u0440\u0443\u0435\u043c\u0430\u044f \u0431\u0430\u0441\u043a\u0435\u0442\u0431\u043e\u043b\u044c\u043d\u0430\u044f \u0441\u0442\u043e\u0439\u043a\u0430 Pilsan (03-394) \u043c\u043e\u0436\u0435\u0442 \u0443\u0441\u0442\u0430\u043d\u0430\u0432\u043b\u0438\u0432\u0430\u0442\u044c\u0441\u044f \u043d\u0430 \u0434\u0435\u0442\u0441\u043a\u0438\u0435 \u043f\u043b\u043e\u0449\u0430\u0434\u043a\u0438 \u043a\u0430\u043a \u043e\u0442\u043a\u0440\u044b\u0442\u043e\u0433\u043e, \u0442\u0430\u043a \u0438 \u0437\u0430\u043a\u0440\u044b\u0442\u043e\u0433\u043e \u0442\u0438\u043f\u0430, \u0432 \u0442\u043e\u043c \u0447\u0438\u0441\u043b\u0435 \u0432 \u0436\u0438\u043b\u044b\u0445 \u043f\u043e\u043c\u0435\u0449\u0435\u043d\u0438\u044f\u0445. \u0420\u0435\u043a\u043e\u043c\u0435\u043d\u0434\u0443\u0435\u0442\u0441\u044f \u0434\u043b\u044f \u0434\u0435\u0442\u0435\u0439 \u043e\u0442 3 \u043b\u0435\u0442. \u0421\u0442\u043e\u0439\u043a\u0430 \u043e\u0441\u043d\u0430\u0449\u0435\u043d\u0430 \u0449\u0438\u0442\u043e\u043c \u0441 \u0431\u0430\u0441\u043a\u0435\u0442\u0431\u043e\u043b\u044c\u043d\u043e\u0439 \u043a\u043e\u0440\u0437\u0438\u043d\u043e\u0439 \u0443\u043c\u0435\u043d\u044c\u0448\u0435\u043d\u043d\u043e\u0433\u043e \u0434\u0438\u0430\u043c\u0435\u0442\u0440\u0430. \u0412\u044b\u0441\u043e\u0442\u0430 \u0440\u0430\u0441\u043f\u043e\u043b\u043e\u0436\u0435\u043d\u0438\u044f \u0449\u0438\u0442\u0430 \u043c\u043e\u0436\u0435\u0442 \u0440\u0435\u0433\u0443\u043b\u0438\u0440\u043e\u0432\u0430\u0442\u044c\u0441\u044f. \u0414\u043b\u044f \u0431\u043e\u043b\u044c\u0448\u0435\u0439 \u0443\u0441\u0442\u043e\u0439\u0447\u0438\u0432\u043e\u0441\u0442\u0438 \u0440\u0435\u043a\u043e\u043c\u0435\u043d\u0434\u0443\u0435\u0442\u0441\u044f \u043d\u0430\u043f\u043e\u043b\u043d\u0438\u0442\u044c \u043e\u0441\u043d\u043e\u0432\u0430\u043d\u0438\u0435 \u0441\u0442\u043e\u0439\u043a\u0438 \u0432\u043e\u0434\u043e\u0439 \u0438\u043b\u0438 \u043f\u0435\u0441\u043a\u043e\u043c. \u0412 \u043a\u043e\u043c\u043f\u043b\u0435\u043a\u0442 \u0432\u0445\u043e\u0434\u044f\u0442: \u043e\u0441\u043d\u043e\u0432\u0430\u043d\u0438\u0435, \u0448\u0442\u0430\u043d\u0433\u0430, \u0449\u0438\u0442 \u0441 \u043a\u043e\u043b\u044c\u0446\u043e\u043c \u0438 \u043c\u0430\u043b\u0435\u043d\u044c\u043a\u0438\u0439 \u043c\u044f\u0447.<\/p>\n<p>\u041d\u0430\u043b\u0438\u0447\u0438\u0435 \u0431\u0430\u0441\u043a\u0435\u0442\u0431\u043e\u043b\u044c\u043d\u043e\u0439 \u0441\u0442\u043e\u0439\u043a\u0438 \u0441\u043e \u0449\u0438\u0442\u043e\u043c \u0441\u043f\u043e\u0441\u043e\u0431\u0441\u0442\u0432\u0443\u0435\u0442 \u0444\u0438\u0437\u0438\u0447\u0435\u0441\u043a\u043e\u043c\u0443 \u0440\u0430\u0437\u0432\u0438\u0442\u0438\u044e \u0440\u0435\u0431\u0435\u043d\u043a\u0430, \u0442\u0440\u0435\u043d\u0438\u0440\u043e\u0432\u043a\u0438 \u043b\u043e\u0432\u043a\u043e\u0441\u0442\u0438, \u0442\u043e\u0447\u043d\u043e\u0441\u0442\u0438, \u0433\u043b\u0430\u0437\u043e\u043c\u0435\u0440\u0430 \u0438 \u043f\u043e\u0434\u0432\u0438\u0436\u043d\u043e\u0441\u0442\u0438 \u0432\u0441\u0435\u0445 \u0433\u0440\u0443\u043f\u043f \u0441\u0443\u0441\u0442\u0430\u0432\u043e\u0432.<\/p>\n<p> \t\u0420\u0435\u043a\u043e\u043c\u0435\u043d\u0434\u0443\u0435\u043c\u044b\u0439 \u0432\u043e\u0437\u0440\u0430\u0441\u0442 3+<br \/>\n \t\u0412\u043e\u0437\u043c\u043e\u0436\u043d\u043e\u0441\u0442\u044c \u0438\u0441\u043f\u043e\u043b\u044c\u0437\u043e\u0432\u0430\u043d\u0438\u044f \u0432 \u043e\u0442\u043a\u0440\u044b\u0442\u044b\u0445 \u0438 \u0437\u0430\u043a\u0440\u044b\u0442\u044b\u0445 \u043f\u043e\u043c\u0435\u0449\u0435\u043d\u0438\u044f\u0445<br \/>\n \t\u041f\u0440\u043e\u0441\u0442\u0430\u044f \u0443\u0441\u0442\u0430\u043d\u043e\u0432\u043a\u0430<br \/>\n \t\u041f\u0440\u043e\u0447\u043d\u044b\u0439 \u0438 \u043d\u0430\u0434\u0435\u0436\u043d\u044b\u0439<br \/>\n \t\u042d\u0440\u0433\u043e\u043d\u043e\u043c\u0438\u0447\u043d\u044b\u0439 \u0434\u0438\u0437\u0430\u0439\u043d<br \/>\n \t\u0412\u044b\u0441\u043e\u043a\u043e\u043a\u0430\u0447\u0435\u0441\u0442\u0432\u0435\u043d\u043d\u043e\u0435 \u0441\u044b\u0440\u044c\u0435, \u043a\u043e\u0442\u043e\u0440\u043e\u0435 \u043d\u0435 \u0441\u043e\u0434\u0435\u0440\u0436\u0438\u0442 \u043a\u0430\u043d\u0446\u0435\u0440\u043e\u0433\u0435\u043d\u043d\u044b\u0445 \u0432\u0435\u0449\u0435\u0441\u0442\u0432[trim][:ro_RO]<\/p>\n<p class=\"ty-product-block-title\">Setul cu co\u0219 de baschet Pilsan (03-394) poate fi instalat pe locurile de joac\u0103 at\u00e2t de tip deschis c\u00e2t \u0219i \u00eenchis, inclusiv \u00een \u00eenc\u0103pere. Recomandat copiilor \u00eencep\u00e2nd cu v\u00e2rsta de 3 ani. Stativul este prev\u0103zut cu un panou cu co\u0219 de baschet pentru copii cu diametru redus. \u00cen\u0103l\u021bimea panoului poate fi ajustat\u0103. Pentru o stabilitate sporit\u0103, se recomand\u0103 umplerea bazei stativului cu ap\u0103 sau nisip. Setul include: baz\u0103, stativ reglabil, panou cu co\u0219 de baschet \u0219i o minge mic\u0103.<\/p>\n<p>Av\u00e2nd un set de baschet, copilul va \u00eenv\u0103ta in timp s\u0103-\u0219i coordoneze mai bine mi\u0219c\u0103rile \u0219i precizia, sa se orienteze \u00een spa\u021biu, dezvolt\u00e2nd abilit\u0103\u021bi psiho-motorii \u0219i de coordonare.<\/p>\n<ul>\n<li>V\u00e2rsta recomandat\u0103: 3+ ani<\/li>\n<li>Poate fi folosit \u00een interior \u0219i exterior<\/li>\n<li>Instalare u\u0219oar\u0103<\/li>\n<li>Durabil \u0219i fiabil<\/li>\n<li>Aspect elegant \u0219i design ergonomic<\/li>\n<li>Materie prim\u0103 de cea mai \u00eenalt\u0103 calitate ce nu con\u021bine substan\u021be cancerigene<\/li>\n<\/ul>\n","protected":false},"excerpt":{"rendered":"<p>[:ru_RU]\u0420\u0435\u0433\u0443\u043b\u0438\u0440\u0443\u0435\u043c\u0430\u044f \u0431\u0430\u0441\u043a\u0435\u0442\u0431\u043e\u043b\u044c\u043d\u0430\u044f \u0441\u0442\u043e\u0439\u043a\u0430 Pilsan (03-394) \u043c\u043e\u0436\u0435\u0442 \u0443\u0441\u0442\u0430\u043d\u0430\u0432\u043b\u0438\u0432\u0430\u0442\u044c\u0441\u044f \u043d\u0430 \u0434\u0435\u0442\u0441\u043a\u0438\u0435 \u043f\u043b\u043e\u0449\u0430\u0434\u043a\u0438 \u043a\u0430\u043a \u043e\u0442\u043a\u0440\u044b\u0442\u043e\u0433\u043e, \u0442\u0430\u043a \u0438 \u0437\u0430\u043a\u0440\u044b\u0442\u043e\u0433\u043e \u0442\u0438\u043f\u0430, \u0432 \u0442\u043e\u043c \u0447\u0438\u0441\u043b\u0435 \u0432 \u0436\u0438\u043b\u044b\u0445 \u043f\u043e\u043c\u0435\u0449\u0435\u043d\u0438\u044f\u0445. \u0420\u0435\u043a\u043e\u043c\u0435\u043d\u0434\u0443\u0435\u0442\u0441\u044f \u0434\u043b\u044f \u0434\u0435\u0442\u0435\u0439 \u043e\u0442 3 \u043b\u0435\u0442. \u0421\u0442\u043e\u0439\u043a\u0430 \u043e\u0441\u043d\u0430\u0449\u0435\u043d\u0430 \u0449\u0438\u0442\u043e\u043c \u0441 \u0431\u0430\u0441\u043a\u0435\u0442\u0431\u043e\u043b\u044c\u043d\u043e\u0439 \u043a\u043e\u0440\u0437\u0438\u043d\u043e\u0439 \u0443\u043c\u0435\u043d\u044c\u0448\u0435\u043d\u043d\u043e\u0433\u043e \u0434\u0438\u0430\u043c\u0435\u0442\u0440\u0430. \u0412\u044b\u0441\u043e\u0442\u0430 \u0440\u0430\u0441\u043f\u043e\u043b\u043e\u0436\u0435\u043d\u0438\u044f \u0449\u0438\u0442\u0430 \u043c\u043e\u0436\u0435\u0442 \u0440\u0435\u0433\u0443\u043b\u0438\u0440\u043e\u0432\u0430\u0442\u044c\u0441\u044f. \u0414\u043b\u044f \u0431\u043e\u043b\u044c\u0448\u0435\u0439 \u0443\u0441\u0442\u043e\u0439\u0447\u0438\u0432\u043e\u0441\u0442\u0438 \u0440\u0435\u043a\u043e\u043c\u0435\u043d\u0434\u0443\u0435\u0442\u0441\u044f \u043d\u0430\u043f\u043e\u043b\u043d\u0438\u0442\u044c \u043e\u0441\u043d\u043e\u0432\u0430\u043d\u0438\u0435 \u0441\u0442\u043e\u0439\u043a\u0438 \u0432\u043e\u0434\u043e\u0439 \u0438\u043b\u0438 \u043f\u0435\u0441\u043a\u043e\u043c. \u0412 \u043a\u043e\u043c\u043f\u043b\u0435\u043a\u0442 \u0432\u0445\u043e\u0434\u044f\u0442: \u043e\u0441\u043d\u043e\u0432\u0430\u043d\u0438\u0435, [&hellip;]<\/p>\n","protected":false},"featured_media":42967,"comment_status":"open","ping_status":"closed","template":"","meta":{"_acf_changed":false},"product_brand":[],"product_cat":[6701],"product_tag":[],"class_list":{"0":"post-42969","1":"product","2":"type-product","3":"status-publish","4":"has-post-thumbnail","6":"product_cat-ru_ru-sportivnyj-inventar-t","8":"first","9":"instock","10":"shipping-taxable","11":"purchasable","12":"product-type-simple"},"acf":[],"_links":{"self":[{"href":"https:\/\/minimax.md\/ru\/wp-json\/wp\/v2\/product\/42969","targetHints":{"allow":["GET"]}}],"collection":[{"href":"https:\/\/minimax.md\/ru\/wp-json\/wp\/v2\/product"}],"about":[{"href":"https:\/\/minimax.md\/ru\/wp-json\/wp\/v2\/types\/product"}],"replies":[{"embeddable":true,"href":"https:\/\/minimax.md\/ru\/wp-json\/wp\/v2\/comments?post=42969"}],"version-history":[{"count":0,"href":"https:\/\/minimax.md\/ru\/wp-json\/wp\/v2\/product\/42969\/revisions"}],"wp:featuredmedia":[{"embeddable":true,"href":"https:\/\/minimax.md\/ru\/wp-json\/wp\/v2\/media\/42967"}],"wp:attachment":[{"href":"https:\/\/minimax.md\/ru\/wp-json\/wp\/v2\/media?parent=42969"}],"wp:term":[{"taxonomy":"product_brand","embeddable":true,"href":"https:\/\/minimax.md\/ru\/wp-json\/wp\/v2\/product_brand?post=42969"},{"taxonomy":"product_cat","embeddable":true,"href":"https:\/\/minimax.md\/ru\/wp-json\/wp\/v2\/product_cat?post=42969"},{"taxonomy":"product_tag","embeddable":true,"href":"https:\/\/minimax.md\/ru\/wp-json\/wp\/v2\/product_tag?post=42969"}],"curies":[{"name":"wp","href":"https:\/\/api.w.org\/{rel}","templated":true}]}}