{"id":42997,"date":"2023-11-28T13:12:58","date_gmt":"2023-11-28T10:12:58","guid":{"rendered":"https:\/\/minimax.md\/product\/42997.html"},"modified":"2023-11-28T13:30:02","modified_gmt":"2023-11-28T10:30:02","slug":"ru_ru-viga-derevjannaja-igrushka-gusenica-trim-ro_ro-viga-juc-rie-din-lemn-omid","status":"publish","type":"product","link":"https:\/\/minimax.md\/ru\/product\/42997.html","title":{"rendered":"Viga \u0414\u0435\u0440\u0435\u0432\u044f\u043d\u043d\u0430\u044f \u0438\u0433\u0440\u0443\u0448\u043a\u0430 \u0413\u0443\u0441\u0435\u043d\u0438\u0446\u0430"},"content":{"rendered":"<p>[:ru_RU]Viga \u0414\u0435\u0440\u0435\u0432\u044f\u043d\u043d\u0430\u044f \u0438\u0433\u0440\u0443\u0448\u043a\u0430 \u0413\u0443\u0441\u0435\u043d\u0438\u0446\u0430<br \/>\n\u0420\u0430\u0437\u043d\u043e\u0446\u0432\u0435\u0442\u043d\u044b\u0445 \u0446\u0432\u0435\u0442\u043e\u0432 \u0440\u0435\u0431\u0435\u043d\u043e\u043a \u043c\u043e\u0436\u0435\u0442 \u0438\u0437\u0443\u0447\u0430\u0442\u044c \u0446\u0432\u0435\u0442\u0430<br \/>\n\u0420\u0430\u0437\u0432\u0438\u0432\u0430\u0435\u0442 \u041c\u0435\u043b\u043a\u0443\u044e \u043c\u043e\u0442\u043e\u0440\u0438\u043a\u0443 \u0412\u043d\u0438\u043c\u0430\u043d\u0438\u0435<br \/>\n\u0418\u0433\u0440\u0443\u0448\u043a\u0430 \u0438\u0437\u0433\u043e\u0442\u043e\u0432\u043b\u0435\u043d\u0430 \u0438\u0437 \u044d\u043a\u043e\u043b\u043e\u0433\u0438\u0447\u0435\u0441\u043a\u0438 \u0447\u0438\u0441\u0442\u043e\u0433\u043e \u043c\u0430\u0442\u0435\u0440\u0438\u0430\u043b\u0430<br \/>\n\u0414\u0435\u0440\u0435\u0432\u044f\u043d\u043d\u0430\u044f \u043e\u0441\u043d\u043e\u0432\u0430<br \/>\n\u0420\u0430\u0437\u043c\u0435\u0440\u044b 30.5 c\u043c x 7.5 c\u043c x 5.8 c\u043c[trim][:ro_RO]Viga juc\u0103rie din lemn Omida<br \/>\nJuc\u0103ria este fabricat\u0103 din material ecologic<br \/>\nBaza lemnului<br \/>\nDimensiuni30,5 cm x 7,5 cm x 5,8 cm<\/p>\n","protected":false},"excerpt":{"rendered":"<p>[:ru_RU]Viga \u0414\u0435\u0440\u0435\u0432\u044f\u043d\u043d\u0430\u044f \u0438\u0433\u0440\u0443\u0448\u043a\u0430 \u0413\u0443\u0441\u0435\u043d\u0438\u0446\u0430 \u0420\u0430\u0437\u043d\u043e\u0446\u0432\u0435\u0442\u043d\u044b\u0445 \u0446\u0432\u0435\u0442\u043e\u0432 \u0440\u0435\u0431\u0435\u043d\u043e\u043a \u043c\u043e\u0436\u0435\u0442 \u0438\u0437\u0443\u0447\u0430\u0442\u044c \u0446\u0432\u0435\u0442\u0430 \u0420\u0430\u0437\u0432\u0438\u0432\u0430\u0435\u0442 \u041c\u0435\u043b\u043a\u0443\u044e \u043c\u043e\u0442\u043e\u0440\u0438\u043a\u0443 \u0412\u043d\u0438\u043c\u0430\u043d\u0438\u0435 \u0418\u0433\u0440\u0443\u0448\u043a\u0430 \u0438\u0437\u0433\u043e\u0442\u043e\u0432\u043b\u0435\u043d\u0430 \u0438\u0437 \u044d\u043a\u043e\u043b\u043e\u0433\u0438\u0447\u0435\u0441\u043a\u0438 \u0447\u0438\u0441\u0442\u043e\u0433\u043e \u043c\u0430\u0442\u0435\u0440\u0438\u0430\u043b\u0430 \u0414\u0435\u0440\u0435\u0432\u044f\u043d\u043d\u0430\u044f \u043e\u0441\u043d\u043e\u0432\u0430 \u0420\u0430\u0437\u043c\u0435\u0440\u044b 30.5 c\u043c x 7.5 c\u043c x 5.8 c\u043c[trim][:ro_RO]Viga juc\u0103rie din lemn Omida Juc\u0103ria este fabricat\u0103 din material ecologic Baza lemnului Dimensiuni30,5 cm x 7,5 cm x 5,8 cm<\/p>\n","protected":false},"featured_media":42995,"comment_status":"open","ping_status":"closed","template":"","meta":{"_acf_changed":false},"product_brand":[],"product_cat":[6721],"product_tag":[],"class_list":{"0":"post-42997","1":"product","2":"type-product","3":"status-publish","4":"has-post-thumbnail","6":"product_cat-ru_ru-derevjannye-igrushki","8":"first","9":"instock","10":"shipping-taxable","11":"purchasable","12":"product-type-simple"},"acf":[],"_links":{"self":[{"href":"https:\/\/minimax.md\/ru\/wp-json\/wp\/v2\/product\/42997","targetHints":{"allow":["GET"]}}],"collection":[{"href":"https:\/\/minimax.md\/ru\/wp-json\/wp\/v2\/product"}],"about":[{"href":"https:\/\/minimax.md\/ru\/wp-json\/wp\/v2\/types\/product"}],"replies":[{"embeddable":true,"href":"https:\/\/minimax.md\/ru\/wp-json\/wp\/v2\/comments?post=42997"}],"version-history":[{"count":0,"href":"https:\/\/minimax.md\/ru\/wp-json\/wp\/v2\/product\/42997\/revisions"}],"wp:featuredmedia":[{"embeddable":true,"href":"https:\/\/minimax.md\/ru\/wp-json\/wp\/v2\/media\/42995"}],"wp:attachment":[{"href":"https:\/\/minimax.md\/ru\/wp-json\/wp\/v2\/media?parent=42997"}],"wp:term":[{"taxonomy":"product_brand","embeddable":true,"href":"https:\/\/minimax.md\/ru\/wp-json\/wp\/v2\/product_brand?post=42997"},{"taxonomy":"product_cat","embeddable":true,"href":"https:\/\/minimax.md\/ru\/wp-json\/wp\/v2\/product_cat?post=42997"},{"taxonomy":"product_tag","embeddable":true,"href":"https:\/\/minimax.md\/ru\/wp-json\/wp\/v2\/product_tag?post=42997"}],"curies":[{"name":"wp","href":"https:\/\/api.w.org\/{rel}","templated":true}]}}