{"id":43012,"date":"2023-11-28T13:12:59","date_gmt":"2023-11-28T10:12:59","guid":{"rendered":"https:\/\/minimax.md\/product\/43012.html"},"modified":"2023-11-28T13:30:02","modified_gmt":"2023-11-28T10:30:02","slug":"ru_ru-sano-vlazhnye-salfetki-dlja-mebeli-furniture-wipes-20-shtk-trim-ro_ro-sano-serve-ele-umede-pentru-mobil-furniture-wipes-20-buc","status":"publish","type":"product","link":"https:\/\/minimax.md\/ru\/product\/43012.html","title":{"rendered":"Sano \u0412\u043b\u0430\u0436\u043d\u044b\u0435 \u0441\u0430\u043b\u0444\u0435\u0442\u043a\u0438 \u0434\u043b\u044f \u043c\u0435\u0431\u0435\u043b\u0438 Furniture Wipes, 20 \u0448\u0442\u043a"},"content":{"rendered":"<p>[:ru_RU]\u0412\u043b\u0430\u0436\u043d\u044b\u0435 \u0441\u0430\u043b\u0444\u0435\u0442\u043a\u0438 \u0434\u043b\u044f \u043c\u0435\u0431\u0435\u043b\u0438 Sano Furniture Wipes \u043e\u0434\u043d\u043e\u0432\u0440\u0435\u043c\u0435\u043d\u043d\u043e \u043e\u0447\u0438\u0449\u0430\u044e\u0442 \u043e\u0442 \u0433\u0440\u044f\u0437\u0438 \u0438 \u043f\u044b\u043b\u0438 \u0438 \u043f\u043e\u043a\u0440\u044b\u0432\u0430\u044e\u0442 \u043c\u0435\u0431\u0435\u043b\u044c \u0437\u0430\u0449\u0438\u0442\u043d\u044b\u043c \u0432\u043e\u0441\u043a\u043e\u0432\u044b\u043c \u0441\u043b\u043e\u0435\u043c.<br \/>\n \u0423\u0434\u043e\u0431\u043d\u044b\u0435 \u0432 \u043f\u0440\u0438\u043c\u0435\u043d\u0435\u043d\u0438\u0438.<br \/>\n\u0420\u0435\u0433\u0443\u043b\u044f\u0440\u043d\u043e\u0435 \u0438\u0441\u043f\u043e\u043b\u044c\u0437\u043e\u0432\u0430\u043d\u0438\u0435 \u0432\u043b\u0430\u0436\u043d\u044b\u0445 \u0441\u0430\u043b\u0444\u0435\u0442\u043e\u043a Sano Furniture Wipes  \u0441\u043e\u0445\u0440\u0430\u043d\u0438\u0442 \u0435\u0441\u0442\u0435\u0441\u0442\u0432\u0435\u043d\u043d\u044b\u0439 \u0431\u043b\u0435\u0441\u043a \u0434\u0435\u0440\u0435\u0432\u0430 \u0438 \u0434\u043e\u043b\u0433\u043e\u0432\u0435\u0447\u043d\u043e\u0441\u0442\u044c \u043c\u0435\u0431\u0435\u043b\u0438.<br \/>\n\u041a\u043e\u043b\u0438\u0447\u0435\u0441\u0442\u0432\u043e: 20 \u0448\u0442[trim][:ro_RO]Servetele umede pentru mobila  Sano Furniture Wipes o via\u021b\u0103 nou\u0103 pentru mobila Dumneavoastr\u0103!<br \/>\nS\u00eent comode \u00een utilizare.<br \/>\nUtilizarea regulat\u0103 a acestor serve\u021bele vor prelungi via\u021ba mobilei Dumneavoastr\u0103.<br \/>\nIn cutie: 20 buc.<\/p>\n","protected":false},"excerpt":{"rendered":"<p>[:ru_RU]\u0412\u043b\u0430\u0436\u043d\u044b\u0435 \u0441\u0430\u043b\u0444\u0435\u0442\u043a\u0438 \u0434\u043b\u044f \u043c\u0435\u0431\u0435\u043b\u0438 Sano Furniture Wipes \u043e\u0434\u043d\u043e\u0432\u0440\u0435\u043c\u0435\u043d\u043d\u043e \u043e\u0447\u0438\u0449\u0430\u044e\u0442 \u043e\u0442 \u0433\u0440\u044f\u0437\u0438 \u0438 \u043f\u044b\u043b\u0438 \u0438 \u043f\u043e\u043a\u0440\u044b\u0432\u0430\u044e\u0442 \u043c\u0435\u0431\u0435\u043b\u044c \u0437\u0430\u0449\u0438\u0442\u043d\u044b\u043c \u0432\u043e\u0441\u043a\u043e\u0432\u044b\u043c \u0441\u043b\u043e\u0435\u043c. \u0423\u0434\u043e\u0431\u043d\u044b\u0435 \u0432 \u043f\u0440\u0438\u043c\u0435\u043d\u0435\u043d\u0438\u0438. \u0420\u0435\u0433\u0443\u043b\u044f\u0440\u043d\u043e\u0435 \u0438\u0441\u043f\u043e\u043b\u044c\u0437\u043e\u0432\u0430\u043d\u0438\u0435 \u0432\u043b\u0430\u0436\u043d\u044b\u0445 \u0441\u0430\u043b\u0444\u0435\u0442\u043e\u043a Sano Furniture Wipes \u0441\u043e\u0445\u0440\u0430\u043d\u0438\u0442 \u0435\u0441\u0442\u0435\u0441\u0442\u0432\u0435\u043d\u043d\u044b\u0439 \u0431\u043b\u0435\u0441\u043a \u0434\u0435\u0440\u0435\u0432\u0430 \u0438 \u0434\u043e\u043b\u0433\u043e\u0432\u0435\u0447\u043d\u043e\u0441\u0442\u044c \u043c\u0435\u0431\u0435\u043b\u0438. \u041a\u043e\u043b\u0438\u0447\u0435\u0441\u0442\u0432\u043e: 20 \u0448\u0442[trim][:ro_RO]Servetele umede pentru mobila Sano Furniture Wipes o via\u021b\u0103 nou\u0103 pentru mobila Dumneavoastr\u0103! S\u00eent comode \u00een utilizare. [&hellip;]<\/p>\n","protected":false},"featured_media":43011,"comment_status":"open","ping_status":"closed","template":"","meta":{"_acf_changed":false},"product_brand":[],"product_cat":[6755],"product_tag":[],"class_list":{"0":"post-43012","1":"product","2":"type-product","3":"status-publish","4":"has-post-thumbnail","6":"product_cat-ru_ru-sredstva-dlja-chistki","8":"first","9":"instock","10":"shipping-taxable","11":"purchasable","12":"product-type-simple"},"acf":[],"_links":{"self":[{"href":"https:\/\/minimax.md\/ru\/wp-json\/wp\/v2\/product\/43012","targetHints":{"allow":["GET"]}}],"collection":[{"href":"https:\/\/minimax.md\/ru\/wp-json\/wp\/v2\/product"}],"about":[{"href":"https:\/\/minimax.md\/ru\/wp-json\/wp\/v2\/types\/product"}],"replies":[{"embeddable":true,"href":"https:\/\/minimax.md\/ru\/wp-json\/wp\/v2\/comments?post=43012"}],"version-history":[{"count":0,"href":"https:\/\/minimax.md\/ru\/wp-json\/wp\/v2\/product\/43012\/revisions"}],"wp:featuredmedia":[{"embeddable":true,"href":"https:\/\/minimax.md\/ru\/wp-json\/wp\/v2\/media\/43011"}],"wp:attachment":[{"href":"https:\/\/minimax.md\/ru\/wp-json\/wp\/v2\/media?parent=43012"}],"wp:term":[{"taxonomy":"product_brand","embeddable":true,"href":"https:\/\/minimax.md\/ru\/wp-json\/wp\/v2\/product_brand?post=43012"},{"taxonomy":"product_cat","embeddable":true,"href":"https:\/\/minimax.md\/ru\/wp-json\/wp\/v2\/product_cat?post=43012"},{"taxonomy":"product_tag","embeddable":true,"href":"https:\/\/minimax.md\/ru\/wp-json\/wp\/v2\/product_tag?post=43012"}],"curies":[{"name":"wp","href":"https:\/\/api.w.org\/{rel}","templated":true}]}}