{"id":43018,"date":"2023-11-28T13:13:00","date_gmt":"2023-11-28T10:13:00","guid":{"rendered":"https:\/\/minimax.md\/product\/43018.html"},"modified":"2023-11-28T13:30:02","modified_gmt":"2023-11-28T10:30:02","slug":"ru_ru-sano-jet-universalnoe-sredstvo-dlja-uborki-s-sodoj-750-ml-trim-ro_ro-sano-jet-sprey-solu-ie-universal-cu-sod-750-ml","status":"publish","type":"product","link":"https:\/\/minimax.md\/ru\/product\/43018.html","title":{"rendered":"Sano Jet \u0423\u043d\u0438\u0432\u0435\u0440\u0441\u0430\u043b\u044c\u043d\u043e\u0435 \u0441\u0440\u0435\u0434\u0441\u0442\u0432\u043e \u0434\u043b\u044f \u0443\u0431\u043e\u0440\u043a\u0438 \u0441 \u0441\u043e\u0434\u043e\u0439, 750 \u043c\u043b"},"content":{"rendered":"<p>[:ru_RU]\u041d\u043e\u0432\u043e\u0435 \u0447\u0438\u0441\u0442\u044f\u0449\u0435\u0435 \u0441\u0440\u0435\u0434\u0441\u0442\u0432\u043e \u0433\u0435\u043d\u0435\u0440\u0430\u043b\u044c\u043d\u043e\u0439 \u0443\u0431\u043e\u0440\u043a\u0438  Jet Universal Sprey \u0441 \u0441\u043e\u0434\u043e\u0439.<br \/>\n&#8211; \u0414\u043b\u044f \u043b\u0435\u0433\u043a\u043e\u0439 \u043e\u0447\u0438\u0441\u0442\u043a\u0438 \u0438 \u043f\u043e\u043b\u0438\u0440\u043e\u0432\u043a\u0438.<br \/>\n&#8211; \u0414\u043b\u044f \u043f\u0440\u043e\u0441\u0442\u043e\u0433\u043e \u0438 \u044d\u0444\u0444\u0435\u043a\u0442\u0438\u0432\u043d\u043e\u0433\u043e \u0443\u0434\u0430\u043b\u0435\u043d\u0438\u044f \u0433\u0440\u044f\u0437\u0438 \u0438 \u043f\u044f\u0442\u0435\u043d.<br \/>\n&#8211; \u0414\u043b\u044f \u0433\u0435\u043d\u0435\u0440\u0430\u043b\u044c\u043d\u043e\u0439 \u0443\u0431\u043e\u0440\u043a\u0438<br \/>\n&#8211; \u041e\u0447\u0438\u0441\u0442\u043a\u0430 \u0432\u0441\u0435\u0445 \u0442\u0438\u043f\u043e\u0432 \u043f\u043e\u0432\u0435\u0440\u0445\u043d\u043e\u0441\u0442\u0435\u0439<br \/>\n&#8211; \u041f\u043e\u0434\u0445\u043e\u0434\u0438\u0442 \u0434\u043b\u044f \u0433\u0440\u0430\u043d\u0438\u0442\u043d\u043e-\u0444\u0430\u0440\u0444\u043e\u0440\u043e\u0432\u044b\u0445, \u043a\u0435\u0440\u0430\u043c\u0438\u0447\u0435\u0441\u043a\u0438\u0445, \u043c\u0440\u0430\u043c\u043e\u0440\u043d\u044b\u0445, \u0430\u043b\u044e\u043c\u0438\u043d\u0438\u0435\u0432\u044b\u0445, \u043f\u043b\u0430\u0441\u0442\u0438\u043a\u043e\u0432\u044b\u0445 \u0438 \u0434\u0440\u0443\u0433\u0438\u0445 \u043f\u043e\u0432\u0435\u0440\u0445\u043d\u043e\u0441\u0442\u0435\u0439.<br \/>\n&#8211; \u0421\u043e\u0434\u0430 \u0438\u0437\u0432\u0435\u0441\u0442\u043d\u0430 \u0441\u0432\u043e\u0435\u0439 \u0441\u043f\u043e\u0441\u043e\u0431\u043d\u043e\u0441\u0442\u044c\u044e \u043e\u0447\u0438\u0449\u0430\u0442\u044c, \u0441\u0438\u044f\u0442\u044c, \u043f\u043e\u0433\u043b\u043e\u0449\u0430\u0442\u044c \u043d\u0435\u043f\u0440\u0438\u044f\u0442\u043d\u044b\u0435 \u0437\u0430\u043f\u0430\u0445\u0438 \u0438 \u043c\u043d\u043e\u0433\u043e\u0435 \u0434\u0440\u0443\u0433\u043e\u0435.<br \/>\n&#8211; \u0412\u044b\u043f\u0443\u0441\u043a\u0430\u0435\u0442\u0441\u044f \u0441 \u043e\u0441\u0432\u0435\u0436\u0430\u044e\u0449\u0438\u043c\u0438 \u0430\u0440\u043e\u043c\u0430\u0442\u0430\u043c\u0438 \u0445\u043b\u043e\u043f\u043a\u0430 \u0438 \u043b\u0430\u0432\u0430\u043d\u0434\u044b.<br \/>\n&#8211; \u041e\u0431\u044a\u0451\u043c: 750 \u043c\u043b.[trim][:ro_RO]Noua solutie universala pentru podele \u0219i cur\u0103\u021bare general\u0103 Jet Universal Sprey cu soda.<br \/>\n&#8211; Pentru cur\u0103\u021bare \u0219i lustruire u\u0219oar\u0103.<br \/>\n&#8211; Pentru \u00eendep\u0103rtarea simpl\u0103 \u0219i eficient\u0103 a murd\u0103riei \u0219i a petelor.<br \/>\n&#8211; Pentru cur\u0103\u021benie general\u0103.<br \/>\n&#8211; Cur\u0103\u021barea tuturor tipurilor de suprafe\u021be.<br \/>\n&#8211; Potrivit pentru granit-por\u021belan, ceramic\u0103, marmur\u0103, aluminiu, plastic \u0219i alte suprafe\u021be.<br \/>\n&#8211; Soda este cunoscut\u0103 pentru capacitatea sa de a cur\u0103\u021ba, str\u0103luci, absorbi mirosurile nepl\u0103cute \u0219i multe altele.<br \/>\n&#8211; Disponibil cu parfumuri r\u0103coritoare de bumbac \u0219i lavand\u0103.<br \/>\n&#8211; Volum: 750 ml.<\/p>\n","protected":false},"excerpt":{"rendered":"<p>[:ru_RU]\u041d\u043e\u0432\u043e\u0435 \u0447\u0438\u0441\u0442\u044f\u0449\u0435\u0435 \u0441\u0440\u0435\u0434\u0441\u0442\u0432\u043e \u0433\u0435\u043d\u0435\u0440\u0430\u043b\u044c\u043d\u043e\u0439 \u0443\u0431\u043e\u0440\u043a\u0438 Jet Universal Sprey \u0441 \u0441\u043e\u0434\u043e\u0439. &#8211; \u0414\u043b\u044f \u043b\u0435\u0433\u043a\u043e\u0439 \u043e\u0447\u0438\u0441\u0442\u043a\u0438 \u0438 \u043f\u043e\u043b\u0438\u0440\u043e\u0432\u043a\u0438. &#8211; \u0414\u043b\u044f \u043f\u0440\u043e\u0441\u0442\u043e\u0433\u043e \u0438 \u044d\u0444\u0444\u0435\u043a\u0442\u0438\u0432\u043d\u043e\u0433\u043e \u0443\u0434\u0430\u043b\u0435\u043d\u0438\u044f \u0433\u0440\u044f\u0437\u0438 \u0438 \u043f\u044f\u0442\u0435\u043d. &#8211; \u0414\u043b\u044f \u0433\u0435\u043d\u0435\u0440\u0430\u043b\u044c\u043d\u043e\u0439 \u0443\u0431\u043e\u0440\u043a\u0438 &#8211; \u041e\u0447\u0438\u0441\u0442\u043a\u0430 \u0432\u0441\u0435\u0445 \u0442\u0438\u043f\u043e\u0432 \u043f\u043e\u0432\u0435\u0440\u0445\u043d\u043e\u0441\u0442\u0435\u0439 &#8211; \u041f\u043e\u0434\u0445\u043e\u0434\u0438\u0442 \u0434\u043b\u044f \u0433\u0440\u0430\u043d\u0438\u0442\u043d\u043e-\u0444\u0430\u0440\u0444\u043e\u0440\u043e\u0432\u044b\u0445, \u043a\u0435\u0440\u0430\u043c\u0438\u0447\u0435\u0441\u043a\u0438\u0445, \u043c\u0440\u0430\u043c\u043e\u0440\u043d\u044b\u0445, \u0430\u043b\u044e\u043c\u0438\u043d\u0438\u0435\u0432\u044b\u0445, \u043f\u043b\u0430\u0441\u0442\u0438\u043a\u043e\u0432\u044b\u0445 \u0438 \u0434\u0440\u0443\u0433\u0438\u0445 \u043f\u043e\u0432\u0435\u0440\u0445\u043d\u043e\u0441\u0442\u0435\u0439. &#8211; \u0421\u043e\u0434\u0430 \u0438\u0437\u0432\u0435\u0441\u0442\u043d\u0430 \u0441\u0432\u043e\u0435\u0439 \u0441\u043f\u043e\u0441\u043e\u0431\u043d\u043e\u0441\u0442\u044c\u044e \u043e\u0447\u0438\u0449\u0430\u0442\u044c, \u0441\u0438\u044f\u0442\u044c, \u043f\u043e\u0433\u043b\u043e\u0449\u0430\u0442\u044c \u043d\u0435\u043f\u0440\u0438\u044f\u0442\u043d\u044b\u0435 \u0437\u0430\u043f\u0430\u0445\u0438 [&hellip;]<\/p>\n","protected":false},"featured_media":43017,"comment_status":"open","ping_status":"closed","template":"","meta":{"_acf_changed":false},"product_brand":[],"product_cat":[6756],"product_tag":[],"class_list":{"0":"post-43018","1":"product","2":"type-product","3":"status-publish","4":"has-post-thumbnail","6":"product_cat-ru_ru-universalnye-sredstva","8":"first","9":"instock","10":"shipping-taxable","11":"purchasable","12":"product-type-simple"},"acf":[],"_links":{"self":[{"href":"https:\/\/minimax.md\/ru\/wp-json\/wp\/v2\/product\/43018","targetHints":{"allow":["GET"]}}],"collection":[{"href":"https:\/\/minimax.md\/ru\/wp-json\/wp\/v2\/product"}],"about":[{"href":"https:\/\/minimax.md\/ru\/wp-json\/wp\/v2\/types\/product"}],"replies":[{"embeddable":true,"href":"https:\/\/minimax.md\/ru\/wp-json\/wp\/v2\/comments?post=43018"}],"version-history":[{"count":0,"href":"https:\/\/minimax.md\/ru\/wp-json\/wp\/v2\/product\/43018\/revisions"}],"wp:featuredmedia":[{"embeddable":true,"href":"https:\/\/minimax.md\/ru\/wp-json\/wp\/v2\/media\/43017"}],"wp:attachment":[{"href":"https:\/\/minimax.md\/ru\/wp-json\/wp\/v2\/media?parent=43018"}],"wp:term":[{"taxonomy":"product_brand","embeddable":true,"href":"https:\/\/minimax.md\/ru\/wp-json\/wp\/v2\/product_brand?post=43018"},{"taxonomy":"product_cat","embeddable":true,"href":"https:\/\/minimax.md\/ru\/wp-json\/wp\/v2\/product_cat?post=43018"},{"taxonomy":"product_tag","embeddable":true,"href":"https:\/\/minimax.md\/ru\/wp-json\/wp\/v2\/product_tag?post=43018"}],"curies":[{"name":"wp","href":"https:\/\/api.w.org\/{rel}","templated":true}]}}