{"id":43024,"date":"2023-11-28T13:13:01","date_gmt":"2023-11-28T10:13:01","guid":{"rendered":"https:\/\/minimax.md\/product\/43024.html"},"modified":"2023-11-28T13:30:02","modified_gmt":"2023-11-28T10:30:02","slug":"ru_ru-sano-jet-universalnyi-gel-dlja-uborki-s-uksusom-1-5-l-trim-ro_ro-sano-jet-solu-ie-gel-universal-cu-o-et-1-5-l","status":"publish","type":"product","link":"https:\/\/minimax.md\/ru\/product\/43024.html","title":{"rendered":"Sano Jet \u0423\u043d\u0438\u0432\u0435\u0440\u0441\u0430\u043b\u044c\u043d\u044b\u0438 \u0433\u0435\u043b\u044c \u0434\u043b\u044f \u0443\u0431\u043e\u0440\u043a\u0438 \u0441 \u0443\u043a\u0441\u0443\u0441\u043e\u043c, 1,5 \u043b"},"content":{"rendered":"<p>[:ru_RU]\u0423\u043d\u0438\u0432\u0435\u0440\u0441\u0430\u043b\u044c\u043d\u044b\u0439 \u0447\u0438\u0441\u0442\u044f\u0449\u0438\u0439 \u0440\u0430\u0441\u0442\u0432\u043e\u0440 \u0441 \u0443\u043a\u0441\u0443\u0441\u043e\u043c Sano Jet Gel (1,5 \u043b.). \u0423\u043a\u0441\u0443\u0441 \u0438\u0437\u0432\u0435\u0441\u0442\u0435\u043d  \u0441\u0432\u043e\u0435\u0439 \u0441\u043f\u043e\u0441\u043e\u0431\u043d\u043e\u0441\u0442\u044c\u044e \u043e\u0447\u0438\u0449\u0430\u0442\u044c, \u043f\u0440\u0438\u0434\u0430\u0432\u0430\u0442\u044c \u0431\u043b\u0435\u0441\u043a, \u043f\u043e\u0433\u043b\u043e\u0449\u0430\u0442\u044c \u0437\u0430\u043f\u0430\u0445\u0438 \u0438 \u043c\u043d\u043e\u0433\u043e\u0435 \u0434\u0440\u0443\u0433\u043e\u0435.<br \/>\n\u041e\u0441\u043e\u0431\u0435\u043d\u043d\u043e\u0441\u0442\u0438:<br \/>\n&#8211; \u0418\u043c\u0435\u0435\u0442 \u0432\u044f\u0437\u043a\u0443\u044e \u043a\u043e\u043d\u0441\u0438\u0441\u0442\u0435\u043d\u0446\u0438\u044e \u0438 \u0443\u0434\u043e\u0431\u043d\u0443\u044e \u043a\u0440\u044b\u0448\u043a\u0443.<br \/>\n&#8211; \u041f\u043e\u0434\u0445\u043e\u0434\u0438\u0442 \u0434\u043b\u044f \u0441\u0430\u043c\u044b\u0445 \u0440\u0430\u0437\u043d\u044b\u0445 \u0446\u0435\u043b\u0435\u0439 \u0438 \u043f\u043e\u0432\u0435\u0440\u0445\u043d\u043e\u0441\u0442\u0435\u0439: \u043a\u0435\u0440\u0430\u043c\u043e\u0433\u0440\u0430\u043d\u0438\u0442, \u043a\u0435\u0440\u0430\u043c\u0438\u043a\u0430, \u0430\u043b\u044e\u043c\u0438\u043d\u0438\u0439, \u043c\u0440\u0430\u043c\u043e\u0440, \u043f\u043b\u0430\u0441\u0442\u0438\u043a \u0438 \u043c\u043d\u043e\u0433\u0438\u0435 \u0434\u0440\u0443\u0433\u0438\u0435.<br \/>\n&#8211;  \u041e\u0431\u043b\u0430\u0434\u0430\u0435\u0442 \u0431\u043e\u0434\u0440\u044f\u0449\u0438\u043c \u0430\u0440\u043e\u043c\u0430\u0442\u043e\u043c  \u043b\u0430\u0432\u0430\u043d\u0434\u044b.<br \/>\n&#8211; \u0414\u043e\u0441\u0442\u0443\u043f\u0435\u043d \u0432 \u0443\u043f\u0430\u043a\u043e\u0432\u043a\u0435 1,5 \u043b.<br \/>\n&#8211; \u0418\u043d\u0441\u0442\u0440\u0443\u043a\u0446\u0438\u0438 \u043f\u043e \u0438\u0441\u043f\u043e\u043b\u044c\u0437\u043e\u0432\u0430\u043d\u0438\u044e.<br \/>\n\u0421\u043f\u043e\u0441\u043e\u0431 \u043f\u0440\u0438\u043c\u0435\u043d\u0435\u043d\u0438\u044f: \u0434\u043b\u044f \u043c\u044b\u0442\u044c\u044f \u043f\u043e\u043b\u043e\u0432 \u0438 \u043f\u043e\u0432\u0435\u0440\u0445\u043d\u043e\u0441\u0442\u0435\u0439 \u0431\u043e\u043b\u044c\u0448\u0438\u0445 \u0440\u0430\u0437\u043c\u0435\u0440\u043e\u0432 \u0434\u043e\u0431\u0430\u0432\u044c\u0442\u0435 \u043f\u043e\u043b\u0441\u0442\u0430\u043a\u0430\u043d\u0430 \u0433\u0435\u043b\u044f (120 \u043c\u043b) \u0432 \u0432\u0435\u0434\u0440\u043e \u0441 \u0432\u043e\u0434\u043e\u0439.<br \/>\n\u0427\u0442\u043e\u0431\u044b \u043e\u0447\u0438\u0441\u0442\u0438\u0442\u044c \u0442\u0440\u0443\u0434\u043d\u044b\u0435 \u043f\u044f\u0442\u043d\u0430 \u0438\u043b\u0438 \u043e\u0447\u0435\u043d\u044c \u0433\u0440\u044f\u0437\u043d\u044b\u0435 \u043f\u043e\u0432\u0435\u0440\u0445\u043d\u043e\u0441\u0442\u0438, \u0432\u0442\u0438\u0440\u0430\u0439\u0442\u0435 \u0433\u0435\u043b\u044c \u043d\u0435\u043f\u043e\u0441\u0440\u0435\u0434\u0441\u0442\u0432\u0435\u043d\u043d\u043e \u0432 \u043f\u043e\u0432\u0435\u0440\u0445\u043d\u043e\u0441\u0442\u044c \u0438 \u0443\u0434\u0430\u043b\u044f\u0439\u0442\u0435 \u0433\u0440\u044f\u0437\u044c \u0441 \u043f\u043e\u043c\u043e\u0449\u044c\u044e \u0447\u0438\u0441\u0442\u044f\u0449\u0435\u0439 \u0442\u043a\u0430\u043d\u0438 \u0438\u043b\u0438 \u0432\u043b\u0430\u0436\u043d\u043e\u0439 \u0442\u043a\u0430\u043d\u0438. \u041f\u0435\u0440\u0435\u0434 \u0438\u0441\u043f\u043e\u043b\u044c\u0437\u043e\u0432\u0430\u043d\u0438\u0435\u043c \u0432\u0441\u0435\u0433\u0434\u0430 \u0438\u0441\u043f\u043e\u043b\u044c\u0437\u0443\u0439\u0442\u0435 \u0441\u043e\u043f\u0440\u043e\u0442\u0438\u0432\u043b\u0435\u043d\u0438\u0435 \u043f\u043e\u0432\u0435\u0440\u0445\u043d\u043e\u0441\u0442\u0438 \u0432 \u0441\u043a\u0440\u044b\u0442\u043e\u043c \u0443\u0433\u043b\u0443.[trim][:ro_RO]Solu\u021bie universal\u0103 de cur\u0103\u021bare cu o\u021bet Sano Jet Gel (1,5 l.). O\u021betul este cunoscut pentru capacitatea sa de a cur\u0103\u021ba, str\u0103luci, absorbi mirosurile \u0219i multe altele.<br \/>\nCaracteristici:<br \/>\n&#8211; Are o consisten\u021b\u0103 v\u00e2scoas\u0103 \u0219i un capac confortabil.<br \/>\n&#8211; Potrivit pentru o mare varietate de scopuri \u0219i suprafe\u021be: gresie por\u021belan, ceramic\u0103, aluminiu, marmur\u0103, plastic \u0219i multe altele.<br \/>\n&#8211; Are un parfum de lavand\u0103.<br \/>\n&#8211; Disponibil \u00een ambalaje de 1,5 litri.<br \/>\n&#8211; Instructiuni de folosire.<br \/>\nMod de utilizare: pentru cur\u0103\u021barea podelelor \u0219i suprafe\u021belor mari, ad\u0103uga\u021bi o jum\u0103tate de pahar de gel (120 ml) \u00eentr-o g\u0103leat\u0103 de ap\u0103.<br \/>\nPentru a cur\u0103\u021ba petele dure sau suprafe\u021bele foarte murdare, freca\u021bi gelul direct pe suprafa\u021b\u0103 \u0219i \u00eendep\u0103rta\u021bi murd\u0103ria cu o c\u00e2rp\u0103 de cur\u0103\u021bare sau o c\u00e2rp\u0103 umed\u0103.<br \/>\nUtiliza\u021bi \u00eentotdeauna rezisten\u021ba la suprafa\u021b\u0103 \u00een col\u021bul ascuns \u00eenainte de utilizare.<\/p>\n","protected":false},"excerpt":{"rendered":"<p>[:ru_RU]\u0423\u043d\u0438\u0432\u0435\u0440\u0441\u0430\u043b\u044c\u043d\u044b\u0439 \u0447\u0438\u0441\u0442\u044f\u0449\u0438\u0439 \u0440\u0430\u0441\u0442\u0432\u043e\u0440 \u0441 \u0443\u043a\u0441\u0443\u0441\u043e\u043c Sano Jet Gel (1,5 \u043b.). \u0423\u043a\u0441\u0443\u0441 \u0438\u0437\u0432\u0435\u0441\u0442\u0435\u043d \u0441\u0432\u043e\u0435\u0439 \u0441\u043f\u043e\u0441\u043e\u0431\u043d\u043e\u0441\u0442\u044c\u044e \u043e\u0447\u0438\u0449\u0430\u0442\u044c, \u043f\u0440\u0438\u0434\u0430\u0432\u0430\u0442\u044c \u0431\u043b\u0435\u0441\u043a, \u043f\u043e\u0433\u043b\u043e\u0449\u0430\u0442\u044c \u0437\u0430\u043f\u0430\u0445\u0438 \u0438 \u043c\u043d\u043e\u0433\u043e\u0435 \u0434\u0440\u0443\u0433\u043e\u0435. \u041e\u0441\u043e\u0431\u0435\u043d\u043d\u043e\u0441\u0442\u0438: &#8211; \u0418\u043c\u0435\u0435\u0442 \u0432\u044f\u0437\u043a\u0443\u044e \u043a\u043e\u043d\u0441\u0438\u0441\u0442\u0435\u043d\u0446\u0438\u044e \u0438 \u0443\u0434\u043e\u0431\u043d\u0443\u044e \u043a\u0440\u044b\u0448\u043a\u0443. &#8211; \u041f\u043e\u0434\u0445\u043e\u0434\u0438\u0442 \u0434\u043b\u044f \u0441\u0430\u043c\u044b\u0445 \u0440\u0430\u0437\u043d\u044b\u0445 \u0446\u0435\u043b\u0435\u0439 \u0438 \u043f\u043e\u0432\u0435\u0440\u0445\u043d\u043e\u0441\u0442\u0435\u0439: \u043a\u0435\u0440\u0430\u043c\u043e\u0433\u0440\u0430\u043d\u0438\u0442, \u043a\u0435\u0440\u0430\u043c\u0438\u043a\u0430, \u0430\u043b\u044e\u043c\u0438\u043d\u0438\u0439, \u043c\u0440\u0430\u043c\u043e\u0440, \u043f\u043b\u0430\u0441\u0442\u0438\u043a \u0438 \u043c\u043d\u043e\u0433\u0438\u0435 \u0434\u0440\u0443\u0433\u0438\u0435. &#8211; \u041e\u0431\u043b\u0430\u0434\u0430\u0435\u0442 \u0431\u043e\u0434\u0440\u044f\u0449\u0438\u043c \u0430\u0440\u043e\u043c\u0430\u0442\u043e\u043c \u043b\u0430\u0432\u0430\u043d\u0434\u044b. &#8211; \u0414\u043e\u0441\u0442\u0443\u043f\u0435\u043d \u0432 \u0443\u043f\u0430\u043a\u043e\u0432\u043a\u0435 [&hellip;]<\/p>\n","protected":false},"featured_media":43023,"comment_status":"open","ping_status":"closed","template":"","meta":{"_acf_changed":false},"product_brand":[],"product_cat":[6756],"product_tag":[],"class_list":{"0":"post-43024","1":"product","2":"type-product","3":"status-publish","4":"has-post-thumbnail","6":"product_cat-ru_ru-universalnye-sredstva","8":"first","9":"instock","10":"shipping-taxable","11":"purchasable","12":"product-type-simple"},"acf":[],"_links":{"self":[{"href":"https:\/\/minimax.md\/ru\/wp-json\/wp\/v2\/product\/43024","targetHints":{"allow":["GET"]}}],"collection":[{"href":"https:\/\/minimax.md\/ru\/wp-json\/wp\/v2\/product"}],"about":[{"href":"https:\/\/minimax.md\/ru\/wp-json\/wp\/v2\/types\/product"}],"replies":[{"embeddable":true,"href":"https:\/\/minimax.md\/ru\/wp-json\/wp\/v2\/comments?post=43024"}],"version-history":[{"count":0,"href":"https:\/\/minimax.md\/ru\/wp-json\/wp\/v2\/product\/43024\/revisions"}],"wp:featuredmedia":[{"embeddable":true,"href":"https:\/\/minimax.md\/ru\/wp-json\/wp\/v2\/media\/43023"}],"wp:attachment":[{"href":"https:\/\/minimax.md\/ru\/wp-json\/wp\/v2\/media?parent=43024"}],"wp:term":[{"taxonomy":"product_brand","embeddable":true,"href":"https:\/\/minimax.md\/ru\/wp-json\/wp\/v2\/product_brand?post=43024"},{"taxonomy":"product_cat","embeddable":true,"href":"https:\/\/minimax.md\/ru\/wp-json\/wp\/v2\/product_cat?post=43024"},{"taxonomy":"product_tag","embeddable":true,"href":"https:\/\/minimax.md\/ru\/wp-json\/wp\/v2\/product_tag?post=43024"}],"curies":[{"name":"wp","href":"https:\/\/api.w.org\/{rel}","templated":true}]}}