{"id":43028,"date":"2023-11-28T13:13:01","date_gmt":"2023-11-28T10:13:01","guid":{"rendered":"https:\/\/minimax.md\/product\/43028.html"},"modified":"2023-11-28T13:30:02","modified_gmt":"2023-11-28T10:30:02","slug":"ru_ru-sano-antibakterialnoe-sredstvo-dlja-tshhatelnoj-uborki-750-ml-trim-ro_ro-sano-solutie-antibacterial-pentru-cur-are-750-ml-2","status":"publish","type":"product","link":"https:\/\/minimax.md\/ru\/product\/43028.html","title":{"rendered":"Sano \u0410\u043d\u0442\u0438\u0431\u0430\u043a\u0442\u0435\u0440\u0438\u0430\u043b\u044c\u043d\u043e\u0435 \u0441\u0440\u0435\u0434\u0441\u0442\u0432\u043e \u0434\u043b\u044f \u0442\u0449\u0430\u0442\u0435\u043b\u044c\u043d\u043e\u0439 \u0443\u0431\u043e\u0440\u043a\u0438, 750 \u043c\u043b"},"content":{"rendered":"<p>[:ru_RU]Sano &#8220;99.9% Antibacterial Spray&#8221; &#8211; \u044d\u0442\u043e \u0434\u0435\u0437\u0438\u043d\u0444\u0438\u0446\u0438\u0440\u0443\u044e\u0449\u0435\u0435 \u0430\u043d\u0442\u0438\u0431\u0430\u043a\u0442\u0435\u0440\u0438\u0430\u043b\u044c\u043d\u043e\u0435 \u0441\u0440\u0435\u0434\u0441\u0442\u0432\u043e \u0434\u043b\u044f \u0442\u0449\u0430\u0442\u0435\u043b\u044c\u043d\u043e\u0439 \u0443\u0431\u043e\u0440\u043a\u0438.<br \/>\n&#8211; \u0423\u043d\u0438\u0447\u0442\u043e\u0436\u0430\u0435\u0442 \u043b\u044e\u0431\u044b\u0435 \u0431\u0430\u043a\u0442\u0435\u0440\u0438\u0438 \u0437\u0430 60 \u0441\u0435\u043a\u0443\u043d\u0434;<br \/>\n&#8211; \u041f\u043e\u043c\u043e\u0433\u0430\u0435\u0442 \u043f\u043e\u0434\u0434\u0435\u0440\u0436\u0438\u0432\u0430\u0442\u044c \u0433\u0438\u0433\u0438\u0435\u043d\u0443 \u0434\u043e\u043c\u0430;<br \/>\n&#8211; \u042d\u0444\u0444\u0435\u043a\u0442\u0438\u0432\u043d\u043e \u0443\u0434\u0430\u043b\u044f\u0435\u0442 \u0433\u0440\u044f\u0437\u044c \u0441 \u043f\u043e\u043c\u043e\u0449\u044c\u044e \u0430\u043a\u0442\u0438\u0432\u043d\u043e\u0439 \u044d\u043d\u0435\u0440\u0433\u0438\u0438 \u043a\u0438\u0441\u043b\u043e\u0440\u043e\u0434\u0430, \u043a\u043e\u0442\u043e\u0440\u0430\u044f \u0440\u0430\u0441\u0442\u0432\u043e\u0440\u044f\u0435\u0442 \u0436\u0438\u0440\u044b \u0438 \u043f\u043b\u0435\u0441\u0435\u043d\u044c;<br \/>\n&#8211; \u0414\u043b\u044f \u0438\u0441\u043f\u043e\u043b\u044c\u0437\u043e\u0432\u0430\u043d\u0438\u044f \u043d\u0430 \u043f\u043e\u0432\u0435\u0440\u0445\u043d\u043e\u0441\u0442\u044f\u0445, \u0441\u043e\u043f\u0440\u0438\u043a\u0430\u0441\u0430\u044e\u0449\u0438\u0445\u0441\u044f \u0441 \u043f\u0438\u0449\u0435\u0432\u044b\u043c\u0438 \u043f\u0440\u043e\u0434\u0443\u043a\u0442\u0430\u043c\u0438;<br \/>\n&#8211; \u041f\u043e\u0434\u0445\u043e\u0434\u0438\u0442 \u0434\u043b\u044f \u0438\u0441\u043f\u043e\u043b\u044c\u0437\u043e\u0432\u0430\u043d\u0438\u044f \u043d\u0430 \u043a\u0443\u0445\u043d\u0435 \u0438 \u0432 \u0432\u0430\u043d\u043d\u043e\u0439;<br \/>\n&#8211; \u041f\u043e\u0434\u0445\u043e\u0434\u0438\u0442 \u0434\u043b\u044f \u0440\u0430\u0437\u043b\u0438\u0447\u043d\u044b\u0445 \u043f\u043e\u0432\u0435\u0440\u0445\u043d\u043e\u0441\u0442\u044f\u0445, \u0442\u0430\u043a\u0438\u0445 \u043a\u0430\u043a &#8211; \u043c\u0440\u0430\u043c\u043e\u0440, \u043a\u0435\u0440\u0430\u043c\u0438\u043a\u0430, \u043f\u043b\u0430\u0441\u0442\u0438\u043a, \u0441\u0442\u0435\u043a\u043b\u043e, \u0441\u0430\u043d\u0442\u0435\u0445\u043d\u0438\u043a\u0430, \u043a\u043e\u043d\u0444\u043e\u0440\u043a\u0438 \u0438 \u043c\u043d\u043e\u0433\u043e\u0435 \u0434\u0440\u0443\u0433\u043e\u0435;<br \/>\n&#8211; \u041d\u0435 \u0442\u0440\u0435\u0431\u0443\u044e\u0442 \u043c\u044b\u0442\u044c\u044f \u043f\u043e\u0441\u043b\u0435 \u0438\u0441\u043f\u043e\u043b\u044c\u0437\u043e\u0432\u0430\u043d\u0438\u044f;<br \/>\n&#8211; \u0411\u0435\u0437 \u043e\u0442\u0431\u0435\u043b\u0438\u0432\u0430\u044e\u0449\u0438\u0445 \u043c\u0430\u0442\u0435\u0440\u0438\u0430\u043b\u043e\u0432;<br \/>\n&#8211; \u042d\u0444\u0444\u0435\u043a\u0442\u0438\u0432\u0435\u043d \u043f\u0440\u043e\u0442\u0438\u0432 \u0440\u0430\u0437\u043b\u0438\u0447\u043d\u044b\u0445 \u0431\u0430\u043a\u0442\u0435\u0440\u0438\u0439, \u0442\u0430\u043a\u0438\u0445 \u043a\u0430\u043a Escherichia coli, Salmonella Typhimurium, Listeria Monocytogenes \u0438 \u0434\u0440\u0443\u0433\u0438\u0445;<br \/>\n&#8211; \u041f\u0440\u043e\u0434\u0443\u043a\u0442 \u0431\u044b\u043b \u043f\u0440\u043e\u0442\u0435\u0441\u0442\u0438\u0440\u043e\u0432\u0430\u043d \u0432 \u0418\u043d\u0441\u0442\u0438\u0442\u0443\u0442\u0435 \u043f\u0438\u0449\u0435\u0432\u043e\u0439 \u043c\u0438\u043a\u0440\u043e\u0431\u0438\u043e\u043b\u043e\u0433\u0438\u0438 \u0438 \u043f\u0440\u0438\u0437\u043d\u0430\u043d \u044d\u0444\u0444\u0435\u043a\u0442\u0438\u0432\u043d\u044b\u043c \u0432 \u0443\u043d\u0438\u0447\u0442\u043e\u0436\u0435\u043d\u0438\u0438 99,9% \u0431\u0430\u043a\u0442\u0435\u0440\u0438\u0439.<br \/>\n&#8211; \u041e\u0431\u044a\u0451\u043c: 750 \u043c\u043b[trim][:ro_RO]Sano &#8220;99.9% Antibacterial Spray&#8221; este o solutie antibacteriana dezinfectanta pentru cur\u0103\u021barea minu\u021bioas\u0103.<br \/>\n&#8211; Distruge orice bacterie \u00een 60 de secunde;<br \/>\n&#8211; Ajut\u0103 la men\u021binerea igienei casei;<br \/>\n&#8211; \u00cendep\u0103rteaz\u0103 eficient murd\u0103ria folosind energia activ\u0103 a oxigenului, care dizolv\u0103 gr\u0103simile \u0219i mucegaiul;<br \/>\n&#8211; Pentru utilizare pe suprafe\u021be \u00een contact cu alimentele;<br \/>\n&#8211; Potrivit pentru utilizare \u00een buc\u0103t\u0103rie \u0219i \u00een baie;<br \/>\n&#8211; Potrivit pentru diverse suprafe\u021be, cum ar fi &#8211; marmur\u0103, ceramic\u0103, plastic, sticl\u0103, instala\u021bii sanitare, arz\u0103toare \u0219i multe altele;<br \/>\n&#8211; Nu necesit\u0103 sp\u0103lare dup\u0103 utilizare;<br \/>\n&#8211; F\u0103r\u0103 materiale de albire;<br \/>\n&#8211; Eficient \u00eempotriva diverselor bacterii, cum ar fi Escherichia coli, Salmonella Typhimurium, Listeria Monocytogenes \u0219i altele;<br \/>\n&#8211; Produsul a fost testat la Institutul de Microbiologie Alimentar\u0103 \u0219i este recunoscut ca fiind eficient \u00een distrugerea a 99,9% din bacterii.<br \/>\n&#8211; Volum: 750 ml.<\/p>\n","protected":false},"excerpt":{"rendered":"<p>[:ru_RU]Sano &#8220;99.9% Antibacterial Spray&#8221; &#8211; \u044d\u0442\u043e \u0434\u0435\u0437\u0438\u043d\u0444\u0438\u0446\u0438\u0440\u0443\u044e\u0449\u0435\u0435 \u0430\u043d\u0442\u0438\u0431\u0430\u043a\u0442\u0435\u0440\u0438\u0430\u043b\u044c\u043d\u043e\u0435 \u0441\u0440\u0435\u0434\u0441\u0442\u0432\u043e \u0434\u043b\u044f \u0442\u0449\u0430\u0442\u0435\u043b\u044c\u043d\u043e\u0439 \u0443\u0431\u043e\u0440\u043a\u0438. &#8211; \u0423\u043d\u0438\u0447\u0442\u043e\u0436\u0430\u0435\u0442 \u043b\u044e\u0431\u044b\u0435 \u0431\u0430\u043a\u0442\u0435\u0440\u0438\u0438 \u0437\u0430 60 \u0441\u0435\u043a\u0443\u043d\u0434; &#8211; \u041f\u043e\u043c\u043e\u0433\u0430\u0435\u0442 \u043f\u043e\u0434\u0434\u0435\u0440\u0436\u0438\u0432\u0430\u0442\u044c \u0433\u0438\u0433\u0438\u0435\u043d\u0443 \u0434\u043e\u043c\u0430; &#8211; \u042d\u0444\u0444\u0435\u043a\u0442\u0438\u0432\u043d\u043e \u0443\u0434\u0430\u043b\u044f\u0435\u0442 \u0433\u0440\u044f\u0437\u044c \u0441 \u043f\u043e\u043c\u043e\u0449\u044c\u044e \u0430\u043a\u0442\u0438\u0432\u043d\u043e\u0439 \u044d\u043d\u0435\u0440\u0433\u0438\u0438 \u043a\u0438\u0441\u043b\u043e\u0440\u043e\u0434\u0430, \u043a\u043e\u0442\u043e\u0440\u0430\u044f \u0440\u0430\u0441\u0442\u0432\u043e\u0440\u044f\u0435\u0442 \u0436\u0438\u0440\u044b \u0438 \u043f\u043b\u0435\u0441\u0435\u043d\u044c; &#8211; \u0414\u043b\u044f \u0438\u0441\u043f\u043e\u043b\u044c\u0437\u043e\u0432\u0430\u043d\u0438\u044f \u043d\u0430 \u043f\u043e\u0432\u0435\u0440\u0445\u043d\u043e\u0441\u0442\u044f\u0445, \u0441\u043e\u043f\u0440\u0438\u043a\u0430\u0441\u0430\u044e\u0449\u0438\u0445\u0441\u044f \u0441 \u043f\u0438\u0449\u0435\u0432\u044b\u043c\u0438 \u043f\u0440\u043e\u0434\u0443\u043a\u0442\u0430\u043c\u0438; &#8211; \u041f\u043e\u0434\u0445\u043e\u0434\u0438\u0442 \u0434\u043b\u044f \u0438\u0441\u043f\u043e\u043b\u044c\u0437\u043e\u0432\u0430\u043d\u0438\u044f \u043d\u0430 \u043a\u0443\u0445\u043d\u0435 \u0438 \u0432 [&hellip;]<\/p>\n","protected":false},"featured_media":0,"comment_status":"open","ping_status":"closed","template":"","meta":{"_acf_changed":false},"product_brand":[],"product_cat":[6756],"product_tag":[],"class_list":{"0":"post-43028","1":"product","2":"type-product","3":"status-publish","5":"product_cat-ru_ru-universalnye-sredstva","7":"first","8":"instock","9":"shipping-taxable","10":"purchasable","11":"product-type-simple"},"acf":[],"_links":{"self":[{"href":"https:\/\/minimax.md\/ru\/wp-json\/wp\/v2\/product\/43028","targetHints":{"allow":["GET"]}}],"collection":[{"href":"https:\/\/minimax.md\/ru\/wp-json\/wp\/v2\/product"}],"about":[{"href":"https:\/\/minimax.md\/ru\/wp-json\/wp\/v2\/types\/product"}],"replies":[{"embeddable":true,"href":"https:\/\/minimax.md\/ru\/wp-json\/wp\/v2\/comments?post=43028"}],"version-history":[{"count":0,"href":"https:\/\/minimax.md\/ru\/wp-json\/wp\/v2\/product\/43028\/revisions"}],"wp:attachment":[{"href":"https:\/\/minimax.md\/ru\/wp-json\/wp\/v2\/media?parent=43028"}],"wp:term":[{"taxonomy":"product_brand","embeddable":true,"href":"https:\/\/minimax.md\/ru\/wp-json\/wp\/v2\/product_brand?post=43028"},{"taxonomy":"product_cat","embeddable":true,"href":"https:\/\/minimax.md\/ru\/wp-json\/wp\/v2\/product_cat?post=43028"},{"taxonomy":"product_tag","embeddable":true,"href":"https:\/\/minimax.md\/ru\/wp-json\/wp\/v2\/product_tag?post=43028"}],"curies":[{"name":"wp","href":"https:\/\/api.w.org\/{rel}","templated":true}]}}