{"id":43036,"date":"2023-11-28T13:13:02","date_gmt":"2023-11-28T10:13:02","guid":{"rendered":"https:\/\/minimax.md\/product\/43036.html"},"modified":"2023-11-28T13:30:03","modified_gmt":"2023-11-28T10:30:03","slug":"ru_ru-sano-vlazhnye-salfetki-anti-kalk-4-v1-50-shtk-trim-ro_ro-sano-erve-ele-umede-anti-kalk-4in1-50-buc","status":"publish","type":"product","link":"https:\/\/minimax.md\/ru\/product\/43036.html","title":{"rendered":"Sano \u0412\u043b\u0430\u0436\u043d\u044b\u0435 \u0441\u0430\u043b\u0444\u0435\u0442\u043a\u0438 Anti Kalk 4 \u04321, 50 \u0448\u0442\u043a"},"content":{"rendered":"<p>[:ru_RU]\u041c\u043d\u043e\u0433\u043e\u0444\u0443\u043d\u043a\u0446\u0438\u043e\u043d\u0430\u043b\u044c\u043d\u044b\u0435 \u0432\u043b\u0430\u0436\u043d\u044b\u0435 \u0441\u0430\u043b\u0444\u0435\u0442\u043a\u0438 Sano Anti Kalk Universal \u0432\u044b\u043f\u043e\u043b\u043d\u044f\u044e\u0442 \u0441\u0440\u0430\u0437\u0443 4 \u0444\u0443\u043d\u043a\u0446\u0438\u0438: \u0443\u0434\u0430\u043b\u044f\u044e\u0442 \u043c\u0438\u043d\u0435\u0440\u0430\u043b\u044c\u043d\u044b\u0439 \u043d\u0430\u043b\u0435\u0442, \u0436\u0438\u0440\u044b, \u0440\u0436\u0430\u0432\u0447\u0438\u043d\u0443, \u0437\u0430\u0441\u0442\u043e\u044f\u0432\u0448\u0443\u044e\u0441\u044f \u0433\u0440\u044f\u0437\u044c \u0441 \u043a\u0440\u0430\u043d\u043e\u0432, \u0441\u0430\u043d\u0442\u0435\u0445\u043d\u0438\u043a\u0438, \u043a\u0435\u0440\u0430\u043c\u0438\u0447\u0435\u0441\u043a\u043e\u0439 \u043f\u043b\u0438\u0442\u043a\u0438, \u043f\u043b\u0430\u0441\u0442\u043c\u0430\u0441\u0441\u044b, \u0441\u0442\u0435\u043a\u043b\u0430 \u0438 \u0434\u0440.<br \/>\n\u0412 \u0443\u043f\u0430\u043a\u043e\u0432\u043a\u0435 : 50 \u0448\u0442.[trim][:ro_RO]\u0218erve\u021bele umede multifunc\u021bionale Sano Anti Kalk Universal  au efect de 4: elimin\u0103 depuneri de calcar, gr\u0103simi, rugin\u0103, murd\u0103rie de p\u0443 robine\u021bi, tehnic\u0103 sanitar\u0103, faian\u021b\u0103, plastic, sticl\u0103 \u0219i altele.<br \/>\nIn cutie: 50 buc.<\/p>\n","protected":false},"excerpt":{"rendered":"<p>[:ru_RU]\u041c\u043d\u043e\u0433\u043e\u0444\u0443\u043d\u043a\u0446\u0438\u043e\u043d\u0430\u043b\u044c\u043d\u044b\u0435 \u0432\u043b\u0430\u0436\u043d\u044b\u0435 \u0441\u0430\u043b\u0444\u0435\u0442\u043a\u0438 Sano Anti Kalk Universal \u0432\u044b\u043f\u043e\u043b\u043d\u044f\u044e\u0442 \u0441\u0440\u0430\u0437\u0443 4 \u0444\u0443\u043d\u043a\u0446\u0438\u0438: \u0443\u0434\u0430\u043b\u044f\u044e\u0442 \u043c\u0438\u043d\u0435\u0440\u0430\u043b\u044c\u043d\u044b\u0439 \u043d\u0430\u043b\u0435\u0442, \u0436\u0438\u0440\u044b, \u0440\u0436\u0430\u0432\u0447\u0438\u043d\u0443, \u0437\u0430\u0441\u0442\u043e\u044f\u0432\u0448\u0443\u044e\u0441\u044f \u0433\u0440\u044f\u0437\u044c \u0441 \u043a\u0440\u0430\u043d\u043e\u0432, \u0441\u0430\u043d\u0442\u0435\u0445\u043d\u0438\u043a\u0438, \u043a\u0435\u0440\u0430\u043c\u0438\u0447\u0435\u0441\u043a\u043e\u0439 \u043f\u043b\u0438\u0442\u043a\u0438, \u043f\u043b\u0430\u0441\u0442\u043c\u0430\u0441\u0441\u044b, \u0441\u0442\u0435\u043a\u043b\u0430 \u0438 \u0434\u0440. \u0412 \u0443\u043f\u0430\u043a\u043e\u0432\u043a\u0435 : 50 \u0448\u0442.[trim][:ro_RO]\u0218erve\u021bele umede multifunc\u021bionale Sano Anti Kalk Universal au efect de 4: elimin\u0103 depuneri de calcar, gr\u0103simi, rugin\u0103, murd\u0103rie de p\u0443 robine\u021bi, tehnic\u0103 sanitar\u0103, faian\u021b\u0103, [&hellip;]<\/p>\n","protected":false},"featured_media":43035,"comment_status":"open","ping_status":"closed","template":"","meta":{"_acf_changed":false},"product_brand":[],"product_cat":[6737],"product_tag":[],"class_list":{"0":"post-43036","1":"product","2":"type-product","3":"status-publish","4":"has-post-thumbnail","6":"product_cat-ru_ru-chistjashhie-sredstva","8":"first","9":"instock","10":"shipping-taxable","11":"purchasable","12":"product-type-simple"},"acf":[],"_links":{"self":[{"href":"https:\/\/minimax.md\/ru\/wp-json\/wp\/v2\/product\/43036","targetHints":{"allow":["GET"]}}],"collection":[{"href":"https:\/\/minimax.md\/ru\/wp-json\/wp\/v2\/product"}],"about":[{"href":"https:\/\/minimax.md\/ru\/wp-json\/wp\/v2\/types\/product"}],"replies":[{"embeddable":true,"href":"https:\/\/minimax.md\/ru\/wp-json\/wp\/v2\/comments?post=43036"}],"version-history":[{"count":0,"href":"https:\/\/minimax.md\/ru\/wp-json\/wp\/v2\/product\/43036\/revisions"}],"wp:featuredmedia":[{"embeddable":true,"href":"https:\/\/minimax.md\/ru\/wp-json\/wp\/v2\/media\/43035"}],"wp:attachment":[{"href":"https:\/\/minimax.md\/ru\/wp-json\/wp\/v2\/media?parent=43036"}],"wp:term":[{"taxonomy":"product_brand","embeddable":true,"href":"https:\/\/minimax.md\/ru\/wp-json\/wp\/v2\/product_brand?post=43036"},{"taxonomy":"product_cat","embeddable":true,"href":"https:\/\/minimax.md\/ru\/wp-json\/wp\/v2\/product_cat?post=43036"},{"taxonomy":"product_tag","embeddable":true,"href":"https:\/\/minimax.md\/ru\/wp-json\/wp\/v2\/product_tag?post=43036"}],"curies":[{"name":"wp","href":"https:\/\/api.w.org\/{rel}","templated":true}]}}