{"id":43040,"date":"2023-11-28T13:13:03","date_gmt":"2023-11-28T10:13:03","guid":{"rendered":"https:\/\/minimax.md\/product\/43040.html"},"modified":"2023-11-28T13:30:03","modified_gmt":"2023-11-28T10:30:03","slug":"ru_ru-sano-forte-sprej-dlja-chistki-gazovoj-plity-750-ml-trim-ro_ro-sano-forte-spray-spum-pentru-aragaz-750-ml","status":"publish","type":"product","link":"https:\/\/minimax.md\/ru\/product\/43040.html","title":{"rendered":"Sano Forte \u0421\u043f\u0440\u0435\u0439 \u0434\u043b\u044f \u0447\u0438\u0441\u0442\u043a\u0438 \u0433\u0430\u0437\u043e\u0432\u043e\u0439 \u043f\u043b\u0438\u0442\u044b, 750 \u043c\u043b"},"content":{"rendered":"<p>[:ru_RU]\u0421\u0440\u0435\u0434\u0441\u0442\u0432\u043e \u043f\u043e \u0443\u0434\u0430\u043b\u0435\u043d\u0438\u044e \u0436\u0438\u0440\u0430 \u0438 \u0441\u0430\u0436\u0438 Sano Forte Lemon &#8211; \u044d\u0444\u0444\u0435\u043a\u0442\u0438\u0432\u043d\u043e\u0435 \u0447\u0438\u0441\u0442\u044f\u0449\u0435\u0435 \u0441\u0440\u0435\u0434\u0441\u0442\u0432\u043e, \u043f\u0440\u0435\u0434\u043d\u0430\u0437\u043d\u0430\u0447\u0435\u043d\u043d\u043e\u0435 \u0434\u043b\u044f \u0443\u0434\u0430\u043b\u0435\u043d\u0438\u044f \u0442\u0440\u0443\u0434\u043d\u043e\u0441\u043c\u044b\u0432\u0430\u0435\u043c\u043e\u0439 \u0433\u0440\u044f\u0437\u0438 \u0438 \u043f\u0440\u0438\u0433\u043e\u0440\u0435\u0432\u0448\u0435\u0433\u043e \u0436\u0438\u0440\u0430 \u0441\u043e \u0441\u0442\u0435\u043d\u043e\u043a \u0434\u0443\u0445\u043e\u0432\u043e\u043a, \u0441\u043a\u043e\u0432\u043e\u0440\u043e\u0434, \u043a\u0430\u0441\u0442\u0440\u044e\u043b\u044c \u0438 \u0442.\u043f.<br \/>\n\u0418\u043d\u0441\u0442\u0440\u0443\u043a\u0446\u0438\u0438 \u043f\u043e \u043f\u0440\u0438\u043c\u0435\u043d\u0435\u043d\u0438\u044e:<br \/>\n&#8211; \u041f\u0435\u0440\u0435\u0434 \u043f\u0440\u0438\u043c\u0435\u043d\u0435\u043d\u0438\u0435\u043c \u043e\u043f\u0440\u043e\u0431\u0443\u0439\u0442\u0435 \u0432\u0435\u0449\u0435\u0441\u0442\u0432\u043e \u043d\u0430 \u043d\u0435\u0437\u0430\u043c\u0435\u0442\u043d\u043e\u0439 \u043f\u043e\u0432\u0435\u0440\u0445\u043d\u043e\u0441\u0442\u0438 \u0434\u043b\u044f \u043f\u0440\u043e\u0432\u0435\u0440\u043a\u0438 \u0440\u0435\u0430\u043a\u0446\u0438\u0438.<br \/>\n&#8211; \u041f\u0435\u0440\u0435\u0434 \u043f\u0440\u0438\u043c\u0435\u043d\u0435\u043d\u0438\u0435\u043c \u0442\u0449\u0430\u0442\u0435\u043b\u044c\u043d\u043e \u0432\u0441\u0442\u0440\u044f\u0445\u043d\u0443\u0442\u044c.<br \/>\n&#8211; \u041e\u0442\u043a\u0440\u043e\u0439\u0442\u0435 \u043f\u0440\u0435\u0434\u043e\u0445\u0440\u0430\u043d\u0438\u0442\u0435\u043b\u044c\u043d\u044b\u0439 \u044f\u0437\u044b\u0447\u043e\u043a, \u0441\u0431\u0440\u044b\u0437\u043d\u0438\u0442\u0435 \u0437\u0430\u0433\u0440\u044f\u0437\u043d\u0435\u043d\u043d\u0443\u044e \u043f\u043e\u0432\u0435\u0440\u0445\u043d\u043e\u0441\u0442\u044c, \u043e\u0441\u0442\u0430\u0432\u044c\u0442\u0435 \u043d\u0430 2-3 \u043c\u0438\u043d\u0443\u0442\u044b \u0438 \u043e\u0447\u0438\u0441\u0442\u0438\u0442\u0435 \u043f\u043e\u0432\u0435\u0440\u0445\u043d\u043e\u0441\u0442\u044c \u0432\u043b\u0430\u0436\u043d\u043e\u0439 \u0442\u043a\u0430\u043d\u044c\u044e \u0438\u043b\u0438 \u0433\u0443\u0431\u043a\u043e\u0439.<br \/>\n&#8211; \u0422\u0449\u0430\u0442\u0435\u043b\u044c\u043d\u043e \u043f\u0440\u043e\u043c\u043e\u0439\u0442\u0435 \u0432\u043e\u0434\u043e\u0439 \u0438 \u0432\u044b\u0442\u0440\u0438\u0442\u0435 \u043d\u0430\u0441\u0443\u0445\u043e.<br \/>\n&#8211; \u041f\u0440\u0438 \u043d\u0435\u043e\u0431\u0445\u043e\u0434\u0438\u043c\u043e\u0441\u0442\u0438 \u043f\u043e\u0432\u0442\u043e\u0440\u0438\u0442\u0435 \u043f\u0440\u043e\u0446\u0435\u0434\u0443\u0440\u0443.<br \/>\n&#8211; \u041f\u043e\u0441\u043b\u0435 \u0438\u0441\u043f\u043e\u043b\u044c\u0437\u043e\u0432\u0430\u043d\u0438\u044f \u0432\u0441\u0435\u0433\u0434\u0430 \u0437\u0430\u043a\u0440\u044b\u0432\u0430\u0439\u0442\u0435 \u043f\u0440\u0435\u0434\u043e\u0445\u0440\u0430\u043d\u0438\u0442\u0435\u043b\u044c\u043d\u044b\u0439 \u044f\u0437\u044b\u0447\u043e\u043a, \u043f\u0440\u043e\u0442\u0438\u0440\u0430\u0439\u0442\u0435 \u043d\u0430\u0441\u0443\u0445\u043e \u0435\u043c\u043a\u043e\u0441\u0442\u044c \u043f\u0435\u0440\u0435\u0434 \u0445\u0440\u0430\u043d\u0435\u043d\u0438\u0435\u043c.<br \/>\n&#8211; \u041e\u0431\u044f\u0437\u0430\u0442\u0435\u043b\u044c\u043d\u043e \u043f\u043e\u043b\u044c\u0437\u043e\u0432\u0430\u0442\u044c\u0441\u044f \u0440\u0435\u0437\u0438\u043d\u043e\u0432\u044b\u043c\u0438 \u043f\u0435\u0440\u0447\u0430\u0442\u043a\u0430\u043c\u0438.<br \/>\n&#8211; \u041d\u0435 \u0438\u0441\u043f\u043e\u043b\u044c\u0437\u0443\u0439\u0442\u0435 \u0441\u0440\u0435\u0434\u0441\u0442\u0432\u043e \u0434\u043b\u044f \u043e\u0447\u0438\u0441\u0442\u043a\u0438 \u0438\u0437\u0434\u0435\u043b\u0438\u0439 \u0438\u0437 \u0442\u0435\u0444\u043b\u043e\u043d\u0430, \u0430\u043b\u044e\u043c\u0438\u043d\u0438\u044f, \u0446\u0432\u0435\u0442\u043d\u044b\u0445 \u0438\u0437\u0434\u0435\u043b\u0438\u0439 \u0438 \u043f\u043e\u0432\u0435\u0440\u0445\u043d\u043e\u0441\u0442\u0435\u0439.<br \/>\n&#8211; \u041d\u0435 \u0434\u043b\u044f \u043e\u0447\u0438\u0441\u0442\u043a\u0438 \u0433\u0430\u0437\u043e\u0432\u044b\u0445 \u0433\u043e\u0440\u0435\u043b\u043e\u043a.<br \/>\n\u0415\u043c\u043a\u043e\u0441\u0442\u044c: 750 \u043c\u043b.[trim][:ro_RO]Sano Forte Lemon Trigger &#8211; detergent pentru cur\u0103\u021bat cuptoare, aragaze.<br \/>\n&#8211; Campionul lichid\u0103rii gr\u0103similor arse.<br \/>\n&#8211; Detergent Sano Forte indep\u0103rteaza gr\u0103simea si arsurile de pe aragaz, gratar, cuptor, plit\u0103, oale, tig\u0103i, hot\u0103, ceramic\u0103.<br \/>\n&#8211; Cu con\u021binut de sod\u0103 caustica pentru cur\u0103\u021bat cuptoare, aragaze; ofera o cur\u0103\u021benie miraculoas\u0103 a depunerilor grele si a gr\u0103similor arse de pe aragaz, gratar, plita, oale etc.,<br \/>\n&#8211; Folosi\u021bi m\u0103nu\u0219i de protec\u021bie \u00een timpul utiliz\u0103rii acestui produs.<br \/>\n&#8211; Nu folosi\u021bi acest produs pentru cur\u0103\u021barea suprafe\u021belor din teflon, aluminiu, produse colorate \u0219i suprafe\u021bi.<br \/>\n&#8211; Nu este indicat pentru cur\u0103\u021barea arz\u0103toarelor de gaz.<br \/>\n-Ambalaj: 750 ml.<br \/>\nAscunde<\/p>\n","protected":false},"excerpt":{"rendered":"<p>[:ru_RU]\u0421\u0440\u0435\u0434\u0441\u0442\u0432\u043e \u043f\u043e \u0443\u0434\u0430\u043b\u0435\u043d\u0438\u044e \u0436\u0438\u0440\u0430 \u0438 \u0441\u0430\u0436\u0438 Sano Forte Lemon &#8211; \u044d\u0444\u0444\u0435\u043a\u0442\u0438\u0432\u043d\u043e\u0435 \u0447\u0438\u0441\u0442\u044f\u0449\u0435\u0435 \u0441\u0440\u0435\u0434\u0441\u0442\u0432\u043e, \u043f\u0440\u0435\u0434\u043d\u0430\u0437\u043d\u0430\u0447\u0435\u043d\u043d\u043e\u0435 \u0434\u043b\u044f \u0443\u0434\u0430\u043b\u0435\u043d\u0438\u044f \u0442\u0440\u0443\u0434\u043d\u043e\u0441\u043c\u044b\u0432\u0430\u0435\u043c\u043e\u0439 \u0433\u0440\u044f\u0437\u0438 \u0438 \u043f\u0440\u0438\u0433\u043e\u0440\u0435\u0432\u0448\u0435\u0433\u043e \u0436\u0438\u0440\u0430 \u0441\u043e \u0441\u0442\u0435\u043d\u043e\u043a \u0434\u0443\u0445\u043e\u0432\u043e\u043a, \u0441\u043a\u043e\u0432\u043e\u0440\u043e\u0434, \u043a\u0430\u0441\u0442\u0440\u044e\u043b\u044c \u0438 \u0442.\u043f. \u0418\u043d\u0441\u0442\u0440\u0443\u043a\u0446\u0438\u0438 \u043f\u043e \u043f\u0440\u0438\u043c\u0435\u043d\u0435\u043d\u0438\u044e: &#8211; \u041f\u0435\u0440\u0435\u0434 \u043f\u0440\u0438\u043c\u0435\u043d\u0435\u043d\u0438\u0435\u043c \u043e\u043f\u0440\u043e\u0431\u0443\u0439\u0442\u0435 \u0432\u0435\u0449\u0435\u0441\u0442\u0432\u043e \u043d\u0430 \u043d\u0435\u0437\u0430\u043c\u0435\u0442\u043d\u043e\u0439 \u043f\u043e\u0432\u0435\u0440\u0445\u043d\u043e\u0441\u0442\u0438 \u0434\u043b\u044f \u043f\u0440\u043e\u0432\u0435\u0440\u043a\u0438 \u0440\u0435\u0430\u043a\u0446\u0438\u0438. &#8211; \u041f\u0435\u0440\u0435\u0434 \u043f\u0440\u0438\u043c\u0435\u043d\u0435\u043d\u0438\u0435\u043c \u0442\u0449\u0430\u0442\u0435\u043b\u044c\u043d\u043e \u0432\u0441\u0442\u0440\u044f\u0445\u043d\u0443\u0442\u044c. &#8211; \u041e\u0442\u043a\u0440\u043e\u0439\u0442\u0435 \u043f\u0440\u0435\u0434\u043e\u0445\u0440\u0430\u043d\u0438\u0442\u0435\u043b\u044c\u043d\u044b\u0439 \u044f\u0437\u044b\u0447\u043e\u043a, \u0441\u0431\u0440\u044b\u0437\u043d\u0438\u0442\u0435 \u0437\u0430\u0433\u0440\u044f\u0437\u043d\u0435\u043d\u043d\u0443\u044e \u043f\u043e\u0432\u0435\u0440\u0445\u043d\u043e\u0441\u0442\u044c, \u043e\u0441\u0442\u0430\u0432\u044c\u0442\u0435 [&hellip;]<\/p>\n","protected":false},"featured_media":43039,"comment_status":"open","ping_status":"closed","template":"","meta":{"_acf_changed":false},"product_brand":[],"product_cat":[6748],"product_tag":[],"class_list":{"0":"post-43040","1":"product","2":"type-product","3":"status-publish","4":"has-post-thumbnail","6":"product_cat-ru_ru-sredstva-dlja-ochistk","8":"first","9":"instock","10":"shipping-taxable","11":"purchasable","12":"product-type-simple"},"acf":[],"_links":{"self":[{"href":"https:\/\/minimax.md\/ru\/wp-json\/wp\/v2\/product\/43040","targetHints":{"allow":["GET"]}}],"collection":[{"href":"https:\/\/minimax.md\/ru\/wp-json\/wp\/v2\/product"}],"about":[{"href":"https:\/\/minimax.md\/ru\/wp-json\/wp\/v2\/types\/product"}],"replies":[{"embeddable":true,"href":"https:\/\/minimax.md\/ru\/wp-json\/wp\/v2\/comments?post=43040"}],"version-history":[{"count":0,"href":"https:\/\/minimax.md\/ru\/wp-json\/wp\/v2\/product\/43040\/revisions"}],"wp:featuredmedia":[{"embeddable":true,"href":"https:\/\/minimax.md\/ru\/wp-json\/wp\/v2\/media\/43039"}],"wp:attachment":[{"href":"https:\/\/minimax.md\/ru\/wp-json\/wp\/v2\/media?parent=43040"}],"wp:term":[{"taxonomy":"product_brand","embeddable":true,"href":"https:\/\/minimax.md\/ru\/wp-json\/wp\/v2\/product_brand?post=43040"},{"taxonomy":"product_cat","embeddable":true,"href":"https:\/\/minimax.md\/ru\/wp-json\/wp\/v2\/product_cat?post=43040"},{"taxonomy":"product_tag","embeddable":true,"href":"https:\/\/minimax.md\/ru\/wp-json\/wp\/v2\/product_tag?post=43040"}],"curies":[{"name":"wp","href":"https:\/\/api.w.org\/{rel}","templated":true}]}}