{"id":43042,"date":"2023-11-28T13:13:04","date_gmt":"2023-11-28T10:13:04","guid":{"rendered":"https:\/\/minimax.md\/product\/43042.html"},"modified":"2023-12-12T18:40:50","modified_gmt":"2023-12-12T15:40:50","slug":"ru_ru-sano-sredstvo-dlja-mytja-polov-green-powe-2-l-trim-ro_ro-sano-detergent-pentru-podea-green-powe-2-l","status":"publish","type":"product","link":"https:\/\/minimax.md\/ru\/product\/43042.html","title":{"rendered":"Sano \u0441\u0440\u0435\u0434\u0441\u0442\u0432\u043e \u0434\u043b\u044f \u043c\u044b\u0442\u044c\u044f \u043f\u043e\u043b\u043e\u0432 Green Powe 2 \u043b"},"content":{"rendered":"<p>[:ru_RU]\u041c\u044b \u043d\u0435 \u043c\u043e\u0436\u0435\u043c \u0438\u0437\u043c\u0435\u043d\u0438\u0442\u044c \u043c\u0438\u0440 \u043f\u0440\u044f\u043c\u043e \u0441\u0435\u0439\u0447\u0430\u0441, \u043d\u043e \u043c\u0430\u043b\u0435\u043d\u044c\u043a\u0438\u0439 \u0432\u044b\u0431\u043e\u0440 \u043a\u0430\u0436\u0434\u043e\u0433\u043e \u0438\u0437 \u043d\u0430\u0441 \u043f\u043e\u043c\u043e\u0436\u0435\u0442 \u043f\u0440\u0438\u043d\u0435\u0441\u0442\u0438 \u043f\u043e\u043b\u044c\u0437\u0443 \u043d\u0430\u043c \u0438 \u043e\u043a\u0440\u0443\u0436\u0430\u044e\u0449\u0435\u0439 \u0441\u0440\u0435\u0434\u0435.<br \/>\n\u041f\u043e\u0437\u043d\u0430\u043a\u043e\u043c\u044c\u0442\u0435\u0441\u044c \u0441 Sano Green Power &#8211; \u0441\u0435\u0440\u0438\u0435\u0439 \u044d\u0444\u0444\u0435\u043a\u0442\u0438\u0432\u043d\u044b\u0445 \u043c\u043e\u0449\u043d\u044b\u0445 \u0438  \u044d\u043a\u043e\u043b\u043e\u0433\u0438\u0447\u0435\u0441\u043a\u0438 \u0447\u0438\u0441\u0442\u044b\u0445 \u0447\u0438\u0441\u0442\u044f\u0449\u0438\u0445 \u0441\u0440\u0435\u0434\u0441\u0442\u0432, \u043a\u043e\u0442\u043e\u0440\u0430\u044f \u0432\u043a\u043b\u044e\u0447\u0430\u0435\u0442 5 \u043f\u0440\u043e\u0434\u0443\u043a\u0442\u043e\u0432 \u0438\u0437 \u0440\u0430\u0437\u043b\u0438\u0447\u043d\u044b\u0445 \u043a\u0430\u0442\u0435\u0433\u043e\u0440\u0438\u0439 \u0434\u043e\u043c\u0430\u0448\u043d\u0435\u0439 \u0443\u0431\u043e\u0440\u043a\u0438.<br \/>\n\u041f\u0440\u043e\u0434\u0443\u043a\u0442\u044b \u044d\u0442\u043e\u0439 \u0441\u0435\u0440\u0438\u0438 \u0441\u043e\u0441\u0442\u043e\u0438\u0442 \u0438\u0437 \u0431\u0438\u043e\u043b\u043e\u0433\u0438\u0447\u0435\u0441\u043a\u0438 \u0440\u0430\u0437\u043b\u0430\u0433\u0430\u0435\u043c\u044b\u0445 \u0440\u0430\u0441\u0442\u0438\u0442\u0435\u043b\u044c\u043d\u044b\u0445 \u043a\u043e\u043c\u043f\u043e\u043d\u0435\u043d\u0442\u043e\u0432 \u0438 100% \u043f\u0435\u0440\u0435\u0440\u0430\u0431\u043e\u0442\u0430\u043d\u043d\u0443\u044e \u0443\u043f\u0430\u043a\u043e\u0432\u043a\u0443 .<br \/>\n\u0421\u0435\u0440\u0438\u044f Green Power &#8211; \u0435\u0434\u0438\u043d\u0441\u0442\u0432\u0435\u043d\u043d\u0430\u044f \u0441\u0435\u0440\u0438\u044f \u0441 \u043f\u0440\u0435\u0441\u0442\u0438\u0436\u043d\u043e\u0439 \u0437\u0435\u043b\u0435\u043d\u043e\u0439 \u043c\u0430\u0440\u043a\u043e\u0439 \u043e\u0442 \u0418\u043d\u0441\u0442\u0438\u0442\u0443\u0442\u0430 \u0441\u0442\u0430\u043d\u0434\u0430\u0440\u0442\u043e\u0432 \u0438 \u041c\u0438\u043d\u0438\u0441\u0442\u0435\u0440\u0441\u0442\u0432\u0430 \u043e\u043a\u0440\u0443\u0436\u0430\u044e\u0449\u0435\u0439 \u0441\u0440\u0435\u0434\u044b, \u043a\u043e\u0442\u043e\u0440\u0430\u044f \u0441\u043e\u043e\u0442\u0432\u0435\u0442\u0441\u0442\u0432\u0443\u0435\u0442 \u043a\u0440\u0438\u0442\u0435\u0440\u0438\u044f\u043c, \u043e\u043f\u0440\u0435\u0434\u0435\u043b\u044f\u044e\u0449\u0438\u043c \u0441\u043e\u043e\u0442\u0432\u0435\u0442\u0441\u0442\u0432\u0438\u0435 \u0434\u043b\u044f \u044d\u043a\u043e\u043b\u043e\u0433\u0438\u0447\u0435\u0441\u043a\u0438 \u0447\u0438\u0441\u0442\u044b\u0445 \u043f\u0440\u043e\u0434\u0443\u043a\u0442\u043e\u0432.<br \/>\n\u0421 \u0441\u0435\u0433\u043e\u0434\u043d\u044f\u0448\u043d\u0435\u0433\u043e \u0434\u043d\u044f \u0432\u044b\u0431\u043e\u0440 \u044d\u043a\u043e\u043b\u043e\u0433\u0438\u0447\u0435\u0441\u043a\u0438 \u0447\u0438\u0441\u0442\u044b\u0445 \u043c\u0430\u0442\u0435\u0440\u0438\u0430\u043b\u043e\u0432 \u0434\u043e\u0441\u0442\u0443\u043f\u0435\u043d \u0438 \u0431\u0435\u0441\u043a\u043e\u043c\u043f\u0440\u043e\u043c\u0438\u0441\u0441\u0435\u043d &#8211; \u0442\u0449\u0430\u0442\u0435\u043b\u044c\u043d\u0430\u044f \u0443\u0431\u043e\u0440\u043a\u0430 \u0434\u043e\u043c\u0430 \u0438 \u0441\u043e\u0445\u0440\u0430\u043d\u0435\u043d\u0438\u0435 \u043e\u043a\u0440\u0443\u0436\u0430\u044e\u0449\u0435\u0439 \u0441\u0440\u0435\u0434\u044b!<br \/>\n\u0421\u0440\u0435\u0434\u0441\u0442\u0432\u043e \u0434\u043b\u044f \u043c\u044b\u0442\u044c\u044f \u043f\u043e\u043b\u0430 Sano Green Power:<br \/>\n&#8211; \u042d\u0444\u0444\u0435\u043a\u0442\u0438\u0432\u043d\u043e \u043e\u0447\u0438\u0449\u0430\u0435\u0442 \u0438 \u043f\u0440\u0438\u0434\u0430\u0435\u0442 \u0431\u043b\u0435\u0441\u043a \u0432\u0441\u0435\u043c \u0442\u0438\u043f\u0430\u043c \u043f\u043e\u043b\u043e\u0432.;<br \/>\n&#8211; \u0421\u044b\u0440\u044c\u0435 \u0438\u0437 \u0432\u043e\u0437\u043e\u0431\u043d\u043e\u0432\u043b\u044f\u0435\u043c\u044b\u0445 \u0438\u0441\u0442\u043e\u0447\u043d\u0438\u043a\u043e\u0432 \u0440\u0430\u0441\u0442\u0435\u043d\u0438\u0439;<br \/>\n&#8211; \u0411\u0438\u043e\u043b\u043e\u0433\u0438\u0447\u0435\u0441\u043a\u0438 \u0440\u0430\u0437\u043b\u0430\u0433\u0430\u0435\u043c\u044b\u0439;<br \/>\n&#8211; 100% \u043f\u0435\u0440\u0435\u0440\u0430\u0431\u043e\u0442\u0430\u043d\u043d\u0430\u044f \u0443\u043f\u0430\u043a\u043e\u0432\u043a\u0430;<br \/>\n&#8211; \u0421 \u0434\u043e\u043f\u043e\u043b\u043d\u0438\u0442\u0435\u043b\u044c\u043d\u044b\u043c \u0434\u043e\u0431\u0430\u0432\u043b\u0435\u043d\u0438\u0435\u043c \u043f\u043e\u0440\u043e\u0448\u043e\u043a\u0430 \u0441\u043e\u0434\u044b;<br \/>\n&#8211; \u041f\u0440\u0438\u044f\u0442[trim][:ro_RO]Faceti cunostint\u0103 cu Sano Green Power &#8211; o serie de produse de cur\u0103\u021bare puternice, ecologice, care includ 5 produse dintr-o varietate de categorii de cur\u0103\u021benie pentru cas\u0103.<br \/>\nProdusele din aceast\u0103 serie constau din componente biodegradabile ale plantelor \u0219i ambalaje 100% reciclate.<br \/>\nSano Green Power este singura serie cu prestigioasa etichet\u0103 verde de la Institutul de<br \/>\nStandarde \u0219i Ministerul Mediului, care \u00eendepline\u0219te criteriile pentru determinarea respect\u0103rii produselor ecologice.<br \/>\nDe ast\u0103zi, alegerea materialelor ecologice este disponibil\u0103 \u0219i f\u0103r\u0103 compromisuri &#8211; cur\u0103\u021barea minu\u021bioas\u0103 a casei \u0219i conservarea mediului!<br \/>\nSolutia pentru spalat podea Sano Green Power:<br \/>\n&#8211; Cur\u0103\u021b\u0103 eficient \u0219i d\u0103 str\u0103lucire tuturor tipurilor de podele .;<br \/>\n&#8211; Materii prime din surse regenerabile de plante;<br \/>\n&#8211; Biodegradabile;<br \/>\n&#8211; Ambalaj 100% reciclat;<br \/>\n&#8211; Cu adaos de pudr\u0103 de sod\u0103;<br \/>\n&#8211; Aroma delicata placuta;<br \/>\n&#8211; Capacitate: 2 L.<\/p>\n","protected":false},"excerpt":{"rendered":"<p>[:ru_RU]\u041c\u044b \u043d\u0435 \u043c\u043e\u0436\u0435\u043c \u0438\u0437\u043c\u0435\u043d\u0438\u0442\u044c \u043c\u0438\u0440 \u043f\u0440\u044f\u043c\u043e \u0441\u0435\u0439\u0447\u0430\u0441, \u043d\u043e \u043c\u0430\u043b\u0435\u043d\u044c\u043a\u0438\u0439 \u0432\u044b\u0431\u043e\u0440 \u043a\u0430\u0436\u0434\u043e\u0433\u043e \u0438\u0437 \u043d\u0430\u0441 \u043f\u043e\u043c\u043e\u0436\u0435\u0442 \u043f\u0440\u0438\u043d\u0435\u0441\u0442\u0438 \u043f\u043e\u043b\u044c\u0437\u0443 \u043d\u0430\u043c \u0438 \u043e\u043a\u0440\u0443\u0436\u0430\u044e\u0449\u0435\u0439 \u0441\u0440\u0435\u0434\u0435. \u041f\u043e\u0437\u043d\u0430\u043a\u043e\u043c\u044c\u0442\u0435\u0441\u044c \u0441 Sano Green Power &#8211; \u0441\u0435\u0440\u0438\u0435\u0439 \u044d\u0444\u0444\u0435\u043a\u0442\u0438\u0432\u043d\u044b\u0445 \u043c\u043e\u0449\u043d\u044b\u0445 \u0438 \u044d\u043a\u043e\u043b\u043e\u0433\u0438\u0447\u0435\u0441\u043a\u0438 \u0447\u0438\u0441\u0442\u044b\u0445 \u0447\u0438\u0441\u0442\u044f\u0449\u0438\u0445 \u0441\u0440\u0435\u0434\u0441\u0442\u0432, \u043a\u043e\u0442\u043e\u0440\u0430\u044f \u0432\u043a\u043b\u044e\u0447\u0430\u0435\u0442 5 \u043f\u0440\u043e\u0434\u0443\u043a\u0442\u043e\u0432 \u0438\u0437 \u0440\u0430\u0437\u043b\u0438\u0447\u043d\u044b\u0445 \u043a\u0430\u0442\u0435\u0433\u043e\u0440\u0438\u0439 \u0434\u043e\u043c\u0430\u0448\u043d\u0435\u0439 \u0443\u0431\u043e\u0440\u043a\u0438. \u041f\u0440\u043e\u0434\u0443\u043a\u0442\u044b \u044d\u0442\u043e\u0439 \u0441\u0435\u0440\u0438\u0438 \u0441\u043e\u0441\u0442\u043e\u0438\u0442 \u0438\u0437 \u0431\u0438\u043e\u043b\u043e\u0433\u0438\u0447\u0435\u0441\u043a\u0438 \u0440\u0430\u0437\u043b\u0430\u0433\u0430\u0435\u043c\u044b\u0445 \u0440\u0430\u0441\u0442\u0438\u0442\u0435\u043b\u044c\u043d\u044b\u0445 \u043a\u043e\u043c\u043f\u043e\u043d\u0435\u043d\u0442\u043e\u0432 \u0438 100% \u043f\u0435\u0440\u0435\u0440\u0430\u0431\u043e\u0442\u0430\u043d\u043d\u0443\u044e [&hellip;]<\/p>\n","protected":false},"featured_media":43041,"comment_status":"open","ping_status":"closed","template":"","meta":{"_acf_changed":false},"product_brand":[],"product_cat":[6753],"product_tag":[],"class_list":{"0":"post-43042","1":"product","2":"type-product","3":"status-publish","4":"has-post-thumbnail","6":"product_cat-ru_ru-sredstva-dlja-mytja-p-ru_ru-dlja-doma-trim-ro_ro","8":"first","9":"instock","10":"shipping-taxable","11":"purchasable","12":"product-type-simple"},"acf":[],"_links":{"self":[{"href":"https:\/\/minimax.md\/ru\/wp-json\/wp\/v2\/product\/43042","targetHints":{"allow":["GET"]}}],"collection":[{"href":"https:\/\/minimax.md\/ru\/wp-json\/wp\/v2\/product"}],"about":[{"href":"https:\/\/minimax.md\/ru\/wp-json\/wp\/v2\/types\/product"}],"replies":[{"embeddable":true,"href":"https:\/\/minimax.md\/ru\/wp-json\/wp\/v2\/comments?post=43042"}],"version-history":[{"count":0,"href":"https:\/\/minimax.md\/ru\/wp-json\/wp\/v2\/product\/43042\/revisions"}],"wp:featuredmedia":[{"embeddable":true,"href":"https:\/\/minimax.md\/ru\/wp-json\/wp\/v2\/media\/43041"}],"wp:attachment":[{"href":"https:\/\/minimax.md\/ru\/wp-json\/wp\/v2\/media?parent=43042"}],"wp:term":[{"taxonomy":"product_brand","embeddable":true,"href":"https:\/\/minimax.md\/ru\/wp-json\/wp\/v2\/product_brand?post=43042"},{"taxonomy":"product_cat","embeddable":true,"href":"https:\/\/minimax.md\/ru\/wp-json\/wp\/v2\/product_cat?post=43042"},{"taxonomy":"product_tag","embeddable":true,"href":"https:\/\/minimax.md\/ru\/wp-json\/wp\/v2\/product_tag?post=43042"}],"curies":[{"name":"wp","href":"https:\/\/api.w.org\/{rel}","templated":true}]}}