{"id":43065,"date":"2023-11-28T13:13:06","date_gmt":"2023-11-28T10:13:06","guid":{"rendered":"https:\/\/minimax.md\/product\/43065.html"},"modified":"2024-03-13T00:32:42","modified_gmt":"2024-03-12T21:32:42","slug":"ru_ru-mattel-hot-wheels-mashinka-color-shifters-trim-ro_ro-mattel-hot-wheels-ma-in-color-shifters","status":"publish","type":"product","link":"https:\/\/minimax.md\/ru\/product\/43065.html","title":{"rendered":"Mattel Hot Wheels \u041c\u0430\u0448\u0438\u043d\u043a\u0430 Color Shifters"},"content":{"rendered":"<p>[:ru_RU]\u0422\u0435\u043f\u0435\u0440\u044c \u0432\u044b \u043c\u043e\u0436\u0435\u0442\u0435 \u043c\u0435\u043d\u044f\u0442\u044c \u0446\u0432\u0435\u0442 \u0432\u0430\u0448\u0438\u0445 \u043c\u0430\u0448\u0438\u043d\u043e\u043a Hot Wheels !<br \/>\n\u0412\u0441\u0435 \u043e\u0447\u0435\u043d\u044c \u043f\u0440\u043e\u0441\u0442\u043e \u2014 \u0442\u0435\u043f\u043b\u0430\u044f \u0432\u043e\u0434\u0430 \u043c\u0435\u043d\u044f\u0435\u0442 \u0446\u0432\u0435\u0442 \u0432\u0430\u0448\u0435\u0433\u043e \u0430\u0432\u0442\u043e\u043c\u043e\u0431\u0438\u043b\u044f, \u0438 \u043b\u0435\u0434\u044f\u043d\u0430\u044f \u0432\u043e\u0434\u0430 \u0432\u043e\u0437\u0432\u0440\u0430\u0449\u0430\u0435\u0442 \u0435\u0433\u043e \u043e\u0431\u0440\u0430\u0442\u043d\u043e.<br \/>\n\u0412 \u0430\u0441\u0441\u043e\u0440\u0442\u0438\u043c\u0435\u043d\u0442\u0435 \u0435\u0441\u0442\u044c \u043c\u0430\u0448\u0438\u043d\u043a\u0438, \u043a\u043e\u0442\u043e\u0440\u044b\u0435 \u0438\u043c\u0435\u044e\u0442 \u043c\u043d\u043e\u0433\u043e\u0446\u0432\u0435\u0442\u043d\u0443\u044e \u0442\u0440\u0430\u043d\u0441\u0444\u043e\u0440\u043c\u0430\u0446\u0438\u044e!<br \/>\n\u041e\u043a\u0443\u043d\u0438\u0442\u0435 \u0432\u0430\u0448\u0443 \u043c\u0430\u0448\u0438\u043d\u043a\u0443 Color Shifters  \u0432 \u0432\u043e\u0434\u0443 \u0438 \u0446\u0432\u0435\u0442 \u043f\u0440\u0435\u043e\u0431\u0440\u0430\u0437\u0443\u0435\u0442\u0441\u044f \u043d\u0430 \u0432\u0430\u0448\u0438\u0445 \u0433\u043b\u0430\u0437\u0430\u0445!<br \/>\n\u042d\u0442\u043e \u043a\u0430\u043a \u0438\u043c\u0435\u0442\u044c \u0434\u0432\u0430 \u0430\u0432\u0442\u043e\u043c\u043e\u0431\u0438\u043b\u044f \u0432 \u043e\u0434\u043d\u043e\u043c \u2014 \u0432\u044b \u043c\u043e\u0436\u0435\u0442\u0435 \u0433\u043e\u043d\u044f\u0442\u044c \u043f\u043e \u0442\u0440\u0435\u043a\u0443, \u0430 \u0437\u0430\u0442\u0435\u043c \u043f\u043e\u043c\u0435\u043d\u044f\u0442\u044c \u0446\u0432\u0435\u0442 \u043d\u0430 \u0434\u0440\u0443\u0433\u043e\u0439 \u0438 \u0441\u043d\u043e\u0432\u0430 \u043e\u0442\u043f\u0440\u0430\u0432\u043b\u044f\u0442\u044c\u0441\u044f \u0432 \u043f\u0443\u0442\u044c.[trim][:ro_RO]Ma\u0219inu\u021ba Hot Wheels cu aspect deosebit \u0219i culoare schimb\u0103toare \u00een func\u021bie de temperatur\u0103.<br \/>\nMa\u0219inu\u021ba reac\u021bioneaz\u0103 at\u00eet la ap\u0103 rece cat \u0219i la cea cald\u0103 \u0219i \u00eesi va schimba culoarea de \u00eendat\u0103.<\/p>\n","protected":false},"excerpt":{"rendered":"<p>[:ru_RU]\u0422\u0435\u043f\u0435\u0440\u044c \u0432\u044b \u043c\u043e\u0436\u0435\u0442\u0435 \u043c\u0435\u043d\u044f\u0442\u044c \u0446\u0432\u0435\u0442 \u0432\u0430\u0448\u0438\u0445 \u043c\u0430\u0448\u0438\u043d\u043e\u043a Hot Wheels ! \u0412\u0441\u0435 \u043e\u0447\u0435\u043d\u044c \u043f\u0440\u043e\u0441\u0442\u043e \u2014 \u0442\u0435\u043f\u043b\u0430\u044f \u0432\u043e\u0434\u0430 \u043c\u0435\u043d\u044f\u0435\u0442 \u0446\u0432\u0435\u0442 \u0432\u0430\u0448\u0435\u0433\u043e \u0430\u0432\u0442\u043e\u043c\u043e\u0431\u0438\u043b\u044f, \u0438 \u043b\u0435\u0434\u044f\u043d\u0430\u044f \u0432\u043e\u0434\u0430 \u0432\u043e\u0437\u0432\u0440\u0430\u0449\u0430\u0435\u0442 \u0435\u0433\u043e \u043e\u0431\u0440\u0430\u0442\u043d\u043e. \u0412 \u0430\u0441\u0441\u043e\u0440\u0442\u0438\u043c\u0435\u043d\u0442\u0435 \u0435\u0441\u0442\u044c \u043c\u0430\u0448\u0438\u043d\u043a\u0438, \u043a\u043e\u0442\u043e\u0440\u044b\u0435 \u0438\u043c\u0435\u044e\u0442 \u043c\u043d\u043e\u0433\u043e\u0446\u0432\u0435\u0442\u043d\u0443\u044e \u0442\u0440\u0430\u043d\u0441\u0444\u043e\u0440\u043c\u0430\u0446\u0438\u044e! \u041e\u043a\u0443\u043d\u0438\u0442\u0435 \u0432\u0430\u0448\u0443 \u043c\u0430\u0448\u0438\u043d\u043a\u0443 Color Shifters \u0432 \u0432\u043e\u0434\u0443 \u0438 \u0446\u0432\u0435\u0442 \u043f\u0440\u0435\u043e\u0431\u0440\u0430\u0437\u0443\u0435\u0442\u0441\u044f \u043d\u0430 \u0432\u0430\u0448\u0438\u0445 \u0433\u043b\u0430\u0437\u0430\u0445! \u042d\u0442\u043e \u043a\u0430\u043a \u0438\u043c\u0435\u0442\u044c \u0434\u0432\u0430 \u0430\u0432\u0442\u043e\u043c\u043e\u0431\u0438\u043b\u044f \u0432 \u043e\u0434\u043d\u043e\u043c \u2014 [&hellip;]<\/p>\n","protected":false},"featured_media":43057,"comment_status":"open","ping_status":"closed","template":"","meta":{"_acf_changed":false},"product_brand":[],"product_cat":[6726],"product_tag":[],"class_list":{"0":"post-43065","1":"product","2":"type-product","3":"status-publish","4":"has-post-thumbnail","6":"product_cat-ru_ru-mashinki-trim-ro_ro-m","8":"first","9":"instock","10":"shipping-taxable","11":"purchasable","12":"product-type-simple"},"acf":[],"_links":{"self":[{"href":"https:\/\/minimax.md\/ru\/wp-json\/wp\/v2\/product\/43065","targetHints":{"allow":["GET"]}}],"collection":[{"href":"https:\/\/minimax.md\/ru\/wp-json\/wp\/v2\/product"}],"about":[{"href":"https:\/\/minimax.md\/ru\/wp-json\/wp\/v2\/types\/product"}],"replies":[{"embeddable":true,"href":"https:\/\/minimax.md\/ru\/wp-json\/wp\/v2\/comments?post=43065"}],"version-history":[{"count":0,"href":"https:\/\/minimax.md\/ru\/wp-json\/wp\/v2\/product\/43065\/revisions"}],"wp:featuredmedia":[{"embeddable":true,"href":"https:\/\/minimax.md\/ru\/wp-json\/wp\/v2\/media\/43057"}],"wp:attachment":[{"href":"https:\/\/minimax.md\/ru\/wp-json\/wp\/v2\/media?parent=43065"}],"wp:term":[{"taxonomy":"product_brand","embeddable":true,"href":"https:\/\/minimax.md\/ru\/wp-json\/wp\/v2\/product_brand?post=43065"},{"taxonomy":"product_cat","embeddable":true,"href":"https:\/\/minimax.md\/ru\/wp-json\/wp\/v2\/product_cat?post=43065"},{"taxonomy":"product_tag","embeddable":true,"href":"https:\/\/minimax.md\/ru\/wp-json\/wp\/v2\/product_tag?post=43065"}],"curies":[{"name":"wp","href":"https:\/\/api.w.org\/{rel}","templated":true}]}}