{"id":43079,"date":"2023-11-28T13:13:08","date_gmt":"2023-11-28T10:13:08","guid":{"rendered":"https:\/\/minimax.md\/product\/43079.html"},"modified":"2024-03-13T00:17:42","modified_gmt":"2024-03-12T21:17:42","slug":"ru_ru-pilsan-detskaja-kachelja-trim-ro_ro-pilsan-leag-n-pentru-copii","status":"publish","type":"product","link":"https:\/\/minimax.md\/ru\/product\/43079.html","title":{"rendered":"\u041a\u0430\u0447\u0435\u043b\u0438 \"Samba\" \u043d\u0430 \u043c\u0435\u0442\u0430\u043b\u043b\u0438\u0447\u0435\u0441\u043a\u0438\u0445 \u0441\u0442\u043e\u0439\u043a\u0430\u0445"},"content":{"rendered":"<p>[:ru_RU]\u041a\u0430\u0447\u0435\u043b\u0438 &#8220;Samba&#8221; (07968) &#8211; \u0434\u0435\u0442\u0441\u043a\u0438\u0439 \u0441\u043f\u043e\u0440\u0442\u0438\u0432\u043d\u044b\u0439 \u043a\u043e\u043c\u043f\u043b\u0435\u043a\u0441 \u043a\u043e\u0442\u043e\u0440\u044b\u0439 \u0441\u043e\u0441\u0442\u043e\u0438\u0442 \u0438\u0437 \u043a\u0430\u0440\u043a\u0430\u0441\u0430 \u043d\u0430 \u043c\u0435\u0442\u0430\u043b\u043b\u0438\u0447\u0435\u0441\u043a\u0438\u0445 \u0441\u0442\u043e\u0439\u043a\u0430\u0445 \u0438 \u043f\u043e\u0434\u0432\u0435\u0441\u043d\u044b\u0445 \u043f\u043b\u0430\u0441\u0442\u0438\u043a\u043e\u0432\u044b\u0445 \u043a\u0430\u0447\u0435\u043b\u0435\u0439 \u00ab3 \u0432 1\u00bb\u00a0\u043d\u0430 \u0446\u0435\u043f\u044f\u0445. \u041f\u0440\u043e\u0447\u043d\u0430\u044f \u043a\u043e\u043d\u0441\u0442\u0440\u0443\u043a\u0446\u0438\u044f \u043f\u043e\u0437\u0432\u043e\u043b\u044f\u0435\u0442 \u0432\u044b\u0434\u0435\u0440\u0436\u0438\u0432\u0430\u0442\u044c \u0434\u043e 100 \u043a\u0433. \u041a\u0430\u0447\u0430\u043d\u0438\u0435 \u043e\u0431\u0435\u0441\u043f\u0435\u0447\u0438\u0432\u0430\u0435\u0442 \u0434\u0435\u0442\u044f\u043c \u0445\u043e\u0440\u043e\u0448\u0435\u0435 \u043d\u0430\u0441\u0442\u0440\u043e\u0435\u043d\u0438\u0435 \u0430 \u0442\u0430\u043a\u0436\u0435 \u043f\u0440\u0438\u043d\u043e\u0441\u0438\u0442 \u043f\u043e\u043b\u044c\u0437\u0443 \u0440\u0430\u0441\u0442\u0443\u0449\u0435\u043c\u0443 \u043e\u0440\u0433\u0430\u043d\u0438\u0437\u043c\u0443. \u041e\u043d\u043e \u0440\u0430\u0437\u0432\u0438\u0432\u0430\u0435\u0442 \u043a\u043e\u043e\u0440\u0434\u0438\u043d\u0430\u0446\u0438\u044e, \u0443\u043a\u0440\u0435\u043f\u043b\u044f\u0435\u0442 \u0432\u0435\u0441\u0442\u0438\u0431\u0443\u043b\u044f\u0440\u043d\u044b\u0439 \u0430\u043f\u043f\u0430\u0440\u0430\u0442 \u0438 \u0442\u0440\u0435\u043d\u0438\u0440\u0443\u0435\u0442 \u043c\u044b\u0448\u0446\u044b.<\/p>\n<p>\u041f\u043e\u0434\u0432\u0435\u0441\u043d\u044b\u0435 \u043a\u0430\u0447\u0435\u043b\u0438 &#8220;Samba&#8221; \u0434\u043b\u044f \u0434\u0435\u0442\u0435\u0439 \u043e\u0442 1 \u0433\u043e\u0434\u0430, \u0442\u0440\u0430\u043d\u0441\u0444\u043e\u0440\u043c\u0438\u0440\u0443\u044e\u0442\u0441\u044f \u043f\u043e \u043c\u0435\u0440\u0435 \u0440\u043e\u0441\u0442\u0430 \u0440\u0435\u0431\u0435\u043d\u043a\u0430. \u041e\u0442 1 \u0434\u043e 3-\u0445 \u043b\u0435\u0442 &#8211; \u0441\u043e \u0441\u043f\u0438\u043d\u043a\u043e\u0439 \u0438 \u043e\u0433\u0440\u0430\u043d\u0438\u0447\u0438\u0442\u0435\u043b\u0435\u043c (\u043d\u0430 \u043d\u0435\u043c \u0440\u0430\u0441\u043f\u043e\u043b\u043e\u0436\u0435\u043d\u044b \u043f\u043e\u0433\u0440\u0435\u043c\u0443\u0448\u043a\u0438), \u0434\u043b\u044f \u0431\u043e\u043b\u044c\u0448\u0435\u0439 \u0431\u0435\u0437\u043e\u043f\u0430\u0441\u043d\u043e\u0441\u0442\u0438 \u043f\u0440\u0435\u0434\u0443\u0441\u043c\u043e\u0442\u0440\u0435\u043d\u044b \u0442\u0440\u0451\u0445\u0442\u043e\u0447\u0435\u0447\u043d\u044b\u0435 \u0440\u0435\u043c\u043d\u0438. \u041f\u043e\u0441\u043b\u0435 3-\u0445 \u043b\u0435\u0442 \u0441\u043d\u0438\u043c\u0430\u0435\u0442\u0441\u044f \u043e\u0433\u0440\u0430\u043d\u0438\u0447\u0438\u0442\u0435\u043b\u044c, \u0430 \u043f\u043e\u0441\u043b\u0435 5-\u0442\u0438 \u043b\u0435\u0442 \u0441\u043d\u0438\u043c\u0430\u0435\u0442\u0441\u044f \u0441\u043f\u0438\u043d\u043a\u0430.<\/p>\n<p> \t\u0420\u0435\u043a\u043e\u043c\u0435\u043d\u0434\u0443\u0435\u043c\u044b\u0439 \u0432\u043e\u0437\u0440\u0430\u0441\u0442: 1+<br \/>\n \t\u041c\u0430\u043a\u0441\u0438\u043c\u0430\u043b\u044c\u043d\u0430\u044f \u043d\u0430\u0433\u0440\u0443\u0437\u043a\u0430: 100 \u043a\u0433<br \/>\n \t\u041f\u0440\u043e\u0441\u0442\u0430\u044f \u0443\u0441\u0442\u0430\u043d\u043e\u0432\u043a\u0430<br \/>\n \t\u041f\u0440\u0435\u0434\u043d\u0430\u0437\u043d\u0430\u0447\u0435\u043d\u044b \u0434\u043b\u044f \u0438\u0441\u043f\u043e\u043b\u044c\u0437\u043e\u0432\u0430\u043d\u0438\u044f \u0432 \u043e\u0442\u043a\u0440\u044b\u0442\u044b\u0445 \u0438 \u0437\u0430\u043a\u0440\u044b\u0442\u044b\u0445 \u043f\u043e\u043c\u0435\u0449\u0435\u043d\u0438\u044f\u0445<br \/>\n \t\u041f\u0440\u043e\u0447\u043d\u044b\u0435 \u0438 \u043d\u0430\u0434\u0435\u0436\u043d\u044b\u0435<br \/>\n \t\u0412\u044b\u0441\u043e\u043a\u043e\u043a\u0430\u0447\u0435\u0441\u0442\u0432\u0435\u043d\u043d\u043e\u0435 \u0441\u044b\u0440\u044c\u0435, \u043a\u043e\u0442\u043e\u0440\u043e\u0435 \u043d\u0435 \u0441\u043e\u0434\u0435\u0440\u0436\u0438\u0442 \u043a\u0430\u043d\u0446\u0435\u0440\u043e\u0433\u0435\u043d\u043d\u044b\u0445 \u0432\u0435\u0449\u0435\u0441\u0442\u0432<br \/>\n \t\u0421\u0442\u0438\u043b\u044c\u043d\u044b\u0439 \u0432\u043d\u0435\u0448\u043d\u0438\u0439 \u0432\u0438\u0434 \u0438 \u044d\u0440\u0433\u043e\u043d\u043e\u043c\u0438\u0447\u043d\u044b\u0439 \u0434\u0438\u0437\u0430\u0439\u043d[trim][:ro_RO]Leag\u0103nul \u00abSamba\u00bb (07968)\u00a0 &#8211; echipamentul de joac\u0103 pentru copii ce const\u0103 dintr-un cadru pe suport metalic \u0219i leag\u0103n din plastic \u201e3 \u00een 1\u201d prins cu lan\u021buri. Construc\u021bia rezistent\u0103 admite greutatea maxima de 100 kg. Leg\u0103natul garanteaz\u0103 copiilor o dispozi\u021bie bun\u0103 \u0219i, de asemenea, aduce beneficii organismului \u00een cre\u0219tere. Mi\u0219carea oscilant\u0103 dezvolt\u0103 coordonarea, \u00eent\u0103re\u0219te aparatul vestibular \u0219i antreneaz\u0103 mu\u0219chii.<\/p>\n<p>Leag\u0103nul \u00abSamba\u00bb se potrive\u0219te pentru copiii de la varsta de 1 an \u0219i cre\u0219te \u00eempreun\u0103 cu ei.\u00a0 Pentru copiii de 1-3 ani &#8211; \u0219ezutul leag\u0103nului dispune de suport pentru spate, dotat cu centuri de siguran\u021b\u0103 deta\u0219abile, iar in fa\u021b\u0103 o bar\u0103 de protec\u021bie \u00een form\u0103 de T (cu zorn\u0103itoare). De la 3 la 5 ani se scoate bara de protec\u021bie, iar dup\u0103 5 ani se deta\u0219eaz\u0103 sp\u0103tarul.<\/p>\n<ul>\n<li>V\u00e2rsta recomandat\u0103: 1+ ani<\/li>\n<li>Greutatea maxim\u0103 admis\u0103: 100 kg<\/li>\n<li>Instalare u\u0219oar\u0103<\/li>\n<li>Durabil \u0219i fiabil<\/li>\n<li>Poate fi folosit in interior si exterior<\/li>\n<li>Aspect elegant \u0219i design ergonomic&lt;\/li<br \/>\n","protected":false},"excerpt":{"rendered":"<p>[:ru_RU]\u041a\u0430\u0447\u0435\u043b\u0438 &#8220;Samba&#8221; (07968) &#8211; \u0434\u0435\u0442\u0441\u043a\u0438\u0439 \u0441\u043f\u043e\u0440\u0442\u0438\u0432\u043d\u044b\u0439 \u043a\u043e\u043c\u043f\u043b\u0435\u043a\u0441 \u043a\u043e\u0442\u043e\u0440\u044b\u0439 \u0441\u043e\u0441\u0442\u043e\u0438\u0442 \u0438\u0437 \u043a\u0430\u0440\u043a\u0430\u0441\u0430 \u043d\u0430 \u043c\u0435\u0442\u0430\u043b\u043b\u0438\u0447\u0435\u0441\u043a\u0438\u0445 \u0441\u0442\u043e\u0439\u043a\u0430\u0445 \u0438 \u043f\u043e\u0434\u0432\u0435\u0441\u043d\u044b\u0445 \u043f\u043b\u0430\u0441\u0442\u0438\u043a\u043e\u0432\u044b\u0445 \u043a\u0430\u0447\u0435\u043b\u0435\u0439 \u00ab3 \u0432 1\u00bb\u00a0\u043d\u0430 \u0446\u0435\u043f\u044f\u0445. \u041f\u0440\u043e\u0447\u043d\u0430\u044f \u043a\u043e\u043d\u0441\u0442\u0440\u0443\u043a\u0446\u0438\u044f \u043f\u043e\u0437\u0432\u043e\u043b\u044f\u0435\u0442 \u0432\u044b\u0434\u0435\u0440\u0436\u0438\u0432\u0430\u0442\u044c \u0434\u043e 100 \u043a\u0433. \u041a\u0430\u0447\u0430\u043d\u0438\u0435 \u043e\u0431\u0435\u0441\u043f\u0435\u0447\u0438\u0432\u0430\u0435\u0442 \u0434\u0435\u0442\u044f\u043c \u0445\u043e\u0440\u043e\u0448\u0435\u0435 \u043d\u0430\u0441\u0442\u0440\u043e\u0435\u043d\u0438\u0435 \u0430 \u0442\u0430\u043a\u0436\u0435 \u043f\u0440\u0438\u043d\u043e\u0441\u0438\u0442 \u043f\u043e\u043b\u044c\u0437\u0443 \u0440\u0430\u0441\u0442\u0443\u0449\u0435\u043c\u0443 \u043e\u0440\u0433\u0430\u043d\u0438\u0437\u043c\u0443. \u041e\u043d\u043e \u0440\u0430\u0437\u0432\u0438\u0432\u0430\u0435\u0442 \u043a\u043e\u043e\u0440\u0434\u0438\u043d\u0430\u0446\u0438\u044e, \u0443\u043a\u0440\u0435\u043f\u043b\u044f\u0435\u0442 \u0432\u0435\u0441\u0442\u0438\u0431\u0443\u043b\u044f\u0440\u043d\u044b\u0439 \u0430\u043f\u043f\u0430\u0440\u0430\u0442 \u0438 \u0442\u0440\u0435\u043d\u0438\u0440\u0443\u0435\u0442 \u043c\u044b\u0448\u0446\u044b. \u041f\u043e\u0434\u0432\u0435\u0441\u043d\u044b\u0435 \u043a\u0430\u0447\u0435\u043b\u0438 &#8220;Samba&#8221; \u0434\u043b\u044f \u0434\u0435\u0442\u0435\u0439 \u043e\u0442 [&hellip;]<\/p>\n","protected":false},"featured_media":43073,"comment_status":"open","ping_status":"closed","template":"","meta":{"_acf_changed":false},"product_brand":[],"product_cat":[6797],"product_tag":[],"class_list":{"0":"post-43079","1":"product","2":"type-product","3":"status-publish","4":"has-post-thumbnail","6":"product_cat-ru_ru-kacheli-i-kachalki-tr","8":"first","9":"instock","10":"shipping-taxable","11":"purchasable","12":"product-type-simple"},"acf":[],"_links":{"self":[{"href":"https:\/\/minimax.md\/ru\/wp-json\/wp\/v2\/product\/43079","targetHints":{"allow":["GET"]}}],"collection":[{"href":"https:\/\/minimax.md\/ru\/wp-json\/wp\/v2\/product"}],"about":[{"href":"https:\/\/minimax.md\/ru\/wp-json\/wp\/v2\/types\/product"}],"replies":[{"embeddable":true,"href":"https:\/\/minimax.md\/ru\/wp-json\/wp\/v2\/comments?post=43079"}],"version-history":[{"count":0,"href":"https:\/\/minimax.md\/ru\/wp-json\/wp\/v2\/product\/43079\/revisions"}],"wp:featuredmedia":[{"embeddable":true,"href":"https:\/\/minimax.md\/ru\/wp-json\/wp\/v2\/media\/43073"}],"wp:attachment":[{"href":"https:\/\/minimax.md\/ru\/wp-json\/wp\/v2\/media?parent=43079"}],"wp:term":[{"taxonomy":"product_brand","embeddable":true,"href":"https:\/\/minimax.md\/ru\/wp-json\/wp\/v2\/product_brand?post=43079"},{"taxonomy":"product_cat","embeddable":true,"href":"https:\/\/minimax.md\/ru\/wp-json\/wp\/v2\/product_cat?post=43079"},{"taxonomy":"product_tag","embeddable":true,"href":"https:\/\/minimax.md\/ru\/wp-json\/wp\/v2\/product_tag?post=43079"}],"curies":[{"name":"wp","href":"https:\/\/api.w.org\/{rel}","templated":true}]}}