{"id":43081,"date":"2023-11-28T13:13:09","date_gmt":"2023-11-28T10:13:09","guid":{"rendered":"https:\/\/minimax.md\/product\/43081.html"},"modified":"2023-12-18T00:18:15","modified_gmt":"2023-12-17T21:18:15","slug":"ru_ru-dzhip-barbi-trim-ro_ro-ma-in-jeep-barbie","status":"publish","type":"product","link":"https:\/\/minimax.md\/ru\/product\/43081.html","title":{"rendered":"\u0414\u0436\u0438\u043f  \u0411\u0430\u0440\u0431\u0438"},"content":{"rendered":"<p>[:ru_RU]\u0412 \u0434\u0436\u0438\u043f \u043c\u043e\u0436\u043d\u043e \u043f\u043e\u0441\u0430\u0434\u0438\u0442\u044c \u043a\u0443\u043a\u043b\u0443 Barbie \u0438 \u0435\u0435 \u0434\u0440\u0443\u0433\u0430 (\u043a\u0443\u043a\u043b\u044b \u043f\u0440\u043e\u0434\u0430\u044e\u0442\u0441\u044f \u043e\u0442\u0434\u0435\u043b\u044c\u043d\u043e) \u0438 \u043e\u0442\u043f\u0440\u0430\u0432\u043b\u044f\u0442\u044c\u0441\u044f \u0432 \u043f\u0443\u0442\u044c.<br \/>\n\u0411\u044b\u0441\u0442\u0440\u044b\u0435 \u043a\u043e\u043b\u0435\u0441\u0430 \u0438 \u0432\u0441\u0442\u0440\u0435\u0447\u043d\u044b\u0439 \u0432\u0435\u0442\u0435\u0440\u043e\u043a \u2014 \u0432\u043e\u0442 \u043d\u0430\u0441\u0442\u043e\u044f\u0449\u0438\u0439 \u0441\u044e\u0436\u0435\u0442 \u0434\u043b\u044f \u0438\u0441\u0442\u043e\u0440\u0438\u0439. \u041d\u0443\u0436\u043d\u043e \u043f\u0440\u043e\u0441\u0442\u043e \u043f\u043e\u0434\u0442\u043e\u043b\u043a\u043d\u0443\u0442\u044c \u043c\u0430\u0448\u0438\u043d\u0443, \u0447\u0442\u043e\u0431\u044b \u043f\u043e\u043b\u0443\u0447\u0438\u0442\u044c \u0443\u0434\u043e\u0432\u043e\u043b\u044c\u0441\u0442\u0432\u0438\u0435 \u043e\u0442 \u043f\u0440\u043e\u0433\u0443\u043b\u043a\u0438 \u043d\u0430 \u0434\u0436\u0438\u043f\u0435 \u0441 \u0447\u0435\u0442\u044b\u0440\u044c\u043c\u044f \u0441\u0435\u0440\u0435\u0431\u0440\u0438\u0441\u0442\u044b\u043c\u0438 \u043a\u043e\u043b\u0435\u0441\u0430\u043c\u0438 \u0438 \u0440\u0435\u0437\u0438\u043d\u043e\u0432\u044b\u043c\u0438 \u0448\u0438\u043d\u0430\u043c\u0438.<br \/>\n\u042d\u0442\u043e\u0442 \u043a\u0440\u0430\u0441\u043e\u0447\u043d\u044b\u0439 \u0432\u043d\u0435\u0434\u043e\u0440\u043e\u0436\u043d\u0438\u043a \u0432\u044b\u043f\u043e\u043b\u043d\u0435\u043d \u0432 \u0441\u0442\u0438\u043b\u0435 \u043a\u0443\u043a\u043b\u044b Barbie: \u0441 \u0444\u0438\u043e\u043b\u0435\u0442\u043e\u0432\u044b\u043c \u043a\u043e\u0440\u043f\u0443\u0441\u043e\u043c, \u0440\u043e\u0437\u043e\u0432\u044b\u043c \u0441\u0430\u043b\u043e\u043d\u043e\u043c \u0438 \u0433\u043e\u043b\u0443\u0431\u043e\u0439 \u043e\u0442\u0434\u0435\u043b\u043a\u043e\u0439, \u0441 \u0437\u0430\u0431\u0430\u0432\u043d\u044b\u043c\u0438 \u0430\u043a\u0446\u0435\u043d\u0442\u0430\u043c\u0438, \u0442\u0430\u043a\u0438\u043c \u043a\u0430\u043a \u043b\u043e\u0433\u043e\u0442\u0438\u043f\u044b \u043d\u0430 \u0440\u0443\u043b\u0435 \u0438 \u043a\u043e\u043b\u0435\u0441\u0430\u0445 Barbie \u0438 \u043d\u043e\u043c\u0435\u0440\u043d\u043e\u0439 \u0437\u043d\u0430\u043a, \u0434\u0436\u0438\u043f \u0433\u043e\u0442\u043e\u0432 \u043a \u043b\u044e\u0431\u044b\u043c \u043f\u0440\u0438\u043a\u043b\u044e\u0447\u0435\u043d\u0438\u044f\u043c. \u041f\u043e\u043b\u0435\u0442 \u0444\u0430\u043d\u0442\u0430\u0437\u0438\u0438 \u043f\u043e\u043c\u043e\u0436\u0435\u0442 \u0434\u0435\u0442\u044f\u043c \u043f\u0440\u043e\u043b\u043e\u0436\u0438\u0442\u044c \u043c\u0430\u0440\u0448\u0440\u0443\u0442 \u043f\u0443\u0442\u0435\u0448\u0435\u0441\u0442\u0432\u0438\u044f, \u043f\u043e\u0442\u043e\u043c\u0443 \u0447\u0442\u043e \u0441 \u043a\u0443\u043a\u043b\u043e\u0439 Barbie \u043c\u043e\u0436\u043d\u043e \u043f\u0440\u0435\u0434\u0441\u0442\u0430\u0432\u0438\u0442\u044c \u0441\u0435\u0431\u044f \u0432 \u043b\u044e\u0431\u043e\u043c \u0443\u0433\u043e\u043b\u043a\u0435 \u043c\u0438\u0440\u0430!<br \/>\n\u0421\u043e\u0431\u0435\u0440\u0438\u0442\u0435 \u0434\u0440\u0443\u0433\u0438\u0435 \u043a\u0443\u043a\u043b\u044b \u0438 \u0430\u043a\u0441\u0435\u0441\u0441\u0443\u0430\u0440\u044b Barbie, \u0447\u0442\u043e\u0431\u044b \u043f\u043e\u043b\u0443\u0447\u0438\u0442\u044c \u0443\u0434\u043e\u0432\u043e\u043b\u044c\u0441\u0442\u0432\u0438\u0435 \u043e\u0442 \u043f\u0440\u043e\u0433\u0443\u043b\u043a\u0438 (\u043a\u0430\u0436\u0434\u044b\u0439 \u043d\u0430\u0431\u043e\u0440 \u043f\u0440\u043e\u0434\u0430\u0435\u0442\u0441\u044f \u043e\u0442\u0434\u0435\u043b\u044c\u043d\u043e, \u0432 \u0437\u0430\u0432\u0438\u0441\u0438\u043c\u043e\u0441\u0442\u0438 \u043e\u0442 \u043d\u0430\u043b\u0438\u0447\u0438\u044f). \u041a\u0443\u043a\u043b\u044b \u0432 \u043d\u0430\u0431\u043e\u0440 \u043d\u0435 \u0432\u0445\u043e\u0434\u044f\u0442. \u0426\u0432\u0435\u0442\u0430 \u0438 \u0430\u043a\u0441\u0435\u0441\u0441\u0443\u0430\u0440\u044b \u043c\u043e\u0433\u0443\u0442 \u043e\u0442\u043b\u0438\u0447\u0430\u0442\u044c\u0441\u044f.[trim][:ro_RO]Acest SUV colorat este realizat \u00een stilul p\u0103pu\u0219ii Barbie: violet, un interior roz \u0219i o nuan\u021b\u0103 albastr\u0103, cu accente amuzante, cum ar fi logo-urile pe volan \u0219i ro\u021bile<br \/>\nBarbie \u0219i o plac\u0103 de \u00eenmatriculare, jeep-ul este gata pentru orice aventur\u0103! Un zbor al imagina\u021biei \u00eei va ajuta pe copii s\u0103-\u0219i planifice un traseu de c\u0103l\u0103torie, deoarece cu p\u0103pu\u0219a<br \/>\nBarbie pute\u021bi c\u0103l\u0103tori oriunde \u00een lume! P\u0103pu\u0219ile nu sunt incluse \u00een set.<\/p>\n","protected":false},"excerpt":{"rendered":"<p>[:ru_RU]\u0412 \u0434\u0436\u0438\u043f \u043c\u043e\u0436\u043d\u043e \u043f\u043e\u0441\u0430\u0434\u0438\u0442\u044c \u043a\u0443\u043a\u043b\u0443 Barbie \u0438 \u0435\u0435 \u0434\u0440\u0443\u0433\u0430 (\u043a\u0443\u043a\u043b\u044b \u043f\u0440\u043e\u0434\u0430\u044e\u0442\u0441\u044f \u043e\u0442\u0434\u0435\u043b\u044c\u043d\u043e) \u0438 \u043e\u0442\u043f\u0440\u0430\u0432\u043b\u044f\u0442\u044c\u0441\u044f \u0432 \u043f\u0443\u0442\u044c. \u0411\u044b\u0441\u0442\u0440\u044b\u0435 \u043a\u043e\u043b\u0435\u0441\u0430 \u0438 \u0432\u0441\u0442\u0440\u0435\u0447\u043d\u044b\u0439 \u0432\u0435\u0442\u0435\u0440\u043e\u043a \u2014 \u0432\u043e\u0442 \u043d\u0430\u0441\u0442\u043e\u044f\u0449\u0438\u0439 \u0441\u044e\u0436\u0435\u0442 \u0434\u043b\u044f \u0438\u0441\u0442\u043e\u0440\u0438\u0439. \u041d\u0443\u0436\u043d\u043e \u043f\u0440\u043e\u0441\u0442\u043e \u043f\u043e\u0434\u0442\u043e\u043b\u043a\u043d\u0443\u0442\u044c \u043c\u0430\u0448\u0438\u043d\u0443, \u0447\u0442\u043e\u0431\u044b \u043f\u043e\u043b\u0443\u0447\u0438\u0442\u044c \u0443\u0434\u043e\u0432\u043e\u043b\u044c\u0441\u0442\u0432\u0438\u0435 \u043e\u0442 \u043f\u0440\u043e\u0433\u0443\u043b\u043a\u0438 \u043d\u0430 \u0434\u0436\u0438\u043f\u0435 \u0441 \u0447\u0435\u0442\u044b\u0440\u044c\u043c\u044f \u0441\u0435\u0440\u0435\u0431\u0440\u0438\u0441\u0442\u044b\u043c\u0438 \u043a\u043e\u043b\u0435\u0441\u0430\u043c\u0438 \u0438 \u0440\u0435\u0437\u0438\u043d\u043e\u0432\u044b\u043c\u0438 \u0448\u0438\u043d\u0430\u043c\u0438. \u042d\u0442\u043e\u0442 \u043a\u0440\u0430\u0441\u043e\u0447\u043d\u044b\u0439 \u0432\u043d\u0435\u0434\u043e\u0440\u043e\u0436\u043d\u0438\u043a \u0432\u044b\u043f\u043e\u043b\u043d\u0435\u043d \u0432 \u0441\u0442\u0438\u043b\u0435 \u043a\u0443\u043a\u043b\u044b Barbie: \u0441 \u0444\u0438\u043e\u043b\u0435\u0442\u043e\u0432\u044b\u043c [&hellip;]<\/p>\n","protected":false},"featured_media":43080,"comment_status":"open","ping_status":"closed","template":"","meta":{"_acf_changed":false},"product_brand":[],"product_cat":[6697],"product_tag":[],"class_list":{"0":"post-43081","1":"product","2":"type-product","3":"status-publish","4":"has-post-thumbnail","6":"product_cat-ru_ru-kukly-trim-ro_ro-p-pu","8":"first","9":"instock","10":"shipping-taxable","11":"purchasable","12":"product-type-simple"},"acf":[],"_links":{"self":[{"href":"https:\/\/minimax.md\/ru\/wp-json\/wp\/v2\/product\/43081","targetHints":{"allow":["GET"]}}],"collection":[{"href":"https:\/\/minimax.md\/ru\/wp-json\/wp\/v2\/product"}],"about":[{"href":"https:\/\/minimax.md\/ru\/wp-json\/wp\/v2\/types\/product"}],"replies":[{"embeddable":true,"href":"https:\/\/minimax.md\/ru\/wp-json\/wp\/v2\/comments?post=43081"}],"version-history":[{"count":0,"href":"https:\/\/minimax.md\/ru\/wp-json\/wp\/v2\/product\/43081\/revisions"}],"wp:featuredmedia":[{"embeddable":true,"href":"https:\/\/minimax.md\/ru\/wp-json\/wp\/v2\/media\/43080"}],"wp:attachment":[{"href":"https:\/\/minimax.md\/ru\/wp-json\/wp\/v2\/media?parent=43081"}],"wp:term":[{"taxonomy":"product_brand","embeddable":true,"href":"https:\/\/minimax.md\/ru\/wp-json\/wp\/v2\/product_brand?post=43081"},{"taxonomy":"product_cat","embeddable":true,"href":"https:\/\/minimax.md\/ru\/wp-json\/wp\/v2\/product_cat?post=43081"},{"taxonomy":"product_tag","embeddable":true,"href":"https:\/\/minimax.md\/ru\/wp-json\/wp\/v2\/product_tag?post=43081"}],"curies":[{"name":"wp","href":"https:\/\/api.w.org\/{rel}","templated":true}]}}