{"id":43115,"date":"2023-11-28T13:13:13","date_gmt":"2023-11-28T10:13:13","guid":{"rendered":"https:\/\/minimax.md\/product\/43115.html"},"modified":"2024-03-11T22:37:36","modified_gmt":"2024-03-11T19:37:36","slug":"ru_ru-barbi-pusalochka-drimtopija-trim-ro_ro-barbie-sirena-dreamtopia","status":"publish","type":"product","link":"https:\/\/minimax.md\/ru\/product\/43115.html","title":{"rendered":"\u041a\u0443\u043a\u043b\u0430 Barbie Dreamtopia, \u0432 \u0430\u0441\u0441\u043e\u0440\u0442\u0438\u043c\u0435\u043d\u0442\u0435"},"content":{"rendered":"<p>[:ru_RU]\u041e\u043a\u0443\u043d\u0438\u0441\u044c \u0432 \u043c\u0438\u0440 \u0441\u043a\u0430\u0437\u043e\u043a \u0438 \u0444\u0430\u043d\u0442\u0430\u0437\u0438\u0439 \u0432\u043c\u0435\u0441\u0442\u0435 \u0441 \u043f\u0440\u0438\u043d\u0446\u0435\u0441\u0441\u043e\u0439 Barbie \u0438\u0437 \u0414\u0440\u0438\u043c\u0442\u043e\u043f\u0438\u0438.<br \/>\n\u041a\u0430\u0436\u0434\u0430\u044f \u043a\u0443\u043a\u043e\u043b\u043a\u0430 \u043e\u0434\u0435\u0442\u0430 \u0432 \u044f\u0440\u043a\u0438\u0439 \u0442\u043e\u043f \u0438 \u043c\u0435\u0440\u0446\u0430\u044e\u0449\u0443\u044e \u044e\u0431\u043e\u0447\u043a\u0443 c \u043f\u0440\u0438\u043d\u0442\u043e\u043c \u0440\u0430\u0434\u0443\u0433, \u0446\u0432\u0435\u0442\u043e\u0432, \u0434\u0440\u0430\u0433\u043e\u0446\u0435\u043d\u043d\u044b\u0445 \u043a\u0430\u043c\u043d\u0435\u0439.<br \/>\n\u041e\u0447\u0430\u0440\u043e\u0432\u0430\u0442\u0435\u043b\u044c\u043d\u0430\u044f \u0442\u0438\u0430\u0440\u0430 \u0438 \u0442\u0443\u0444\u0435\u043b\u044c\u043a\u0438 \u0434\u043e\u043f\u043e\u043b\u043d\u044f\u044e\u0442 \u0435\u0435 \u0438\u0434\u0435\u0430\u043b\u044c\u043d\u044b\u0439 \u043e\u0431\u0440\u0430\u0437.<br \/>\n\u041e\u0447\u0435\u043d\u044c \u043b\u0435\u0433\u043a\u043e \u043f\u043e\u0433\u0440\u0443\u0437\u0438\u0442\u044c\u0441\u044f \u0432 \u0432\u043e\u043b\u0448\u0435\u0431\u043d\u044b\u0439 \u043c\u0438\u0440 \u0414\u0440\u0438\u043c\u0442\u043e\u043f\u0438\u0438, \u0438\u0433\u0440\u0430\u044f \u0441 \u0441\u0435\u0441\u0442\u0440\u0430\u043c\u0438 \u0411\u0430\u0440\u0431\u0438 \u0438 \u0427\u0435\u043b\u0441\u0438, \u0432\u0435\u0434\u044c \u043e\u043d\u0438 \u043f\u0435\u0440\u0435\u043d\u043e\u0441\u044f\u0442 \u0442\u0435\u0431\u044f \u0432 \u043c\u0438\u0440, \u0433\u0434\u0435 \u043c\u0435\u0447\u0442\u044b \u0441\u0442\u0430\u043d\u043e\u0432\u044f\u0442\u0441\u044f \u0440\u0435\u0430\u043b\u044c\u043d\u043e\u0441\u0442\u044c\u044e!<br \/>\n\u0421\u043e\u0431\u0435\u0440\u0438 \u0432\u0441\u044e \u043a\u043e\u043b\u043b\u0435\u043a\u0446\u0438\u044e \u043a\u0443\u043a\u043e\u043b \u0438 \u0430\u043a\u0441\u0435\u0441\u0441\u0443\u0430\u0440\u043e\u0432 \u0438\u0437 \u0441\u0435\u0440\u0438\u0438 \u0438 \u043b\u0435\u0442\u0438 \u043d\u0430 \u043a\u0440\u044b\u043b\u044c\u044f\u0445 \u0441\u0432\u043e\u0438\u0445 \u0444\u0430\u043d\u0442\u0430\u0437\u0438\u0439!<br \/>\n\u0412 \u043d\u0430\u0431\u043e\u0440 \u0432\u0445\u043e\u0434\u0438\u0442 \u0441\u0442\u0438\u043b\u044c\u043d\u043e \u043e\u0434\u0435\u0442\u0430\u044f \u043a\u0443\u043a\u043b\u0430 \u0438 \u0430\u043a\u0441\u0435\u0441\u0441\u0443\u0430\u0440\u044b.<br \/>\n\u041a\u0443\u043a\u043b\u0430 \u043d\u0435 \u043c\u043e\u0436\u0435\u0442 \u0441\u0442\u043e\u044f\u0442\u044c \u0441\u0430\u043c\u043e\u0441\u0442\u043e\u044f\u0442\u0435\u043b\u044c\u043d\u043e.<br \/>\n\u0426\u0432\u0435\u0442\u0430 \u0438 \u0430\u043a\u0441\u0435\u0441\u0441\u0443\u0430\u0440\u044b \u043c\u043e\u0433\u0443\u0442 \u043e\u0442\u043b\u0438\u0447\u0430\u0442\u044c\u0441\u044f[trim][:ro_RO]Fiecare p\u0103pu\u0219\u0103 este \u00eembr\u0103cat\u0103 \u00eentr-o bluz\u0103 \u0219i o fust\u0103 str\u0103lucitoare, decorat\u0103 cu printuri fantastice de dulciuri, pietre pre\u021bioase sau curcubeu.<br \/>\nO diadem\u0103 fermec\u0103toare \u0219i o pereche de pantofi care se potrivesc cu prin\u021besa.<br \/>\nEste foarte u\u0219or s\u0103 te scufunzi \u00een lumea magic\u0103 din Drimtopia, juc\u00e2nd cu surorile Barbie \u0219i Chelsea, pentru c\u0103 te vor duce \u00eentr-o lume \u00een care visele devin realitate!<br \/>\nColecta\u021biona\u021bi \u00eentreaga gam\u0103 de p\u0103pu\u0219i \u0219i accesorii din aceast\u0103 serie \u0219i zbura\u021bi pe aripile fanteziei dvs.!<\/p>\n<p>Setul include o p\u0103pu\u0219\u0103 elegant\u0103 \u0219i accesorii.<br \/>\nV\u00e2rsta recomandat\u0103: de la 3 ani<\/p>\n","protected":false},"excerpt":{"rendered":"<p>[:ru_RU]\u041e\u043a\u0443\u043d\u0438\u0441\u044c \u0432 \u043c\u0438\u0440 \u0441\u043a\u0430\u0437\u043e\u043a \u0438 \u0444\u0430\u043d\u0442\u0430\u0437\u0438\u0439 \u0432\u043c\u0435\u0441\u0442\u0435 \u0441 \u043f\u0440\u0438\u043d\u0446\u0435\u0441\u0441\u043e\u0439 Barbie \u0438\u0437 \u0414\u0440\u0438\u043c\u0442\u043e\u043f\u0438\u0438. \u041a\u0430\u0436\u0434\u0430\u044f \u043a\u0443\u043a\u043e\u043b\u043a\u0430 \u043e\u0434\u0435\u0442\u0430 \u0432 \u044f\u0440\u043a\u0438\u0439 \u0442\u043e\u043f \u0438 \u043c\u0435\u0440\u0446\u0430\u044e\u0449\u0443\u044e \u044e\u0431\u043e\u0447\u043a\u0443 c \u043f\u0440\u0438\u043d\u0442\u043e\u043c \u0440\u0430\u0434\u0443\u0433, \u0446\u0432\u0435\u0442\u043e\u0432, \u0434\u0440\u0430\u0433\u043e\u0446\u0435\u043d\u043d\u044b\u0445 \u043a\u0430\u043c\u043d\u0435\u0439. \u041e\u0447\u0430\u0440\u043e\u0432\u0430\u0442\u0435\u043b\u044c\u043d\u0430\u044f \u0442\u0438\u0430\u0440\u0430 \u0438 \u0442\u0443\u0444\u0435\u043b\u044c\u043a\u0438 \u0434\u043e\u043f\u043e\u043b\u043d\u044f\u044e\u0442 \u0435\u0435 \u0438\u0434\u0435\u0430\u043b\u044c\u043d\u044b\u0439 \u043e\u0431\u0440\u0430\u0437. \u041e\u0447\u0435\u043d\u044c \u043b\u0435\u0433\u043a\u043e \u043f\u043e\u0433\u0440\u0443\u0437\u0438\u0442\u044c\u0441\u044f \u0432 \u0432\u043e\u043b\u0448\u0435\u0431\u043d\u044b\u0439 \u043c\u0438\u0440 \u0414\u0440\u0438\u043c\u0442\u043e\u043f\u0438\u0438, \u0438\u0433\u0440\u0430\u044f \u0441 \u0441\u0435\u0441\u0442\u0440\u0430\u043c\u0438 \u0411\u0430\u0440\u0431\u0438 \u0438 \u0427\u0435\u043b\u0441\u0438, \u0432\u0435\u0434\u044c \u043e\u043d\u0438 \u043f\u0435\u0440\u0435\u043d\u043e\u0441\u044f\u0442 \u0442\u0435\u0431\u044f \u0432 \u043c\u0438\u0440, \u0433\u0434\u0435 [&hellip;]<\/p>\n","protected":false},"featured_media":43104,"comment_status":"open","ping_status":"closed","template":"","meta":{"_acf_changed":false},"product_brand":[],"product_cat":[6697],"product_tag":[],"class_list":{"0":"post-43115","1":"product","2":"type-product","3":"status-publish","4":"has-post-thumbnail","6":"product_cat-ru_ru-kukly-trim-ro_ro-p-pu","8":"first","9":"instock","10":"shipping-taxable","11":"purchasable","12":"product-type-simple"},"acf":[],"_links":{"self":[{"href":"https:\/\/minimax.md\/ru\/wp-json\/wp\/v2\/product\/43115","targetHints":{"allow":["GET"]}}],"collection":[{"href":"https:\/\/minimax.md\/ru\/wp-json\/wp\/v2\/product"}],"about":[{"href":"https:\/\/minimax.md\/ru\/wp-json\/wp\/v2\/types\/product"}],"replies":[{"embeddable":true,"href":"https:\/\/minimax.md\/ru\/wp-json\/wp\/v2\/comments?post=43115"}],"version-history":[{"count":0,"href":"https:\/\/minimax.md\/ru\/wp-json\/wp\/v2\/product\/43115\/revisions"}],"wp:featuredmedia":[{"embeddable":true,"href":"https:\/\/minimax.md\/ru\/wp-json\/wp\/v2\/media\/43104"}],"wp:attachment":[{"href":"https:\/\/minimax.md\/ru\/wp-json\/wp\/v2\/media?parent=43115"}],"wp:term":[{"taxonomy":"product_brand","embeddable":true,"href":"https:\/\/minimax.md\/ru\/wp-json\/wp\/v2\/product_brand?post=43115"},{"taxonomy":"product_cat","embeddable":true,"href":"https:\/\/minimax.md\/ru\/wp-json\/wp\/v2\/product_cat?post=43115"},{"taxonomy":"product_tag","embeddable":true,"href":"https:\/\/minimax.md\/ru\/wp-json\/wp\/v2\/product_tag?post=43115"}],"curies":[{"name":"wp","href":"https:\/\/api.w.org\/{rel}","templated":true}]}}