{"id":43745,"date":"2024-01-09T19:41:18","date_gmt":"2024-01-09T16:41:18","guid":{"rendered":"https:\/\/minimax.md\/product\/43745.html"},"modified":"2024-01-15T19:37:44","modified_gmt":"2024-01-15T16:37:44","slug":"ru_ru-skladnoj-kovrik-dlja-pilatesa-3-mm-60-170-sm-v-sumke-trim-ro_ro-covora-pilates-pliabil-3-mm-60-170-cm-n-geant","status":"publish","type":"product","link":"https:\/\/minimax.md\/ru\/product\/43745.html","title":{"rendered":"\u0421\u043a\u043b\u0430\u0434\u043d\u043e\u0439 \u043a\u043e\u0432\u0440\u0438\u043a \u0434\u043b\u044f \u043f\u0438\u043b\u0430\u0442\u0435\u0441\u0430 3 \u043c\u043c. 60*170 \u0441\u043c, \u0432 \u0441\u0443\u043c\u043a\u0435"},"content":{"rendered":"<p>[:ru_RU]\u0421\u043a\u043b\u0430\u0434\u043d\u043e\u0439 \u043a\u043e\u0432\u0440\u0438\u043a \u0438\u0437 \u044f\u0447\u0435\u0438\u0441\u0442\u043e\u0433\u043e \u043c\u0430\u0442\u0435\u0440\u0438\u0430\u043b\u0430 \u0441\u0438\u0440\u0435\u043d\u0435\u0432\u043e\u0433\u043e \u0446\u0432\u0435\u0442\u0430 \u043d\u0435 \u0437\u0430\u043d\u0438\u043c\u0430\u0435\u0442 \u043c\u0435\u0441\u0442\u043e \u043f\u0440\u0438 \u0445\u0440\u0430\u043d\u0435\u043d\u0438\u0438, \u043b\u0435\u0433\u043a\u043e \u0443\u043c\u0435\u0449\u0430\u0435\u0442\u0441\u044f \u0432 \u0441\u0443\u043c\u043a\u0435.<\/p>\n<p>\u0420\u0430\u0437\u043c\u0435\u0440 \u0432 \u0441\u043b\u043e\u0436\u0435\u043d\u043d\u043e\u043c \u0432\u0438\u0434\u0435: 31 \u0445 25 \u0445 7 \u0441\u043c.<\/p>\n<p>\u041f\u0440\u0435\u0434\u043d\u0430\u0437\u043d\u0430\u0447\u0435\u043d \u0434\u043b\u044f \u043d\u0430\u0447\u0430\u043b\u044c\u043d\u044b\u0445 \u0437\u0430\u043d\u044f\u0442\u0438\u0439 \u0439\u043e\u0433\u043e\u0439.<\/p>\n<p>\u041e\u0441\u043d\u043e\u0432\u043d\u043e\u0439 \u043e\u0441\u043e\u0431\u0435\u043d\u043d\u043e\u0441\u0442\u044c\u044e \u0441\u043a\u043b\u0430\u0434\u043d\u043e\u0433\u043e \u043a\u043e\u0432\u0440\u0438\u043a\u0430 \u0434\u043b\u044f \u0439\u043e\u0433\u0438 \u044f\u0432\u043b\u044f\u044e\u0442\u0441\u044f \u043d\u0430\u043f\u0435\u0447\u0430\u0442\u0430\u043d\u043d\u044b\u0435 \u043f\u0438\u043a\u0442\u043e\u0433\u0440\u0430\u043c\u043c\u044b \u0441 \u0443\u043f\u0440\u0430\u0436\u043d\u0435\u043d\u0438\u044f\u043c\u0438 \u0434\u043b\u044f \u043f\u043e\u043c\u043e\u0449\u0438 \u0432 \u043e\u0441\u0432\u043e\u0435\u043d\u0438\u0438 \u0439\u043e\u0433\u0438.[trim][:ro_RO]Covora\u0219ul pliabil din material tip fagure, culoare liliac nu ocup\u0103 spa\u021biu \u00een timpul depozit\u0103rii, se potrive\u0219te u\u0219or \u00eentr-o geant\u0103.<\/p>\n<p>Dimensiune pliat\u0103: 31 x 25 x 7 cm.<\/p>\n<p>Conceput pentru cursurile de yoga pentru \u00eencep\u0103tori.<\/p>\n<p>Caracteristica principal\u0103 a covora\u0219ului de yoga pliabil sunt pictogramele imprimate cu exerci\u021bii pentru a v\u0103 ajuta s\u0103 \u00eenv\u0103\u021ba\u021bi yoga.<\/p>\n","protected":false},"excerpt":{"rendered":"<p>[:ru_RU]\u0421\u043a\u043b\u0430\u0434\u043d\u043e\u0439 \u043a\u043e\u0432\u0440\u0438\u043a \u0438\u0437 \u044f\u0447\u0435\u0438\u0441\u0442\u043e\u0433\u043e \u043c\u0430\u0442\u0435\u0440\u0438\u0430\u043b\u0430 \u0441\u0438\u0440\u0435\u043d\u0435\u0432\u043e\u0433\u043e \u0446\u0432\u0435\u0442\u0430 \u043d\u0435 \u0437\u0430\u043d\u0438\u043c\u0430\u0435\u0442 \u043c\u0435\u0441\u0442\u043e \u043f\u0440\u0438 \u0445\u0440\u0430\u043d\u0435\u043d\u0438\u0438, \u043b\u0435\u0433\u043a\u043e \u0443\u043c\u0435\u0449\u0430\u0435\u0442\u0441\u044f \u0432 \u0441\u0443\u043c\u043a\u0435. \u0420\u0430\u0437\u043c\u0435\u0440 \u0432 \u0441\u043b\u043e\u0436\u0435\u043d\u043d\u043e\u043c \u0432\u0438\u0434\u0435: 31 \u0445 25 \u0445 7 \u0441\u043c. \u041f\u0440\u0435\u0434\u043d\u0430\u0437\u043d\u0430\u0447\u0435\u043d \u0434\u043b\u044f \u043d\u0430\u0447\u0430\u043b\u044c\u043d\u044b\u0445 \u0437\u0430\u043d\u044f\u0442\u0438\u0439 \u0439\u043e\u0433\u043e\u0439. \u041e\u0441\u043d\u043e\u0432\u043d\u043e\u0439 \u043e\u0441\u043e\u0431\u0435\u043d\u043d\u043e\u0441\u0442\u044c\u044e \u0441\u043a\u043b\u0430\u0434\u043d\u043e\u0433\u043e \u043a\u043e\u0432\u0440\u0438\u043a\u0430 \u0434\u043b\u044f \u0439\u043e\u0433\u0438 \u044f\u0432\u043b\u044f\u044e\u0442\u0441\u044f \u043d\u0430\u043f\u0435\u0447\u0430\u0442\u0430\u043d\u043d\u044b\u0435 \u043f\u0438\u043a\u0442\u043e\u0433\u0440\u0430\u043c\u043c\u044b \u0441 \u0443\u043f\u0440\u0430\u0436\u043d\u0435\u043d\u0438\u044f\u043c\u0438 \u0434\u043b\u044f \u043f\u043e\u043c\u043e\u0449\u0438 \u0432 \u043e\u0441\u0432\u043e\u0435\u043d\u0438\u0438 \u0439\u043e\u0433\u0438.[trim][:ro_RO]Covora\u0219ul pliabil din material tip fagure, culoare liliac nu [&hellip;]<\/p>\n","protected":false},"featured_media":43739,"comment_status":"open","ping_status":"closed","template":"","meta":{"_acf_changed":false},"product_brand":[],"product_cat":[6701],"product_tag":[],"class_list":{"0":"post-43745","1":"product","2":"type-product","3":"status-publish","4":"has-post-thumbnail","6":"product_cat-ru_ru-sportivnyj-inventar-t","8":"first","9":"outofstock","10":"shipping-taxable","11":"purchasable","12":"product-type-simple"},"acf":[],"_links":{"self":[{"href":"https:\/\/minimax.md\/ru\/wp-json\/wp\/v2\/product\/43745","targetHints":{"allow":["GET"]}}],"collection":[{"href":"https:\/\/minimax.md\/ru\/wp-json\/wp\/v2\/product"}],"about":[{"href":"https:\/\/minimax.md\/ru\/wp-json\/wp\/v2\/types\/product"}],"replies":[{"embeddable":true,"href":"https:\/\/minimax.md\/ru\/wp-json\/wp\/v2\/comments?post=43745"}],"version-history":[{"count":0,"href":"https:\/\/minimax.md\/ru\/wp-json\/wp\/v2\/product\/43745\/revisions"}],"wp:featuredmedia":[{"embeddable":true,"href":"https:\/\/minimax.md\/ru\/wp-json\/wp\/v2\/media\/43739"}],"wp:attachment":[{"href":"https:\/\/minimax.md\/ru\/wp-json\/wp\/v2\/media?parent=43745"}],"wp:term":[{"taxonomy":"product_brand","embeddable":true,"href":"https:\/\/minimax.md\/ru\/wp-json\/wp\/v2\/product_brand?post=43745"},{"taxonomy":"product_cat","embeddable":true,"href":"https:\/\/minimax.md\/ru\/wp-json\/wp\/v2\/product_cat?post=43745"},{"taxonomy":"product_tag","embeddable":true,"href":"https:\/\/minimax.md\/ru\/wp-json\/wp\/v2\/product_tag?post=43745"}],"curies":[{"name":"wp","href":"https:\/\/api.w.org\/{rel}","templated":true}]}}