{"id":43760,"date":"2024-01-09T23:09:34","date_gmt":"2024-01-09T20:09:34","guid":{"rendered":"https:\/\/minimax.md\/product\/43760.html"},"modified":"2024-02-09T09:03:59","modified_gmt":"2024-02-09T06:03:59","slug":"ru_ru-kistevoj-jespander-trim-ro_ro-expander-de-m-n","status":"publish","type":"product","link":"https:\/\/minimax.md\/ru\/product\/43760.html","title":{"rendered":"\u041a\u0438\u0441\u0442\u0435\u0432\u043e\u0439 \u044d\u0441\u043f\u0430\u043d\u0434\u0435\u0440"},"content":{"rendered":"<p>[:ru_RU]\u041a\u0438\u0441\u0442\u0435\u0432\u043e\u0439 \u044d\u0441\u043f\u0430\u043d\u0434\u0435\u0440 \u0441\u0438\u043d\u0435\u0433\u043e \u0446\u0432\u0435\u0442\u0430 \u043f\u043e\u043c\u043e\u0436\u0435\u0442 \u043f\u043e\u0434\u043a\u0430\u0447\u0430\u0442\u044c \u043a\u0438\u0441\u0442\u0435\u0432\u044b\u0435 \u043c\u044b\u0448\u0446\u044b.<\/p>\n<p>\u041c\u043e\u0436\u043d\u043e \u043f\u0440\u0438\u0431\u0430\u0432\u043b\u044f\u0442\u044c \u043a\u0430\u0436\u0434\u044b\u0439 \u0434\u0435\u043d\u044c \u043a\u043e\u043b\u0438\u0447\u0435\u0441\u0442\u0432\u043e \u0441\u0436\u0438\u043c\u0430\u043d\u0438\u0439, \u0441\u0442\u0430\u0432\u044f \u0441\u043e\u0431\u0441\u0442\u0432\u0435\u043d\u043d\u044b\u0435 \u0440\u0435\u043a\u043e\u0440\u0434\u044b.[trim][:ro_RO]<strong>Un expansor de m\u00e2n\u0103,<\/strong> de culoare albastr\u0103 v\u0103 va ajuta s\u0103 v\u0103 antrena\u021bi mu\u0219chii m\u00e2inii.<\/p>\n<p>Pute\u021bi cre\u0219te num\u0103rul de exerci\u021bii \u00een fiecare zi, stabilindu-v\u0103 propriile recorduri.<\/p>\n","protected":false},"excerpt":{"rendered":"<p>[:ru_RU]\u041a\u0438\u0441\u0442\u0435\u0432\u043e\u0439 \u044d\u0441\u043f\u0430\u043d\u0434\u0435\u0440 \u0441\u0438\u043d\u0435\u0433\u043e \u0446\u0432\u0435\u0442\u0430 \u043f\u043e\u043c\u043e\u0436\u0435\u0442 \u043f\u043e\u0434\u043a\u0430\u0447\u0430\u0442\u044c \u043a\u0438\u0441\u0442\u0435\u0432\u044b\u0435 \u043c\u044b\u0448\u0446\u044b. \u041c\u043e\u0436\u043d\u043e \u043f\u0440\u0438\u0431\u0430\u0432\u043b\u044f\u0442\u044c \u043a\u0430\u0436\u0434\u044b\u0439 \u0434\u0435\u043d\u044c \u043a\u043e\u043b\u0438\u0447\u0435\u0441\u0442\u0432\u043e \u0441\u0436\u0438\u043c\u0430\u043d\u0438\u0439, \u0441\u0442\u0430\u0432\u044f \u0441\u043e\u0431\u0441\u0442\u0432\u0435\u043d\u043d\u044b\u0435 \u0440\u0435\u043a\u043e\u0440\u0434\u044b.[trim][:ro_RO]Un expansor de m\u00e2n\u0103, de culoare albastr\u0103 v\u0103 va ajuta s\u0103 v\u0103 antrena\u021bi mu\u0219chii m\u00e2inii. Pute\u021bi cre\u0219te num\u0103rul de exerci\u021bii \u00een fiecare zi, stabilindu-v\u0103 propriile recorduri.<\/p>\n","protected":false},"featured_media":43758,"comment_status":"open","ping_status":"closed","template":"","meta":{"_acf_changed":false},"product_brand":[],"product_cat":[6701],"product_tag":[],"class_list":{"0":"post-43760","1":"product","2":"type-product","3":"status-publish","4":"has-post-thumbnail","6":"product_cat-ru_ru-sportivnyj-inventar-t","8":"first","9":"instock","10":"shipping-taxable","11":"purchasable","12":"product-type-simple"},"acf":[],"_links":{"self":[{"href":"https:\/\/minimax.md\/ru\/wp-json\/wp\/v2\/product\/43760","targetHints":{"allow":["GET"]}}],"collection":[{"href":"https:\/\/minimax.md\/ru\/wp-json\/wp\/v2\/product"}],"about":[{"href":"https:\/\/minimax.md\/ru\/wp-json\/wp\/v2\/types\/product"}],"replies":[{"embeddable":true,"href":"https:\/\/minimax.md\/ru\/wp-json\/wp\/v2\/comments?post=43760"}],"version-history":[{"count":0,"href":"https:\/\/minimax.md\/ru\/wp-json\/wp\/v2\/product\/43760\/revisions"}],"wp:featuredmedia":[{"embeddable":true,"href":"https:\/\/minimax.md\/ru\/wp-json\/wp\/v2\/media\/43758"}],"wp:attachment":[{"href":"https:\/\/minimax.md\/ru\/wp-json\/wp\/v2\/media?parent=43760"}],"wp:term":[{"taxonomy":"product_brand","embeddable":true,"href":"https:\/\/minimax.md\/ru\/wp-json\/wp\/v2\/product_brand?post=43760"},{"taxonomy":"product_cat","embeddable":true,"href":"https:\/\/minimax.md\/ru\/wp-json\/wp\/v2\/product_cat?post=43760"},{"taxonomy":"product_tag","embeddable":true,"href":"https:\/\/minimax.md\/ru\/wp-json\/wp\/v2\/product_tag?post=43760"}],"curies":[{"name":"wp","href":"https:\/\/api.w.org\/{rel}","templated":true}]}}