{"id":43795,"date":"2024-01-11T17:10:11","date_gmt":"2024-01-11T14:10:11","guid":{"rendered":"https:\/\/minimax.md\/product\/43795.html"},"modified":"2024-02-21T09:03:26","modified_gmt":"2024-02-21T06:03:26","slug":"ru_ru-1-50-inercionnyj-trejler-svet-zvuk-trim-ro_ro-1-50-camion-tir-cu-fric-iune-lumini-sunete","status":"publish","type":"product","link":"https:\/\/minimax.md\/ru\/product\/43795.html","title":{"rendered":"1:50 \u0418\u043d\u0435\u0440\u0446\u0438\u043e\u043d\u043d\u044b\u0439 \u0422\u0440\u0435\u0439\u043b\u0435\u0440 (\u0441\u0432\u0435\u0442 \/ \u0437\u0432\u0443\u043a)"},"content":{"rendered":"<p>[:ru_RU]\u0418\u043d\u0435\u0440\u0446\u0438\u043e\u043d\u043d\u044b\u0439 \u0422\u0440\u0435\u0439\u043b\u0435\u0440 \u043d\u0430 \u0431\u0430\u0442\u0430\u0440\u0435\u0439\u043a\u0430\u0445, \u0432 \u043a\u043e\u0440\u043e\u0431\u043a\u0435 1:50.<br \/>\n\u2022 \u041c\u0430\u0441\u0448\u0442\u0430\u0431: 1:50.<br \/>\n\u2022 \u0424\u0443\u043d\u043a\u0446\u0438\u0438 \u043c\u0430\u0448\u0438\u043d\u044b:<\/p>\n<p>\u2014 \u0438\u043d\u0435\u0440\u0446\u0438\u043e\u043d\u043d\u044b\u0439 \u043c\u0435\u0445\u0430\u043d\u0438\u0437\u043c,<br \/>\n\u2014 \u0437\u0432\u0443\u043a \u0437\u0430\u0436\u0438\u0433\u0430\u043d\u0438\u044f \u0438 \u0440\u0430\u0431\u043e\u0442\u044b \u043c\u043e\u0442\u043e\u0440\u0430,<br \/>\n\u2014 \u043c\u0435\u0440\u0446\u0430\u044e\u0449\u0430\u044f \u043f\u043e\u0434\u0441\u0432\u0435\u0442\u043a\u0430 \u043a\u0430\u0431\u0438\u043d\u044b,<br \/>\n\u2014 \u041e\u0442\u043a\u0440\u044b\u0432\u0430\u0435\u0442\u0441\u044f \u0434\u0432\u0435\u0440\u044c \u043f\u0440\u0438\u0446\u0435\u043f\u0430,<br \/>\n\u2014 \u041e\u0442\u0441\u0442\u0451\u0433\u0438\u0432\u0430\u044e\u0449\u0438\u0439\u0441\u044f \u043f\u0440\u0438\u0446\u0435\u043f.<\/p>\n<p>\u2022 \u0421\u0432\u0435\u0442 \u0438 \u0437\u0432\u0443\u043a \u0440\u0430\u0431\u043e\u0442\u0430\u044e\u0442 \u043e\u0442 3-\u0445 \u0431\u0430\u0442\u0430\u0440\u0435\u0435\u043a \u00abAG13\u00bb (\u0432\u0445\u043e\u0434\u044f\u0442 \u0432 \u043a\u043e\u043c\u043f\u043b\u0435\u043a\u0442 \u0434\u043b\u044f \u0434\u0435\u043c\u043e\u043d\u0441\u0442\u0440\u0430\u0446\u0438\u0438).<br \/>\n\u2022 \u041c\u0430\u0442\u0435\u0440\u0438\u0430\u043b: \u043f\u043b\u0430\u0441\u0442\u0438\u043a, \u0440\u0435\u0437\u0438\u043d\u0430.<br \/>\n\u2022 \u0421\u043e\u043e\u0442\u0432\u0435\u0442\u0441\u0442\u0432\u0443\u0435\u0442 \u0442\u0440\u0435\u0431\u043e\u0432\u0430\u043d\u0438\u044f\u043c \u0431\u0435\u0437\u043e\u043f\u0430\u0441\u043d\u043e\u0441\u0442\u0438 \u043f\u0440\u043e\u0434\u0443\u043a\u0446\u0438\u0438.<br \/>\n\u2022 \u0414\u043b\u044f \u0434\u0435\u0442\u0435\u0439 \u043e\u0442 3-\u0445 \u043b\u0435\u0442.[trim][:ro_RO]Copilul dumneavoastr\u0103 poate s\u0103 se joace \u00een siguran\u021b\u0103, pun\u00e2nd imagina\u021bia \u00een lucru \u0219i s\u0103 fie un \u0219ofer al ma\u0219inu\u021bei camion utilitar pentru a desav\u00e2r\u0219i lucr\u0103rile de transport. Formele speciale \u0219i culorile vii \u00eencurajeaz\u0103 copilul s\u0103 exerseze \u0219i s\u0103 se joace, stimul\u00e2nd astfel dezvoltarea individual\u0103. Execu\u021bia robust\u0103 \u0219i culorile vibrante vor atrage cu siguran\u021b\u0103 aten\u021bia \u0219i curiozitatea oric\u0103rui copil.<\/p>\n<p>Ma\u0219ina camion TIR, cu sunete \u0219i lumini are urmatoarele caracteristici: emite sunete \u0219i lumini de aten\u021bionare, la fel ca o ma\u0219in\u0103 adevarat\u0103 din domeniul transportului m\u0103rfurilor. Sunetele specifice pot fi ac\u021bionate prin buton. Ro\u021bile sunt de cauciuc. Fabricat din material plastic de \u00eenalt\u0103 calitate. Ma\u0219ina este construit\u0103 la o scara de 1 la 50. Ma\u0219inu\u021ba este dotat\u0103 cu motor cu fric\u021biune, astfel, ea va fi \u00eempins\u0103 pu\u021bin \u0219i datorit\u0103 fric\u021biunii ea se va deplasa o mare distan\u021b\u0103 pe direc\u021bia \u00eenainte. Pentru a executa comenzile de transport necesare \u0219i un mod de joac\u0103 c\u00e2t mai realist, camionul \u0219i remorca se pot despar\u021bi. Cu a<\/p>\n","protected":false},"excerpt":{"rendered":"<p>[:ru_RU]\u0418\u043d\u0435\u0440\u0446\u0438\u043e\u043d\u043d\u044b\u0439 \u0422\u0440\u0435\u0439\u043b\u0435\u0440 \u043d\u0430 \u0431\u0430\u0442\u0430\u0440\u0435\u0439\u043a\u0430\u0445, \u0432 \u043a\u043e\u0440\u043e\u0431\u043a\u0435 1:50. \u2022 \u041c\u0430\u0441\u0448\u0442\u0430\u0431: 1:50. \u2022 \u0424\u0443\u043d\u043a\u0446\u0438\u0438 \u043c\u0430\u0448\u0438\u043d\u044b: \u2014 \u0438\u043d\u0435\u0440\u0446\u0438\u043e\u043d\u043d\u044b\u0439 \u043c\u0435\u0445\u0430\u043d\u0438\u0437\u043c, \u2014 \u0437\u0432\u0443\u043a \u0437\u0430\u0436\u0438\u0433\u0430\u043d\u0438\u044f \u0438 \u0440\u0430\u0431\u043e\u0442\u044b \u043c\u043e\u0442\u043e\u0440\u0430, \u2014 \u043c\u0435\u0440\u0446\u0430\u044e\u0449\u0430\u044f \u043f\u043e\u0434\u0441\u0432\u0435\u0442\u043a\u0430 \u043a\u0430\u0431\u0438\u043d\u044b, \u2014 \u041e\u0442\u043a\u0440\u044b\u0432\u0430\u0435\u0442\u0441\u044f \u0434\u0432\u0435\u0440\u044c \u043f\u0440\u0438\u0446\u0435\u043f\u0430, \u2014 \u041e\u0442\u0441\u0442\u0451\u0433\u0438\u0432\u0430\u044e\u0449\u0438\u0439\u0441\u044f \u043f\u0440\u0438\u0446\u0435\u043f. \u2022 \u0421\u0432\u0435\u0442 \u0438 \u0437\u0432\u0443\u043a \u0440\u0430\u0431\u043e\u0442\u0430\u044e\u0442 \u043e\u0442 3-\u0445 \u0431\u0430\u0442\u0430\u0440\u0435\u0435\u043a \u00abAG13\u00bb (\u0432\u0445\u043e\u0434\u044f\u0442 \u0432 \u043a\u043e\u043c\u043f\u043b\u0435\u043a\u0442 \u0434\u043b\u044f \u0434\u0435\u043c\u043e\u043d\u0441\u0442\u0440\u0430\u0446\u0438\u0438). \u2022 \u041c\u0430\u0442\u0435\u0440\u0438\u0430\u043b: \u043f\u043b\u0430\u0441\u0442\u0438\u043a, \u0440\u0435\u0437\u0438\u043d\u0430. \u2022 \u0421\u043e\u043e\u0442\u0432\u0435\u0442\u0441\u0442\u0432\u0443\u0435\u0442 \u0442\u0440\u0435\u0431\u043e\u0432\u0430\u043d\u0438\u044f\u043c \u0431\u0435\u0437\u043e\u043f\u0430\u0441\u043d\u043e\u0441\u0442\u0438 [&hellip;]<\/p>\n","protected":false},"featured_media":43794,"comment_status":"open","ping_status":"closed","template":"","meta":{"_acf_changed":false},"product_brand":[],"product_cat":[6726],"product_tag":[],"class_list":{"0":"post-43795","1":"product","2":"type-product","3":"status-publish","4":"has-post-thumbnail","6":"product_cat-ru_ru-mashinki-trim-ro_ro-m","8":"first","9":"instock","10":"shipping-taxable","11":"purchasable","12":"product-type-simple"},"acf":[],"_links":{"self":[{"href":"https:\/\/minimax.md\/ru\/wp-json\/wp\/v2\/product\/43795","targetHints":{"allow":["GET"]}}],"collection":[{"href":"https:\/\/minimax.md\/ru\/wp-json\/wp\/v2\/product"}],"about":[{"href":"https:\/\/minimax.md\/ru\/wp-json\/wp\/v2\/types\/product"}],"replies":[{"embeddable":true,"href":"https:\/\/minimax.md\/ru\/wp-json\/wp\/v2\/comments?post=43795"}],"version-history":[{"count":0,"href":"https:\/\/minimax.md\/ru\/wp-json\/wp\/v2\/product\/43795\/revisions"}],"wp:featuredmedia":[{"embeddable":true,"href":"https:\/\/minimax.md\/ru\/wp-json\/wp\/v2\/media\/43794"}],"wp:attachment":[{"href":"https:\/\/minimax.md\/ru\/wp-json\/wp\/v2\/media?parent=43795"}],"wp:term":[{"taxonomy":"product_brand","embeddable":true,"href":"https:\/\/minimax.md\/ru\/wp-json\/wp\/v2\/product_brand?post=43795"},{"taxonomy":"product_cat","embeddable":true,"href":"https:\/\/minimax.md\/ru\/wp-json\/wp\/v2\/product_cat?post=43795"},{"taxonomy":"product_tag","embeddable":true,"href":"https:\/\/minimax.md\/ru\/wp-json\/wp\/v2\/product_tag?post=43795"}],"curies":[{"name":"wp","href":"https:\/\/api.w.org\/{rel}","templated":true}]}}