{"id":43817,"date":"2024-01-11T17:10:14","date_gmt":"2024-01-11T14:10:14","guid":{"rendered":"https:\/\/minimax.md\/product\/43817.html"},"modified":"2024-03-13T00:31:38","modified_gmt":"2024-03-12T21:31:38","slug":"ru_ru-igrovoj-nabor-policejskogo-3-predmeta-trim-ro_ro-set-poli-ie-3-elemente","status":"publish","type":"product","link":"https:\/\/minimax.md\/ru\/product\/43817.html","title":{"rendered":"\u0418\u0433\u0440\u043e\u0432\u043e\u0439 \u043d\u0430\u0431\u043e\u0440 \u043f\u043e\u043b\u0438\u0446\u0435\u0439\u0441\u043a\u043e\u0433\u043e (3 \u043f\u0440\u0435\u0434\u043c\u0435\u0442\u0430)"},"content":{"rendered":"<p>[:ru_RU]\u0418\u0433\u0440\u043e\u0432\u043e\u0439 \u043d\u0430\u0431\u043e\u0440 \u043f\u043e\u043b\u0438\u0446\u0435\u0439\u0441\u043a\u043e\u0433\u043e \u043f\u043e\u0434\u0430\u0440\u0438\u0442 \u043c\u0430\u043b\u044c\u0447\u0438\u043a\u0443 \u0432\u043e\u0437\u043c\u043e\u0436\u043d\u043e\u0441\u0442\u044c \u0437\u0430\u0434\u0435\u0439\u0441\u0442\u0432\u043e\u0432\u0430\u0442\u044c \u0441\u0432\u043e\u0451 \u0432\u043e\u043e\u0431\u0440\u0430\u0436\u0435\u043d\u0438\u0435 \u0438 \u043f\u0440\u0438\u0434\u0443\u043c\u0430\u0442\u044c \u043c\u043d\u043e\u0436\u0435\u0441\u0442\u0432\u043e \u0441\u044e\u0436\u0435\u0442\u043e\u0432 \u0434\u043b\u044f \u0437\u0430\u0445\u0432\u0430\u0442\u044b\u0432\u0430\u044e\u0449\u0435\u0439 \u0438\u0433\u0440\u044b!<\/p>\n<p>\u0420\u0435\u0431\u0451\u043d\u043a\u0443 \u0431\u0443\u0434\u0435\u0442 \u0438\u043d\u0442\u0435\u0440\u0435\u0441\u043d\u043e \u0441 \u043d\u0438\u043c \u0438\u0433\u0440\u0430\u0442\u044c \u043a\u0430\u043a \u0441\u0430\u043c\u043e\u0441\u0442\u043e\u044f\u0442\u0435\u043b\u044c\u043d\u043e, \u0442\u0430\u043a \u0438 \u0432 \u043a\u043e\u043c\u043f\u0430\u043d\u0438\u0438 \u0441\u0432\u0435\u0440\u0441\u0442\u043d\u0438\u043a\u043e\u0432.<\/p>\n<p>\u0421\u0442\u0440\u0435\u043b\u044b \u043f\u043e\u043e\u0447\u0435\u0440\u0451\u0434\u043d\u043e \u0443\u0441\u0442\u0430\u043d\u0430\u0432\u043b\u0438\u0432\u0430\u044e\u0442\u0441\u044f \u0432 \u0434\u0443\u043b\u043e \u0438\u0433\u0440\u043e\u0432\u043e\u0433\u043e \u043e\u0440\u0443\u0436\u0438\u044f, \u0432\u044b\u0441\u0442\u0440\u0435\u043b \u043e\u0441\u0443\u0449\u0435\u0441\u0442\u0432\u043b\u044f\u0435\u0442\u0441\u044f \u043d\u0430\u0436\u0430\u0442\u0438\u0435\u043c \u043d\u0430 \u043a\u0443\u0440\u043e\u043a.<\/p>\n<p>\u0412 \u043a\u043e\u043c\u043f\u043b\u0435\u043a\u0442\u0435 \u2013 \u043f\u0438\u0441\u0442\u043e\u043b\u0435\u0442, \u0443\u0434\u043e\u0441\u0442\u043e\u0432\u0435\u0440\u0435\u043d\u0438\u0435, 3 \u0441\u0442\u0440\u0435\u043b\u044b \u0441 \u043f\u0440\u0438\u0441\u043e\u0441\u043a\u0430\u043c\u0438.[trim][:ro_RO]<strong>Setul de joac\u0103 \u00eei va oferi b\u0103iatului ocazia de a-\u0219i folosi imagina\u021bia \u0219i de a veni cu multe idei pentru un joc captivant!<\/strong><\/p>\n<p id=\"tw-target-text\" class=\"tw-data-text tw-text-large tw-ta\" dir=\"ltr\" data-placeholder=\"\u041f\u0435\u0440\u0435\u0432\u043e\u0434\"><span class=\"Y2IQFc\" lang=\"ro\">Copilul va fi interesat s\u0103 se joace cu el singur, c\u00e2t \u0219i \u00een compania prietenilor.<\/span><\/p>\n<p dir=\"ltr\" data-placeholder=\"\u041f\u0435\u0440\u0435\u0432\u043e\u0434\">S\u0103ge\u021bile sunt instalate alternativ \u00een \u021beava armei de joc.<\/p>\n<p dir=\"ltr\" data-placeholder=\"\u041f\u0435\u0440\u0435\u0432\u043e\u0434\"><strong>Include &#8211; arma, c\u0103tu\u0219e, <span class=\"Y2IQFc\" lang=\"ro\">insign\u0103 de poli\u021bist, <\/span><\/strong><strong><span class=\"Y2IQFc\" lang=\"ro\">certificat, 3 s\u0103ge\u021bi cu ventuze.<\/span><\/strong><\/p>\n","protected":false},"excerpt":{"rendered":"<p>[:ru_RU]\u0418\u0433\u0440\u043e\u0432\u043e\u0439 \u043d\u0430\u0431\u043e\u0440 \u043f\u043e\u043b\u0438\u0446\u0435\u0439\u0441\u043a\u043e\u0433\u043e \u043f\u043e\u0434\u0430\u0440\u0438\u0442 \u043c\u0430\u043b\u044c\u0447\u0438\u043a\u0443 \u0432\u043e\u0437\u043c\u043e\u0436\u043d\u043e\u0441\u0442\u044c \u0437\u0430\u0434\u0435\u0439\u0441\u0442\u0432\u043e\u0432\u0430\u0442\u044c \u0441\u0432\u043e\u0451 \u0432\u043e\u043e\u0431\u0440\u0430\u0436\u0435\u043d\u0438\u0435 \u0438 \u043f\u0440\u0438\u0434\u0443\u043c\u0430\u0442\u044c \u043c\u043d\u043e\u0436\u0435\u0441\u0442\u0432\u043e \u0441\u044e\u0436\u0435\u0442\u043e\u0432 \u0434\u043b\u044f \u0437\u0430\u0445\u0432\u0430\u0442\u044b\u0432\u0430\u044e\u0449\u0435\u0439 \u0438\u0433\u0440\u044b! \u0420\u0435\u0431\u0451\u043d\u043a\u0443 \u0431\u0443\u0434\u0435\u0442 \u0438\u043d\u0442\u0435\u0440\u0435\u0441\u043d\u043e \u0441 \u043d\u0438\u043c \u0438\u0433\u0440\u0430\u0442\u044c \u043a\u0430\u043a \u0441\u0430\u043c\u043e\u0441\u0442\u043e\u044f\u0442\u0435\u043b\u044c\u043d\u043e, \u0442\u0430\u043a \u0438 \u0432 \u043a\u043e\u043c\u043f\u0430\u043d\u0438\u0438 \u0441\u0432\u0435\u0440\u0441\u0442\u043d\u0438\u043a\u043e\u0432. \u0421\u0442\u0440\u0435\u043b\u044b \u043f\u043e\u043e\u0447\u0435\u0440\u0451\u0434\u043d\u043e \u0443\u0441\u0442\u0430\u043d\u0430\u0432\u043b\u0438\u0432\u0430\u044e\u0442\u0441\u044f \u0432 \u0434\u0443\u043b\u043e \u0438\u0433\u0440\u043e\u0432\u043e\u0433\u043e \u043e\u0440\u0443\u0436\u0438\u044f, \u0432\u044b\u0441\u0442\u0440\u0435\u043b \u043e\u0441\u0443\u0449\u0435\u0441\u0442\u0432\u043b\u044f\u0435\u0442\u0441\u044f \u043d\u0430\u0436\u0430\u0442\u0438\u0435\u043c \u043d\u0430 \u043a\u0443\u0440\u043e\u043a. \u0412 \u043a\u043e\u043c\u043f\u043b\u0435\u043a\u0442\u0435 \u2013 \u043f\u0438\u0441\u0442\u043e\u043b\u0435\u0442, \u0443\u0434\u043e\u0441\u0442\u043e\u0432\u0435\u0440\u0435\u043d\u0438\u0435, 3 \u0441\u0442\u0440\u0435\u043b\u044b \u0441 \u043f\u0440\u0438\u0441\u043e\u0441\u043a\u0430\u043c\u0438.[trim][:ro_RO]Setul de joac\u0103 \u00eei va oferi [&hellip;]<\/p>\n","protected":false},"featured_media":43816,"comment_status":"open","ping_status":"closed","template":"","meta":{"_acf_changed":false},"product_brand":[],"product_cat":[6718],"product_tag":[],"class_list":{"0":"post-43817","1":"product","2":"type-product","3":"status-publish","4":"has-post-thumbnail","6":"product_cat-ru_ru-igrushki-dlja-malchik","8":"first","9":"instock","10":"shipping-taxable","11":"purchasable","12":"product-type-simple"},"acf":[],"_links":{"self":[{"href":"https:\/\/minimax.md\/ru\/wp-json\/wp\/v2\/product\/43817","targetHints":{"allow":["GET"]}}],"collection":[{"href":"https:\/\/minimax.md\/ru\/wp-json\/wp\/v2\/product"}],"about":[{"href":"https:\/\/minimax.md\/ru\/wp-json\/wp\/v2\/types\/product"}],"replies":[{"embeddable":true,"href":"https:\/\/minimax.md\/ru\/wp-json\/wp\/v2\/comments?post=43817"}],"version-history":[{"count":0,"href":"https:\/\/minimax.md\/ru\/wp-json\/wp\/v2\/product\/43817\/revisions"}],"wp:featuredmedia":[{"embeddable":true,"href":"https:\/\/minimax.md\/ru\/wp-json\/wp\/v2\/media\/43816"}],"wp:attachment":[{"href":"https:\/\/minimax.md\/ru\/wp-json\/wp\/v2\/media?parent=43817"}],"wp:term":[{"taxonomy":"product_brand","embeddable":true,"href":"https:\/\/minimax.md\/ru\/wp-json\/wp\/v2\/product_brand?post=43817"},{"taxonomy":"product_cat","embeddable":true,"href":"https:\/\/minimax.md\/ru\/wp-json\/wp\/v2\/product_cat?post=43817"},{"taxonomy":"product_tag","embeddable":true,"href":"https:\/\/minimax.md\/ru\/wp-json\/wp\/v2\/product_tag?post=43817"}],"curies":[{"name":"wp","href":"https:\/\/api.w.org\/{rel}","templated":true}]}}