{"id":43830,"date":"2024-01-11T17:10:16","date_gmt":"2024-01-11T14:10:16","guid":{"rendered":"https:\/\/minimax.md\/product\/43830.html"},"modified":"2024-03-13T00:35:05","modified_gmt":"2024-03-12T21:35:05","slug":"ru_ru-hot-wheels-kollekcionnaja-mashinka-zvezdy-bulvara-v-assortimente-trim-ro_ro-hot-wheels-ma-ina-din-colec-ia-stele-bulevardului-asortiment","status":"publish","type":"product","link":"https:\/\/minimax.md\/ru\/product\/43830.html","title":{"rendered":"Hot Wheels \u041a\u043e\u043b\u043b\u0435\u043a\u0446\u0438\u043e\u043d\u043d\u0430\u044f \u043c\u0430\u0448\u0438\u043d\u043a\u0430 \"\u0417\u0432\u0435\u0437\u0434\u044b \u0431\u0443\u043b\u044c\u0432\u0430\u0440\u0430\" (\u0432 \u0430\u0441\u0441\u043e\u0440\u0442\u0438\u043c\u0435\u043d\u0442\u0435)"},"content":{"rendered":"<p>[:ru_RU]\u0414\u0435\u0442\u0438 \u0432 \u0432\u043e\u0437\u0440\u0430\u0441\u0442\u0435 \u043e\u0442 3 \u043b\u0435\u0442, \u0430 \u0442\u0430\u043a\u0436\u0435 \u044f\u0440\u044b\u0435 \u043a\u043e\u043b\u043b\u0435\u043a\u0446\u0438\u043e\u043d\u0435\u0440\u044b \u0431\u0443\u0434\u0443\u0442 \u0432 \u0432\u043e\u0441\u0442\u043e\u0440\u0433\u0435 \u043e\u0442 \u043a\u043e\u043b\u043b\u0435\u043a\u0446\u0438\u0438 \u043c\u0430\u0448\u0438\u043d, \u043a\u043e\u0442\u043e\u0440\u044b\u0435 \u0431\u0443\u0434\u0442\u043e \u043f\u0440\u0438\u0435\u0445\u0430\u043b\u0438 \u043a \u043d\u0430\u043c \u0438\u0437 \u043b\u044e\u0431\u0438\u043c\u044b\u0445 \u0444\u0438\u043b\u044c\u043c\u043e\u0432!<\/p>\n<p>\u041a\u0430\u0436\u0434\u0430\u044f \u043c\u0430\u0448\u0438\u043d\u043a\u0430 \u0432\u044b\u043f\u043e\u043b\u043d\u0435\u043d\u0430 \u0441 \u043f\u0440\u0438\u0441\u0443\u0449\u0438\u043c\u0438 \u0434\u043b\u044f \u0431\u0440\u0435\u043d\u0434\u0430  Hot Wheels  \u0440\u0435\u0430\u043b\u0438\u0441\u0442\u0438\u0447\u043d\u043e\u0441\u0442\u044c\u044e \u0438 \u0432\u043d\u0438\u043c\u0430\u043d\u0438\u0435\u043c \u043a \u0434\u0435\u0442\u0430\u043b\u044f\u043c, \u0447\u0442\u043e \u0432\u0434\u043e\u0445\u043d\u043e\u0432\u043b\u044f\u0435\u0442 \u043d\u0430 \u0432\u0435\u0441\u0435\u043b\u0443\u044e \u043f\u0440\u0438\u043a\u043b\u044e\u0447\u0435\u043d\u0447\u0435\u0441\u043a\u0443\u044e \u0438\u0433\u0440\u0443.<\/p>\n<p>\u0410\u0441\u0441\u043e\u0440\u0442\u0438\u043c\u0435\u043d\u0442 Hot Wheels Boulevard \u0432\u043a\u043b\u044e\u0447\u0430\u0435\u0442 \u043b\u044e\u0431\u0438\u043c\u044b\u0435 \u043a\u043e\u043b\u043b\u0435\u043a\u0446\u0438\u043e\u043d\u043d\u044b\u0435 \u043c\u043e\u0434\u0435\u043b\u0438 \u0432 \u043f\u0440\u0435\u0432\u043e\u0441\u0445\u043e\u0434\u043d\u043e\u043c \u0438\u0441\u043f\u043e\u043b\u043d\u0435\u043d\u0438\u0438, \u043a\u043e\u0442\u043e\u0440\u043e\u0435 \u0434\u0435\u043b\u0430\u0435\u0442 \u0438\u0445 \u043b\u0435\u0433\u0435\u043d\u0434\u0430\u0440\u043d\u044b\u043c\u0438. \u041a\u0430\u0436\u0434\u044b\u0439 \u043b\u0438\u0442\u043e\u0439 \u0430\u0432\u0442\u043e\u043c\u043e\u0431\u0438\u043b\u044c \u0432\u044b\u043f\u043e\u043b\u043d\u0435\u043d \u0432 \u043c\u0430\u0441\u0448\u0442\u0430\u0431\u0435 1:64 \u0438 \u0438\u043c\u0435\u0435\u0442 \u0446\u0435\u043b\u044c\u043d\u043e\u043c\u0435\u0442\u0430\u043b\u043b\u0438\u0447\u0435\u0441\u043a\u0438\u0439 \u043a\u043e\u0440\u043f\u0443\u0441 \u0441 \u043f\u043e\u0434\u043b\u0438\u043d\u043d\u044b\u043c\u0438 \u0448\u0438\u043d\u0430\u043c\u0438 Real Riders.<\/p>\n<p> \u041d\u0430 \u0432\u044b\u0431\u043e\u0440 \u043f\u0440\u0435\u0434\u043b\u0430\u0433\u0430\u044e\u0442\u0441\u044f \u0441\u043e\u0432\u0440\u0435\u043c\u0435\u043d\u043d\u044b\u0435 \u0438 \u0432\u0438\u043d\u0442\u0430\u0436\u043d\u044b\u0435 \u043e\u0442\u043b\u0438\u0432\u043a\u0438, \u043a\u0430\u0436\u0434\u0430\u044f \u043c\u043e\u0434\u0435\u043b\u044c \u0438\u043c\u0435\u0435\u0442 \u044d\u043a\u0441\u043a\u043b\u044e\u0437\u0438\u0432\u043d\u044b\u0439 \u0434\u0435\u043a\u043e\u0440 \u0438 \u043f\u043e\u0441\u0442\u0430\u0432\u043b\u044f\u0435\u0442\u0441\u044f \u0432 \u043f\u0440\u043e\u043d\u0443\u043c\u0435\u0440\u043e\u0432\u0430\u043d\u043d\u043e\u0439 \u0443\u043f\u0430\u043a\u043e\u0432\u043a\u0435. \u041d\u0430\u0441\u0442\u043e\u044f\u0449\u0438\u0435 \u043a\u043e\u043b\u043b\u0435\u043a\u0446\u0438\u043e\u043d\u0435\u0440\u044b \u0437\u0430\u0445\u043e\u0442\u044f\u0442 \u043f\u0440\u0438\u043e\u0431\u0440\u0435\u0441\u0442\u0438 \u0438\u0445 \u0432\u0441\u0435. \u041a\u0430\u0436\u0434\u044b\u0439 \u043f\u0440\u043e\u0434\u0430\u0435\u0442\u0441\u044f \u043e\u0442\u0434\u0435\u043b\u044c\u043d\u043e, \u0432 \u0437\u0430\u0432\u0438\u0441\u0438\u043c\u043e\u0441\u0442\u0438 \u043e\u0442 \u043d\u0430\u043b\u0438\u0447\u0438\u044f. \u0426\u0432\u0435\u0442\u0430 \u0438 \u0443\u043a\u0440\u0430\u0448\u0435\u043d\u0438\u044f \u043c\u043e\u0433\u0443\u0442 \u043e\u0442\u043b\u0438\u0447\u0430\u0442\u044c\u0441\u044f.[trim][:ro_RO]<\/p>\n<p id=\"tw-target-text\" class=\"tw-data-text tw-text-large tw-ta\" dir=\"ltr\" data-placeholder=\"\u041f\u0435\u0440\u0435\u0432\u043e\u0434\"><span class=\"Y2IQFc\" lang=\"ro\">Copiii cu v\u00e2rsta de la 3 ani , precum \u0219i colec\u021bionarii, vor fi \u00eenc\u00e2nta\u021bi de colec\u021bia de ma\u0219ini care pare a fi venit la noi din filmele preferate!<\/span><\/p>\n<p id=\"tw-target-text\" class=\"tw-data-text tw-text-large tw-ta\" dir=\"ltr\" data-placeholder=\"\u041f\u0435\u0440\u0435\u0432\u043e\u0434\"><span class=\"Y2IQFc\" lang=\"ro\">Fiecare ma\u0219in\u0103 este construit\u0103 cu realismul ce apar\u021bine m\u0103rcii <strong>Hot Wheels<\/strong> \u0219i aten\u021bia la detalii pentru a aduce inspira\u021bie jocului cu ma\u0219inu\u021be.<\/span><\/p>\n<p>Gama Hot Wheels Boulevard include modele de colec\u021bie \u00eendr\u0103gite \u00een performan\u021ba superlativ\u0103 care le face legendare. Fiecare ma\u0219in\u0103 turnat\u0103 sub presiune este la scar\u0103 1:64 \u0219i are o caroserie complet metalic\u0103 cu anvelope reale Real Riders.<\/p>\n<p><strong>Cu o gam\u0103 de modele moderne \u0219i vintage, fiecare model are un decor exclusivist \u0219i vine \u00eentr-o cutie numerotat\u0103. Colectionarii adevarati vor dori sa le cumpere pe toate. Fiecare se vin<\/p>\n","protected":false},"excerpt":{"rendered":"<p>[:ru_RU]\u0414\u0435\u0442\u0438 \u0432 \u0432\u043e\u0437\u0440\u0430\u0441\u0442\u0435 \u043e\u0442 3 \u043b\u0435\u0442, \u0430 \u0442\u0430\u043a\u0436\u0435 \u044f\u0440\u044b\u0435 \u043a\u043e\u043b\u043b\u0435\u043a\u0446\u0438\u043e\u043d\u0435\u0440\u044b \u0431\u0443\u0434\u0443\u0442 \u0432 \u0432\u043e\u0441\u0442\u043e\u0440\u0433\u0435 \u043e\u0442 \u043a\u043e\u043b\u043b\u0435\u043a\u0446\u0438\u0438 \u043c\u0430\u0448\u0438\u043d, \u043a\u043e\u0442\u043e\u0440\u044b\u0435 \u0431\u0443\u0434\u0442\u043e \u043f\u0440\u0438\u0435\u0445\u0430\u043b\u0438 \u043a \u043d\u0430\u043c \u0438\u0437 \u043b\u044e\u0431\u0438\u043c\u044b\u0445 \u0444\u0438\u043b\u044c\u043c\u043e\u0432! \u041a\u0430\u0436\u0434\u0430\u044f \u043c\u0430\u0448\u0438\u043d\u043a\u0430 \u0432\u044b\u043f\u043e\u043b\u043d\u0435\u043d\u0430 \u0441 \u043f\u0440\u0438\u0441\u0443\u0449\u0438\u043c\u0438 \u0434\u043b\u044f \u0431\u0440\u0435\u043d\u0434\u0430 Hot Wheels \u0440\u0435\u0430\u043b\u0438\u0441\u0442\u0438\u0447\u043d\u043e\u0441\u0442\u044c\u044e \u0438 \u0432\u043d\u0438\u043c\u0430\u043d\u0438\u0435\u043c \u043a \u0434\u0435\u0442\u0430\u043b\u044f\u043c, \u0447\u0442\u043e \u0432\u0434\u043e\u0445\u043d\u043e\u0432\u043b\u044f\u0435\u0442 \u043d\u0430 \u0432\u0435\u0441\u0435\u043b\u0443\u044e \u043f\u0440\u0438\u043a\u043b\u044e\u0447\u0435\u043d\u0447\u0435\u0441\u043a\u0443\u044e \u0438\u0433\u0440\u0443. \u0410\u0441\u0441\u043e\u0440\u0442\u0438\u043c\u0435\u043d\u0442 Hot Wheels Boulevard \u0432\u043a\u043b\u044e\u0447\u0430\u0435\u0442 \u043b\u044e\u0431\u0438\u043c\u044b\u0435 \u043a\u043e\u043b\u043b\u0435\u043a\u0446\u0438\u043e\u043d\u043d\u044b\u0435 \u043c\u043e\u0434\u0435\u043b\u0438 \u0432 \u043f\u0440\u0435\u0432\u043e\u0441\u0445\u043e\u0434\u043d\u043e\u043c \u0438\u0441\u043f\u043e\u043b\u043d\u0435\u043d\u0438\u0438, [&hellip;]<\/p>\n","protected":false},"featured_media":43818,"comment_status":"open","ping_status":"closed","template":"","meta":{"_acf_changed":false},"product_brand":[],"product_cat":[6726],"product_tag":[],"class_list":{"0":"post-43830","1":"product","2":"type-product","3":"status-publish","4":"has-post-thumbnail","6":"product_cat-ru_ru-mashinki-trim-ro_ro-m","8":"first","9":"instock","10":"shipping-taxable","11":"purchasable","12":"product-type-simple"},"acf":[],"_links":{"self":[{"href":"https:\/\/minimax.md\/ru\/wp-json\/wp\/v2\/product\/43830","targetHints":{"allow":["GET"]}}],"collection":[{"href":"https:\/\/minimax.md\/ru\/wp-json\/wp\/v2\/product"}],"about":[{"href":"https:\/\/minimax.md\/ru\/wp-json\/wp\/v2\/types\/product"}],"replies":[{"embeddable":true,"href":"https:\/\/minimax.md\/ru\/wp-json\/wp\/v2\/comments?post=43830"}],"version-history":[{"count":0,"href":"https:\/\/minimax.md\/ru\/wp-json\/wp\/v2\/product\/43830\/revisions"}],"wp:featuredmedia":[{"embeddable":true,"href":"https:\/\/minimax.md\/ru\/wp-json\/wp\/v2\/media\/43818"}],"wp:attachment":[{"href":"https:\/\/minimax.md\/ru\/wp-json\/wp\/v2\/media?parent=43830"}],"wp:term":[{"taxonomy":"product_brand","embeddable":true,"href":"https:\/\/minimax.md\/ru\/wp-json\/wp\/v2\/product_brand?post=43830"},{"taxonomy":"product_cat","embeddable":true,"href":"https:\/\/minimax.md\/ru\/wp-json\/wp\/v2\/product_cat?post=43830"},{"taxonomy":"product_tag","embeddable":true,"href":"https:\/\/minimax.md\/ru\/wp-json\/wp\/v2\/product_tag?post=43830"}],"curies":[{"name":"wp","href":"https:\/\/api.w.org\/{rel}","templated":true}]}}