{"id":43832,"date":"2024-01-11T17:10:16","date_gmt":"2024-01-11T14:10:16","guid":{"rendered":"https:\/\/minimax.md\/product\/43832.html"},"modified":"2024-03-13T01:03:52","modified_gmt":"2024-03-12T22:03:52","slug":"ru_ru-geksagonalnaja-gantel-1-10-kg-trim-ro_ro-ganter-hexagonal-1-10-kg","status":"publish","type":"product","link":"https:\/\/minimax.md\/ru\/product\/43832.html","title":{"rendered":"\u0413\u0435\u043a\u0441\u0430\u0433\u043e\u043d\u0430\u043b\u044c\u043d\u0430\u044f \u0433\u0430\u043d\u0442\u0435\u043b\u044c 1 * 10 \u043a\u0433"},"content":{"rendered":"<p>[:ru_RU]\u0413\u0430\u043d\u0442\u0435\u043b\u0438 \u043e\u0442\u043b\u0438\u0447\u043d\u043e \u043f\u043e\u0434\u0445\u043e\u0434\u044f\u0442 \u0434\u043b\u044f \u043c\u043d\u043e\u0433\u043e\u0444\u0443\u043d\u043a\u0446\u0438\u043e\u043d\u0430\u043b\u044c\u043d\u043e\u0439 \u0442\u0440\u0435\u043d\u0438\u0440\u043e\u0432\u043a\u0438 \u0432 \u0434\u043e\u043c\u0430\u0448\u043d\u0438\u0445 \u0443\u0441\u043b\u043e\u0432\u0438\u044f\u0445, \u043f\u043e\u0434\u043e\u0439\u0434\u0443\u0442 \u0438 \u043d\u043e\u0432\u0438\u0447\u043a\u0430\u043c, \u043a\u043e\u0442\u043e\u0440\u044b\u0435 \u0434\u0435\u043b\u0430\u044e\u0442 \u043f\u0435\u0440\u0432\u044b\u0435 \u0448\u0430\u0433\u0438 \u0432 \u043c\u0438\u0440\u0435 \u0444\u0438\u0442\u043d\u0435\u0441\u0430, \u0438 \u043e\u043f\u044b\u0442\u043d\u044b\u043c \u043a\u0443\u043b\u044c\u0442\u0443\u0440\u0438\u0441\u0442\u0430\u043c.<\/p>\n<p>\u0418\u0445 \u0438\u0441\u043f\u043e\u043b\u044c\u0437\u0443\u044e\u0442 \u0432\u043e \u0432\u0440\u0435\u043c\u044f \u043e\u0431\u0449\u0435\u0440\u0430\u0437\u0432\u0438\u0432\u0430\u044e\u0449\u0438\u0445 \u0443\u043f\u0440\u0430\u0436\u043d\u0435\u043d\u0438\u0439 \u0438 \u0440\u0435\u0430\u0431\u0438\u043b\u0438\u0442\u0430\u0446\u0438\u0438.\u00a0\u041f\u0440\u0435\u0434\u043d\u0430\u0437\u043d\u0430\u0447\u0435\u043d \u0434\u043b\u044f \u0443\u043a\u0440\u0435\u043f\u043b\u0435\u043d\u0438\u044f \u043c\u044b\u0448\u0446 \u0432\u0435\u0440\u0445\u043d\u0435\u0439 \u0447\u0430\u0441\u0442\u0438 \u0442\u0435\u043b\u0430.\u00a0\u042d\u0440\u0433\u043e\u043d\u043e\u043c\u0438\u0447\u043d\u0430\u044f \u0448\u0435\u0441\u0442\u0438\u0443\u0433\u043e\u043b\u044c\u043d\u0430\u044f \u0444\u043e\u0440\u043c\u0430 \u043f\u0440\u0435\u0434\u043e\u0442\u0432\u0440\u0430\u0449\u0430\u0435\u0442 \u043a\u0430\u0442\u0430\u043d\u0438\u0435 \u0433\u0430\u043d\u0442\u0435\u043b\u0435\u0439 \u043f\u043e \u0437\u0435\u043c\u043b\u0435. \u041e\u043d\u0438 \u0438\u0434\u0435\u0430\u043b\u044c\u043d\u043e \u043f\u043e\u0434\u0445\u043e\u0434\u044f\u0442 \u0434\u043b\u044f \u0444\u0438\u0442\u043d\u0435\u0441-\u0437\u0430\u043d\u044f\u0442\u0438\u0439 \u0438 \u0434\u043e\u043c\u0430\u0448\u043d\u0438\u0445 \u0442\u0440\u0435\u043d\u0430\u0436\u0435\u0440\u043d\u044b\u0445 \u0437\u0430\u043b\u043e\u0432.\u00a0\u0415\u0436\u0435\u0434\u043d\u0435\u0432\u043d\u044b\u0435 \u0437\u0430\u043d\u044f\u0442\u0438\u044f \u0441 \u0433\u0430\u043d\u0442\u0435\u043b\u044f\u043c\u0438 \u0443\u0441\u043a\u043e\u0440\u044f\u044e\u0442 \u0440\u043e\u0441\u0442 \u043c\u044b\u0448\u0435\u0447\u043d\u043e\u0439 \u043c\u0430\u0441\u0441\u044b.\u00a0\u0423\u0434\u043e\u0431\u043d\u0430\u044f \u0440\u0443\u0447\u043a\u0430, \u043f\u043e\u043a\u0440\u044b\u0442\u0430\u044f \u0441\u043b\u043e\u0435\u043c \u041f\u0412\u0425, \u043e\u0431\u0435\u0441\u043f\u0435\u0447\u0438\u0432\u0430\u0435\u0442 \u043a\u043e\u043c\u0444\u043e\u0440\u0442\u043d\u043e\u0435 \u0438\u0441\u043f\u043e\u043b\u044c\u0437\u043e\u0432\u0430\u043d\u0438\u0435.<\/p>\n<p>\u0418\u0434\u0435\u0430\u043b\u044c\u043d\u043e \u043f\u043e\u0434\u0445\u043e\u0434\u0438\u0442 \u0434\u043b\u044f \u0442\u0440\u0435\u043d\u0438\u0440\u043e\u0432\u043e\u043a \u043a\u0430\u043a \u043c\u0443\u0436\u0447\u0438\u043d\u0430\u043c, \u0442\u0430\u043a \u0438 \u0436\u0435\u043d\u0449\u0438\u043d\u0430\u043c.[trim][:ro_RO]<strong>Ganterele<\/strong> sunt grozave pentru antrenamentul acas\u0103; sunt potrivite at\u00e2t pentru \u00eencep\u0103torii care fac primii pa\u0219i \u00een lumea fitness-ului, c\u00e2t \u0219i pentru culturistii cu experien\u021b\u0103.<\/p>\n<p>Ele sunt utilizate \u00een timpul exerci\u021biilor generale de dezvoltare \u0219i reabilitare. Conceput pentru a \u00eent\u0103ri mu\u0219chii p\u0103r\u021bii superioare a corpului. Forma hexagonal\u0103 ergonomic\u0103 \u00eempiedic\u0103 ganterele s\u0103 se rostogoleasc\u0103. Sunt ideale pentru cursuri de fitness \u0219i s\u0103li de sport acas\u0103. Exerci\u021biile zilnice cu gantere accelereaz\u0103 cre\u0219terea masei musculare. M\u00e2nerul convenabil acoperit cu un strat de PVC asigur\u0103 o utilizare confortabil\u0103.<\/p>\n<p>Ideal pentru antrenament at\u00e2t pentru b\u0103rba\u021bi, c\u00e2t \u0219i pentru femei.<\/p>\n","protected":false},"excerpt":{"rendered":"<p>[:ru_RU]\u0413\u0430\u043d\u0442\u0435\u043b\u0438 \u043e\u0442\u043b\u0438\u0447\u043d\u043e \u043f\u043e\u0434\u0445\u043e\u0434\u044f\u0442 \u0434\u043b\u044f \u043c\u043d\u043e\u0433\u043e\u0444\u0443\u043d\u043a\u0446\u0438\u043e\u043d\u0430\u043b\u044c\u043d\u043e\u0439 \u0442\u0440\u0435\u043d\u0438\u0440\u043e\u0432\u043a\u0438 \u0432 \u0434\u043e\u043c\u0430\u0448\u043d\u0438\u0445 \u0443\u0441\u043b\u043e\u0432\u0438\u044f\u0445, \u043f\u043e\u0434\u043e\u0439\u0434\u0443\u0442 \u0438 \u043d\u043e\u0432\u0438\u0447\u043a\u0430\u043c, \u043a\u043e\u0442\u043e\u0440\u044b\u0435 \u0434\u0435\u043b\u0430\u044e\u0442 \u043f\u0435\u0440\u0432\u044b\u0435 \u0448\u0430\u0433\u0438 \u0432 \u043c\u0438\u0440\u0435 \u0444\u0438\u0442\u043d\u0435\u0441\u0430, \u0438 \u043e\u043f\u044b\u0442\u043d\u044b\u043c \u043a\u0443\u043b\u044c\u0442\u0443\u0440\u0438\u0441\u0442\u0430\u043c. \u0418\u0445 \u0438\u0441\u043f\u043e\u043b\u044c\u0437\u0443\u044e\u0442 \u0432\u043e \u0432\u0440\u0435\u043c\u044f \u043e\u0431\u0449\u0435\u0440\u0430\u0437\u0432\u0438\u0432\u0430\u044e\u0449\u0438\u0445 \u0443\u043f\u0440\u0430\u0436\u043d\u0435\u043d\u0438\u0439 \u0438 \u0440\u0435\u0430\u0431\u0438\u043b\u0438\u0442\u0430\u0446\u0438\u0438.\u00a0\u041f\u0440\u0435\u0434\u043d\u0430\u0437\u043d\u0430\u0447\u0435\u043d \u0434\u043b\u044f \u0443\u043a\u0440\u0435\u043f\u043b\u0435\u043d\u0438\u044f \u043c\u044b\u0448\u0446 \u0432\u0435\u0440\u0445\u043d\u0435\u0439 \u0447\u0430\u0441\u0442\u0438 \u0442\u0435\u043b\u0430.\u00a0\u042d\u0440\u0433\u043e\u043d\u043e\u043c\u0438\u0447\u043d\u0430\u044f \u0448\u0435\u0441\u0442\u0438\u0443\u0433\u043e\u043b\u044c\u043d\u0430\u044f \u0444\u043e\u0440\u043c\u0430 \u043f\u0440\u0435\u0434\u043e\u0442\u0432\u0440\u0430\u0449\u0430\u0435\u0442 \u043a\u0430\u0442\u0430\u043d\u0438\u0435 \u0433\u0430\u043d\u0442\u0435\u043b\u0435\u0439 \u043f\u043e \u0437\u0435\u043c\u043b\u0435. \u041e\u043d\u0438 \u0438\u0434\u0435\u0430\u043b\u044c\u043d\u043e \u043f\u043e\u0434\u0445\u043e\u0434\u044f\u0442 \u0434\u043b\u044f \u0444\u0438\u0442\u043d\u0435\u0441-\u0437\u0430\u043d\u044f\u0442\u0438\u0439 \u0438 \u0434\u043e\u043c\u0430\u0448\u043d\u0438\u0445 \u0442\u0440\u0435\u043d\u0430\u0436\u0435\u0440\u043d\u044b\u0445 \u0437\u0430\u043b\u043e\u0432.\u00a0\u0415\u0436\u0435\u0434\u043d\u0435\u0432\u043d\u044b\u0435 \u0437\u0430\u043d\u044f\u0442\u0438\u044f \u0441 \u0433\u0430\u043d\u0442\u0435\u043b\u044f\u043c\u0438 [&hellip;]<\/p>\n","protected":false},"featured_media":43831,"comment_status":"open","ping_status":"closed","template":"","meta":{"_acf_changed":false},"product_brand":[],"product_cat":[6701],"product_tag":[],"class_list":{"0":"post-43832","1":"product","2":"type-product","3":"status-publish","4":"has-post-thumbnail","6":"product_cat-ru_ru-sportivnyj-inventar-t","8":"first","9":"instock","10":"shipping-taxable","11":"purchasable","12":"product-type-simple"},"acf":[],"_links":{"self":[{"href":"https:\/\/minimax.md\/ru\/wp-json\/wp\/v2\/product\/43832","targetHints":{"allow":["GET"]}}],"collection":[{"href":"https:\/\/minimax.md\/ru\/wp-json\/wp\/v2\/product"}],"about":[{"href":"https:\/\/minimax.md\/ru\/wp-json\/wp\/v2\/types\/product"}],"replies":[{"embeddable":true,"href":"https:\/\/minimax.md\/ru\/wp-json\/wp\/v2\/comments?post=43832"}],"version-history":[{"count":0,"href":"https:\/\/minimax.md\/ru\/wp-json\/wp\/v2\/product\/43832\/revisions"}],"wp:featuredmedia":[{"embeddable":true,"href":"https:\/\/minimax.md\/ru\/wp-json\/wp\/v2\/media\/43831"}],"wp:attachment":[{"href":"https:\/\/minimax.md\/ru\/wp-json\/wp\/v2\/media?parent=43832"}],"wp:term":[{"taxonomy":"product_brand","embeddable":true,"href":"https:\/\/minimax.md\/ru\/wp-json\/wp\/v2\/product_brand?post=43832"},{"taxonomy":"product_cat","embeddable":true,"href":"https:\/\/minimax.md\/ru\/wp-json\/wp\/v2\/product_cat?post=43832"},{"taxonomy":"product_tag","embeddable":true,"href":"https:\/\/minimax.md\/ru\/wp-json\/wp\/v2\/product_tag?post=43832"}],"curies":[{"name":"wp","href":"https:\/\/api.w.org\/{rel}","templated":true}]}}