{"id":43855,"date":"2024-01-11T17:10:18","date_gmt":"2024-01-11T14:10:18","guid":{"rendered":"https:\/\/minimax.md\/product\/43855.html"},"modified":"2024-03-13T00:17:05","modified_gmt":"2024-03-12T21:17:05","slug":"ru_ru-gorka-s-kacheljami-i-basketbolnym-kolcom-cute-trim-ro_ro-tobogan-cu-leag-n-i-co-de-baschet-cute","status":"publish","type":"product","link":"https:\/\/minimax.md\/ru\/product\/43855.html","title":{"rendered":"\u0413\u043e\u0440\u043a\u0430 \u0441 \u043a\u0430\u0447\u0435\u043b\u044f\u043c\u0438 \u0438 \u0431\u0430\u0441\u043a\u0435\u0442\u0431\u043e\u043b\u044c\u043d\u044b\u043c \u043a\u043e\u043b\u044c\u0446\u043e\u043c \"Cute\""},"content":{"rendered":"<p>[:ru_RU]\u0413\u043e\u0440\u043a\u0430 \u0441 \u043a\u0430\u0447\u0435\u043b\u044f\u043c\u0438 \u0438 \u0431\u0430\u0441\u043a\u0435\u0442\u0431\u043e\u043b\u044c\u043d\u044b\u043c \u043a\u043e\u043b\u044c\u0446\u043e\u043c Pilsan &#8220;Cute&#8221; (06141) &#8211; \u044d\u0442\u043e \u043f\u043e\u043b\u043d\u043e\u0446\u0435\u043d\u043d\u044b\u0439 \u0438\u0433\u0440\u043e\u0432\u043e\u0439 \u043a\u043e\u043c\u043f\u043b\u0435\u043a\u0441. \u041e\u043d \u043f\u0440\u0435\u0434\u043d\u0430\u0437\u043d\u0430\u0447\u0435\u043d \u0434\u043b\u044f \u0443\u0441\u0442\u0430\u043d\u043e\u0432\u043a\u0438 \u043d\u0430 \u0434\u0435\u0442\u0441\u043a\u0438\u0435 \u043f\u043b\u043e\u0449\u0430\u0434\u043a\u0438 \u043a\u0430\u043a \u043e\u0442\u043a\u0440\u044b\u0442\u043e\u0433\u043e, \u0442\u0430\u043a \u0438 \u0437\u0430\u043a\u0440\u044b\u0442\u043e\u0433\u043e \u0442\u0438\u043f\u0430. \u0420\u0435\u043a\u043e\u043c\u0435\u043d\u0434\u0443\u0435\u0442\u0441\u044f \u0434\u043b\u044f \u0434\u0435\u0442\u0435\u0439 \u043e\u0442 3 \u0434\u043e 10 \u043b\u0435\u0442, \u043f\u0440\u0438 \u044d\u0442\u043e\u043c \u043c\u0430\u043a\u0441\u0438\u043c\u0430\u043b\u044c\u043d\u044b\u0439 \u0432\u0435\u0441 \u0440\u0435\u0431\u0435\u043d\u043a\u0430 \u043c\u043e\u0436\u0435\u0442 \u0434\u043e\u0441\u0442\u0438\u0433\u0430\u0442\u044c 50 \u043a\u0433. \u0418\u0433\u0440\u043e\u0432\u043e\u0439 \u043a\u043e\u043c\u043f\u043b\u0435\u043a\u0441 \u0441\u043e\u0441\u0442\u043e\u0438\u0442 \u0438\u0437 \u043f\u0440\u043e\u0447\u043d\u043e\u0433\u043e \u043e\u0441\u043d\u043e\u0432\u0430\u043d\u0438\u044f \u043a\u043e\u0442\u043e\u0440\u043e\u0435 \u043c\u043e\u0436\u043d\u043e \u0437\u0430\u043f\u043e\u043b\u043d\u0438\u0442\u044c \u043f\u0435\u0441\u043a\u043e\u043c \u0434\u043b\u044f \u0431\u043e\u043b\u044c\u0448\u0435\u0439 \u0443\u0441\u0442\u043e\u0439\u0447\u0438\u0432\u043e\u0441\u0442\u0438, \u0442\u0440\u0435\u0445 \u0441\u0442\u043e\u0435\u043a, \u043b\u0435\u0441\u0442\u043d\u0438\u0446\u044b \u0441 \u0440\u0443\u0447\u043a\u0430\u043c\u0438, \u0441\u043a\u0430\u0442\u043e\u043c \u0433\u043e\u0440\u043a\u0438, \u043e\u0434\u0438\u043d\u043e\u0447\u043d\u043e\u0439 \u043a\u0430\u0447\u0435\u043b\u0438 \u043d\u0430 \u043f\u043e\u043f\u0435\u0440\u0435\u0447\u0438\u043d\u0435 \u0441 \u0433\u0438\u0431\u043a\u0438\u043c \u043f\u043e\u0434\u0432\u0435\u0441\u043e\u043c \u0438 \u0431\u0430\u0441\u043a\u0435\u0442\u0431\u043e\u043b\u044c\u043d\u043e\u0433\u043e \u043a\u043e\u043b\u044c\u0446\u0430 \u043d\u0430 \u043e\u0434\u043d\u043e\u0439 \u0438\u0445 \u0432\u043d\u0435\u0448\u043d\u0438\u0445 \u0441\u0442\u043e\u0435\u043a. \u041a\u0430\u0447\u0435\u043b\u0438 Big Swing (06130) \u0432\u0445\u043e\u0434\u044f\u0442 \u0432 \u043a\u043e\u043c\u043f\u043b\u0435\u043a\u0442, \u043d\u043e \u043e\u043d\u0438 \u043b\u0435\u0433\u043a\u043e \u0441\u043d\u0438\u043c\u0430\u044e\u0442\u0441\u044f \u0438 \u043c\u043e\u0436\u043d\u043e \u0443\u0441\u0442\u0430\u043d\u043e\u0432\u0438\u0442\u044c \u043b\u044e\u0431\u043e\u0439 \u0432\u0438\u0434 \u043a\u0430\u0447\u0435\u043b\u0438 \u0431\u0440\u0435\u043d\u0434\u0430 Pilsan. \u0412\u044b\u0441\u043e\u0442\u0430 \u043a\u043e\u043c\u043f\u043b\u0435\u043a\u0441\u0430 \u0432 \u0441\u043e\u0431\u0440\u0430\u043d\u043d\u043e\u043c \u0441\u043e\u0441\u0442\u043e\u044f\u043d\u0438\u0438 \u0434\u043e\u0441\u0442\u0438\u0433\u0430\u0435\u0442 1 \u043c 30 \u0441\u043c, \u0447\u0442\u043e \u043d\u0435 \u0442\u0440\u0435\u0431\u0443\u0435\u0442 \u043d\u0430\u043b\u0438\u0447\u0438\u044f \u0432\u044b\u0441\u043e\u043a\u0438\u0445 \u043f\u043e\u0442\u043e\u043b\u043a\u043e\u0432 \u0432 \u0441\u043b\u0443\u0447\u0430\u0435 \u0435\u0433\u043e \u0443\u0441\u0442\u0430\u043d\u043e\u0432\u043a\u0438 \u0432 \u0436\u0438\u043b\u043e\u043c \u043f\u043e\u043c\u0435\u0449\u0435\u043d\u0438\u0438. \u0428\u0438\u0440\u0438\u043d\u0430 \u0432 \u0441\u043e\u0431\u0440\u0430\u043d\u043d\u043e\u043c \u0441\u043e\u0441\u0442\u043e\u044f\u043d\u0438\u0438 \u0441\u043e\u0441\u0442\u0430\u0432\u043b\u044f\u0435\u0442 \u043f\u0440\u0438\u043c\u0435\u0440\u043d\u043e 2 \u043c\u0435\u0442\u0440\u0430.<\/p>\n<p> \t\u0420\u0435\u043a\u043e\u043c\u0435\u043d\u0434\u0443\u0435\u043c\u044b\u0439 \u0432\u043e\u0437\u0440\u0430\u0441\u0442: 3+<br \/>\n \t\u041c\u0430\u043a\u0441\u0438\u043c\u0430\u043b\u044c\u043d\u0430\u044f \u043d\u0430\u0433\u0440\u0443\u0437\u043a\u0430: 50 \u043a\u0433<br \/>\n \t\u041f\u0440\u043e\u0441\u0442\u0430\u044f \u0443\u0441\u0442\u0430\u043d\u043e\u0432\u043a\u0430<br \/>\n \t\u041f\u0440\u0435\u0434\u043d\u0430\u0437\u043d\u0430\u0447\u0435\u043d \u0434\u043b\u044f \u0438\u0441\u043f\u043e\u043b\u044c\u0437\u043e\u0432\u0430\u043d\u0438\u044f \u0432 \u043e\u0442\u043a\u0440\u044b\u0442\u044b\u0445 \u0438 \u0437\u0430\u043a\u0440\u044b\u0442\u044b\u0445 \u043f\u043e\u043c\u0435\u0449\u0435\u043d\u0438\u044f\u0445<br \/>\n \t\u041f\u0440\u043e\u0447\u043d\u044b\u0439 \u0438 \u043d\u0430\u0434\u0435\u0436\u043d\u044b\u0439<br \/>\n[trim][:ro_RO]Toboganul cu leag\u0103n \u0219i co\u0219 de baschet \u201dCute\u201d (06141) &#8211; reprezinta un complex de joaca des\u0103v\u00e2r\u015fit. Este destinat utiliz\u0103rii at\u00e2t \u00een spa\u021bii \u00eenchise c\u00e2t \u0219i \u00een spa\u021bii deschise. Este recomandat copiilor \u00eentre 3 \u0219i 10 ani, \u00een timp ce greutatea maxim\u0103 a copilului poate ajunge pana la 50 kg. Complexul de joc este format dintr-o baz\u0103 solid\u0103 care poate fi umplut\u0103 cu nisip pentru o stabilitate mai mare, trei suporturi, o scar\u0103 cu m\u00e2nere, o pant\u0103, un leag\u0103n cu suspensie flexibil\u0103 \u0219i un co\u0219 de baschet pe unul dintre suporturile exterioare. Leag\u0103nul Big Swing (06130) este inclus in set, dar este usor demontabil si poate fi instalat orice leag\u0103n marca Pilsan. \u00cen\u0103l\u021bimea complexului \u00een stare asamblat\u0103 atinge 1 m 30 cm, ceea ce nu necesit\u0103 tavane \u00eenalte dac\u0103 este instalat \u00eentr-un spatiu de locuit. L\u0103\u021bimea \u00een starea asamblat\u0103 este de aproximativ 2 metri.<\/p>\n<ul>\n<li>V\u00e2rsta recomandat\u0103: 3+ ani<\/li>\n<li>Greutatea maxim\u0103 admis\u0103: 50 kg<\/li>\n<li>Instalare u\u0219oar\u0103<\/li>\n<li>Durabil \u0219i fiabil<\/li>\n<li>Poate fi folosit in in<br \/>\n","protected":false},"excerpt":{"rendered":"<p>[:ru_RU]\u0413\u043e\u0440\u043a\u0430 \u0441 \u043a\u0430\u0447\u0435\u043b\u044f\u043c\u0438 \u0438 \u0431\u0430\u0441\u043a\u0435\u0442\u0431\u043e\u043b\u044c\u043d\u044b\u043c \u043a\u043e\u043b\u044c\u0446\u043e\u043c Pilsan &#8220;Cute&#8221; (06141) &#8211; \u044d\u0442\u043e \u043f\u043e\u043b\u043d\u043e\u0446\u0435\u043d\u043d\u044b\u0439 \u0438\u0433\u0440\u043e\u0432\u043e\u0439 \u043a\u043e\u043c\u043f\u043b\u0435\u043a\u0441. \u041e\u043d \u043f\u0440\u0435\u0434\u043d\u0430\u0437\u043d\u0430\u0447\u0435\u043d \u0434\u043b\u044f \u0443\u0441\u0442\u0430\u043d\u043e\u0432\u043a\u0438 \u043d\u0430 \u0434\u0435\u0442\u0441\u043a\u0438\u0435 \u043f\u043b\u043e\u0449\u0430\u0434\u043a\u0438 \u043a\u0430\u043a \u043e\u0442\u043a\u0440\u044b\u0442\u043e\u0433\u043e, \u0442\u0430\u043a \u0438 \u0437\u0430\u043a\u0440\u044b\u0442\u043e\u0433\u043e \u0442\u0438\u043f\u0430. \u0420\u0435\u043a\u043e\u043c\u0435\u043d\u0434\u0443\u0435\u0442\u0441\u044f \u0434\u043b\u044f \u0434\u0435\u0442\u0435\u0439 \u043e\u0442 3 \u0434\u043e 10 \u043b\u0435\u0442, \u043f\u0440\u0438 \u044d\u0442\u043e\u043c \u043c\u0430\u043a\u0441\u0438\u043c\u0430\u043b\u044c\u043d\u044b\u0439 \u0432\u0435\u0441 \u0440\u0435\u0431\u0435\u043d\u043a\u0430 \u043c\u043e\u0436\u0435\u0442 \u0434\u043e\u0441\u0442\u0438\u0433\u0430\u0442\u044c 50 \u043a\u0433. \u0418\u0433\u0440\u043e\u0432\u043e\u0439 \u043a\u043e\u043c\u043f\u043b\u0435\u043a\u0441 \u0441\u043e\u0441\u0442\u043e\u0438\u0442 \u0438\u0437 \u043f\u0440\u043e\u0447\u043d\u043e\u0433\u043e \u043e\u0441\u043d\u043e\u0432\u0430\u043d\u0438\u044f \u043a\u043e\u0442\u043e\u0440\u043e\u0435 \u043c\u043e\u0436\u043d\u043e \u0437\u0430\u043f\u043e\u043b\u043d\u0438\u0442\u044c \u043f\u0435\u0441\u043a\u043e\u043c \u0434\u043b\u044f [&hellip;]<\/p>\n","protected":false},"featured_media":43849,"comment_status":"open","ping_status":"closed","template":"","meta":{"_acf_changed":false},"product_brand":[],"product_cat":[6797],"product_tag":[],"class_list":{"0":"post-43855","1":"product","2":"type-product","3":"status-publish","4":"has-post-thumbnail","6":"product_cat-ru_ru-kacheli-i-kachalki-tr","8":"first","9":"instock","10":"shipping-taxable","11":"purchasable","12":"product-type-simple"},"acf":[],"_links":{"self":[{"href":"https:\/\/minimax.md\/ru\/wp-json\/wp\/v2\/product\/43855","targetHints":{"allow":["GET"]}}],"collection":[{"href":"https:\/\/minimax.md\/ru\/wp-json\/wp\/v2\/product"}],"about":[{"href":"https:\/\/minimax.md\/ru\/wp-json\/wp\/v2\/types\/product"}],"replies":[{"embeddable":true,"href":"https:\/\/minimax.md\/ru\/wp-json\/wp\/v2\/comments?post=43855"}],"version-history":[{"count":0,"href":"https:\/\/minimax.md\/ru\/wp-json\/wp\/v2\/product\/43855\/revisions"}],"wp:featuredmedia":[{"embeddable":true,"href":"https:\/\/minimax.md\/ru\/wp-json\/wp\/v2\/media\/43849"}],"wp:attachment":[{"href":"https:\/\/minimax.md\/ru\/wp-json\/wp\/v2\/media?parent=43855"}],"wp:term":[{"taxonomy":"product_brand","embeddable":true,"href":"https:\/\/minimax.md\/ru\/wp-json\/wp\/v2\/product_brand?post=43855"},{"taxonomy":"product_cat","embeddable":true,"href":"https:\/\/minimax.md\/ru\/wp-json\/wp\/v2\/product_cat?post=43855"},{"taxonomy":"product_tag","embeddable":true,"href":"https:\/\/minimax.md\/ru\/wp-json\/wp\/v2\/product_tag?post=43855"}],"curies":[{"name":"wp","href":"https:\/\/api.w.org\/{rel}","templated":true}]}}