{"id":43908,"date":"2024-01-11T17:10:23","date_gmt":"2024-01-11T14:10:23","guid":{"rendered":"https:\/\/minimax.md\/product\/43908.html"},"modified":"2024-02-09T09:04:31","modified_gmt":"2024-02-09T06:04:31","slug":"ru_ru-nastolnaja-igra-3v1-shahmaty-shashki-nardy-trim-ro_ro-joc-3-n-1-de-ah-table-i-dame","status":"publish","type":"product","link":"https:\/\/minimax.md\/ru\/product\/43908.html","title":{"rendered":"\u041d\u0430\u0441\u0442\u043e\u043b\u044c\u043d\u0430\u044f \u0438\u0433\u0440\u0430 3\u04321- \u0448\u0430\u0445\u043c\u0430\u0442\u044b, \u0448\u0430\u0448\u043a\u0438, \u043d\u0430\u0440\u0434\u044b"},"content":{"rendered":"<p>[:ru_RU]\u0415\u0441\u043b\u0438 \u0412\u044b \u0438\u0441\u043a\u0430\u043b\u0438 \u043f\u043e\u0434\u0445\u043e\u0434\u044f\u0449\u0435\u0435 \u0440\u0430\u0437\u0432\u043b\u0435\u0447\u0435\u043d\u0438\u0435 \u0434\u043b\u044f \u0440\u0435\u0431\u0435\u043d\u043a\u0430, \u043a\u043e\u0442\u043e\u0440\u043e\u0435 \u043f\u043e\u0441\u043f\u043e\u0441\u043e\u0431\u0441\u0442\u0432\u0443\u0435\u0442 \u0440\u0430\u0437\u0432\u0438\u0442\u0438\u044e \u0430\u043d\u0430\u043b\u0438\u0442\u0438\u0447\u0435\u0441\u043a\u0438\u0445 \u0441\u043f\u043e\u0441\u043e\u0431\u043d\u043e\u0441\u0442\u0435\u0439, \u043d\u0430\u0441\u0442\u043e\u043b\u044c\u043d\u0430\u044f \u0438\u0433\u0440\u0430 3\u04321 \u2013 \u044d\u0442\u043e \u043b\u0443\u0447\u0448\u0438\u0439 \u0432\u0430\u0440\u0438\u0430\u043d\u0442. \u0413\u043b\u0430\u0432\u043d\u043e\u0435 \u043f\u0440\u0435\u0438\u043c\u0443\u0449\u0435\u0441\u0442\u0432\u043e \u044d\u0442\u043e\u0433\u043e \u0447\u0443\u0434\u0435\u0441\u043d\u043e\u0433\u043e \u043d\u0430\u0431\u043e\u0440\u0430 \u2013 \u0435\u0433\u043e \u043c\u043d\u043e\u0433\u043e\u0444\u0443\u043d\u043a\u0446\u0438\u043e\u043d\u0430\u043b\u044c\u043d\u043e\u0441\u0442\u044c, \u0432\u0435\u0434\u044c \u043e\u043d \u0432\u043a\u043b\u044e\u0447\u0430\u0435\u0442 \u0432 \u0441\u0435\u0431\u044f \u043e\u0434\u043d\u043e\u0432\u0440\u0435\u043c\u0435\u043d\u043d\u043e \u0442\u0440\u0438 \u043f\u043e\u043f\u0443\u043b\u044f\u0440\u043d\u044b\u0445 \u0438\u0433\u0440\u044b. \u0420\u0435\u0431\u0435\u043d\u043e\u043a \u0441\u043c\u043e\u0436\u0435\u0442 \u043f\u043e\u0438\u0433\u0440\u0430\u0442\u044c \u0438 \u0432 \u043b\u044e\u0431\u0438\u043c\u044b\u0435 \u0448\u0430\u0445\u043c\u0430\u0442\u044b, \u0438 \u0432 \u043d\u0430\u0440\u0434\u044b \u0438\u043b\u0438 \u0448\u0430\u0448\u043a\u0438. \u041a\u043e\u043c\u043f\u0430\u043a\u0442\u043d\u0430\u044f, \u0443\u0434\u043e\u0431\u043d\u0430\u044f \u0434\u043b\u044f \u0445\u0440\u0430\u043d\u0435\u043d\u0438\u044f \u0438 \u043f\u0443\u0442\u0435\u0448\u0435\u0441\u0442\u0432\u0438\u0439 \u043a\u043e\u0440\u043e\u0431\u043a\u0430 \u0441 \u0437\u0430\u0441\u0442\u0435\u0436\u043a\u043e\u0439, \u043e\u0442\u043b\u0438\u0447\u043d\u043e\u0435 \u0438\u0441\u043f\u043e\u043b\u043d\u0435\u043d\u0438\u0435 \u0441 \u043f\u0440\u0438\u043c\u0435\u043d\u0435\u043d\u0438\u0435\u043c \u043a\u0430\u0447\u0435\u0441\u0442\u0432\u0435\u043d\u043d\u044b\u0445 \u043a\u0440\u0430\u0441\u0438\u0442\u0435\u043b\u0435\u0439 \u0438 \u0431\u0435\u0437\u0432\u0440\u0435\u0434\u043d\u044b\u0445 \u043c\u0430\u0442\u0435\u0440\u0438\u0430\u043b\u043e\u0432 \u2014 \u0432\u0441\u0435 \u0432 \u044d\u0442\u043e\u043c \u043d\u0430\u0431\u043e\u0440\u0435 \u043f\u0440\u0438\u044f\u0442\u043d\u043e \u0412\u0430\u0441 \u043f\u043e\u0440\u0430\u0434\u0443\u0435\u0442. \u041f\u043e\u0434\u043e\u0431\u043d\u044b\u0435 \u043d\u0430\u0441\u0442\u043e\u043b\u044c\u043d\u044b\u0435 \u0438\u0433\u0440\u044b \u0440\u0435\u043a\u043e\u043c\u0435\u043d\u0434\u043e\u0432\u0430\u043d\u044b \u043d\u0435 \u0442\u043e\u043b\u044c\u043a\u043e \u0434\u043b\u044f \u0440\u0430\u0437\u0432\u0438\u0442\u0438\u044f \u043b\u043e\u0433\u0438\u0447\u0435\u0441\u043a\u043e\u0433\u043e \u0438 \u0441\u0442\u0440\u0430\u0442\u0435\u0433\u0438\u0447\u0435\u0441\u043a\u043e\u0433\u043e \u043c\u044b\u0448\u043b\u0435\u043d\u0438\u044f, \u043d\u043e \u0438 \u0434\u043b\u044f \u0444\u043e\u0440\u043c\u0438\u0440\u043e\u0432\u0430\u043d\u0438\u044f \u0446\u0435\u043b\u0435\u0443\u0441\u0442\u0440\u0435\u043c\u043b\u0435\u043d\u043d\u043e\u0441\u0442\u0438. \u0420\u0435\u0431\u0435\u043d\u043e\u043a \u0443\u0447\u0438\u0442\u044c\u0441\u044f \u0441\u0430\u043c\u043e\u0441\u0442\u043e\u044f\u0442\u0435\u043b\u044c\u043d\u043e \u043f\u0440\u0438\u043d\u0438\u043c\u0430\u0442\u044c \u0440\u0435\u0448\u0435\u043d\u0438\u044f, \u0441\u0442\u0430\u043d\u043e\u0432\u0438\u0442\u0441\u044f \u0431\u043e\u043b\u0435\u0435 \u0432\u043d\u0438\u043c\u0430\u0442\u0435\u043b\u044c\u043d\u044b\u043c, \u0443\u0441\u0438\u0434\u0447\u0438\u0432\u044b\u043c \u0438 \u043d\u0430\u0445\u043e\u0434\u0447\u0438\u0432\u044b\u043c.[trim][:ro_RO]Jocul 3 \u00een 1 de \u0219ah, table \u0219i dame este o idee grozav\u0103 pentru un joc pl\u0103cut cu prietenii. Setul con\u021bine o tabl\u0103 de joc din lemn multifunc\u021bional\u0103, pliabil\u0103, l\u0103cuit\u0103, prev\u0103zut\u0103 cu o \u00eenchiz\u0103toare din metal ce ofer\u0103 o \u00eenchidere ferm\u0103 \u0219i are rolul de a stoca sigur piesele de joc. Experien\u021b\u0103 pl\u0103cut\u0103 de joc \u2013 av\u00e2nd componentele realizate din materiale de calitate, pl\u0103cute la atingere, diferen\u021bierea clar\u0103 a culorilor pieselor \u0219i o tabl\u0103 de joc stabil\u0103, marcat\u0103 clar, ca baz\u0103 pentru desf\u0103\u0219urarea partidelor de joc, permite juc\u0103torilor s\u0103 se focalizeze pe con\u021binutul captivant, provocator dar \u0219i clasic, bine-cunoscut, care ofer\u0103 momente de relaxare \u0219i deta\u0219are.<\/p>\n<p>\u0218ahul, tablele \u0219i damele sunt acele jocuri clasice de strategie care necesit\u0103 mult\u0103 organizare din partea juc\u0103torilor \u0219i dezvolt\u0103 g\u00e2ndirea strategic\u0103, inteligen\u021ba \u0219i memoria.<\/p>\n","protected":false},"excerpt":{"rendered":"<p>[:ru_RU]\u0415\u0441\u043b\u0438 \u0412\u044b \u0438\u0441\u043a\u0430\u043b\u0438 \u043f\u043e\u0434\u0445\u043e\u0434\u044f\u0449\u0435\u0435 \u0440\u0430\u0437\u0432\u043b\u0435\u0447\u0435\u043d\u0438\u0435 \u0434\u043b\u044f \u0440\u0435\u0431\u0435\u043d\u043a\u0430, \u043a\u043e\u0442\u043e\u0440\u043e\u0435 \u043f\u043e\u0441\u043f\u043e\u0441\u043e\u0431\u0441\u0442\u0432\u0443\u0435\u0442 \u0440\u0430\u0437\u0432\u0438\u0442\u0438\u044e \u0430\u043d\u0430\u043b\u0438\u0442\u0438\u0447\u0435\u0441\u043a\u0438\u0445 \u0441\u043f\u043e\u0441\u043e\u0431\u043d\u043e\u0441\u0442\u0435\u0439, \u043d\u0430\u0441\u0442\u043e\u043b\u044c\u043d\u0430\u044f \u0438\u0433\u0440\u0430 3\u04321 \u2013 \u044d\u0442\u043e \u043b\u0443\u0447\u0448\u0438\u0439 \u0432\u0430\u0440\u0438\u0430\u043d\u0442. \u0413\u043b\u0430\u0432\u043d\u043e\u0435 \u043f\u0440\u0435\u0438\u043c\u0443\u0449\u0435\u0441\u0442\u0432\u043e \u044d\u0442\u043e\u0433\u043e \u0447\u0443\u0434\u0435\u0441\u043d\u043e\u0433\u043e \u043d\u0430\u0431\u043e\u0440\u0430 \u2013 \u0435\u0433\u043e \u043c\u043d\u043e\u0433\u043e\u0444\u0443\u043d\u043a\u0446\u0438\u043e\u043d\u0430\u043b\u044c\u043d\u043e\u0441\u0442\u044c, \u0432\u0435\u0434\u044c \u043e\u043d \u0432\u043a\u043b\u044e\u0447\u0430\u0435\u0442 \u0432 \u0441\u0435\u0431\u044f \u043e\u0434\u043d\u043e\u0432\u0440\u0435\u043c\u0435\u043d\u043d\u043e \u0442\u0440\u0438 \u043f\u043e\u043f\u0443\u043b\u044f\u0440\u043d\u044b\u0445 \u0438\u0433\u0440\u044b. \u0420\u0435\u0431\u0435\u043d\u043e\u043a \u0441\u043c\u043e\u0436\u0435\u0442 \u043f\u043e\u0438\u0433\u0440\u0430\u0442\u044c \u0438 \u0432 \u043b\u044e\u0431\u0438\u043c\u044b\u0435 \u0448\u0430\u0445\u043c\u0430\u0442\u044b, \u0438 \u0432 \u043d\u0430\u0440\u0434\u044b \u0438\u043b\u0438 \u0448\u0430\u0448\u043a\u0438. \u041a\u043e\u043c\u043f\u0430\u043a\u0442\u043d\u0430\u044f, \u0443\u0434\u043e\u0431\u043d\u0430\u044f \u0434\u043b\u044f \u0445\u0440\u0430\u043d\u0435\u043d\u0438\u044f \u0438 \u043f\u0443\u0442\u0435\u0448\u0435\u0441\u0442\u0432\u0438\u0439 \u043a\u043e\u0440\u043e\u0431\u043a\u0430 [&hellip;]<\/p>\n","protected":false},"featured_media":43907,"comment_status":"open","ping_status":"closed","template":"","meta":{"_acf_changed":false},"product_brand":[],"product_cat":[6695],"product_tag":[],"class_list":{"0":"post-43908","1":"product","2":"type-product","3":"status-publish","4":"has-post-thumbnail","6":"product_cat-ru_ru-logicheskie-trim-ro_r","8":"first","9":"instock","10":"shipping-taxable","11":"purchasable","12":"product-type-simple"},"acf":[],"_links":{"self":[{"href":"https:\/\/minimax.md\/ru\/wp-json\/wp\/v2\/product\/43908","targetHints":{"allow":["GET"]}}],"collection":[{"href":"https:\/\/minimax.md\/ru\/wp-json\/wp\/v2\/product"}],"about":[{"href":"https:\/\/minimax.md\/ru\/wp-json\/wp\/v2\/types\/product"}],"replies":[{"embeddable":true,"href":"https:\/\/minimax.md\/ru\/wp-json\/wp\/v2\/comments?post=43908"}],"version-history":[{"count":0,"href":"https:\/\/minimax.md\/ru\/wp-json\/wp\/v2\/product\/43908\/revisions"}],"wp:featuredmedia":[{"embeddable":true,"href":"https:\/\/minimax.md\/ru\/wp-json\/wp\/v2\/media\/43907"}],"wp:attachment":[{"href":"https:\/\/minimax.md\/ru\/wp-json\/wp\/v2\/media?parent=43908"}],"wp:term":[{"taxonomy":"product_brand","embeddable":true,"href":"https:\/\/minimax.md\/ru\/wp-json\/wp\/v2\/product_brand?post=43908"},{"taxonomy":"product_cat","embeddable":true,"href":"https:\/\/minimax.md\/ru\/wp-json\/wp\/v2\/product_cat?post=43908"},{"taxonomy":"product_tag","embeddable":true,"href":"https:\/\/minimax.md\/ru\/wp-json\/wp\/v2\/product_tag?post=43908"}],"curies":[{"name":"wp","href":"https:\/\/api.w.org\/{rel}","templated":true}]}}